{"id":37051,"date":"2026-03-03T06:59:10","date_gmt":"2026-03-03T06:59:10","guid":{"rendered":"https:\/\/comprasyconsejos.store\/product\/jbl-tour-pro-3-true-wireless-earbuds-smart-charging-case-40h-runtime-bluetooth-adaptive-noise-cancelling-jbl-spatial-360-sound-and-head-tracking-black\/"},"modified":"2026-03-03T06:59:11","modified_gmt":"2026-03-03T06:59:11","slug":"jbl-tour-pro-3-true-wireless-earbuds-smart-charging-case-40h-runtime-bluetooth-adaptive-noise-cancelling-jbl-spatial-360-sound-and-head-tracking-black","status":"publish","type":"product","link":"https:\/\/comprasyconsejos.store\/en\/product\/jbl-tour-pro-3-true-wireless-earbuds-smart-charging-case-40h-runtime-bluetooth-adaptive-noise-cancelling-jbl-spatial-360-sound-and-head-tracking-black\/","title":{"rendered":"JBL Tour Pro 3, True Wireless Earbuds, Smart Charging Case, 40h Runtime, Bluetooth, Adaptive Noise Cancelling, JBL Spatial 360 Sound and Head Tracking, Black"},"content":{"rendered":"<p>Price: <span style=\"color:#b12704\"><del>\u20ac299.99<\/del> - \u20ac229.00<\/span><br \/><i><small>(as of Mar 03, 2026 06:59:11 UTC &#8211; <span class=\"wp_automatic_amazon_disclaimer\" title=\"Product prices and availability are accurate as of the date\/time indicated and are subject to change. Any price and availability information displayed on [relevant Amazon Site(s), as applicable] at the time of purchase will apply to the purchase of this product.\">Details<\/span>)<\/small><\/i><\/p>\n<p><a href=\"https:\/\/amazon.es\/dp\/B0DDTVL8V2?tag=man008-21\"><img decoding=\"async\" src=\"https:\/\/valvepress.s3.amazonaws.com\/imgs\/buy_now.png\"><\/a><br \/>\n<\/p>\n<p>                                             From the brand   <\/p>\n<p>                                              <img decoding=\"async\" alt=\"\" src=\"https:\/\/images-na.ssl-images-amazon.com\/images\/G\/01\/x-locale\/common\/grey-pixel.gif\" class=\"a-lazy-loaded\" data-src=\"https:\/\/m.media-amazon.com\/images\/S\/aplus-media-library-service-media\/d6c2d6bd-5509-4c45-93d5-2af6b6d854b4.__CR0,0,1464,625_PT0_SX1464_V1___.jpg\"><img decoding=\"async\" alt=\"\" src=\"https:\/\/m.media-amazon.com\/images\/S\/aplus-media-library-service-media\/d6c2d6bd-5509-4c45-93d5-2af6b6d854b4.__CR0,0,1464,625_PT0_SX1464_V1___.jpg\">  <\/p>\n<h3> Auriculares <\/h3>\n<h3> Acaba de llegar <\/h3>\n<p class=\"apm-brand-story-stores-link\">\n<p>                                              <img decoding=\"async\" alt=\"Secuencia de tres paneles que muestra a una persona con chaqueta vaquera y camiseta blanca con auriculares, enmarcada sobre un fondo de pared de color claro con bordes naranjas.\" src=\"https:\/\/images-na.ssl-images-amazon.com\/images\/G\/01\/x-locale\/common\/grey-pixel.gif\" class=\"a-lazy-loaded\" data-src=\"https:\/\/m.media-amazon.com\/images\/S\/aplus-media-library-service-media\/d7fd12f0-2c1d-463d-8290-4438375a0db4.__CR0,0,724,906_PT0_SX362_V1___.jpg\"><img decoding=\"async\" alt=\"Secuencia de tres paneles que muestra a una persona con chaqueta vaquera y camiseta blanca con auriculares, enmarcada sobre un fondo de pared de color claro con bordes naranjas.\" src=\"https:\/\/m.media-amazon.com\/images\/S\/aplus-media-library-service-media\/d7fd12f0-2c1d-463d-8290-4438375a0db4.__CR0,0,724,906_PT0_SX362_V1___.jpg\">  <\/p>\n<h3> Auriculares <\/h3>\n<p class=\"apm-brand-story-stores-link\">\n<p>                                              <img decoding=\"async\" alt=\"Varias vistas de perfil muestran el uso de un auricular inal\u00e1mbrico, lo que demuestra su ajuste y posici\u00f3n en el o\u00eddo.\" src=\"https:\/\/images-na.ssl-images-amazon.com\/images\/G\/01\/x-locale\/common\/grey-pixel.gif\" class=\"a-lazy-loaded\" data-src=\"https:\/\/m.media-amazon.com\/images\/S\/aplus-media-library-service-media\/93d0909c-71fd-465f-b18d-bc97d90b6dae.__CR0,0,724,906_PT0_SX362_V1___.jpg\"><img decoding=\"async\" alt=\"Varias vistas de perfil muestran el uso de un auricular inal\u00e1mbrico, lo que demuestra su ajuste y posici\u00f3n en el o\u00eddo.\" src=\"https:\/\/m.media-amazon.com\/images\/S\/aplus-media-library-service-media\/93d0909c-71fd-465f-b18d-bc97d90b6dae.__CR0,0,724,906_PT0_SX362_V1___.jpg\">  <\/p>\n<h3> True Wireless <\/h3>\n<p class=\"apm-brand-story-stores-link\">\n<p>                                              <img decoding=\"async\" alt=\"Figura atl\u00e9tica en atuendo de entrenamiento sobre un fondo concreto realizando movimientos de ejercicio.\" src=\"https:\/\/images-na.ssl-images-amazon.com\/images\/G\/01\/x-locale\/common\/grey-pixel.gif\" class=\"a-lazy-loaded\" data-src=\"https:\/\/m.media-amazon.com\/images\/S\/aplus-media-library-service-media\/36e15a4b-3f63-4431-9e80-fca7cb93aa71.__CR0,0,724,906_PT0_SX362_V1___.jpg\"><img decoding=\"async\" alt=\"Figura atl\u00e9tica en atuendo de entrenamiento sobre un fondo concreto realizando movimientos de ejercicio.\" src=\"https:\/\/m.media-amazon.com\/images\/S\/aplus-media-library-service-media\/36e15a4b-3f63-4431-9e80-fca7cb93aa71.__CR0,0,724,906_PT0_SX362_V1___.jpg\">  <\/p>\n<h3> Sport y Gym <\/h3>\n<p class=\"apm-brand-story-stores-link\">\n<p>                                              <img decoding=\"async\" alt=\"Persona que lleva auriculares JBL azules en la vista de perfil sobre un fondo borroso, que se muestra en varios \u00e1ngulos dentro de marcos con bordes rojos.\" src=\"https:\/\/images-na.ssl-images-amazon.com\/images\/G\/01\/x-locale\/common\/grey-pixel.gif\" class=\"a-lazy-loaded\" data-src=\"https:\/\/m.media-amazon.com\/images\/S\/aplus-media-library-service-media\/0d96982c-57b8-4d2f-a86c-4a2e8f9cd699.__CR0,0,724,906_PT0_SX362_V1___.jpg\"><img decoding=\"async\" alt=\"Persona que lleva auriculares JBL azules en la vista de perfil sobre un fondo borroso, que se muestra en varios \u00e1ngulos dentro de marcos con bordes rojos.\" src=\"https:\/\/m.media-amazon.com\/images\/S\/aplus-media-library-service-media\/0d96982c-57b8-4d2f-a86c-4a2e8f9cd699.__CR0,0,724,906_PT0_SX362_V1___.jpg\">  <\/p>\n<h3> Auriculares para ni\u00f1os <\/h3>\n<p class=\"apm-brand-story-stores-link\">\n<p> Batteries                                            \u200f                                            :                                            \u200e                                            1 C batteries required. (included)   <br \/> Product Dimensions                                            \u200f                                            :                                            \u200e                                            100 x 40 x 160 cm; 82.9 g   <br \/> Manufacturer                                            \u200f                                            :                                            \u200e                                            JBL   <br \/> ASIN                                            \u200f                                            :                                            \u200e                                            B0DDTVL8V2   <br \/> Item model number                                            \u200f                                            :                                            \u200e                                            JBLTOURPRO3BLK   <br \/> Country\/Region of Origin                                            \u200f                                            :                                            \u200e                                            China   <br \/> Guaranteed software updates until                                            \u200f                                            :                                            \u200e                                            unknown   <br \/>  Customer reviews:                                                                                            4.4               4.4 out of 5 stars                                  (469)                                              var dpAcrHasRegisteredArcLinkClickAction;                    P.when(&#8216;A&#8217;, &#8216;ready&#8217;).execute(function(A) {                        if (dpAcrHasRegisteredArcLinkClickAction !== true) {                            dpAcrHasRegisteredArcLinkClickAction = true;                            A.declarative(                                &#8216;acrLink-click-metrics&#8217;, &#8216;click&#8217;,                                { \u00aballowLinkDefault\u00bb: true },                                function (event) {                                    if (window.ue) {                                        ue.count(\u00abacrLinkClickCount\u00bb, (ue.count(\u00abacrLinkClickCount\u00bb) || 0) + 1);                                    }                                }                            );                        }                    });                                             P.when(&#8216;A&#8217;, &#8216;cf&#8217;).execute(function(A) {                A.declarative(&#8216;acrStarsLink-click-metrics&#8217;, &#8216;click&#8217;, { \u00aballowLinkDefault\u00bb : true },  function(event){                    if(window.ue) {                        ue.count(\u00abacrStarsLinkWithPopoverClickCount\u00bb, (ue.count(\u00abacrStarsLinkWithPopoverClickCount\u00bb) || 0) + 1);                    }                });            });                          <\/p>\n<p>Adaptive 2.0 Noise Cancellation: these wireless Bluetooth headphones conform to your environment in real time; use the supplemental foam ear pads for quality passive sound isolation<br \/>SMART CHARGING CASE &#8211; The touch charging case is equipped with Auracast and allows you to connect your headphones with any device near you; Stream your audio wirelessly via a USB-C or AUX source<br \/>Clear calls with 6 microphones: the earbuds are equipped with an outdoor microphone and JBL Crystal AI algorithm so your voice can be heard clearly; the internal microphone isolates you from noise, distortion and wind<br \/>Personalized sound: Take advantage of your wireless headphones thanks to Personi-Fi 3.0, modify settings to your preferences and adapt the sound from your listening profile<br \/>Mobile Phone Apps &#8211; Connect your Tour Pro 3 with Google Fast Pair or Microsoft Swift Pair and download the JBL Headphones app, adjust the equalization and ambiance, or locate your headphones wherever<\/p>\n\n","protected":false},"excerpt":{"rendered":"<p> From the brand Auriculares Acaba de llegar Auriculares True Wireless Sport y Gym Auriculares para<\/p>","protected":false},"featured_media":37052,"comment_status":"open","ping_status":"closed","template":"","meta":[],"product_brand":[],"product_cat":[48],"product_tag":[5400,247,720,307,726,714,934,994,138,727,712,711,717,5053,933,715,719,716,163,718,2634,1593,869,10012,10919,892,685,226,713],"class_list":{"0":"post-37051","1":"product","2":"type-product","3":"status-publish","4":"has-post-thumbnail","6":"product_cat-headsets","7":"product_tag-40h","8":"product_tag-adaptive","9":"product_tag-best-headset","10":"product_tag-black","11":"product_tag-bluetooth","12":"product_tag-bluetooth-headset","13":"product_tag-cancelling","14":"product_tag-case","15":"product_tag-charging","16":"product_tag-earbuds","17":"product_tag-gaming-headset","18":"product_tag-headset","19":"product_tag-headset-with-mic","20":"product_tag-jbl","21":"product_tag-noise","22":"product_tag-noise-cancelling-headset","23":"product_tag-over-ear-headset","24":"product_tag-pc-headset","25":"product_tag-pro","26":"product_tag-rgb-gaming-headset","27":"product_tag-runtime","28":"product_tag-smart","29":"product_tag-sound","30":"product_tag-spatial","31":"product_tag-tour","32":"product_tag-tracking","33":"product_tag-true","34":"product_tag-wireless","35":"product_tag-wireless-headset","37":"first","38":"instock","39":"sale","40":"shipping-taxable","41":"product-type-external"},"_links":{"self":[{"href":"https:\/\/comprasyconsejos.store\/en\/wp-json\/wp\/v2\/product\/37051","targetHints":{"allow":["GET"]}}],"collection":[{"href":"https:\/\/comprasyconsejos.store\/en\/wp-json\/wp\/v2\/product"}],"about":[{"href":"https:\/\/comprasyconsejos.store\/en\/wp-json\/wp\/v2\/types\/product"}],"replies":[{"embeddable":true,"href":"https:\/\/comprasyconsejos.store\/en\/wp-json\/wp\/v2\/comments?post=37051"}],"version-history":[{"count":0,"href":"https:\/\/comprasyconsejos.store\/en\/wp-json\/wp\/v2\/product\/37051\/revisions"}],"wp:featuredmedia":[{"embeddable":true,"href":"https:\/\/comprasyconsejos.store\/en\/wp-json\/wp\/v2\/media\/37052"}],"wp:attachment":[{"href":"https:\/\/comprasyconsejos.store\/en\/wp-json\/wp\/v2\/media?parent=37051"}],"wp:term":[{"taxonomy":"product_brand","embeddable":true,"href":"https:\/\/comprasyconsejos.store\/en\/wp-json\/wp\/v2\/product_brand?post=37051"},{"taxonomy":"product_cat","embeddable":true,"href":"https:\/\/comprasyconsejos.store\/en\/wp-json\/wp\/v2\/product_cat?post=37051"},{"taxonomy":"product_tag","embeddable":true,"href":"https:\/\/comprasyconsejos.store\/en\/wp-json\/wp\/v2\/product_tag?post=37051"}],"curies":[{"name":"wp","href":"https:\/\/api.w.org\/{rel}","templated":true}]}}