{"id":37054,"date":"2026-03-03T07:15:05","date_gmt":"2026-03-03T07:15:05","guid":{"rendered":"https:\/\/comprasyconsejos.store\/product\/backlit-bluetooth-wireless-keyboard-and-mouse-quiet-and-portable-rechargeable-keyboard-and-mouse-for-ipad-tablet-pc-ios-android-windows-qwerty-spanish-n-backlit\/"},"modified":"2026-03-03T07:15:08","modified_gmt":"2026-03-03T07:15:08","slug":"backlit-bluetooth-wireless-keyboard-and-mouse-quiet-and-portable-rechargeable-keyboard-and-mouse-for-ipad-tablet-pc-ios-android-windows-qwerty-spanish-n-backlit","status":"publish","type":"product","link":"https:\/\/comprasyconsejos.store\/en\/product\/backlit-bluetooth-wireless-keyboard-and-mouse-quiet-and-portable-rechargeable-keyboard-and-mouse-for-ipad-tablet-pc-ios-android-windows-qwerty-spanish-n-backlit\/","title":{"rendered":"Backlit Bluetooth Wireless Keyboard and Mouse, Quiet and Portable Rechargeable Keyboard and Mouse for iPad Tablet\/PC\/iOS\/Android\/Windows, QWERTY Spanish \u00d1, Backlit"},"content":{"rendered":"<p>Price: <span style=\"color:#b12704\">\u20ac24.99<\/span><br \/><i><small>(as of Mar 03, 2026 07:15:06 UTC &#8211; <span class=\"wp_automatic_amazon_disclaimer\" title=\"Product prices and availability are accurate as of the date\/time indicated and are subject to change. Any price and availability information displayed on [relevant Amazon Site(s), as applicable] at the time of purchase will apply to the purchase of this product.\">Details<\/span>)<\/small><\/i><\/p>\n<p><a href=\"https:\/\/amazon.es\/dp\/B0FPC8TBD6?tag=man008-21\"><img decoding=\"async\" src=\"https:\/\/valvepress.s3.amazonaws.com\/imgs\/buy_now.png\"><\/a><br \/>\n<\/p>\n<p>                                             Product Description   <\/p>\n<p>                                                                             <img decoding=\"async\" alt=\"aplus content image\" src=\"https:\/\/images-na.ssl-images-amazon.com\/images\/G\/01\/x-locale\/common\/grey-pixel.gif\" class=\"a-spacing-base a-lazy-loaded\" data-src=\"https:\/\/m.media-amazon.com\/images\/S\/aplus-media-library-service-media\/cd1c0342-2b68-46b1-96c7-d1e1a22f9486.__CR0,0,970,600_PT0_SX970_V1___.jpg\"><img decoding=\"async\" alt=\"aplus content image\" src=\"https:\/\/m.media-amazon.com\/images\/S\/aplus-media-library-service-media\/cd1c0342-2b68-46b1-96c7-d1e1a22f9486.__CR0,0,970,600_PT0_SX970_V1___.jpg\">                                         <\/p>\n<h3 class=\"a-spacing-mini\"> El Retroiluminado Teclado y Rat\u00f3n Inal\u00e1mbrico Bluetooth es totalmente compatible con los sistemas Android, Windows e iOS. <\/h3>\n<p class=\"a-spacing-base\"> Funciona con tel\u00e9fonos inteligentes, ordenadores de sobremesa, ordenadores port\u00e1tiles, tabletas, ordenadores port\u00e1tiles y otros dispositivos. Tales como iPad, iPhone, tableta Android (para tableta Samsung, Xiaomi, Huawei) y otros dispositivos Android y Windows. <\/p>\n<p>                                                                             <img decoding=\"async\" alt=\"Vistas en primer plano del teclado mec\u00e1nico con teclas retroiluminadas de color verde brillante, que muestran diferentes \u00e1ngulos y efectos de iluminaci\u00f3n sobre un fondo oscuro.\" src=\"https:\/\/images-na.ssl-images-amazon.com\/images\/G\/01\/x-locale\/common\/grey-pixel.gif\" class=\"a-spacing-base a-lazy-loaded\" data-src=\"https:\/\/m.media-amazon.com\/images\/S\/aplus-media-library-service-media\/cb28f607-dd0c-4221-a163-916a07e0968b.__CR0,0,970,600_PT0_SX970_V1___.jpg\"><img decoding=\"async\" alt=\"Vistas en primer plano del teclado mec\u00e1nico con teclas retroiluminadas de color verde brillante, que muestran diferentes \u00e1ngulos y efectos de iluminaci\u00f3n sobre un fondo oscuro.\" src=\"https:\/\/m.media-amazon.com\/images\/S\/aplus-media-library-service-media\/cb28f607-dd0c-4221-a163-916a07e0968b.__CR0,0,970,600_PT0_SX970_V1___.jpg\">                                                                     <\/p>\n<p class=\"a-spacing-base\"> Antes de usar el teclado Bluetooth, realice algunas configuraciones en su tableta y teclado. <\/p>\n<p class=\"a-spacing-base\"> 1. busque \u00abConfiguraci\u00f3n general\u00bb en su tableta. <\/p>\n<p class=\"a-spacing-base\"> 2. haga clic en la configuraci\u00f3n \u00abIdioma y entrada\u00bb en su tableta. <\/p>\n<p class=\"a-spacing-base\"> 3. busque la configuraci\u00f3n de \u00abTeclado f\u00edsico\u00bb y cambie el dise\u00f1o del teclado Bluetooth. <\/p>\n<p class=\"a-spacing-base\"> 4. presione Fn+Q o Fn+W o Fn+E para cambiar al sistema correspondiente de acuerdo con el sistema de su tableta. <\/p>\n<p>                                                                             <img decoding=\"async\" alt=\"El texto dice \u00ab7 Color\u00bb, \u00abModelo 1\u00bb, \u00abModelo 2\u00bb. Exhibici\u00f3n de varios ratones y accesorios de ordenador con efectos de iluminaci\u00f3n RGB, exhibidos en varios paneles con especificaciones t\u00e9cnicas.\" src=\"https:\/\/images-na.ssl-images-amazon.com\/images\/G\/01\/x-locale\/common\/grey-pixel.gif\" class=\"a-spacing-base a-lazy-loaded\" data-src=\"https:\/\/m.media-amazon.com\/images\/S\/aplus-media-library-service-media\/ae13c0b5-8947-4d00-8432-b436e1c9f5d5.__CR0,0,970,600_PT0_SX970_V1___.jpg\"><img decoding=\"async\" alt=\"El texto dice \u00ab7 Color\u00bb, \u00abModelo 1\u00bb, \u00abModelo 2\u00bb. Exhibici\u00f3n de varios ratones y accesorios de ordenador con efectos de iluminaci\u00f3n RGB, exhibidos en varios paneles con especificaciones t\u00e9cnicas.\" src=\"https:\/\/m.media-amazon.com\/images\/S\/aplus-media-library-service-media\/ae13c0b5-8947-4d00-8432-b436e1c9f5d5.__CR0,0,970,600_PT0_SX970_V1___.jpg\">                                                                     <\/p>\n<p class=\"a-spacing-base\"> Este rat\u00f3n inal\u00e1mbrico proporciona una conexi\u00f3n r\u00e1pida y fiable hasta a 10 metros de distancia sin interrupciones ni retrasos gracias a la tecnolog\u00eda inal\u00e1mbrica 2.4G. Es plug-and-play, por lo que puedes empezar a escribir sin necesidad de software ni controladores. <\/p>\n<p>                                                  <img decoding=\"async\" alt=\"Vistas m\u00faltiples de un teclado inal\u00e1mbrico con teclas retroiluminadas e iluminaci\u00f3n LED azul y verde. Presenta un dise\u00f1o de perfil delgado con controles multimedia y varios \u00e1ngulos de visi\u00f3n que demuestran la funcionalidad de retroiluminaci\u00f3n.\" src=\"https:\/\/images-na.ssl-images-amazon.com\/images\/G\/01\/x-locale\/common\/grey-pixel.gif\" class=\"a-lazy-loaded\" data-src=\"https:\/\/m.media-amazon.com\/images\/S\/aplus-media-library-service-media\/6acbb28d-77c1-4731-a854-912c31e9b117.__CR0,0,970,300_PT0_SX970_V1___.jpg\"><img decoding=\"async\" alt=\"Vistas m\u00faltiples de un teclado inal\u00e1mbrico con teclas retroiluminadas e iluminaci\u00f3n LED azul y verde. Presenta un dise\u00f1o de perfil delgado con controles multimedia y varios \u00e1ngulos de visi\u00f3n que demuestran la funcionalidad de retroiluminaci\u00f3n.\" src=\"https:\/\/m.media-amazon.com\/images\/S\/aplus-media-library-service-media\/6acbb28d-77c1-4731-a854-912c31e9b117.__CR0,0,970,300_PT0_SX970_V1___.jpg\">  <\/p>\n<p> Algunos Consejos de Uso&#8212;Para unos dos o tres caracteres en una misma clave: <\/p>\n<p> 1. solo presione la tecla, ver\u00e1 los caracteres inferiores izquierdos que se muestran en su tableta. Como 1,2,3&#8230; <\/p>\n<p> 2. Presionando shift+ la tecla, ver\u00e1s los caracteres de la esquina superior izquierda en tu tableta. Como a, !&#8230; <\/p>\n<p> 3. Al presionar Alt+ la tecla, ver\u00e1 que se muestran los caracteres inferiores a la derecha en su tableta. Como \\, l, @, #&#8230; <\/p>\n<p>                                                                             <img decoding=\"async\" alt=\"Varias vistas de un teclado inal\u00e1mbrico con teclas retroiluminadas en azul, que muestran diferentes \u00e1ngulos y condiciones de iluminaci\u00f3n del mismo dispositivo.\" src=\"https:\/\/images-na.ssl-images-amazon.com\/images\/G\/01\/x-locale\/common\/grey-pixel.gif\" class=\"a-spacing-base a-lazy-loaded\" data-src=\"https:\/\/m.media-amazon.com\/images\/S\/aplus-media-library-service-media\/93762505-02bc-413b-8238-0b114bad0bc0.__CR0,0,970,600_PT0_SX970_V1___.jpg\"><img decoding=\"async\" alt=\"Varias vistas de un teclado inal\u00e1mbrico con teclas retroiluminadas en azul, que muestran diferentes \u00e1ngulos y condiciones de iluminaci\u00f3n del mismo dispositivo.\" src=\"https:\/\/m.media-amazon.com\/images\/S\/aplus-media-library-service-media\/93762505-02bc-413b-8238-0b114bad0bc0.__CR0,0,970,600_PT0_SX970_V1___.jpg\">                                                                    <\/p>\n<p> Batteries                                            \u200f                                            :                                            \u200e                                            1 LR44 batteries required. (included)   <br \/> Language                                            \u200f                                            :                                            \u200e                                            Spanish   <br \/> Package Dimensions                                            \u200f                                            :                                            \u200e                                            32.4 x 16.8 x 2.9 cm; 320 g   <br \/> Manufacturer                                            \u200f                                            :                                            \u200e                                            COEZFE   <br \/> ASIN                                            \u200f                                            :                                            \u200e                                            B0FPC8TBD6   <br \/> Country\/Region of Origin                                            \u200f                                            :                                            \u200e                                            China   <br \/> Guaranteed software updates until                                            \u200f                                            :                                            \u200e                                            unknown   <br \/>  Customer reviews:                                                                                            4.0               4.0 out of 5 stars                                  (48)                                              var dpAcrHasRegisteredArcLinkClickAction;                    P.when(&#8216;A&#8217;, &#8216;ready&#8217;).execute(function(A) {                        if (dpAcrHasRegisteredArcLinkClickAction !== true) {                            dpAcrHasRegisteredArcLinkClickAction = true;                            A.declarative(                                &#8216;acrLink-click-metrics&#8217;, &#8216;click&#8217;,                                { \u00aballowLinkDefault\u00bb: true },                                function (event) {                                    if (window.ue) {                                        ue.count(\u00abacrLinkClickCount\u00bb, (ue.count(\u00abacrLinkClickCount\u00bb) || 0) + 1);                                    }                                }                            );                        }                    });                                             P.when(&#8216;A&#8217;, &#8216;cf&#8217;).execute(function(A) {                A.declarative(&#8216;acrStarsLink-click-metrics&#8217;, &#8216;click&#8217;, { \u00aballowLinkDefault\u00bb : true },  function(event){                    if(window.ue) {                        ue.count(\u00abacrStarsLinkWithPopoverClickCount\u00bb, (ue.count(\u00abacrStarsLinkWithPopoverClickCount\u00bb) || 0) + 1);                    }                });            });                          <\/p>\n<p>\u3010Wide Compatibility\u3011The backlit Bluetooth keyboard and mouse is fully compatible with Android, Windows and iOS systems. Works with smartphones, desktops, laptops, tablets, laptops and other devices. Such as iPad, iPhone, Android Tablet (Samsung Tablet, Xiaomi, Huawei) and other Android and Windows devices.<br \/>\u30107 Color Backlight Design\u3011This wireless keyboard features 7 interchangeable backlight colors and 3 adjustable brightness levels, making typing easier in low-light environments. You can customize the backlight settings to your personal preferences and needs. If you don&#8217;t need the backlight, you can also turn it off.<br \/>\u3010Quiet and Sensitive Keys\u3011 The backlit keyboard is made with trusted ABS material for durability and an attractive appearance. Our keyboard features a British layout that adapts to your usage habits and mechanical scissor keys for a smooth and comfortable typing experience. All keys on this keyboard are constructed with a low profile scissor cross structure to offer great responsiveness, low noise and fast rebound when pressing.<br \/>\u3010Mini Mouse\u3011 This wireless mouse provides a fast and reliable connection at a distance of up to 10 meters without cutting or delaying thanks to 2.4G wireless technology. Plus, it&#8217;s plug-and-play, so you can start writing without software or drivers.<br \/>\u3010Easy to Use\u3011This compact Bluetooth keyboard and mouse set uses advanced Bluetooth 3.0 technology and instantly connects to your computer or other device when Bluetooth function is activated. No additional drivers are required. Easily switch between Android, Windows, and IOS using the shortcut keys (FN+Q\/W\/E).<\/p>\n\n","protected":false},"excerpt":{"rendered":"<p> Product Description El Retroiluminado Teclado y Rat\u00f3n Inal\u00e1mbrico Bluetooth es totalmente compatible con los sistemas<\/p>","protected":false},"featured_media":37055,"comment_status":"open","ping_status":"closed","template":"","meta":[],"product_brand":[],"product_cat":[49],"product_tag":[830,746,726,743,747,740,162,518,739,767,744,290,769,858,1149,742,745,5273,10920,226,741],"class_list":{"0":"post-37054","1":"product","2":"type-product","3":"status-publish","4":"has-post-thumbnail","6":"product_cat-keyboards","7":"product_tag-backlit","8":"product_tag-backlit-keyboard","9":"product_tag-bluetooth","10":"product_tag-bluetooth-keyboard","11":"product_tag-compact-keyboard","12":"product_tag-gaming-keyboard","13":"product_tag-ipad","14":"product_tag-keyboard","15":"product_tag-mechanical-keyboard","16":"product_tag-mouse","17":"product_tag-office-keyboard","18":"product_tag-portable","19":"product_tag-quiet","20":"product_tag-qwerty","21":"product_tag-rechargeable","22":"product_tag-rgb-keyboard","23":"product_tag-silent-keyboard","24":"product_tag-spanish","25":"product_tag-tabletpciosandroidwindows","26":"product_tag-wireless","27":"product_tag-wireless-keyboard","29":"first","30":"instock","31":"shipping-taxable","32":"product-type-external"},"_links":{"self":[{"href":"https:\/\/comprasyconsejos.store\/en\/wp-json\/wp\/v2\/product\/37054","targetHints":{"allow":["GET"]}}],"collection":[{"href":"https:\/\/comprasyconsejos.store\/en\/wp-json\/wp\/v2\/product"}],"about":[{"href":"https:\/\/comprasyconsejos.store\/en\/wp-json\/wp\/v2\/types\/product"}],"replies":[{"embeddable":true,"href":"https:\/\/comprasyconsejos.store\/en\/wp-json\/wp\/v2\/comments?post=37054"}],"version-history":[{"count":0,"href":"https:\/\/comprasyconsejos.store\/en\/wp-json\/wp\/v2\/product\/37054\/revisions"}],"wp:featuredmedia":[{"embeddable":true,"href":"https:\/\/comprasyconsejos.store\/en\/wp-json\/wp\/v2\/media\/37055"}],"wp:attachment":[{"href":"https:\/\/comprasyconsejos.store\/en\/wp-json\/wp\/v2\/media?parent=37054"}],"wp:term":[{"taxonomy":"product_brand","embeddable":true,"href":"https:\/\/comprasyconsejos.store\/en\/wp-json\/wp\/v2\/product_brand?post=37054"},{"taxonomy":"product_cat","embeddable":true,"href":"https:\/\/comprasyconsejos.store\/en\/wp-json\/wp\/v2\/product_cat?post=37054"},{"taxonomy":"product_tag","embeddable":true,"href":"https:\/\/comprasyconsejos.store\/en\/wp-json\/wp\/v2\/product_tag?post=37054"}],"curies":[{"name":"wp","href":"https:\/\/api.w.org\/{rel}","templated":true}]}}