{"id":37063,"date":"2026-03-03T08:15:42","date_gmt":"2026-03-03T08:15:42","guid":{"rendered":"https:\/\/comprasyconsejos.store\/product\/acemagic-kron-mini-k1-mini-pc-amd-ryzen-4300u-windows-11-pro-mini-pc4c-ct3-7ghz-best-3500u-n150-n97-16gb-ddr4-1tb-mini-computer-triple-display-4k-wifi5-educational-office-audio-visual\/"},"modified":"2026-03-03T08:15:43","modified_gmt":"2026-03-03T08:15:43","slug":"acemagic-kron-mini-k1-mini-pc-amd-ryzen-4300u-windows-11-pro-mini-pc4c-ct3-7ghz-best-3500u-n150-n97-16gb-ddr4-1tb-mini-computer-triple-display-4k-wifi5-educational-office-audio-visual","status":"publish","type":"product","link":"https:\/\/comprasyconsejos.store\/en\/product\/acemagic-kron-mini-k1-mini-pc-amd-ryzen-4300u-windows-11-pro-mini-pc4c-ct3-7ghz-best-3500u-n150-n97-16gb-ddr4-1tb-mini-computer-triple-display-4k-wifi5-educational-office-audio-visual\/","title":{"rendered":"ACEMAGIC Kron Mini K1 Mini PC, AMD Ryzen 4300U Windows 11 Pro Mini PC(4C\/CT,3.7GHz, Best 3500U\/N150\/N97), 16GB DDR4 1TB Mini Computer, Triple Display 4K\/ WIFI5, Educational\/Office\/Audio-Visual"},"content":{"rendered":"<p>Price: <span style=\"color:#b12704\">\u20ac459.99<\/span><br \/><i><small>(as of Mar 03, 2026 08:15:42 UTC &#8211; <span class=\"wp_automatic_amazon_disclaimer\" title=\"Product prices and availability are accurate as of the date\/time indicated and are subject to change. Any price and availability information displayed on [relevant Amazon Site(s), as applicable] at the time of purchase will apply to the purchase of this product.\">Details<\/span>)<\/small><\/i><\/p>\n<p><a href=\"https:\/\/amazon.es\/dp\/B0GG8LT9WL?tag=man008-21\"><img decoding=\"async\" src=\"https:\/\/valvepress.s3.amazonaws.com\/imgs\/buy_now.png\"><\/a><br \/>\n<\/p>\n<p>                                             Product Description   <\/p>\n<p>                                                                     ACEMAGIC Kron Mini K1 4300U                                            <img decoding=\"async\" alt=\"aplus content image\" src=\"https:\/\/images-na.ssl-images-amazon.com\/images\/G\/01\/x-locale\/common\/grey-pixel.gif\" class=\"a-lazy-loaded\" data-src=\"https:\/\/m.media-amazon.com\/images\/S\/aplus-media-library-service-media\/c756d0e7-4d76-490c-9072-4627f6f207ea.__CR0,0,1464,600_PT0_SX1464_V1___.png\"><img decoding=\"async\" alt=\"aplus content image\" src=\"https:\/\/m.media-amazon.com\/images\/S\/aplus-media-library-service-media\/c756d0e7-4d76-490c-9072-4627f6f207ea.__CR0,0,1464,600_PT0_SX1464_V1___.png\">                                               <\/p>\n<p>                                                                                                       <img decoding=\"async\" alt=\"Diagrama de especificaciones t\u00e9cnicas que muestra los componentes de la computadora, incluido el procesador AMD Ryzen, el sistema de refrigeraci\u00f3n y las configuraciones de almacenamiento con \u00edconos y medidas detallados.\" src=\"https:\/\/images-na.ssl-images-amazon.com\/images\/G\/01\/x-locale\/common\/grey-pixel.gif\" class=\"a-lazy-loaded\" data-src=\"https:\/\/m.media-amazon.com\/images\/S\/aplus-media-library-service-media\/4ad20ab4-a982-47a3-a6db-14687960f844.__CR0,0,1464,600_PT0_SX1464_V1___.png\"><img decoding=\"async\" alt=\"Diagrama de especificaciones t\u00e9cnicas que muestra los componentes de la computadora, incluido el procesador AMD Ryzen, el sistema de refrigeraci\u00f3n y las configuraciones de almacenamiento con \u00edconos y medidas detallados.\" src=\"https:\/\/m.media-amazon.com\/images\/S\/aplus-media-library-service-media\/4ad20ab4-a982-47a3-a6db-14687960f844.__CR0,0,1464,600_PT0_SX1464_V1___.png\">                                                  <\/p>\n<p>                                                                                                       <img decoding=\"async\" alt=\"aplus content image\" src=\"https:\/\/images-na.ssl-images-amazon.com\/images\/G\/01\/x-locale\/common\/grey-pixel.gif\" class=\"a-lazy-loaded\" data-src=\"https:\/\/m.media-amazon.com\/images\/S\/aplus-media-library-service-media\/5d4415b1-8105-48af-b4d5-21a290913ba6.__CR0,0,1464,600_PT0_SX1464_V1___.png\"><img decoding=\"async\" alt=\"aplus content image\" src=\"https:\/\/m.media-amazon.com\/images\/S\/aplus-media-library-service-media\/5d4415b1-8105-48af-b4d5-21a290913ba6.__CR0,0,1464,600_PT0_SX1464_V1___.png\">                                               <\/p>\n<p>                                                                                                                  <img decoding=\"async\" alt=\"El texto dice: &amp;#39;Cambia De Pantalla, Gestiona Tareas: Todo Al Alcance De Tu Mano&amp;#39; &amp;#39;HDMI 2.0 Type-C DP1.4b&amp;#39;. La pantalla del producto muestra varias pantallas con curvas fluidas de color beige y puertos de conectividad.\" src=\"https:\/\/m.media-amazon.com\/images\/S\/aplus-media-library-service-media\/9934deed-d2f6-4d4d-b036-4549d9637713.__CR0,0,1464,600_PT0_SX1464_V1___.png\">                                                    <img decoding=\"async\" alt=\"El texto dice \u00abAlmacena m\u00e1s, carga\u00bb y \u00abHasta 64 GB\u00bb y \u00ab4 TB\u00bb. Se muestran varias vistas de dispositivos USB o de almacenamiento negros sobre un fondo claro.\" src=\"https:\/\/m.media-amazon.com\/images\/S\/aplus-media-library-service-media\/9f8c76dc-3d42-4ac2-bdc1-85206c17bcdd.__CR0,0,1464,600_PT0_SX1464_V1___.png\">                                                    <img decoding=\"async\" alt=\"aplus content image\" src=\"https:\/\/m.media-amazon.com\/images\/S\/aplus-media-library-service-media\/ea95c2c3-fb9a-442c-932a-1d105b0bbd48.__CR0,0,1464,600_PT0_SX1464_V1___.png\">                                                    <img decoding=\"async\" alt=\"El texto dice \u00abprobado para entornos dif\u00edciles\u00bb. El banner del producto muestra peque\u00f1os iconos de la interfaz que muestran caracter\u00edsticas de durabilidad: resistente al agua, a los golpes, a la temperatura y a la fiabilidad del rendimiento. Muestra un dispositivo electr\u00f3nico compacto negro con puertos USB.\" src=\"https:\/\/m.media-amazon.com\/images\/S\/aplus-media-library-service-media\/544335df-3afc-4d8c-a1c9-60264f1930f5.__CR0,0,1464,600_PT0_SX1464_V1___.png\"><br \/>\n                            1 Triple pantalla <\/p>\n<p>                            2 Pantalla de memoria <\/p>\n<p>                            3 WIFI-5 <\/p>\n<p>                            4 pep!eo ap seqanud <\/p>\n<p>                                                                                  <img decoding=\"async\" alt=\"aplus content image\" src=\"https:\/\/m.media-amazon.com\/images\/S\/aplus-media-library-service-media\/5cd30970-533d-4764-bb0a-ee4d8694411f.__CR0,0,1464,600_PT0_SX1464_V1___.png\">       <\/p>\n<p>                                                                                  <img decoding=\"async\" alt=\"El texto dice \u00abPantalla de desmontaje interno\u00bb. Diagrama t\u00e9cnico que muestra la secuencia de desmontaje de los componentes del dispositivo electr\u00f3nico.\" src=\"https:\/\/m.media-amazon.com\/images\/S\/aplus-media-library-service-media\/82eb5e4a-adce-452d-922a-292ddf3ddf97.__CR0,0,1464,600_PT0_SX1464_V1___.png\">       <\/p>\n<p>                                                                                  <img decoding=\"async\" alt=\"El texto dice \u00abInterfaz Grand Slam\u00bb. Muestra varios puertos USB e interfaces de conexi\u00f3n en equipos electr\u00f3nicos con etiquetas de puerto detalladas.\" src=\"https:\/\/m.media-amazon.com\/images\/S\/aplus-media-library-service-media\/2235ed54-b876-4ba4-be1a-6a5b1f3d401a.__CR0,0,1464,600_PT0_SX1464_V1___.png\">       <\/p>\n<p>                                                                                  <img decoding=\"async\" alt=\"El texto dice \u00abM\u00e1s Peque\u00f1o De Lo Que Crees. \u00bfAdivinas d\u00f3nde se esconde? Desempe\u00f1o De Escritorio, Ahora Libre De Tu Escritorio. &amp;#39; Configuraci\u00f3n minimalista de escritorio blanco con monitor, teclado, planta y espacio de trabajo limpio contra una pared blanca.\" src=\"https:\/\/m.media-amazon.com\/images\/S\/aplus-media-library-service-media\/2639b559-fd38-4a44-9cea-be275f167475.__CR0,0,1464,600_PT0_SX1464_V1___.png\">       <\/p>\n<p>                                                                                                       <img decoding=\"async\" alt=\"aplus content image\" src=\"https:\/\/images-na.ssl-images-amazon.com\/images\/G\/01\/x-locale\/common\/grey-pixel.gif\" class=\"a-lazy-loaded\" data-src=\"https:\/\/m.media-amazon.com\/images\/S\/aplus-media-library-service-media\/28abc909-fa44-4ee1-af39-7bfeaa53c043.__CR0,0,1464,600_PT0_SX1464_V1___.png\"><img decoding=\"async\" alt=\"aplus content image\" src=\"https:\/\/m.media-amazon.com\/images\/S\/aplus-media-library-service-media\/28abc909-fa44-4ee1-af39-7bfeaa53c043.__CR0,0,1464,600_PT0_SX1464_V1___.png\">                                               <\/p>\n<p>                                                                                                       <img decoding=\"async\" alt=\"aplus content image\" src=\"https:\/\/images-na.ssl-images-amazon.com\/images\/G\/01\/x-locale\/common\/grey-pixel.gif\" class=\"a-lazy-loaded\" data-src=\"https:\/\/m.media-amazon.com\/images\/S\/aplus-media-library-service-media\/b66df1f2-89df-4c07-a122-3bb15d52034a.__CR0,0,1464,600_PT0_SX1464_V1___.png\"><img decoding=\"async\" alt=\"aplus content image\" src=\"https:\/\/m.media-amazon.com\/images\/S\/aplus-media-library-service-media\/b66df1f2-89df-4c07-a122-3bb15d52034a.__CR0,0,1464,600_PT0_SX1464_V1___.png\">                                               <\/p>\n<p> Product Dimensions                                            \u200f                                            :                                            \u200e                                            12.82 x 12.82 x 4.1 cm; 500 g   <br \/> Manufacturer                                            \u200f                                            :                                            \u200e                                            ACEMAGIC   <br \/> ASIN                                            \u200f                                            :                                            \u200e                                            B0GG8LT9WL   <br \/> Item model number                                            \u200f                                            :                                            \u200e                                            ACE-K1   <br \/> Guaranteed software updates until                                            \u200f                                            :                                            \u200e                                            unknown   <br \/>  Customer reviews:                                                                                            4.6               4.6 out of 5 stars                                  (32)                                              var dpAcrHasRegisteredArcLinkClickAction;                    P.when(&#8216;A&#8217;, &#8216;ready&#8217;).execute(function(A) {                        if (dpAcrHasRegisteredArcLinkClickAction !== true) {                            dpAcrHasRegisteredArcLinkClickAction = true;                            A.declarative(                                &#8216;acrLink-click-metrics&#8217;, &#8216;click&#8217;,                                { \u00aballowLinkDefault\u00bb: true },                                function (event) {                                    if (window.ue) {                                        ue.count(\u00abacrLinkClickCount\u00bb, (ue.count(\u00abacrLinkClickCount\u00bb) || 0) + 1);                                    }                                }                            );                        }                    });                                             P.when(&#8216;A&#8217;, &#8216;cf&#8217;).execute(function(A) {                A.declarative(&#8216;acrStarsLink-click-metrics&#8217;, &#8216;click&#8217;, { \u00aballowLinkDefault\u00bb : true },  function(event){                    if(window.ue) {                        ue.count(\u00abacrStarsLinkWithPopoverClickCount\u00bb, (ue.count(\u00abacrStarsLinkWithPopoverClickCount\u00bb) || 0) + 1);                    }                });            });                          <\/p>\n<p>\u3010Powerful Performance, Smooth Experience\u3011 ACEMAGIC K1 Mini PC features an AMD Ryzen 4300U processor, made with the advanced 7nm Zen2 architecture. With 4 cores, 4 threads and 4MB L3 cache, it offers a base frequency of 2.7 GHz that can be accelerated up to 3.7 GHz. Thanks to a configurable TDP of up to 28W, it provides solid performance ideal for everyday productivity, smooth multitasking and lightweight entertainment, always maintaining a stable and efficient response.<br \/>\u3010Ample Storage &#038; Easy Expansion\u3011 ACEMAGIC K1 Mini PC includes 16GB DDR4 memory and a fast 1024GB SSD, ensuring smooth multitasking performance. It features two memory slots (support up to 64GB) and two M.2 slots (support up to 4TB total), offering ample space for future upgrades and increased performance.<br \/>\u3010Effective Cooling for Sustained Performance\u3011 The ACEMAGIC K1 Mini PC incorporates a large aluminum heatsink with high thermal conductivity and a silent 80mm fan with high airflow. Its optimized airflow design with dual ventilation outlet ensures efficient heat dissipation. The system also reinforces cooling of critical components such as CPU power supply (MOSFET), ensuring stable performance and long-term reliability even under prolonged high load conditions.<br \/>\u3010Extensive Connectivity and Total Expansion\u3011 The ACEMAGIC K1 Mini PC features Gigabit Ethernet port, HDMI 2.0, DP 1.4 and a multi-function USB-C port that supports video and data, allowing up to three 4K@60Hz monitors to be connected simultaneously. With a total of six high-speed USB ports (including two front-facing 10Gbps), it makes it easy to connect keyboards, mice, storage and other peripherals, covering all expansion needs for multi-screen office and immersive home entertainment.<br \/>\u3010Exceptional Multi-Monitor Productivity\u3011 Thanks to its multi-function USB\u2011C ports, DP 1.4 and HDMI 2.0, the ACEMAGIC K1 Mini PC effortlessly drives a three-monitor setup in 4K@60Hz. Whether for data analytics, content creation or demanding multitasking, this expanded visual space dramatically increases efficiency, while delivering an immersive cinema-level experience for home entertainment.<br \/>\u3010Global Certifications &#038; Reliable Support\u3011 The ACEMAGIC K1 Mini PC meets rigorous international standards, including FCC, RoHS and CE certifications, which guarantee its quality and safety around the world. Includes a 1-year warranty and the support of our 7\u00d724 professional customer service team, available for technical inquiries and troubleshooting. From product to care, we ensure your purchase is safe and your experience hassle-free.<\/p>\n\n","protected":false},"excerpt":{"rendered":"<p> Product Description ACEMAGIC Kron Mini K1 4300U 1 Triple pantalla 2 Pantalla de memoria 3<\/p>","protected":false},"featured_media":37064,"comment_status":"open","ping_status":"closed","template":"","meta":[],"product_brand":[],"product_cat":[91],"product_tag":[509,602,7412,532,529,530,803,801,805,539,535,800,561,7413,5810,215,808,799,806,7411,163,807,531,802,904,3524,537,804],"class_list":{"0":"post-37063","1":"product","2":"type-product","3":"status-publish","4":"has-post-thumbnail","6":"product_cat-office-pcs","7":"product_tag-16gb","8":"product_tag-1tb","9":"product_tag-3500un150n97","10":"product_tag-4300u","11":"product_tag-acemagic","12":"product_tag-amd","13":"product_tag-budget-office-pc","14":"product_tag-business-desktop-pc","15":"product_tag-compact-desktop-pc","16":"product_tag-computer","17":"product_tag-ddr4","18":"product_tag-desktop-computer-for-office","19":"product_tag-display","20":"product_tag-educationalofficeaudiovisual","21":"product_tag-kron","22":"product_tag-mini","23":"product_tag-office-computer-setup","24":"product_tag-office-pc","25":"product_tag-office-pc-ssd","26":"product_tag-pc4cct3-7ghz","27":"product_tag-pro","28":"product_tag-reliable-office-pc","29":"product_tag-ryzen","30":"product_tag-small-office-pc","31":"product_tag-triple","32":"product_tag-wifi5","33":"product_tag-windows","34":"product_tag-windows-office-pc","36":"first","37":"instock","38":"shipping-taxable","39":"product-type-external"},"_links":{"self":[{"href":"https:\/\/comprasyconsejos.store\/en\/wp-json\/wp\/v2\/product\/37063","targetHints":{"allow":["GET"]}}],"collection":[{"href":"https:\/\/comprasyconsejos.store\/en\/wp-json\/wp\/v2\/product"}],"about":[{"href":"https:\/\/comprasyconsejos.store\/en\/wp-json\/wp\/v2\/types\/product"}],"replies":[{"embeddable":true,"href":"https:\/\/comprasyconsejos.store\/en\/wp-json\/wp\/v2\/comments?post=37063"}],"version-history":[{"count":0,"href":"https:\/\/comprasyconsejos.store\/en\/wp-json\/wp\/v2\/product\/37063\/revisions"}],"wp:featuredmedia":[{"embeddable":true,"href":"https:\/\/comprasyconsejos.store\/en\/wp-json\/wp\/v2\/media\/37064"}],"wp:attachment":[{"href":"https:\/\/comprasyconsejos.store\/en\/wp-json\/wp\/v2\/media?parent=37063"}],"wp:term":[{"taxonomy":"product_brand","embeddable":true,"href":"https:\/\/comprasyconsejos.store\/en\/wp-json\/wp\/v2\/product_brand?post=37063"},{"taxonomy":"product_cat","embeddable":true,"href":"https:\/\/comprasyconsejos.store\/en\/wp-json\/wp\/v2\/product_cat?post=37063"},{"taxonomy":"product_tag","embeddable":true,"href":"https:\/\/comprasyconsejos.store\/en\/wp-json\/wp\/v2\/product_tag?post=37063"}],"curies":[{"name":"wp","href":"https:\/\/api.w.org\/{rel}","templated":true}]}}