{"id":37066,"date":"2026-03-03T08:27:40","date_gmt":"2026-03-03T08:27:40","guid":{"rendered":"https:\/\/comprasyconsejos.store\/product\/mars-gaming-mc-blaze-atx-gaming-case-1x-frgb-rear-80mm-fan-front-rgb-led-strip-with-multiple-effects-full-side-window-semi-tower-pc-with-large-internal-capacity-white\/"},"modified":"2026-03-03T08:27:41","modified_gmt":"2026-03-03T08:27:41","slug":"mars-gaming-mc-blaze-atx-gaming-case-1x-frgb-rear-80mm-fan-front-rgb-led-strip-with-multiple-effects-full-side-window-semi-tower-pc-with-large-internal-capacity-white","status":"publish","type":"product","link":"https:\/\/comprasyconsejos.store\/en\/product\/mars-gaming-mc-blaze-atx-gaming-case-1x-frgb-rear-80mm-fan-front-rgb-led-strip-with-multiple-effects-full-side-window-semi-tower-pc-with-large-internal-capacity-white\/","title":{"rendered":"Mars Gaming MC-Blaze, ATX Gaming Case, 1x FRGB Rear 80mm Fan, Front RGB LED Strip with Multiple Effects, Full Side Window, Semi-Tower PC with Large Internal Capacity, White"},"content":{"rendered":"<p>Price: <span style=\"color:#b12704\">\u20ac36.23<\/span><br \/><i><small>(as of Mar 03, 2026 08:27:40 UTC &#8211; <span class=\"wp_automatic_amazon_disclaimer\" title=\"Product prices and availability are accurate as of the date\/time indicated and are subject to change. Any price and availability information displayed on [relevant Amazon Site(s), as applicable] at the time of purchase will apply to the purchase of this product.\">Details<\/span>)<\/small><\/i><\/p>\n<p><a href=\"https:\/\/amazon.es\/dp\/B0F1MZRQC7?tag=man008-21\"><img decoding=\"async\" src=\"https:\/\/valvepress.s3.amazonaws.com\/imgs\/buy_now.png\"><\/a><br \/>\n<\/p>\n<p>                                             From the manufacturer   <\/p>\n<p>                                                  <img decoding=\"async\" alt=\"aplus content image\" src=\"https:\/\/images-na.ssl-images-amazon.com\/images\/G\/01\/x-locale\/common\/grey-pixel.gif\" class=\"a-lazy-loaded\" data-src=\"https:\/\/m.media-amazon.com\/images\/S\/aplus-media-library-service-media\/ac4b99af-c324-4911-b502-bebf5900cd9b.__CR0,0,970,300_PT0_SX970_V1___.jpg\"><img decoding=\"async\" alt=\"aplus content image\" src=\"https:\/\/m.media-amazon.com\/images\/S\/aplus-media-library-service-media\/ac4b99af-c324-4911-b502-bebf5900cd9b.__CR0,0,970,300_PT0_SX970_V1___.jpg\">  <\/p>\n<p>                                                                             <img decoding=\"async\" alt=\"aplus content image\" src=\"https:\/\/images-na.ssl-images-amazon.com\/images\/G\/01\/x-locale\/common\/grey-pixel.gif\" class=\"a-spacing-base a-lazy-loaded\" data-src=\"https:\/\/m.media-amazon.com\/images\/S\/aplus-media-library-service-media\/0076a6ba-5072-4096-809c-75f6ad8cdb80.__CR0,0,5000,3093_PT0_SX970_V1___.jpg\"><img decoding=\"async\" alt=\"aplus content image\" src=\"https:\/\/m.media-amazon.com\/images\/S\/aplus-media-library-service-media\/0076a6ba-5072-4096-809c-75f6ad8cdb80.__CR0,0,5000,3093_PT0_SX970_V1___.jpg\">                                                                    <\/p>\n<p class=\"apm-text-center\">\n                                                      <img decoding=\"async\" alt=\"Primer plano de la fuente de alimentaci\u00f3n negra de la computadora con ventilador de refrigeraci\u00f3n visible a trav\u00e9s de una rejilla de malla.\" src=\"https:\/\/images-na.ssl-images-amazon.com\/images\/G\/01\/x-locale\/common\/grey-pixel.gif\" class=\"a-spacing-mini a-lazy-loaded\" data-src=\"https:\/\/m.media-amazon.com\/images\/S\/aplus-media-library-service-media\/c73a5948-9a4e-4346-a0a6-eef0e98887dd.__CR0,0,2000,2000_PT0_SX300_V1___.jpg\"><img decoding=\"async\" alt=\"Primer plano de la fuente de alimentaci\u00f3n negra de la computadora con ventilador de refrigeraci\u00f3n visible a trav\u00e9s de una rejilla de malla.\" src=\"https:\/\/m.media-amazon.com\/images\/S\/aplus-media-library-service-media\/c73a5948-9a4e-4346-a0a6-eef0e98887dd.__CR0,0,2000,2000_PT0_SX300_V1___.jpg\">  <\/p>\n<p>                                                    FUENTES DE ALIMENTACI\u00d3N                                          <\/p>\n<p> Elige la fuente de alimentaci\u00f3n que mejor se adapte a las necesidades de tu PC. <\/p>\n<p> Con diferentes potencias para ajustarse a tu ordenador, Mars Gaming ofrece fuentes de 550W, 650W, 750W, 850W o 1000W. Disfruta de las ventajas de las fuentes modulares y equipa tu PC gaming. <\/p>\n<p class=\"apm-text-center\">\n                                                      <img decoding=\"async\" alt=\"aplus content image\" src=\"https:\/\/images-na.ssl-images-amazon.com\/images\/G\/01\/x-locale\/common\/grey-pixel.gif\" class=\"a-spacing-mini a-lazy-loaded\" data-src=\"https:\/\/m.media-amazon.com\/images\/S\/aplus-media-library-service-media\/b6878f14-5c45-4650-8b27-d028b86c437a.__CR436,0,480,480_PT0_SX300_V1___.png\"><img decoding=\"async\" alt=\"aplus content image\" src=\"https:\/\/m.media-amazon.com\/images\/S\/aplus-media-library-service-media\/b6878f14-5c45-4650-8b27-d028b86c437a.__CR436,0,480,480_PT0_SX300_V1___.png\">  <\/p>\n<p>                                                    CAJAS                                          <\/p>\n<p> Construye tu ordenador ideal con cajas gaming de dise\u00f1o. <\/p>\n<p> Equ\u00edpate con estas cajas gaming y completa tu setup con torres de diferentes dise\u00f1os y tama\u00f1os. <\/p>\n<p class=\"apm-text-center\">\n                                                      <img decoding=\"async\" alt=\"aplus content image\" src=\"https:\/\/images-na.ssl-images-amazon.com\/images\/G\/01\/x-locale\/common\/grey-pixel.gif\" class=\"a-spacing-mini a-lazy-loaded\" data-src=\"https:\/\/m.media-amazon.com\/images\/S\/aplus-media-library-service-media\/27e6e79c-2201-4838-bf2a-7882b165a137.__CR118,0,480,480_PT0_SX300_V1___.png\"><img decoding=\"async\" alt=\"aplus content image\" src=\"https:\/\/m.media-amazon.com\/images\/S\/aplus-media-library-service-media\/27e6e79c-2201-4838-bf2a-7882b165a137.__CR118,0,480,480_PT0_SX300_V1___.png\">  <\/p>\n<p>                                                    AUDIO                                       <\/p>\n<p> Disfruta de la calidad de audio Mars Gaming: altavoces, auriculares y tarjetas de sonido. <\/p>\n<p> Los altavoces Mars Gaming est\u00e1n equipados con la tecnolog\u00eda m\u00e1s avanzada: con sistema Surround, graves potentes y drivers de neodimio, consigue la mejor calidad de sonido. Completa tu setup con auriculares gaming, altavoces Bluetooth inal\u00e1mbricos y tarjetas de sonido. <\/p>\n<p class=\"apm-text-center\">\n                                                      <img decoding=\"async\" alt=\"aplus content image\" src=\"https:\/\/images-na.ssl-images-amazon.com\/images\/G\/01\/x-locale\/common\/grey-pixel.gif\" class=\"a-spacing-mini a-lazy-loaded\" data-src=\"https:\/\/m.media-amazon.com\/images\/S\/aplus-media-library-service-media\/e6a1f8af-7c8d-4a57-8d30-b1bbf2facb4d.__CR310,0,480,480_PT0_SX300_V1___.png\"><img decoding=\"async\" alt=\"aplus content image\" src=\"https:\/\/m.media-amazon.com\/images\/S\/aplus-media-library-service-media\/e6a1f8af-7c8d-4a57-8d30-b1bbf2facb4d.__CR310,0,480,480_PT0_SX300_V1___.png\">  <\/p>\n<p>                                                    TECLADOS                                          <\/p>\n<p> Encuentra tu teclado gaming: mec\u00e1nico, low-profile, de membrana o h\u00edbrido. <\/p>\n<p> Mars Gaming tiene un teclado para cada PC. Elige el tuyo entre nuestra gama de teclados low-profile m\u00e1s silenciosos o los mec\u00e1nicos 100% gaming. En espa\u00f1ol o layout dual, retroiluminados con efectos de luz, nuestros teclados se adaptan a las necesidades de cualquier gamer. <\/p>\n<p class=\"apm-text-center\">\n                                                      <img decoding=\"async\" alt=\"Serie de im\u00e1genes que muestran efectos de iluminaci\u00f3n iluminados de estilo ne\u00f3n en colores rosa y azul sobre fondos oscuros, mostrando varios patrones decorativos.\" src=\"https:\/\/images-na.ssl-images-amazon.com\/images\/G\/01\/x-locale\/common\/grey-pixel.gif\" class=\"a-spacing-mini a-lazy-loaded\" data-src=\"https:\/\/m.media-amazon.com\/images\/S\/aplus-media-library-service-media\/f11ae7d0-e111-4ae9-87b6-00447b2cd0be.__CR347,0,480,480_PT0_SX300_V1___.png\"><img decoding=\"async\" alt=\"Serie de im\u00e1genes que muestran efectos de iluminaci\u00f3n iluminados de estilo ne\u00f3n en colores rosa y azul sobre fondos oscuros, mostrando varios patrones decorativos.\" src=\"https:\/\/m.media-amazon.com\/images\/S\/aplus-media-library-service-media\/f11ae7d0-e111-4ae9-87b6-00447b2cd0be.__CR347,0,480,480_PT0_SX300_V1___.png\">  <\/p>\n<p>                                                    RATONES                                          <\/p>\n<p> Encuentra tu rat\u00f3n gaming, MMO, FPS&#8230; <\/p>\n<p> Consigue el rat\u00f3n perfecto para tu ordenador. Gaming o b\u00e1sico, con sensor \u00f3ptico o l\u00e1ser, para usuarios diestros y zurdos. Desde ratones sencillos hasta los de 6, 13 o 19 botones, con o sin iluminaci\u00f3n, Mars Gaming tiene un rat\u00f3n para ti. <\/p>\n<p class=\"apm-text-center\">\n                                                      <img decoding=\"async\" alt=\"Configuraci\u00f3n para juegos con iluminaci\u00f3n RGB con silla y escritorio para juegos iluminados con iluminaci\u00f3n ambiental azul y violeta.\" src=\"https:\/\/images-na.ssl-images-amazon.com\/images\/G\/01\/x-locale\/common\/grey-pixel.gif\" class=\"a-spacing-mini a-lazy-loaded\" data-src=\"https:\/\/m.media-amazon.com\/images\/S\/aplus-media-library-service-media\/3765306c-8d19-4216-abbc-d5db0557e3f9.__CR329,0,480,480_PT0_SX300_V1___.png\"><img decoding=\"async\" alt=\"Configuraci\u00f3n para juegos con iluminaci\u00f3n RGB con silla y escritorio para juegos iluminados con iluminaci\u00f3n ambiental azul y violeta.\" src=\"https:\/\/m.media-amazon.com\/images\/S\/aplus-media-library-service-media\/3765306c-8d19-4216-abbc-d5db0557e3f9.__CR329,0,480,480_PT0_SX300_V1___.png\">  <\/p>\n<p>                                                    SILLAS                                       <\/p>\n<p> Encuentra la silla gaming que mejor se adapte a tu estilo. <\/p>\n<p> Ajustables en altura e inclinaci\u00f3n, reclinables, con reposabrazos fijos o m\u00f3viles, en m\u00faltiples colores&#8230; Las sillas Mars Gaming son perfectas para estudiar, jugar o trabajar. Ponte c\u00f3modo frente a tu ordenador y disfruta. <\/p>\n<p>                                                  <img decoding=\"async\" alt=\"El texto dice \u00abMARS GAMING\u00bb. Configuraci\u00f3n de juego con teclado y rat\u00f3n mec\u00e1nicos con iluminaci\u00f3n RGB sobre un fondo oscuro con efectos de iluminaci\u00f3n morados.\" src=\"https:\/\/images-na.ssl-images-amazon.com\/images\/G\/01\/x-locale\/common\/grey-pixel.gif\" class=\"a-lazy-loaded\" data-src=\"https:\/\/m.media-amazon.com\/images\/S\/aplus-media-library-service-media\/9b862da3-76c5-439c-8784-da62d6b4e176.__CR0,0,1940,600_PT0_SX970_V1___.png\"><img decoding=\"async\" alt=\"El texto dice \u00abMARS GAMING\u00bb. Configuraci\u00f3n de juego con teclado y rat\u00f3n mec\u00e1nicos con iluminaci\u00f3n RGB sobre un fondo oscuro con efectos de iluminaci\u00f3n morados.\" src=\"https:\/\/m.media-amazon.com\/images\/S\/aplus-media-library-service-media\/9b862da3-76c5-439c-8784-da62d6b4e176.__CR0,0,1940,600_PT0_SX970_V1___.png\">  <\/p>\n<p> Batteries                                            \u200f                                            :                                            \u200e                                            1 AAAA batteries required. (included)   <br \/> Product Dimensions                                            \u200f                                            :                                            \u200e                                            37 x 41.5 x 18.5 cm; 2.35 kg   <br \/> Manufacturer                                            \u200f                                            :                                            \u200e                                            MARS GAMING   <br \/> ASIN                                            \u200f                                            :                                            \u200e                                            B0F1MZRQC7   <br \/> Item model number                                            \u200f                                            :                                            \u200e                                            MCBLAZEW   <br \/> Guaranteed software updates until                                            \u200f                                            :                                            \u200e                                            unknown   <br \/>  Customer reviews:                                                                                            4.3               4.3 out of 5 stars                                  (3,859)                                              var dpAcrHasRegisteredArcLinkClickAction;                    P.when(&#8216;A&#8217;, &#8216;ready&#8217;).execute(function(A) {                        if (dpAcrHasRegisteredArcLinkClickAction !== true) {                            dpAcrHasRegisteredArcLinkClickAction = true;                            A.declarative(                                &#8216;acrLink-click-metrics&#8217;, &#8216;click&#8217;,                                { \u00aballowLinkDefault\u00bb: true },                                function (event) {                                    if (window.ue) {                                        ue.count(\u00abacrLinkClickCount\u00bb, (ue.count(\u00abacrLinkClickCount\u00bb) || 0) + 1);                                    }                                }                            );                        }                    });                                             P.when(&#8216;A&#8217;, &#8216;cf&#8217;).execute(function(A) {                A.declarative(&#8216;acrStarsLink-click-metrics&#8217;, &#8216;click&#8217;, { \u00aballowLinkDefault\u00bb : true },  function(event){                    if(window.ue) {                        ue.count(\u00abacrStarsLinkWithPopoverClickCount\u00bb, (ue.count(\u00abacrStarsLinkWithPopoverClickCount\u00bb) || 0) + 1);                    }                });            });                          <\/p>\n<p>LED FRONT LIGHTING: The front design of the MC-BLAZE gaming case integrates an LED strip with predefined lighting effects, providing a modern and eye-catching aesthetic; Its brushed texture finish enhances its minimalist style, bringing a modern and elegant touch<br \/>COMPLETE SIDE WINDOW: The acrylic full side window of the MC-BLAZE pc semitorre allows you to see the whole interior, highlighting each component; This design facilitates your access for maintenance and wiring management, ensuring a tidy and professional setup<br \/>MAXIMUM COOLING: The ATX MC-BLAZE enclosure incorporates a pre-installed 80mm FRGB rear fan and side vent, ensuring optimal thermal dissipation; In addition, its design allows the installation of 1 rear fan up to 90mm<br \/>OPTIMIZED INTERNAL CAPACITY: The MC-BLAZE PC enclosure supports ATX, MicroATX and Mini-ITX motherboards, allows installation of VGAs up to 300mm long, 140mm wide and CPU heatsinks up to 150mm high; With 7 expansion slots, 1x 3.5&#8243; HDD + 3.5&#8243; HDD + 3.5&#8243; x 2.5 in. SSD and 2x 3.5&#8243; HDD + 2x 2.5&#8243; SSD is the perfect base for any setup<br \/>ADVANCED CONNECTIVITY: The Mars Gaming MC-BLAZE RGB semi-tower equips a superior connectivity panel, with a USB 3.0 port, a USB 2.0 port, and HD audio and microphone connectors, ensuring a fast and efficient connection<\/p>\n\n","protected":false},"excerpt":{"rendered":"<p> From the manufacturer FUENTES DE ALIMENTACI\u00d3N Elige la fuente de alimentaci\u00f3n que mejor se adapte<\/p>","protected":false},"featured_media":37067,"comment_status":"open","ping_status":"closed","template":"","meta":[],"product_brand":[],"product_cat":[90],"product_tag":[4704,1458,613,2700,994,611,6355,910,1673,1911,560,617,607,604,609,606,612,608,1120,1041,428,5574,10922,241,605,1898,885,610,4746,3225,2255,205,1685],"class_list":{"0":"post-37066","1":"product","2":"type-product","3":"status-publish","4":"has-post-thumbnail","6":"product_cat-gaming-pcs","7":"product_tag-80mm","8":"product_tag-atx","9":"product_tag-best-gaming-pc","10":"product_tag-capacity","11":"product_tag-case","12":"product_tag-custom-gaming-pc","13":"product_tag-effects","14":"product_tag-fan","15":"product_tag-frgb","16":"product_tag-front","17":"product_tag-full","18":"product_tag-gaming","19":"product_tag-gaming-desktop","20":"product_tag-gaming-pc","21":"product_tag-gaming-pc-16gb-ram","22":"product_tag-gaming-pc-rtx","23":"product_tag-gaming-pc-ssd","24":"product_tag-high-end-gaming-pc","25":"product_tag-internal","26":"product_tag-large","27":"product_tag-led","28":"product_tag-mars","29":"product_tag-mcblaze","30":"product_tag-multiple","31":"product_tag-prebuilt-gaming-pc","32":"product_tag-rear","33":"product_tag-rgb","34":"product_tag-rgb-gaming-pc","35":"product_tag-semitower","36":"product_tag-side","37":"product_tag-strip","38":"product_tag-white","39":"product_tag-window","41":"first","42":"instock","43":"shipping-taxable","44":"product-type-external"},"_links":{"self":[{"href":"https:\/\/comprasyconsejos.store\/en\/wp-json\/wp\/v2\/product\/37066","targetHints":{"allow":["GET"]}}],"collection":[{"href":"https:\/\/comprasyconsejos.store\/en\/wp-json\/wp\/v2\/product"}],"about":[{"href":"https:\/\/comprasyconsejos.store\/en\/wp-json\/wp\/v2\/types\/product"}],"replies":[{"embeddable":true,"href":"https:\/\/comprasyconsejos.store\/en\/wp-json\/wp\/v2\/comments?post=37066"}],"version-history":[{"count":0,"href":"https:\/\/comprasyconsejos.store\/en\/wp-json\/wp\/v2\/product\/37066\/revisions"}],"wp:featuredmedia":[{"embeddable":true,"href":"https:\/\/comprasyconsejos.store\/en\/wp-json\/wp\/v2\/media\/37067"}],"wp:attachment":[{"href":"https:\/\/comprasyconsejos.store\/en\/wp-json\/wp\/v2\/media?parent=37066"}],"wp:term":[{"taxonomy":"product_brand","embeddable":true,"href":"https:\/\/comprasyconsejos.store\/en\/wp-json\/wp\/v2\/product_brand?post=37066"},{"taxonomy":"product_cat","embeddable":true,"href":"https:\/\/comprasyconsejos.store\/en\/wp-json\/wp\/v2\/product_cat?post=37066"},{"taxonomy":"product_tag","embeddable":true,"href":"https:\/\/comprasyconsejos.store\/en\/wp-json\/wp\/v2\/product_tag?post=37066"}],"curies":[{"name":"wp","href":"https:\/\/api.w.org\/{rel}","templated":true}]}}