{"id":37069,"date":"2026-03-03T08:31:57","date_gmt":"2026-03-03T08:31:57","guid":{"rendered":"https:\/\/comprasyconsejos.store\/product\/hychika-llaves-fijas-9pcs-llaves-fijas-con-carraca-6-19mm-con-bolsa-de-almacenamiento-juego-de-llaves-llaves-combinadas-engranaje-de-trinquete-de-72-dientes\/"},"modified":"2026-03-03T08:31:57","modified_gmt":"2026-03-03T08:31:57","slug":"hychika-llaves-fijas-9pcs-llaves-fijas-con-carraca-6-19mm-con-bolsa-de-almacenamiento-juego-de-llaves-llaves-combinadas-engranaje-de-trinquete-de-72-dientes","status":"publish","type":"product","link":"https:\/\/comprasyconsejos.store\/en\/product\/hychika-llaves-fijas-9pcs-llaves-fijas-con-carraca-6-19mm-con-bolsa-de-almacenamiento-juego-de-llaves-llaves-combinadas-engranaje-de-trinquete-de-72-dientes\/","title":{"rendered":"HYCHIKA Llaves Fijas 9Pcs, Llaves Fijas con Carraca 6-19mm con Bolsa de Almacenamiento, Juego de llaves, llaves Combinadas, Engranaje de Trinquete de 72 Dientes"},"content":{"rendered":"<p>&#8211; \u3010Juego de Lujo\u3011Juego de llaves de carraca 9 piezas , los tama\u00f1os incluyen: 6mm, 8mm, 10mm, 12mm, 13mm, 14mm, 15mm, 17mm, 19 mm, Juego de llaves de trinquete de acero al cromo-vanadio de alto rendimiento,Es tu mejor socio para el trabajo<br \/>\n&#8211; \u3010Juego de Llaves Combinadas de Trinquete Reversible\u3011El juego de llaves combinadas, Llaves combinadas, es de trinquete bidireccional, se puede aflojar o apretar, la palanca de inversi\u00f3n montada al ras le permite cambiar de direcci\u00f3n sin quitar la llave.Las llaves combinadas de trinquete son el trinquete original El extremo de la caja de trinquete presenta una carga fuera de la esquina para un mejor agarre del sujetador y reduce el redondeo del sujetador<br \/>\n&#8211; \u3010Cambio Entre Escenas Grandes Y Peque\u00f1As A Voluntad\u3011El dise\u00f1o \u00fanico de trinquete de 72 dientes del Juego de llaves de carraca de 9 piezas tiene un par de rotaci\u00f3n de 5 grados, que es mejor que el par de 30 grados de una llave ordinaria. Esto lo convierte en una excelente ventaja en un espacio estrecho sin invertir. Apriete o afloje los tornillos<br \/>\n&#8211; \u3010Material de Primera Calidad Set\u3011El juego de llaves, llaves combinadas, est\u00e1 fabricado con acero de cromo-vanadio para una mayor resistencia y una vida \u00fatil m\u00e1s prolongada de la herramienta. El tama\u00f1o de cada llave est\u00e1 impreso en la bolsa de herramientas para una f\u00e1cil organizaci\u00f3n. Se puede colocar cuidadosamente en una bolsa de almacenamiento, se puede guardar en el maletero del autom\u00f3vil o en equipos mec\u00e1nicos<br \/>\n&#8211; \u3010Comodidad\u3011Ya sea la bolsa de almacenamiento o las llaves combinadas de trinquete, hay escalas que indican el tama\u00f1o de la llave de trinquete de un vistazo y le permiten encontrar f\u00e1cilmente las herramientas que necesita<\/p>","protected":false},"excerpt":{"rendered":"<p>&#8211; \u3010Juego de Lujo\u3011Juego de llaves de carraca 9 piezas , los tama\u00f1os incluyen: 6mm, 8mm, 10mm, 12mm, 13mm, 14mm,<\/p>","protected":false},"featured_media":0,"comment_status":"open","ping_status":"closed","template":"","meta":[],"product_brand":[],"product_cat":[101],"product_tag":[],"class_list":{"0":"post-37069","1":"product","2":"type-product","3":"status-publish","5":"product_cat-accessories","7":"first","8":"instock","9":"shipping-taxable","10":"product-type-external"},"_links":{"self":[{"href":"https:\/\/comprasyconsejos.store\/en\/wp-json\/wp\/v2\/product\/37069","targetHints":{"allow":["GET"]}}],"collection":[{"href":"https:\/\/comprasyconsejos.store\/en\/wp-json\/wp\/v2\/product"}],"about":[{"href":"https:\/\/comprasyconsejos.store\/en\/wp-json\/wp\/v2\/types\/product"}],"replies":[{"embeddable":true,"href":"https:\/\/comprasyconsejos.store\/en\/wp-json\/wp\/v2\/comments?post=37069"}],"version-history":[{"count":0,"href":"https:\/\/comprasyconsejos.store\/en\/wp-json\/wp\/v2\/product\/37069\/revisions"}],"wp:attachment":[{"href":"https:\/\/comprasyconsejos.store\/en\/wp-json\/wp\/v2\/media?parent=37069"}],"wp:term":[{"taxonomy":"product_brand","embeddable":true,"href":"https:\/\/comprasyconsejos.store\/en\/wp-json\/wp\/v2\/product_brand?post=37069"},{"taxonomy":"product_cat","embeddable":true,"href":"https:\/\/comprasyconsejos.store\/en\/wp-json\/wp\/v2\/product_cat?post=37069"},{"taxonomy":"product_tag","embeddable":true,"href":"https:\/\/comprasyconsejos.store\/en\/wp-json\/wp\/v2\/product_tag?post=37069"}],"curies":[{"name":"wp","href":"https:\/\/api.w.org\/{rel}","templated":true}]}}