{"id":37081,"date":"2026-03-03T09:02:00","date_gmt":"2026-03-03T09:02:00","guid":{"rendered":"https:\/\/comprasyconsejos.store\/product\/acer-aspire-5-15-a515-58p-58fk-laptop-15-6-full-hd-intel-core-i5-1335u-16gb-ram-512gb-ssd-intel-iris-xe-graphics-windows-11-home-grey-spanish-qwerty-keyboard\/"},"modified":"2026-03-03T09:02:03","modified_gmt":"2026-03-03T09:02:03","slug":"acer-aspire-5-15-a515-58p-58fk-laptop-15-6-full-hd-intel-core-i5-1335u-16gb-ram-512gb-ssd-intel-iris-xe-graphics-windows-11-home-grey-spanish-qwerty-keyboard","status":"publish","type":"product","link":"https:\/\/comprasyconsejos.store\/en\/product\/acer-aspire-5-15-a515-58p-58fk-laptop-15-6-full-hd-intel-core-i5-1335u-16gb-ram-512gb-ssd-intel-iris-xe-graphics-windows-11-home-grey-spanish-qwerty-keyboard\/","title":{"rendered":"acer Aspire 5 15 A515-58P-58FK, Laptop 15.6&#8243; Full HD (\u200eIntel Core i5-1335U, 16GB RAM, 512GB SSD, Intel Iris Xe Graphics, Windows 11 Home) Grey, Spanish QWERTY Keyboard"},"content":{"rendered":"<p>Price: <span style=\"color:#b12704\">\u20ac749.00<\/span><br \/><i><small>(as of Mar 03, 2026 09:02:00 UTC &#8211; <span class=\"wp_automatic_amazon_disclaimer\" title=\"Product prices and availability are accurate as of the date\/time indicated and are subject to change. Any price and availability information displayed on [relevant Amazon Site(s), as applicable] at the time of purchase will apply to the purchase of this product.\">Details<\/span>)<\/small><\/i><\/p>\n<p><a href=\"https:\/\/amazon.es\/dp\/B0DC7Z9WJX?tag=man008-21\"><img decoding=\"async\" src=\"https:\/\/valvepress.s3.amazonaws.com\/imgs\/buy_now.png\"><\/a><br \/>\n<\/p>\n<p>                                             From the manufacturer   <\/p>\n<p>                                                                                                       <img decoding=\"async\" alt=\"aspire 3\" src=\"https:\/\/images-na.ssl-images-amazon.com\/images\/G\/01\/x-locale\/common\/grey-pixel.gif\" class=\"a-lazy-loaded\" data-src=\"https:\/\/m.media-amazon.com\/images\/S\/aplus-media-library-service-media\/ea800a2f-99d0-46f4-a213-9747628d6927.__CR0,0,1464,600_PT0_SX1464_V1___.jpg\"><img decoding=\"async\" alt=\"aspire 3\" src=\"https:\/\/m.media-amazon.com\/images\/S\/aplus-media-library-service-media\/ea800a2f-99d0-46f4-a213-9747628d6927.__CR0,0,1464,600_PT0_SX1464_V1___.jpg\">                                                                                    ACER ASPIRE 5 15 A515-58P-58FK                                                                                       <\/p>\n<p>                                                                                                       <img decoding=\"async\" alt=\"Aspire 3\" src=\"https:\/\/images-na.ssl-images-amazon.com\/images\/G\/01\/x-locale\/common\/grey-pixel.gif\" class=\"a-lazy-loaded\" data-src=\"https:\/\/m.media-amazon.com\/images\/S\/aplus-media-library-service-media\/68fb1700-65f4-43cb-9bc9-f39c38340ff9.__CR0,0,1464,600_PT0_SX1464_V1___.jpg\"><img decoding=\"async\" alt=\"Aspire 3\" src=\"https:\/\/m.media-amazon.com\/images\/S\/aplus-media-library-service-media\/68fb1700-65f4-43cb-9bc9-f39c38340ff9.__CR0,0,1464,600_PT0_SX1464_V1___.jpg\">                                                                                    POTENTE PRODUCTIVIDAD                                        <\/p>\n<p class=\"aplus-p2 aplus-module-2-description\"> Para lograr un mejor rendimiento, el Aspire 5 emplea un procesador Intel Core i5-1335U, tiene un disco SSD de 512 GB, 16 GB de memoria RAM LPDDR5 y proporciona suficiente energ\u00eda para acompa\u00f1arte durante tu jornada. Trabaja, juega o rel\u00e1jate con una potente productividad. <\/p>\n<p>                                                                                                       <img decoding=\"async\" alt=\"Aspire 3\" src=\"https:\/\/images-na.ssl-images-amazon.com\/images\/G\/01\/x-locale\/common\/grey-pixel.gif\" class=\"a-lazy-loaded\" data-src=\"https:\/\/m.media-amazon.com\/images\/S\/aplus-media-library-service-media\/75c5450c-c688-4290-9be1-e78a45a5246e.__CR0,0,1464,600_PT0_SX1464_V1___.jpg\"><img decoding=\"async\" alt=\"Aspire 3\" src=\"https:\/\/m.media-amazon.com\/images\/S\/aplus-media-library-service-media\/75c5450c-c688-4290-9be1-e78a45a5246e.__CR0,0,1464,600_PT0_SX1464_V1___.jpg\">                                                                                    PANTALLA COLORIDA                                        <\/p>\n<p class=\"aplus-p2 aplus-module-2-description\"> La pantalla Full HD LCD de 15.6&#8243; permite que las im\u00e1genes y los v\u00eddeos sean impresionantes, mientras que el bisel estrecho ofrece m\u00e1s espacio de visi\u00f3n. <\/p>\n<p>                                                                                                       <img decoding=\"async\" alt=\"Aspire 3\" src=\"https:\/\/images-na.ssl-images-amazon.com\/images\/G\/01\/x-locale\/common\/grey-pixel.gif\" class=\"a-lazy-loaded\" data-src=\"https:\/\/m.media-amazon.com\/images\/S\/aplus-media-library-service-media\/35ae7905-dbc8-42a0-9bbc-36b46dde60e7.__CR0,0,1464,600_PT0_SX1464_V1___.jpg\"><img decoding=\"async\" alt=\"Aspire 3\" src=\"https:\/\/m.media-amazon.com\/images\/S\/aplus-media-library-service-media\/35ae7905-dbc8-42a0-9bbc-36b46dde60e7.__CR0,0,1464,600_PT0_SX1464_V1___.jpg\">                                                                                    CONECTIVIDAD CONTINUA                                        <\/p>\n<p class=\"aplus-p2 aplus-module-2-description\"> Obt\u00e9n una se\u00f1al de Wi-Fi potente y uniforme gracias a la antena inal\u00e1mbrica Wi-Fi (802.11ax) estrat\u00e9gicamente ubicada, junto con su webcam digital y el micr\u00f3fono optimizados, para que puedas mantenerte conectado con una asombrosa claridad de audio y v\u00eddeo. <\/p>\n<p>                                                                                                       <img decoding=\"async\" alt=\"puertos\" src=\"https:\/\/images-na.ssl-images-amazon.com\/images\/G\/01\/x-locale\/common\/grey-pixel.gif\" class=\"a-lazy-loaded\" data-src=\"https:\/\/m.media-amazon.com\/images\/S\/aplus-media-library-service-media\/2690db7e-d5fb-4721-a9a2-a53c2f45861c.__CR0,0,1464,600_PT0_SX1464_V1___.jpg\"><img decoding=\"async\" alt=\"puertos\" src=\"https:\/\/m.media-amazon.com\/images\/S\/aplus-media-library-service-media\/2690db7e-d5fb-4721-a9a2-a53c2f45861c.__CR0,0,1464,600_PT0_SX1464_V1___.jpg\">                                                                                    NUMEROSOS PUERTOS                                        <\/p>\n<p class=\"aplus-p2 aplus-module-2-description\"> Gracias a la gran variedad de puertos USB, siempre estar\u00e1s listo para cualquier situaci\u00f3n, tanto si te conectas para una presentaci\u00f3n como si usas los nuevos perif\u00e9ricos. Tambi\u00e9n puedes conectarte a una pantalla externa mediante el puerto HDMI cuando la ocasi\u00f3n requiera una pantalla m\u00e1s grande. <\/p>\n<h3 class=\"a-text-center aplus-h1 a-text-bold\"> ACCESORIOS ACER <\/h3>\n<p>                         Add To Basket  <\/p>\n<p>                         Add To Basket  <\/p>\n<p>                                     Customer Reviews  <\/p>\n<p>                    4.3 out of 5 stars  110  <\/p>\n<p>                    4.3 out of 5 stars  36  <\/p>\n<p>                    4.5 out of 5 stars  277  <\/p>\n<p>                    4.2 out of 5 stars  56  <\/p>\n<p>                    3.3 out of 5 stars  9  <\/p>\n<p>                                     Price  <\/p>\n<p>                                                        \u2014    <\/p>\n<p>                                                        \u20ac24.99\u20ac24.99     <\/p>\n<p>                                                        \u2014    <\/p>\n<p>                                                        \u2014    <\/p>\n<p>                                                        \u20ac160.94\u20ac160.94     <\/p>\n<p>                                     Descripci\u00f3n  <\/p>\n<p>                                                Rat\u00f3n inal\u00e1mbrico    <\/p>\n<p>                                                Auriculares con cable    <\/p>\n<p>                                                Funda ordenadores y tablets     <\/p>\n<p>                                                Adaptador USB Tipo C    <\/p>\n<p>                                                Estaci\u00f3n de carga USB Tipo C    <\/p>\n<p>                                     Color  <\/p>\n<p>                                                Negro    <\/p>\n<p>                                                Negro    <\/p>\n<p>                                                Gris    <\/p>\n<p>                                                Plata    <\/p>\n<p>                                                Negro \/ Plata    <\/p>\n<p>                                     Conexiones  <\/p>\n<p>                                                Bluetooth    <\/p>\n<p>                                                Jack de 3,5 mm    <\/p>\n<p>                                                    \u2014    <\/p>\n<p>                                                USB, HDMI, DP, LAN, Audio    <\/p>\n<p>                                                USB, HDMI, DP, LAN, Audio    <\/p>\n<p>                                     Compatible con Aspire 5  <\/p>\n<p>                                                    \u2714       <\/p>\n<p>                                                    \u2714       <\/p>\n<p>                                                    \u2714       <\/p>\n<p>                                                    \u2714       <\/p>\n<p>                                                    \u2714       <\/p>\n<p>                                     Material  <\/p>\n<p>                                                Pl\u00e1stico    <\/p>\n<p>                                                Pl\u00e1stico    <\/p>\n<p>                                                Tejido impermeable    <\/p>\n<p>                                                Metal    <\/p>\n<p>                                                Metal    <\/p>\n<p> Batteries                                            \u200f                                            :                                            \u200e                                            1 Lithium Ion batteries required. (included)   <br \/> Language                                            \u200f                                            :                                            \u200e                                            Spanish   <br \/> Package Dimensions                                            \u200f                                            :                                            \u200e                                            49.5 x 31 x 6.5 cm; 1.77 kg   <br \/> Manufacturer                                            \u200f                                            :                                            \u200e                                            Acer   <br \/> ASIN                                            \u200f                                            :                                            \u200e                                            B0DC7Z9WJX   <br \/> Item model number                                            \u200f                                            :                                            \u200e                                            NX.KHJEB.017   <br \/> Country of origin                                            \u200f                                            :                                            \u200e                                            China   <br \/> Guaranteed software updates until                                            \u200f                                            :                                            \u200e                                            unknown   <br \/>  Customer reviews:                                                                                            3.3               3.3 out of 5 stars                                  (8)                                              var dpAcrHasRegisteredArcLinkClickAction;                    P.when(&#8216;A&#8217;, &#8216;ready&#8217;).execute(function(A) {                        if (dpAcrHasRegisteredArcLinkClickAction !== true) {                            dpAcrHasRegisteredArcLinkClickAction = true;                            A.declarative(                                &#8216;acrLink-click-metrics&#8217;, &#8216;click&#8217;,                                { \u00aballowLinkDefault\u00bb: true },                                function (event) {                                    if (window.ue) {                                        ue.count(\u00abacrLinkClickCount\u00bb, (ue.count(\u00abacrLinkClickCount\u00bb) || 0) + 1);                                    }                                }                            );                        }                    });                                             P.when(&#8216;A&#8217;, &#8216;cf&#8217;).execute(function(A) {                A.declarative(&#8216;acrStarsLink-click-metrics&#8217;, &#8216;click&#8217;, { \u00aballowLinkDefault\u00bb : true },  function(event){                    if(window.ue) {                        ue.count(\u00abacrStarsLinkWithPopoverClickCount\u00bb, (ue.count(\u00abacrStarsLinkWithPopoverClickCount\u00bb) || 0) + 1);                    }                });            });                          <\/p>\n<p>15.6 inch display, FullHD LCD 1920 x 1080 pixels, 60Hz<br \/>Intel Core i5-1335U (10C\/Deda-Core), 1.30 GHz Processor<br \/>16GB LPDDR5 RAM Memory<br \/>512GB SSD PCI Express NVMe 4.0 Storage<br \/>Intel Iris Xe Graphics Card<br \/>Operating System: Windows 11 Home<\/p>\n\n","protected":false},"excerpt":{"rendered":"<p> From the manufacturer ACER ASPIRE 5 15 A515-58P-58FK POTENTE PRODUCTIVIDAD Para lograr un mejor rendimiento,<\/p>","protected":false},"featured_media":37082,"comment_status":"open","ping_status":"closed","template":"","meta":[],"product_brand":[],"product_cat":[86],"product_tag":[526,509,536,10924,558,4064,520,698,560,519,524,521,525,522,644,204,523,626,6198,562,3557,518,159,528,858,587,527,5273,513,537],"class_list":{"0":"post-37081","1":"product","2":"type-product","3":"status-publish","4":"has-post-thumbnail","6":"product_cat-gaming-laptop","7":"product_tag-144hz-gaming-laptop","8":"product_tag-16gb","9":"product_tag-512gb","10":"product_tag-a51558p58fk","11":"product_tag-acer","12":"product_tag-aspire","13":"product_tag-best-gaming-laptop","14":"product_tag-core","15":"product_tag-full","16":"product_tag-gaming-laptop","17":"product_tag-gaming-laptop-16gb-ram","18":"product_tag-gaming-laptop-rtx","19":"product_tag-gaming-laptop-ssd","20":"product_tag-gaming-laptop-under-budget","21":"product_tag-graphics","22":"product_tag-grey","23":"product_tag-high-performance-laptop","24":"product_tag-home","25":"product_tag-i51335u","26":"product_tag-intel","27":"product_tag-iris","28":"product_tag-keyboard","29":"product_tag-laptop","30":"product_tag-portable-gaming-laptop","31":"product_tag-qwerty","32":"product_tag-ram","33":"product_tag-rgb-gaming-laptop","34":"product_tag-spanish","35":"product_tag-ssd","36":"product_tag-windows","38":"first","39":"instock","40":"shipping-taxable","41":"product-type-external"},"_links":{"self":[{"href":"https:\/\/comprasyconsejos.store\/en\/wp-json\/wp\/v2\/product\/37081","targetHints":{"allow":["GET"]}}],"collection":[{"href":"https:\/\/comprasyconsejos.store\/en\/wp-json\/wp\/v2\/product"}],"about":[{"href":"https:\/\/comprasyconsejos.store\/en\/wp-json\/wp\/v2\/types\/product"}],"replies":[{"embeddable":true,"href":"https:\/\/comprasyconsejos.store\/en\/wp-json\/wp\/v2\/comments?post=37081"}],"version-history":[{"count":0,"href":"https:\/\/comprasyconsejos.store\/en\/wp-json\/wp\/v2\/product\/37081\/revisions"}],"wp:featuredmedia":[{"embeddable":true,"href":"https:\/\/comprasyconsejos.store\/en\/wp-json\/wp\/v2\/media\/37082"}],"wp:attachment":[{"href":"https:\/\/comprasyconsejos.store\/en\/wp-json\/wp\/v2\/media?parent=37081"}],"wp:term":[{"taxonomy":"product_brand","embeddable":true,"href":"https:\/\/comprasyconsejos.store\/en\/wp-json\/wp\/v2\/product_brand?post=37081"},{"taxonomy":"product_cat","embeddable":true,"href":"https:\/\/comprasyconsejos.store\/en\/wp-json\/wp\/v2\/product_cat?post=37081"},{"taxonomy":"product_tag","embeddable":true,"href":"https:\/\/comprasyconsejos.store\/en\/wp-json\/wp\/v2\/product_tag?post=37081"}],"curies":[{"name":"wp","href":"https:\/\/api.w.org\/{rel}","templated":true}]}}