{"id":37090,"date":"2026-03-03T09:22:28","date_gmt":"2026-03-03T09:22:28","guid":{"rendered":"https:\/\/comprasyconsejos.store\/product\/hychika-gato-coche-3-t-kit-de-gato-portatil-de-gato-elevador-coche-kit-universal-de-reparacion-de-neumaticos-con-llave-de-tuercas-adecuado-para-suv-monovolumenes-y-automoviles\/"},"modified":"2026-03-03T09:22:28","modified_gmt":"2026-03-03T09:22:28","slug":"hychika-gato-coche-3-t-kit-de-gato-portatil-de-gato-elevador-coche-kit-universal-de-reparacion-de-neumaticos-con-llave-de-tuercas-adecuado-para-suv-monovolumenes-y-automoviles","status":"publish","type":"product","link":"https:\/\/comprasyconsejos.store\/en\/product\/hychika-gato-coche-3-t-kit-de-gato-portatil-de-gato-elevador-coche-kit-universal-de-reparacion-de-neumaticos-con-llave-de-tuercas-adecuado-para-suv-monovolumenes-y-automoviles\/","title":{"rendered":"HYCHIKA Gato Coche 3 T, Kit de Gato Port\u00e1til de Gato Elevador Coche Kit Universal de Reparaci\u00f3n de Neum\u00e1ticos con Llave de Tuercas Adecuado para SUV, Monovol\u00famenes y Autom\u00f3viles"},"content":{"rendered":"<p>&#8211; Capacidad de carga excepcional: este gato de tijera cuenta con una capacidad de carga m\u00e1xima de 3 toneladas (6613 lb) y un rango de elevaci\u00f3n de 4,72 a 17,52 pulgadas (120 a 445 mm), lo que le permite adaptarse sin esfuerzo tanto a sedanes bajos como a SUV altos.<br \/>\n&#8211; Gato para autom\u00f3vil resistente y fiable: fabricado con acero de alta resistencia para el cuerpo principal y con una base ensanchada para mayor estabilidad; ampliamente aplicable a varios tipos de veh\u00edculos, incluidos sedanes, SUV y monovol\u00famenes.<br \/>\n&#8211; Dise\u00f1o que ahorra esfuerzo: la llave con sistema de trinquete facilita la elevaci\u00f3n de veh\u00edculos; la llave telesc\u00f3pica para cubos simplifica la extracci\u00f3n de las tuercas de los cubos. Los cuatro tama\u00f1os de llaves para cubos se adaptan a la mayor\u00eda de los veh\u00edculos.<br \/>\n&#8211; Kit port\u00e1til de reparaci\u00f3n de neum\u00e1ticos: dise\u00f1o compacto para guardarlo f\u00e1cilmente en el maletero o en el asiento trasero. Incluye un juego de herramientas para cambiar neum\u00e1ticos en situaciones de emergencia, como la sustituci\u00f3n de un neum\u00e1tico pinchado o la retirada de una rueda.<br \/>\n&#8211; Package includes: 3-ton scissor jack \u00d71; Ratchet wrench \u00d71; Wheel wrench \u00d71; (17\/19mm + 21\/23mm) wheel socket set; Storage bag \u00d71.<\/p>","protected":false},"excerpt":{"rendered":"<p>&#8211; Capacidad de carga excepcional: este gato de tijera cuenta con una capacidad de carga m\u00e1xima de 3 toneladas (6613<\/p>","protected":false},"featured_media":0,"comment_status":"open","ping_status":"closed","template":"","meta":[],"product_brand":[],"product_cat":[101],"product_tag":[],"class_list":{"0":"post-37090","1":"product","2":"type-product","3":"status-publish","5":"product_cat-accessories","7":"first","8":"instock","9":"shipping-taxable","10":"product-type-external"},"_links":{"self":[{"href":"https:\/\/comprasyconsejos.store\/en\/wp-json\/wp\/v2\/product\/37090","targetHints":{"allow":["GET"]}}],"collection":[{"href":"https:\/\/comprasyconsejos.store\/en\/wp-json\/wp\/v2\/product"}],"about":[{"href":"https:\/\/comprasyconsejos.store\/en\/wp-json\/wp\/v2\/types\/product"}],"replies":[{"embeddable":true,"href":"https:\/\/comprasyconsejos.store\/en\/wp-json\/wp\/v2\/comments?post=37090"}],"version-history":[{"count":0,"href":"https:\/\/comprasyconsejos.store\/en\/wp-json\/wp\/v2\/product\/37090\/revisions"}],"wp:attachment":[{"href":"https:\/\/comprasyconsejos.store\/en\/wp-json\/wp\/v2\/media?parent=37090"}],"wp:term":[{"taxonomy":"product_brand","embeddable":true,"href":"https:\/\/comprasyconsejos.store\/en\/wp-json\/wp\/v2\/product_brand?post=37090"},{"taxonomy":"product_cat","embeddable":true,"href":"https:\/\/comprasyconsejos.store\/en\/wp-json\/wp\/v2\/product_cat?post=37090"},{"taxonomy":"product_tag","embeddable":true,"href":"https:\/\/comprasyconsejos.store\/en\/wp-json\/wp\/v2\/product_tag?post=37090"}],"curies":[{"name":"wp","href":"https:\/\/api.w.org\/{rel}","templated":true}]}}