{"id":37098,"date":"2026-03-03T09:54:56","date_gmt":"2026-03-03T09:54:56","guid":{"rendered":"https:\/\/comprasyconsejos.store\/product\/20pcs-propeller-for-dji-tello-rc-quadcopter-spare-parts-drone-blades\/"},"modified":"2026-03-03T09:54:58","modified_gmt":"2026-03-03T09:54:58","slug":"20pcs-propeller-for-dji-tello-rc-quadcopter-spare-parts-drone-blades","status":"publish","type":"product","link":"https:\/\/comprasyconsejos.store\/en\/product\/20pcs-propeller-for-dji-tello-rc-quadcopter-spare-parts-drone-blades\/","title":{"rendered":"20PCS Propeller for DJI Tello RC Quadcopter Spare Parts Drone Blades"},"content":{"rendered":"<p>Price: <span style=\"color:#b12704\">\u20ac17.99<\/span><br \/><i><small>(as of Mar 03, 2026 09:54:56 UTC &#8211; <span class=\"wp_automatic_amazon_disclaimer\" title=\"Product prices and availability are accurate as of the date\/time indicated and are subject to change. Any price and availability information displayed on [relevant Amazon Site(s), as applicable] at the time of purchase will apply to the purchase of this product.\">Details<\/span>)<\/small><\/i><\/p>\n<p><a href=\"https:\/\/amazon.es\/dp\/B08JQCCJ8D?tag=man008-21\"><img decoding=\"async\" src=\"https:\/\/valvepress.s3.amazonaws.com\/imgs\/buy_now.png\"><\/a><br \/>\n<\/p>\n<p>                                             Product Description   <\/p>\n<h3 class=\"a-spacing-mini\"> 20PCS H\u00e9lice para dji Tello RC Quadcopter Repuestos Drone Blades <\/h3>\n<p>                                          <img decoding=\"async\" alt=\"1\" src=\"https:\/\/images-na.ssl-images-amazon.com\/images\/G\/01\/x-locale\/common\/grey-pixel.gif\" class=\"a-spacing-base a-lazy-loaded\" data-src=\"https:\/\/m.media-amazon.com\/images\/S\/aplus-media-library-service-media\/e554f77c-3ae8-43bb-8772-386fc0889d2b.__CR0,173,4431,2741_PT0_SX970_V1___.jpg\"><img decoding=\"async\" alt=\"1\" src=\"https:\/\/m.media-amazon.com\/images\/S\/aplus-media-library-service-media\/e554f77c-3ae8-43bb-8772-386fc0889d2b.__CR0,173,4431,2741_PT0_SX970_V1___.jpg\">                                                                     <\/p>\n<p class=\"a-spacing-base\">\n<p>Material de plasticoDurable, equilibrado y flexibleEl paquete incluye: 20PCS h\u00e9liceF\u00e1cil de instalar y desinstalar: simplemente gire la h\u00e9lice con la manoAdecuado para Tello RC Quadcopter     <\/p>\n<h3 class=\"a-size-extra-large a-spacing-base a-text-center\"> Detalles del producto <\/h3>\n<p>                                                        Longitud                                    3in                                        Ancho                                    0.44in                                         Apertura                                    1.0 mm                                        Peso                                     0.5\/pcs                  <\/p>\n<p class=\"apm-text-center\">\n                                                      <img decoding=\"async\" alt=\"1\" src=\"https:\/\/images-na.ssl-images-amazon.com\/images\/G\/01\/x-locale\/common\/grey-pixel.gif\" class=\"a-spacing-mini a-lazy-loaded\" data-src=\"https:\/\/m.media-amazon.com\/images\/S\/aplus-media-library-service-media\/59909a76-03fb-4feb-b455-b70355ebe11d.__CR770,0,3988,3988_PT0_SX300_V1___.jpg\"><img decoding=\"async\" alt=\"1\" src=\"https:\/\/m.media-amazon.com\/images\/S\/aplus-media-library-service-media\/59909a76-03fb-4feb-b455-b70355ebe11d.__CR770,0,3988,3988_PT0_SX300_V1___.jpg\">  <\/p>\n<p> Est\u00e1 hecho de pl\u00e1stico de alta calidad. Bajo ruido, nuevo dise\u00f1o aerodin\u00e1mico <\/p>\n<p class=\"apm-text-center\">\n                                                      <img decoding=\"async\" alt=\"2\" src=\"https:\/\/images-na.ssl-images-amazon.com\/images\/G\/01\/x-locale\/common\/grey-pixel.gif\" class=\"a-spacing-mini a-lazy-loaded\" data-src=\"https:\/\/m.media-amazon.com\/images\/S\/aplus-media-library-service-media\/cf0a49dd-4427-4f2d-a534-1396d45dcf0a.__CR801,0,3448,3448_PT0_SX300_V1___.jpg\"><img decoding=\"async\" alt=\"2\" src=\"https:\/\/m.media-amazon.com\/images\/S\/aplus-media-library-service-media\/cf0a49dd-4427-4f2d-a534-1396d45dcf0a.__CR801,0,3448,3448_PT0_SX300_V1___.jpg\">  <\/p>\n<p> Se puede lograr un vuelo m\u00e1s tranquilo, una mejor eficiencia y un tiempo de vuelo m\u00e1s largo. <\/p>\n<p class=\"apm-text-center\">\n                                                      <img decoding=\"async\" alt=\"3\" src=\"https:\/\/images-na.ssl-images-amazon.com\/images\/G\/01\/x-locale\/common\/grey-pixel.gif\" class=\"a-spacing-mini a-lazy-loaded\" data-src=\"https:\/\/m.media-amazon.com\/images\/S\/aplus-media-library-service-media\/107b39d0-1803-4d81-9406-0219d5f4399f.__CR730,0,3466,3466_PT0_SX300_V1___.jpg\"><img decoding=\"async\" alt=\"3\" src=\"https:\/\/m.media-amazon.com\/images\/S\/aplus-media-library-service-media\/107b39d0-1803-4d81-9406-0219d5f4399f.__CR730,0,3466,3466_PT0_SX300_V1___.jpg\">  <\/p>\n<p> Estas h\u00e9lices permiten un mejor control de los drones y la estabilidad de las alas le brinda una experiencia real de piloto de drones. <\/p>\n<p>                                                  <img decoding=\"async\" alt=\"1\" src=\"https:\/\/images-na.ssl-images-amazon.com\/images\/G\/01\/x-locale\/common\/grey-pixel.gif\" class=\"a-lazy-loaded\" data-src=\"https:\/\/m.media-amazon.com\/images\/S\/aplus-media-library-service-media\/130616f1-bfb7-4535-9371-fa1a5d7dd2cf.__CR1327,0,3466,3466_PT0_SX300_V1___.jpg\"><img decoding=\"async\" alt=\"1\" src=\"https:\/\/m.media-amazon.com\/images\/S\/aplus-media-library-service-media\/130616f1-bfb7-4535-9371-fa1a5d7dd2cf.__CR1327,0,3466,3466_PT0_SX300_V1___.jpg\">  <\/p>\n<h3 class=\"a-spacing-mini\"> Material de plastico <\/h3>\n<\/p>\n<p>Durable, equilibrado y flexible El paquete incluye: 20PCS h\u00e9lice F\u00e1cil de instalar y desinstalar: simplemente gire la h\u00e9lice con la mano Adecuado para Tello RC Quadcopter     <\/p>\n<p> Package Dimensions                                            \u200f                                            :                                            \u200e                                            13.5 x 8.9 x 1.6 cm; 10 g   <br \/> Manufacturer                                            \u200f                                            :                                            \u200e                                            ZYGY   <br \/> ASIN                                            \u200f                                            :                                            \u200e                                            B08JQCCJ8D   <br \/> Item model number                                            \u200f                                            :                                            \u200e                                            Tello   <br \/> Guaranteed software updates until                                            \u200f                                            :                                            \u200e                                            unknown   <br \/>  Customer reviews:                                                                                            4.4               4.4 out of 5 stars                                  (62)                                              var dpAcrHasRegisteredArcLinkClickAction;                    P.when(&#8216;A&#8217;, &#8216;ready&#8217;).execute(function(A) {                        if (dpAcrHasRegisteredArcLinkClickAction !== true) {                            dpAcrHasRegisteredArcLinkClickAction = true;                            A.declarative(                                &#8216;acrLink-click-metrics&#8217;, &#8216;click&#8217;,                                { \u00aballowLinkDefault\u00bb: true },                                function (event) {                                    if (window.ue) {                                        ue.count(\u00abacrLinkClickCount\u00bb, (ue.count(\u00abacrLinkClickCount\u00bb) || 0) + 1);                                    }                                }                            );                        }                    });                                             P.when(&#8216;A&#8217;, &#8216;cf&#8217;).execute(function(A) {                A.declarative(&#8216;acrStarsLink-click-metrics&#8217;, &#8216;click&#8217;, { \u00aballowLinkDefault\u00bb : true },  function(event){                    if(window.ue) {                        ue.count(\u00abacrStarsLinkWithPopoverClickCount\u00bb, (ue.count(\u00abacrStarsLinkWithPopoverClickCount\u00bb) || 0) + 1);                    }                });            });                          <\/p>\n<p>Each set of 4pcs propellers: 2pcs clockwise propellers, 2pcs counterclockwise propellers<br \/>Durable, balanced and flexible<br \/>Package includes: 20PCS propeller<br \/>Easy to install and uninstall: simply turn the propeller with your hand<br \/>Suitable for Tello RC Quadcopter<\/p>\n\n","protected":false},"excerpt":{"rendered":"<p> Product Description 20PCS H\u00e9lice para dji Tello RC Quadcopter Repuestos Drone Blades Material de plasticoDurable,<\/p>","protected":false},"featured_media":37099,"comment_status":"open","ping_status":"closed","template":"","meta":[],"product_brand":[],"product_cat":[98],"product_tag":[10937,2845,3976,2358,2854,2852,2855,2853,2842,2844,2848,2846,2850,2838,2849,2839,2840,2843,2851,2636,2863,2841,2847,7972,10938],"class_list":{"0":"post-37098","1":"product","2":"type-product","3":"status-publish","4":"has-post-thumbnail","6":"product_cat-drones","7":"product_tag-20pcs","8":"product_tag-beginner-drone","9":"product_tag-blades","10":"product_tag-dji","11":"product_tag-dji-drone","12":"product_tag-dji-mavic","13":"product_tag-dji-mini-2","14":"product_tag-drone","15":"product_tag-drone-accessories","16":"product_tag-drone-battery","17":"product_tag-drone-gimbal","18":"product_tag-drone-propellers","19":"product_tag-drone-spare-parts","20":"product_tag-drone-with-camera","21":"product_tag-drones-under-200","22":"product_tag-foldable-drone","23":"product_tag-fpv-drone","24":"product_tag-hd-drone","25":"product_tag-mini-drone","26":"product_tag-parts","27":"product_tag-propeller","28":"product_tag-quadcopter","29":"product_tag-remote-control-drone","30":"product_tag-spare","31":"product_tag-tello","33":"first","34":"instock","35":"shipping-taxable","36":"product-type-external"},"_links":{"self":[{"href":"https:\/\/comprasyconsejos.store\/en\/wp-json\/wp\/v2\/product\/37098","targetHints":{"allow":["GET"]}}],"collection":[{"href":"https:\/\/comprasyconsejos.store\/en\/wp-json\/wp\/v2\/product"}],"about":[{"href":"https:\/\/comprasyconsejos.store\/en\/wp-json\/wp\/v2\/types\/product"}],"replies":[{"embeddable":true,"href":"https:\/\/comprasyconsejos.store\/en\/wp-json\/wp\/v2\/comments?post=37098"}],"version-history":[{"count":0,"href":"https:\/\/comprasyconsejos.store\/en\/wp-json\/wp\/v2\/product\/37098\/revisions"}],"wp:featuredmedia":[{"embeddable":true,"href":"https:\/\/comprasyconsejos.store\/en\/wp-json\/wp\/v2\/media\/37099"}],"wp:attachment":[{"href":"https:\/\/comprasyconsejos.store\/en\/wp-json\/wp\/v2\/media?parent=37098"}],"wp:term":[{"taxonomy":"product_brand","embeddable":true,"href":"https:\/\/comprasyconsejos.store\/en\/wp-json\/wp\/v2\/product_brand?post=37098"},{"taxonomy":"product_cat","embeddable":true,"href":"https:\/\/comprasyconsejos.store\/en\/wp-json\/wp\/v2\/product_cat?post=37098"},{"taxonomy":"product_tag","embeddable":true,"href":"https:\/\/comprasyconsejos.store\/en\/wp-json\/wp\/v2\/product_tag?post=37098"}],"curies":[{"name":"wp","href":"https:\/\/api.w.org\/{rel}","templated":true}]}}