{"id":37102,"date":"2026-03-03T10:07:13","date_gmt":"2026-03-03T10:07:13","guid":{"rendered":"https:\/\/comprasyconsejos.store\/product\/asus-sdrw-08d2su-wht-disc-recorder\/"},"modified":"2026-03-03T10:07:16","modified_gmt":"2026-03-03T10:07:16","slug":"asus-sdrw-08d2su-wht-disc-recorder","status":"publish","type":"product","link":"https:\/\/comprasyconsejos.store\/en\/product\/asus-sdrw-08d2su-wht-disc-recorder\/","title":{"rendered":"ASUS SDRW-08D2SU-WHT &#8211; Disc Recorder"},"content":{"rendered":"<p>Price: <span style=\"color:#b12704\"><del>\u20ac35.28<\/del> - \u20ac33.99<\/span><br \/><i><small>(as of Mar 03, 2026 10:07:13 UTC &#8211; <span class=\"wp_automatic_amazon_disclaimer\" title=\"Product prices and availability are accurate as of the date\/time indicated and are subject to change. Any price and availability information displayed on [relevant Amazon Site(s), as applicable] at the time of purchase will apply to the purchase of this product.\">Details<\/span>)<\/small><\/i><\/p>\n<p><a href=\"https:\/\/amazon.es\/dp\/B00652T0TY?tag=man008-21\"><img decoding=\"async\" src=\"https:\/\/valvepress.s3.amazonaws.com\/imgs\/buy_now.png\"><\/a><br \/>\n<\/p>\n<p>                                             From the manufacturer   <\/p>\n<p>                                                  <img decoding=\"async\" alt=\"Logo\" src=\"https:\/\/images-na.ssl-images-amazon.com\/images\/G\/01\/x-locale\/common\/grey-pixel.gif\" class=\"a-lazy-loaded\" data-src=\"https:\/\/m.media-amazon.com\/images\/S\/aplus-media\/sota\/a7bd6a80-8b3a-42f9-817a-9d36b9a742d6.__CR17,100,1479,457_PT0_SX970_V1___.png\"><img decoding=\"async\" alt=\"Logo\" src=\"https:\/\/m.media-amazon.com\/images\/S\/aplus-media\/sota\/a7bd6a80-8b3a-42f9-817a-9d36b9a742d6.__CR17,100,1479,457_PT0_SX970_V1___.png\">  <\/p>\n<h3 class=\"a-spacing-small\"> Categor\u00edas <\/h3>\n<p class=\"apm-text-center\">\n                                                      <img decoding=\"async\" alt=\"Redes\" src=\"https:\/\/images-na.ssl-images-amazon.com\/images\/G\/01\/x-locale\/common\/grey-pixel.gif\" class=\"a-lazy-loaded\" data-src=\"https:\/\/m.media-amazon.com\/images\/S\/aplus-media\/sota\/4bb8b805-47e1-4506-9c65-1c64f0ed531c.__CR0,0,375,375_PT0_SX220_V1___.jpg\"><img decoding=\"async\" alt=\"Redes\" src=\"https:\/\/m.media-amazon.com\/images\/S\/aplus-media\/sota\/4bb8b805-47e1-4506-9c65-1c64f0ed531c.__CR0,0,375,375_PT0_SX220_V1___.jpg\">  <\/p>\n<p>                                                    Redes                                    <\/p>\n<p class=\"apm-text-center\">\n                                                      <img decoding=\"async\" alt=\"Perif\u00e9ricos\" src=\"https:\/\/images-na.ssl-images-amazon.com\/images\/G\/01\/x-locale\/common\/grey-pixel.gif\" class=\"a-lazy-loaded\" data-src=\"https:\/\/m.media-amazon.com\/images\/S\/aplus-media\/sota\/7430d5e0-a73e-4d53-a940-c4f1bcde4dc9.__CR0,0,375,375_PT0_SX220_V1___.jpg\"><img decoding=\"async\" alt=\"Perif\u00e9ricos\" src=\"https:\/\/m.media-amazon.com\/images\/S\/aplus-media\/sota\/7430d5e0-a73e-4d53-a940-c4f1bcde4dc9.__CR0,0,375,375_PT0_SX220_V1___.jpg\">  <\/p>\n<p>                                                    Perif\u00e9ricos                                       <\/p>\n<p class=\"apm-text-center\">\n                                                      <img decoding=\"async\" alt=\"Gr\u00e1ficas\" src=\"https:\/\/images-na.ssl-images-amazon.com\/images\/G\/01\/x-locale\/common\/grey-pixel.gif\" class=\"a-lazy-loaded\" data-src=\"https:\/\/m.media-amazon.com\/images\/S\/aplus-media\/sota\/8a17409f-1570-40b1-94cc-ee35243867c7.__CR0,0,375,375_PT0_SX220_V1___.jpg\"><img decoding=\"async\" alt=\"Gr\u00e1ficas\" src=\"https:\/\/m.media-amazon.com\/images\/S\/aplus-media\/sota\/8a17409f-1570-40b1-94cc-ee35243867c7.__CR0,0,375,375_PT0_SX220_V1___.jpg\">  <\/p>\n<p>                                                    Gr\u00e1ficas                                    <\/p>\n<p class=\"apm-text-center\">\n                                                      <img decoding=\"async\" alt=\"Productos profesionales\" src=\"https:\/\/images-na.ssl-images-amazon.com\/images\/G\/01\/x-locale\/common\/grey-pixel.gif\" class=\"a-lazy-loaded\" data-src=\"https:\/\/m.media-amazon.com\/images\/S\/aplus-media\/sota\/9c07a346-596f-4b67-a49d-9e0307457765.__CR0,0,750,750_PT0_SX220_V1___.jpg\"><img decoding=\"async\" alt=\"Productos profesionales\" src=\"https:\/\/m.media-amazon.com\/images\/S\/aplus-media\/sota\/9c07a346-596f-4b67-a49d-9e0307457765.__CR0,0,750,750_PT0_SX220_V1___.jpg\">  <\/p>\n<p>                                                    Productos profesionales                                       <\/p>\n<p class=\"apm-text-center\">\n                                                      <img decoding=\"async\" alt=\"Mini PC\" src=\"https:\/\/images-na.ssl-images-amazon.com\/images\/G\/01\/x-locale\/common\/grey-pixel.gif\" class=\"a-lazy-loaded\" data-src=\"https:\/\/m.media-amazon.com\/images\/S\/aplus-media\/sota\/859b3061-8499-4104-adcc-30e65dea0eb1.__CR0,0,375,375_PT0_SX220_V1___.jpg\"><img decoding=\"async\" alt=\"Mini PC\" src=\"https:\/\/m.media-amazon.com\/images\/S\/aplus-media\/sota\/859b3061-8499-4104-adcc-30e65dea0eb1.__CR0,0,375,375_PT0_SX220_V1___.jpg\">  <\/p>\n<p>                                                    Mini PC                                    <\/p>\n<p class=\"apm-text-center\">\n                                                      <img decoding=\"async\" alt=\"Monitores\" src=\"https:\/\/images-na.ssl-images-amazon.com\/images\/G\/01\/x-locale\/common\/grey-pixel.gif\" class=\"a-lazy-loaded\" data-src=\"https:\/\/m.media-amazon.com\/images\/S\/aplus-media\/sota\/efdcbcc6-e3e2-4500-a553-647af6e97d5a.__CR0,0,375,375_PT0_SX220_V1___.jpg\"><img decoding=\"async\" alt=\"Monitores\" src=\"https:\/\/m.media-amazon.com\/images\/S\/aplus-media\/sota\/efdcbcc6-e3e2-4500-a553-647af6e97d5a.__CR0,0,375,375_PT0_SX220_V1___.jpg\">  <\/p>\n<p>                                                    Monitores                                       <\/p>\n<p class=\"apm-text-center\">\n                                                      <img decoding=\"async\" alt=\"Portatiles ROG\" src=\"https:\/\/images-na.ssl-images-amazon.com\/images\/G\/01\/x-locale\/common\/grey-pixel.gif\" class=\"a-lazy-loaded\" data-src=\"https:\/\/m.media-amazon.com\/images\/S\/aplus-media\/sota\/3be82eda-ca68-419b-8324-7488c72f0533.__CR0,0,375,375_PT0_SX220_V1___.jpg\"><img decoding=\"async\" alt=\"Portatiles ROG\" src=\"https:\/\/m.media-amazon.com\/images\/S\/aplus-media\/sota\/3be82eda-ca68-419b-8324-7488c72f0533.__CR0,0,375,375_PT0_SX220_V1___.jpg\">  <\/p>\n<p>                                                    Port\u00e1tiles ROG                                       <\/p>\n<p class=\"apm-text-center\">\n                                                      <img decoding=\"async\" alt=\"Placas base\" src=\"https:\/\/images-na.ssl-images-amazon.com\/images\/G\/01\/x-locale\/common\/grey-pixel.gif\" class=\"a-lazy-loaded\" data-src=\"https:\/\/m.media-amazon.com\/images\/S\/aplus-media\/sota\/31cd0c9f-d0da-41b2-b1af-4f87c242df31.__CR0,0,375,375_PT0_SX220_V1___.jpg\"><img decoding=\"async\" alt=\"Placas base\" src=\"https:\/\/m.media-amazon.com\/images\/S\/aplus-media\/sota\/31cd0c9f-d0da-41b2-b1af-4f87c242df31.__CR0,0,375,375_PT0_SX220_V1___.jpg\">  <\/p>\n<p>                                                    Placas base                                    <\/p>\n<p>                                                         <img decoding=\"async\" alt=\"Logo\" src=\"https:\/\/images-na.ssl-images-amazon.com\/images\/G\/01\/x-locale\/common\/grey-pixel.gif\" class=\"a-lazy-loaded\" data-src=\"https:\/\/m.media-amazon.com\/images\/S\/aplus-media\/sota\/8869d3cb-a32f-47a8-9e2f-10739fe90d4d.__CR0,14,909,273_PT0_SX600_V1___.jpg\"><img decoding=\"async\" alt=\"Logo\" src=\"https:\/\/m.media-amazon.com\/images\/S\/aplus-media\/sota\/8869d3cb-a32f-47a8-9e2f-10739fe90d4d.__CR0,14,909,273_PT0_SX600_V1___.jpg\">      <\/p>\n<p> Batteries                                            \u200f                                            :                                            \u200e                                            1 A batteries required.   <br \/> Is discontinued by manufacturer                                            \u200f                                            :                                            \u200e                                            No   <br \/> Language                                            \u200f                                            :                                            \u200e                                            Spanish   <br \/> Product Dimensions                                            \u200f                                            :                                            \u200e                                            14.2 x 14.2 x 2 cm; 280 g   <br \/> Manufacturer                                            \u200f                                            :                                            \u200e                                            ASUS   <br \/> ASIN                                            \u200f                                            :                                            \u200e                                            B00652T0TY   <br \/> Item model number                                            \u200f                                            :                                            \u200e                                            SDRW-08D2S-U   <br \/> Country of origin                                            \u200f                                            :                                            \u200e                                            Spain   <br \/> Guaranteed software updates until                                            \u200f                                            :                                            \u200e                                            unknown   <br \/>  Customer reviews:                                                                                            4.5               4.5 out of 5 stars                                  (198)                                              var dpAcrHasRegisteredArcLinkClickAction;                    P.when(&#8216;A&#8217;, &#8216;ready&#8217;).execute(function(A) {                        if (dpAcrHasRegisteredArcLinkClickAction !== true) {                            dpAcrHasRegisteredArcLinkClickAction = true;                            A.declarative(                                &#8216;acrLink-click-metrics&#8217;, &#8216;click&#8217;,                                { \u00aballowLinkDefault\u00bb: true },                                function (event) {                                    if (window.ue) {                                        ue.count(\u00abacrLinkClickCount\u00bb, (ue.count(\u00abacrLinkClickCount\u00bb) || 0) + 1);                                    }                                }                            );                        }                    });                                             P.when(&#8216;A&#8217;, &#8216;cf&#8217;).execute(function(A) {                A.declarative(&#8216;acrStarsLink-click-metrics&#8217;, &#8216;click&#8217;, { \u00aballowLinkDefault\u00bb : true },  function(event){                    if(window.ue) {                        ue.count(\u00abacrStarsLinkWithPopoverClickCount\u00bb, (ue.count(\u00abacrStarsLinkWithPopoverClickCount\u00bb) || 0) + 1);                    }                });            });                          <\/p>\n<p>Stylish and creative design<br \/>Optimal quality for customer requirements<br \/>Made of sturdy material for long time use<br \/>Useful and practical product<\/p>\n\n","protected":false},"excerpt":{"rendered":"<p> From the manufacturer Categor\u00edas Redes Perif\u00e9ricos Gr\u00e1ficas Productos profesionales Mini PC Monitores Port\u00e1tiles ROG Placas<\/p>","protected":false},"featured_media":37103,"comment_status":"open","ping_status":"closed","template":"","meta":[],"product_brand":[],"product_cat":[70],"product_tag":[850,2109,1901,2117,2119,2111,2105,2101,2113,2107,3290,10939,2115,2103],"class_list":{"0":"post-37102","1":"product","2":"type-product","3":"status-publish","4":"has-post-thumbnail","6":"product_cat-disc-drives","7":"product_tag-asus","8":"product_tag-blu-ray-drive","9":"product_tag-disc","10":"product_tag-disc-drive-for-laptop","11":"product_tag-dvd-drive-price","12":"product_tag-dvd-writer","13":"product_tag-external-cd-drive","14":"product_tag-external-dvd-drive","15":"product_tag-external-optical-drive","16":"product_tag-portable-disc-drive","17":"product_tag-recorder","18":"product_tag-sdrw08d2suwht","19":"product_tag-usb-cd-writer","20":"product_tag-usb-dvd-drive","22":"first","23":"instock","24":"sale","25":"shipping-taxable","26":"product-type-external"},"_links":{"self":[{"href":"https:\/\/comprasyconsejos.store\/en\/wp-json\/wp\/v2\/product\/37102","targetHints":{"allow":["GET"]}}],"collection":[{"href":"https:\/\/comprasyconsejos.store\/en\/wp-json\/wp\/v2\/product"}],"about":[{"href":"https:\/\/comprasyconsejos.store\/en\/wp-json\/wp\/v2\/types\/product"}],"replies":[{"embeddable":true,"href":"https:\/\/comprasyconsejos.store\/en\/wp-json\/wp\/v2\/comments?post=37102"}],"version-history":[{"count":0,"href":"https:\/\/comprasyconsejos.store\/en\/wp-json\/wp\/v2\/product\/37102\/revisions"}],"wp:featuredmedia":[{"embeddable":true,"href":"https:\/\/comprasyconsejos.store\/en\/wp-json\/wp\/v2\/media\/37103"}],"wp:attachment":[{"href":"https:\/\/comprasyconsejos.store\/en\/wp-json\/wp\/v2\/media?parent=37102"}],"wp:term":[{"taxonomy":"product_brand","embeddable":true,"href":"https:\/\/comprasyconsejos.store\/en\/wp-json\/wp\/v2\/product_brand?post=37102"},{"taxonomy":"product_cat","embeddable":true,"href":"https:\/\/comprasyconsejos.store\/en\/wp-json\/wp\/v2\/product_cat?post=37102"},{"taxonomy":"product_tag","embeddable":true,"href":"https:\/\/comprasyconsejos.store\/en\/wp-json\/wp\/v2\/product_tag?post=37102"}],"curies":[{"name":"wp","href":"https:\/\/api.w.org\/{rel}","templated":true}]}}