{"id":37105,"date":"2026-03-03T10:13:54","date_gmt":"2026-03-03T10:13:54","guid":{"rendered":"https:\/\/comprasyconsejos.store\/product\/ac1300-usb-wifi-antenna-dual-band-5ghz-2-4ghz-wifi-adapter-for-pc-usb-3-0-for-pc-1300mbps-5dbi-antenna-long-range-connect-and-play-windows11-10-8-1-8-7-vista-xp\/"},"modified":"2026-03-03T10:13:58","modified_gmt":"2026-03-03T10:13:58","slug":"ac1300-usb-wifi-antenna-dual-band-5ghz-2-4ghz-wifi-adapter-for-pc-usb-3-0-for-pc-1300mbps-5dbi-antenna-long-range-connect-and-play-windows11-10-8-1-8-7-vista-xp","status":"publish","type":"product","link":"https:\/\/comprasyconsejos.store\/en\/product\/ac1300-usb-wifi-antenna-dual-band-5ghz-2-4ghz-wifi-adapter-for-pc-usb-3-0-for-pc-1300mbps-5dbi-antenna-long-range-connect-and-play-windows11-10-8-1-8-7-vista-xp\/","title":{"rendered":"AC1300 USB WiFi Antenna, Dual Band 5GHz\/2.4GHz WiFi Adapter for PC, USB 3.0 for PC 1300Mbps, 5dBi Antenna Long Range, Connect and Play Windows11\/10\/8.1\/8\/7\/Vista\/XP"},"content":{"rendered":"<p>Price: <span style=\"color:#b12704\">\u20ac11.99<\/span><br \/><i><small>(as of Mar 03, 2026 10:13:55 UTC &#8211; <span class=\"wp_automatic_amazon_disclaimer\" title=\"Product prices and availability are accurate as of the date\/time indicated and are subject to change. Any price and availability information displayed on [relevant Amazon Site(s), as applicable] at the time of purchase will apply to the purchase of this product.\">Details<\/span>)<\/small><\/i><\/p>\n<p><a href=\"https:\/\/amazon.es\/dp\/B0CPBBBCGW?tag=man008-21\"><img decoding=\"async\" src=\"https:\/\/valvepress.s3.amazonaws.com\/imgs\/buy_now.png\"><\/a><br \/>\n<\/p>\n<p>                                             Product Description   <\/p>\n<p>                                                                                                       <img decoding=\"async\" alt=\"aplus content image\" src=\"https:\/\/images-na.ssl-images-amazon.com\/images\/G\/01\/x-locale\/common\/grey-pixel.gif\" class=\"a-lazy-loaded\" data-src=\"https:\/\/m.media-amazon.com\/images\/S\/aplus-media-library-service-media\/08982776-f2a9-4cc7-b5cd-258be79abc9e.__CR0,0,1464,600_PT0_SX1464_V1___.jpg\"><img decoding=\"async\" alt=\"aplus content image\" src=\"https:\/\/m.media-amazon.com\/images\/S\/aplus-media-library-service-media\/08982776-f2a9-4cc7-b5cd-258be79abc9e.__CR0,0,1464,600_PT0_SX1464_V1___.jpg\">                                               <\/p>\n<p>                                                                                              <img decoding=\"async\" alt=\"Icono circular azul que muestra \u00ab867 Mbps en 5 GHz\u00bb con iconos m\u00e1s peque\u00f1os para el mando de juegos y una resoluci\u00f3n \u00ab4K\u00bb, que indica\" src=\"https:\/\/images-na.ssl-images-amazon.com\/images\/G\/01\/x-locale\/common\/grey-pixel.gif\" class=\"a-lazy-loaded\" data-src=\"https:\/\/m.media-amazon.com\/images\/S\/aplus-media-library-service-media\/3ad8f85d-173f-4f78-89d8-f4feef3a1e7d.__CR0,0,650,350_PT0_SX650_V1___.jpg\"><img decoding=\"async\" alt=\"Icono circular azul que muestra \u00ab867 Mbps en 5 GHz\u00bb con iconos m\u00e1s peque\u00f1os para el mando de juegos y una resoluci\u00f3n \u00ab4K\u00bb, que indica\" src=\"https:\/\/m.media-amazon.com\/images\/S\/aplus-media-library-service-media\/3ad8f85d-173f-4f78-89d8-f4feef3a1e7d.__CR0,0,650,350_PT0_SX650_V1___.jpg\">                                                                                                                 <img decoding=\"async\" alt=\"Icono de red inform\u00e1tica con el texto \u00ab400 Mbps en 2,4 Ghz\u00bb, que indica las especificaciones de conexi\u00f3n a Internet de alta velocidad para una red inal\u00e1mbrica\" src=\"https:\/\/images-na.ssl-images-amazon.com\/images\/G\/01\/x-locale\/common\/grey-pixel.gif\" class=\"a-lazy-loaded\" data-src=\"https:\/\/m.media-amazon.com\/images\/S\/aplus-media-library-service-media\/9359695d-f1b4-4a5d-8254-a7473f061c5e.__CR0,0,650,350_PT0_SX650_V1___.jpg\"><img decoding=\"async\" alt=\"Icono de red inform\u00e1tica con el texto \u00ab400 Mbps en 2,4 Ghz\u00bb, que indica las especificaciones de conexi\u00f3n a Internet de alta velocidad para una red inal\u00e1mbrica\" src=\"https:\/\/m.media-amazon.com\/images\/S\/aplus-media-library-service-media\/9359695d-f1b4-4a5d-8254-a7473f061c5e.__CR0,0,650,350_PT0_SX650_V1___.jpg\">                                                                                  <\/p>\n<p>                                                                                              <img decoding=\"async\" alt=\"aplus content image\" src=\"https:\/\/images-na.ssl-images-amazon.com\/images\/G\/01\/x-locale\/common\/grey-pixel.gif\" class=\"a-lazy-loaded\" data-src=\"https:\/\/m.media-amazon.com\/images\/S\/aplus-media-library-service-media\/386968d9-8298-4590-9fc1-1f5f518e90ca.__CR0,0,300,225_PT0_SX300_V1___.jpg\"><img decoding=\"async\" alt=\"aplus content image\" src=\"https:\/\/m.media-amazon.com\/images\/S\/aplus-media-library-service-media\/386968d9-8298-4590-9fc1-1f5f518e90ca.__CR0,0,300,225_PT0_SX300_V1___.jpg\">                                            Potente frecuencia dual                                         <\/p>\n<p class=\"aplus-p3\"> USB WiFi para PC fijo de 1300 Mbps tiene una alta velocidad inal\u00e1mbrica de (2,4 GHz 400 Mpbs + 5,8 GHz 867 Mpbs) <\/p>\n<p>                                           <img decoding=\"async\" alt=\"Ilustraci\u00f3n digital del icono de un candado azul brillante con patrones de circuitos; el texto dice \u00abSeguridad avanzada\u00bb\" src=\"https:\/\/images-na.ssl-images-amazon.com\/images\/G\/01\/x-locale\/common\/grey-pixel.gif\" class=\"a-lazy-loaded\" data-src=\"https:\/\/m.media-amazon.com\/images\/S\/aplus-media-library-service-media\/aafc5474-bd3d-413a-9052-73456844190a.__CR0,0,300,225_PT0_SX300_V1___.jpg\"><img decoding=\"async\" alt=\"Ilustraci\u00f3n digital del icono de un candado azul brillante con patrones de circuitos; el texto dice \u00abSeguridad avanzada\u00bb\" src=\"https:\/\/m.media-amazon.com\/images\/S\/aplus-media-library-service-media\/aafc5474-bd3d-413a-9052-73456844190a.__CR0,0,300,225_PT0_SX300_V1___.jpg\">                                            Seguridad avanzada                                         <\/p>\n<p class=\"aplus-p3\"> Admite est\u00e1ndares de cifrado WEP de 64\/128 bits, WPA\/WPA2, y WPA-PSK\/WPA2-PSK. <\/p>\n<p>                                           <img decoding=\"async\" alt=\"Cuatro iconos cuadrados azules que representan los sistemas operativos Windows: Windows 11, Windows 7, Windows 10 y Windows 8. El texto de abajo dice \u00abCompatible con Windows\" src=\"https:\/\/images-na.ssl-images-amazon.com\/images\/G\/01\/x-locale\/common\/grey-pixel.gif\" class=\"a-lazy-loaded\" data-src=\"https:\/\/m.media-amazon.com\/images\/S\/aplus-media-library-service-media\/3ab8057b-8f3d-4181-9bda-a20185ed312b.__CR0,0,300,225_PT0_SX300_V1___.jpg\"><img decoding=\"async\" alt=\"Cuatro iconos cuadrados azules que representan los sistemas operativos Windows: Windows 11, Windows 7, Windows 10 y Windows 8. El texto de abajo dice \u00abCompatible con Windows\" src=\"https:\/\/m.media-amazon.com\/images\/S\/aplus-media-library-service-media\/3ab8057b-8f3d-4181-9bda-a20185ed312b.__CR0,0,300,225_PT0_SX300_V1___.jpg\">                                            Compatibilidad excepcional                                         <\/p>\n<p class=\"aplus-p3\"> Tarjeta wifi usb F\u00e1cil de usar. Simplemente conecta y juega! Compatible con Windows 11 10 8 7 Vista XP. <\/p>\n<p>                                           <img decoding=\"async\" alt=\"Icono de engranaje azul con el texto \u00abConfiguraci\u00f3n f\u00e1cil\u00bb debajo. Dise\u00f1o gr\u00e1fico sencillo sobre un fondo claro\" src=\"https:\/\/images-na.ssl-images-amazon.com\/images\/G\/01\/x-locale\/common\/grey-pixel.gif\" class=\"a-lazy-loaded\" data-src=\"https:\/\/m.media-amazon.com\/images\/S\/aplus-media-library-service-media\/ca1d8f7e-4152-4e2e-bd11-173cb8e8b0c3.__CR0,0,300,225_PT0_SX300_V1___.jpg\"><img decoding=\"async\" alt=\"Icono de engranaje azul con el texto \u00abConfiguraci\u00f3n f\u00e1cil\u00bb debajo. Dise\u00f1o gr\u00e1fico sencillo sobre un fondo claro\" src=\"https:\/\/m.media-amazon.com\/images\/S\/aplus-media-library-service-media\/ca1d8f7e-4152-4e2e-bd11-173cb8e8b0c3.__CR0,0,300,225_PT0_SX300_V1___.jpg\">                                            Plug and Play                                         <\/p>\n<p class=\"aplus-p3\"> Con el controlador integrado en los sistemas operativos Windows, s\u00f3lo necesita conectarlo a su computadora y jugar. <\/p>\n<p>                        AC1300 Antena WiFi USB  <\/p>\n<h3 class=\"a-text-center aplus-h3 a-text-bold\"> RyuuOto Antena WiFi USB <\/h3>\n<h3 class=\"a-text-center aplus-p3\"> AC1300 Mbps <\/h3>\n<h3 class=\"a-text-center aplus-p2\"> Wi-Fi Performance <\/h3>\n<h3 class=\"a-text-center aplus-p3\"> AC1300 Mbps <\/h3>\n<h3 class=\"a-text-center aplus-p3\"> 400 Mbps <\/h3>\n<h3 class=\"a-text-center aplus-p2\"> 2.4 GHz Wi-Fi Speed <\/h3>\n<h3 class=\"a-text-center aplus-p3\"> 400 Mbps <\/h3>\n<h3 class=\"a-text-center aplus-p3\"> 867 Mbps <\/h3>\n<h3 class=\"a-text-center aplus-p2\"> 5 GHz Wi-Fi Speed <\/h3>\n<h3 class=\"a-text-center aplus-p3\"> 867 Mbps <\/h3>\n<h3 class=\"a-text-center aplus-p3\"> USB 3.0 <\/h3>\n<h3 class=\"a-text-center aplus-p2\"> USB Port <\/h3>\n<h3 class=\"a-text-center aplus-p3\"> USB 3.0 <\/h3>\n<h3 class=\"a-text-center aplus-p3\"> 5dbi Antenna <\/h3>\n<h3 class=\"a-text-center aplus-p2\"> Antennas <\/h3>\n<h3 class=\"a-text-center aplus-p3\"> Double Antenna <\/h3>\n<h3 class=\"a-text-center aplus-p2\"> High Antenna Gain <\/h3>\n<h3 class=\"a-text-center aplus-p3\"> Windows11\/10\/8\/7\/XP <\/h3>\n<h3 class=\"a-text-center aplus-p2\"> Compability <\/h3>\n<h3 class=\"a-text-center aplus-p3\"> Windows11\/10\/8\/7\/XP <\/h3>\n<h3 class=\"a-text-center aplus-p3\"> AC1300 Mbps <\/h3>\n<h3 class=\"a-text-center aplus-p2\"> Wi-Fi Performance <\/h3>\n<h3 class=\"a-text-center aplus-p3\"> AC600 Mbps <\/h3>\n<h3 class=\"a-text-center aplus-p3\"> 400 Mbps <\/h3>\n<h3 class=\"a-text-center aplus-p2\"> 2.4 GHz Wi-Fi Speed <\/h3>\n<h3 class=\"a-text-center aplus-p3\"> 200 Mbps <\/h3>\n<h3 class=\"a-text-center aplus-p3\"> 867 Mbps <\/h3>\n<h3 class=\"a-text-center aplus-p2\"> 5 GHz Wi-Fi Speed <\/h3>\n<h3 class=\"a-text-center aplus-p3\"> 433 Mbps <\/h3>\n<h3 class=\"a-text-center aplus-p3\"> USB 3.0 <\/h3>\n<h3 class=\"a-text-center aplus-p2\"> USB Port <\/h3>\n<h3 class=\"a-text-center aplus-p3\"> USB 2.0 <\/h3>\n<h3 class=\"a-text-center aplus-p3\"> 5dbi Antenna <\/h3>\n<h3 class=\"a-text-center aplus-p2\"> Antennas <\/h3>\n<h3 class=\"a-text-center aplus-p3\"> Mini Antenna <\/h3>\n<h3 class=\"a-text-center aplus-p2\"> High Antenna Gain <\/h3>\n<h3 class=\"a-text-center aplus-p3\"> Windows11\/10\/8\/7\/XP <\/h3>\n<h3 class=\"a-text-center aplus-p2\"> Compability <\/h3>\n<h3 class=\"a-text-center aplus-p3\"> Windows11\/10\/8\/7\/XP <\/h3>\n<p>                                                  AC1300 Antena WiFi USB                                       <img decoding=\"async\" alt=\"con dos antenas extensibles. Cuerpo de pl\u00e1stico negro con luces LED azules. Conector USB-A visible\" src=\"https:\/\/m.media-amazon.com\/images\/S\/aplus-media-library-service-media\/d5af1711-5bda-41f0-8f78-a04507468d70.__CR0,0,488,700_PT0_SX488_V1___.jpg\">    <\/p>\n<p>                                                       AC600 Antena WiFi USB                                       <img decoding=\"async\" alt=\"negra con iluminaci\u00f3n LED azul y conector dorado, con indicadores de conectividad inal\u00e1mbrica\" src=\"https:\/\/m.media-amazon.com\/images\/S\/aplus-media-library-service-media\/6a3f2d6f-b9a9-4bab-b1ef-0c1fd2bc6e25.__CR0,0,488,700_PT0_SX488_V1___.jpg\">    <\/p>\n<p> Package Dimensions                                            \u200f                                            :                                            \u200e                                            19.2 x 12.4 x 2 cm; 60 g   <br \/> Manufacturer                                            \u200f                                            :                                            \u200e                                            RyuuOto   <br \/> ASIN                                            \u200f                                            :                                            \u200e                                            B0CPBBBCGW   <br \/> Country\/Region of Origin                                            \u200f                                            :                                            \u200e                                            China   <br \/> Guaranteed software updates until                                            \u200f                                            :                                            \u200e                                            unknown   <br \/>  Customer reviews:                                                                                            4.2               4.2 out of 5 stars                                  (134)                                              var dpAcrHasRegisteredArcLinkClickAction;                    P.when(&#8216;A&#8217;, &#8216;ready&#8217;).execute(function(A) {                        if (dpAcrHasRegisteredArcLinkClickAction !== true) {                            dpAcrHasRegisteredArcLinkClickAction = true;                            A.declarative(                                &#8216;acrLink-click-metrics&#8217;, &#8216;click&#8217;,                                { \u00aballowLinkDefault\u00bb: true },                                function (event) {                                    if (window.ue) {                                        ue.count(\u00abacrLinkClickCount\u00bb, (ue.count(\u00abacrLinkClickCount\u00bb) || 0) + 1);                                    }                                }                            );                        }                    });                                             P.when(&#8216;A&#8217;, &#8216;cf&#8217;).execute(function(A) {                A.declarative(&#8216;acrStarsLink-click-metrics&#8217;, &#8216;click&#8217;, { \u00aballowLinkDefault\u00bb : true },  function(event){                    if(window.ue) {                        ue.count(\u00abacrStarsLinkWithPopoverClickCount\u00bb, (ue.count(\u00abacrStarsLinkWithPopoverClickCount\u00bb) || 0) + 1);                    }                });            });                          <\/p>\n<p>1300Mpbs USB WiFi PC: USB WiFi Up to 1300Mbps Wi-Fi speed in the band of 5GHz (867Mbps) or 2.4GHz (400Mbps), stable performance to reduce lag, AC1300 wireless adapter&#8217;s ultra-fast speed with the latest 802.11ac wifi technology allows you to enjoy faster web browsing or online gaming.<br \/>5dBi High Gain WiFi Antenna: Our WiFi adapter is equipped with 5dBi high gain WiFi antennas which are detachable and can be rotated 360\u00b0.This design makes it easier for your computer wireless card to receive WiFi signals, and by adjusting the direction and angle of the antennas, it improves the signal strength of the wireless WiFi adapter receive and transmission, which can provide excellent stability and smoothness. Unity.<br \/>USB 3.0 High Speed Transmission: This USB WiFi adapter provides an upgraded USB 3.0 port for PC. Compared with the maximum speed dongle of USB 2.0 of only 480Mbps, the USB 3.0 port can meet the high speed of 5GHz\/867Mbps. AC1300Mpbs and USB 3.0 port combine to give you 10 times the USB WiFi speed.<br \/>Efficient Heat Dissipation, Stable Operation: The USB WiFi body has heat dissipation holes, imported fireproof materials with high heat dissipation in all directions, high-density injection molding and porous heat dissipation, allowing you to have an excellent user experience.<br \/>Excellent Compatibility: USB Wifi for PC easy to use, plug and play. Compatible with Windows XP\/7\/Vista\/8\/10\/11 and supports WPA-PSK\/WPA2-PSK\/WEP\/WPA\/WPA2 encryption standards to improve work safety.<\/p>\n\n","protected":false},"excerpt":{"rendered":"<p> Product Description Potente frecuencia dual USB WiFi para PC fijo de 1300 Mbps tiene una<\/p>","protected":false},"featured_media":37106,"comment_status":"open","ping_status":"closed","template":"","meta":[],"product_brand":[],"product_cat":[72],"product_tag":[8392,3708,5500,2443,144,3454,2217,3458,298,2110,2116,2114,180,2118,2112,1139,1279,133,2108,543,2104,2120,2102,10940,2106],"class_list":{"0":"post-37105","1":"product","2":"type-product","3":"status-publish","4":"has-post-thumbnail","6":"product_cat-wifi-sticks","7":"product_tag-1300mbps","8":"product_tag-5dbi","9":"product_tag-5ghz2-4ghz","10":"product_tag-ac1300","11":"product_tag-adapter","12":"product_tag-antenna","13":"product_tag-band","14":"product_tag-connect","15":"product_tag-dual","16":"product_tag-dual-band-wifi-adapter","17":"product_tag-high-speed-wifi-usb","18":"product_tag-laptop-wifi-adapter","19":"product_tag-long","20":"product_tag-mini-wifi-adapter","21":"product_tag-pc-wifi-adapter","22":"product_tag-play","23":"product_tag-range","24":"product_tag-usb","25":"product_tag-usb-wifi-dongle","26":"product_tag-wifi","27":"product_tag-wifi-stick","28":"product_tag-wifi-stick-price","29":"product_tag-wifi-usb-adapter","30":"product_tag-windows11108-187vistaxp","31":"product_tag-wireless-usb-adapter","33":"first","34":"instock","35":"shipping-taxable","36":"product-type-external"},"_links":{"self":[{"href":"https:\/\/comprasyconsejos.store\/en\/wp-json\/wp\/v2\/product\/37105","targetHints":{"allow":["GET"]}}],"collection":[{"href":"https:\/\/comprasyconsejos.store\/en\/wp-json\/wp\/v2\/product"}],"about":[{"href":"https:\/\/comprasyconsejos.store\/en\/wp-json\/wp\/v2\/types\/product"}],"replies":[{"embeddable":true,"href":"https:\/\/comprasyconsejos.store\/en\/wp-json\/wp\/v2\/comments?post=37105"}],"version-history":[{"count":0,"href":"https:\/\/comprasyconsejos.store\/en\/wp-json\/wp\/v2\/product\/37105\/revisions"}],"wp:featuredmedia":[{"embeddable":true,"href":"https:\/\/comprasyconsejos.store\/en\/wp-json\/wp\/v2\/media\/37106"}],"wp:attachment":[{"href":"https:\/\/comprasyconsejos.store\/en\/wp-json\/wp\/v2\/media?parent=37105"}],"wp:term":[{"taxonomy":"product_brand","embeddable":true,"href":"https:\/\/comprasyconsejos.store\/en\/wp-json\/wp\/v2\/product_brand?post=37105"},{"taxonomy":"product_cat","embeddable":true,"href":"https:\/\/comprasyconsejos.store\/en\/wp-json\/wp\/v2\/product_cat?post=37105"},{"taxonomy":"product_tag","embeddable":true,"href":"https:\/\/comprasyconsejos.store\/en\/wp-json\/wp\/v2\/product_tag?post=37105"}],"curies":[{"name":"wp","href":"https:\/\/api.w.org\/{rel}","templated":true}]}}