{"id":37108,"date":"2026-03-03T10:18:19","date_gmt":"2026-03-03T10:18:19","guid":{"rendered":"https:\/\/comprasyconsejos.store\/product\/pulsera-inteligente-de-rastreo-fitness-para-mujeres-impermeable-ipx8-smartwatch-agua-monitor-24-7-actividad-ritmo-cardiaco-y-sueno-bateria-7-dias-2-correas-nylonacero-dorado-para-android-y-iphone\/"},"modified":"2026-03-03T10:18:19","modified_gmt":"2026-03-03T10:18:19","slug":"pulsera-inteligente-de-rastreo-fitness-para-mujeres-impermeable-ipx8-smartwatch-agua-monitor-24-7-actividad-ritmo-cardiaco-y-sueno-bateria-7-dias-2-correas-nylonacero-dorado-para-android-y-iphone","status":"publish","type":"product","link":"https:\/\/comprasyconsejos.store\/en\/product\/pulsera-inteligente-de-rastreo-fitness-para-mujeres-impermeable-ipx8-smartwatch-agua-monitor-24-7-actividad-ritmo-cardiaco-y-sueno-bateria-7-dias-2-correas-nylonacero-dorado-para-android-y-iphone\/","title":{"rendered":"Pulsera Inteligente de Rastreo Fitness para Mujeres: Impermeable IPX8 Smartwatch Agua Monitor 24\/7 Actividad Ritmo Card\u00edaco y Sue\u00f1o Bater\u00eda 7 D\u00edas 2 Correas Nylon+Acero Dorado para Android y iPhone"},"content":{"rendered":"<p>&#8211; \u3010Ligera &amp; port\u00e1til\u3011Este reloj es muy adecuado para mujeres,dise\u00f1o ligero con 2 correas incluidas(Correas met\u00e1licas y correas de nylon) Pulsera inteligente nylon pesa solo 11.7 g Casi sin sentido del uso Rompe los l\u00edmites del reloj convencional El borde de aleaci\u00f3n de zinc le da a la pulsera un aspecto elegante y robusto Las correas de acero son adecuadas para fiestas y ocasiones de negocios, mientras que las correas de nylon son adecuadas para ocasiones deportivas al aire libre.<br \/>\n&#8211; \u3010Monitoreo de salud 24 horas\u3011Este reloj inteligente cuenta con monitorizaci\u00f3n del ox\u00edgeno en sangre, seguimiento de la variabilidad del ritmo card\u00edaco, seguimiento del ciclo menstrual femenino y monitorizaci\u00f3n del sue\u00f1o nocturno. Tambi\u00e9n analiza tus datos de salud de forma exhaustiva y te ofrece consejos profesionales. Tendr\u00e1s que conectarte a la aplicaci\u00f3n Nx Wear para ver los registros de datos de todo el d\u00eda, lo que te permitir\u00e1 controlar c\u00f3modamente tu estado de salud en cualquier momento.<br \/>\n&#8211; \u3010Impermeabilizaci\u00f3n y larga duraci\u00f3n del IPX8\u3011Esta pulsera inteligente de fitness para mujer cuenta con una clasificaci\u00f3n de resistencia al agua IPX8, lo que te permite llevarla puesta mientras te duchas, llueve o te lavas las manos. Es perfecta para actividades al aire libre como la nataci\u00f3n. Gracias a la \u00faltima tecnolog\u00eda, se carga magn\u00e9ticamente en solo dos horas y ofrece una autonom\u00eda de 5 a 7 d\u00edas, lo que te permite centrarte en lo que m\u00e1s importa.<br \/>\n&#8211; \u3010Rastreo deportivo completo\u3011La pulsera inteligente para el seguimiento de la actividad f\u00edsica cuenta con m\u00faltiples modos de ejercicio, incluyendo yoga, ciclismo al aire libre, senderismo y saltos. Registra con precisi\u00f3n datos como los pasos, las calor\u00edas quemadas y la distancia recorrida. Puedes ver tus m\u00e9tricas de actividad f\u00edsica a trav\u00e9s de Nx Wear, lo que te permite tener una visi\u00f3n clara de tu progreso en el entrenamiento. Tambi\u00e9n puedes establecer objetivos de ejercicio diarios.<br \/>\n&#8211; \u3010Notificaci\u00f3n de llamadas y regalos\u3011Cuando se conecta por Bluetooth, la pantalla de la pulsera inteligente se ilumina con un icono de llamada cada vez que tu m\u00f3vil recibe una llamada entrante, lo que garantiza que nunca te pierdas una notificaci\u00f3n importante. Compatible con dispositivos Android y iPhone, tambi\u00e9n cuenta con funciones de fotograf\u00eda con solo agitar y cuidado familiar. Sin duda, es el regalo perfecto para tus seres queridos, tu madre o simplemente para ti mismo.<\/p>","protected":false},"excerpt":{"rendered":"<p>&#8211; \u3010Ligera &amp; port\u00e1til\u3011Este reloj es muy adecuado para mujeres,dise\u00f1o ligero con 2 correas incluidas(Correas met\u00e1licas y correas de nylon)<\/p>","protected":false},"featured_media":0,"comment_status":"open","ping_status":"closed","template":"","meta":[],"product_brand":[],"product_cat":[101],"product_tag":[],"class_list":{"0":"post-37108","1":"product","2":"type-product","3":"status-publish","5":"product_cat-accessories","7":"first","8":"instock","9":"shipping-taxable","10":"product-type-external"},"_links":{"self":[{"href":"https:\/\/comprasyconsejos.store\/en\/wp-json\/wp\/v2\/product\/37108","targetHints":{"allow":["GET"]}}],"collection":[{"href":"https:\/\/comprasyconsejos.store\/en\/wp-json\/wp\/v2\/product"}],"about":[{"href":"https:\/\/comprasyconsejos.store\/en\/wp-json\/wp\/v2\/types\/product"}],"replies":[{"embeddable":true,"href":"https:\/\/comprasyconsejos.store\/en\/wp-json\/wp\/v2\/comments?post=37108"}],"version-history":[{"count":0,"href":"https:\/\/comprasyconsejos.store\/en\/wp-json\/wp\/v2\/product\/37108\/revisions"}],"wp:attachment":[{"href":"https:\/\/comprasyconsejos.store\/en\/wp-json\/wp\/v2\/media?parent=37108"}],"wp:term":[{"taxonomy":"product_brand","embeddable":true,"href":"https:\/\/comprasyconsejos.store\/en\/wp-json\/wp\/v2\/product_brand?post=37108"},{"taxonomy":"product_cat","embeddable":true,"href":"https:\/\/comprasyconsejos.store\/en\/wp-json\/wp\/v2\/product_cat?post=37108"},{"taxonomy":"product_tag","embeddable":true,"href":"https:\/\/comprasyconsejos.store\/en\/wp-json\/wp\/v2\/product_tag?post=37108"}],"curies":[{"name":"wp","href":"https:\/\/api.w.org\/{rel}","templated":true}]}}