{"id":37112,"date":"2026-03-03T10:20:11","date_gmt":"2026-03-03T10:20:11","guid":{"rendered":"https:\/\/comprasyconsejos.store\/product\/tfsze-300x200cm-manta-de-picnic-grande-manta-para-picnic-con-base-impermeablecheque-rojo-tapete-de-picnic-plegable-con-asa-manta-de-camping-de-playa-para-barbacoa-al-aire-senderismo-parque-jardin\/"},"modified":"2026-03-03T10:20:11","modified_gmt":"2026-03-03T10:20:11","slug":"tfsze-300x200cm-manta-de-picnic-grande-manta-para-picnic-con-base-impermeablecheque-rojo-tapete-de-picnic-plegable-con-asa-manta-de-camping-de-playa-para-barbacoa-al-aire-senderismo-parque-jardin","status":"publish","type":"product","link":"https:\/\/comprasyconsejos.store\/en\/product\/tfsze-300x200cm-manta-de-picnic-grande-manta-para-picnic-con-base-impermeablecheque-rojo-tapete-de-picnic-plegable-con-asa-manta-de-camping-de-playa-para-barbacoa-al-aire-senderismo-parque-jardin\/","title":{"rendered":"TFSZE 300x200cm Manta de Picnic, Grande Manta para P\u00edcnic con Base Impermeable,Cheque Rojo Tapete de Picnic Plegable con Asa, Manta de Camping de Playa para Barbacoa al Aire Senderismo Parque Jard\u00edn"},"content":{"rendered":"<p>&#8211; \ud83e\udd47\u3010Grandes Mantas de Picnic\u3011La alfombra de picnic TFSZE, con un tama\u00f1o de 300 x 200 cm\/118.1&#215;78.7 pulgadas, proporciona suficiente espacio para 6-12 personas, el tama\u00f1o amplio proporciona suficiente espacio para que sus amigos y familiares se relajen y disfruten de sus actividades favoritas al aire libre.<br \/>\n&#8211; \ud83e\udd48\u3010Plegable y port\u00e1til\u3011el tama\u00f1o del paquete es de aprox. 34 x 24 x 5 cm, dise\u00f1o de ahorro de espacio con cierre de velcro para un f\u00e1cil transporte y embalaje. Con pr\u00e1ctica asa de transporte. Se pliega f\u00e1cil y r\u00e1pidamente y se pliega en un peque\u00f1o paquete de manta de viaje. Se adapta perfectamente al maletero del coche cuando no est\u00e1 en uso. Ligero, compacto y port\u00e1til.<br \/>\n&#8211; \ud83e\udd49\u3010Amplia Aplicabilidad\u3011Las mantas de picnic extra grandes no solo est\u00e1n dise\u00f1adas para ocasiones al aire libre, como el parque, la playa, picnics familiares, campamentos, barbacoas, festivales, viajes, etc., sino que tambi\u00e9n son perfectas para sus actividades en interiores, como cenas familiares y el beb\u00e9 juega. Ya sea que use esta manta como tapete de playa, manta de picnic, manta de camping, manta para mascotas al aire libre o tapete de juego para beb\u00e9s, esta manta puede caber perfectamente.<br \/>\n&#8211; \ud83c\udfc5\u3010F\u00c1CIL DE LIMPIAR\u3011Si es necesario, simplemente limpie las manchas adherentes o l\u00e1velas a mano en agua jabonosa y luego s\u00e9quelas o cuelgue. La manta de picnic se seca r\u00e1pidamente sin desvanecerse ni encogerse.<br \/>\n&#8211; \ud83c\udf96\ufe0f\u3010Elecci\u00f3n perfecta\u3011Nuestra esterilla playa acolchada es la compa\u00f1era de viaje perfecta para aventuras al aire libre. Es un regalo dulce y perfecto para tus amigos y familiares. Comience sus propias tradiciones de picnic con nuestra alfombra de playa de hermoso dise\u00f1o.Comience a sus mejores amigos, familiares, golosinas y picnics con nuestras hermosas manta playa antiarena.<\/p>","protected":false},"excerpt":{"rendered":"<p>&#8211; \ud83e\udd47\u3010Grandes Mantas de Picnic\u3011La alfombra de picnic TFSZE, con un tama\u00f1o de 300 x 200 cm\/118.1&#215;78.7 pulgadas, proporciona suficiente<\/p>","protected":false},"featured_media":0,"comment_status":"open","ping_status":"closed","template":"","meta":[],"product_brand":[],"product_cat":[101],"product_tag":[],"class_list":{"0":"post-37112","1":"product","2":"type-product","3":"status-publish","5":"product_cat-accessories","7":"first","8":"instock","9":"shipping-taxable","10":"product-type-external"},"_links":{"self":[{"href":"https:\/\/comprasyconsejos.store\/en\/wp-json\/wp\/v2\/product\/37112","targetHints":{"allow":["GET"]}}],"collection":[{"href":"https:\/\/comprasyconsejos.store\/en\/wp-json\/wp\/v2\/product"}],"about":[{"href":"https:\/\/comprasyconsejos.store\/en\/wp-json\/wp\/v2\/types\/product"}],"replies":[{"embeddable":true,"href":"https:\/\/comprasyconsejos.store\/en\/wp-json\/wp\/v2\/comments?post=37112"}],"version-history":[{"count":0,"href":"https:\/\/comprasyconsejos.store\/en\/wp-json\/wp\/v2\/product\/37112\/revisions"}],"wp:attachment":[{"href":"https:\/\/comprasyconsejos.store\/en\/wp-json\/wp\/v2\/media?parent=37112"}],"wp:term":[{"taxonomy":"product_brand","embeddable":true,"href":"https:\/\/comprasyconsejos.store\/en\/wp-json\/wp\/v2\/product_brand?post=37112"},{"taxonomy":"product_cat","embeddable":true,"href":"https:\/\/comprasyconsejos.store\/en\/wp-json\/wp\/v2\/product_cat?post=37112"},{"taxonomy":"product_tag","embeddable":true,"href":"https:\/\/comprasyconsejos.store\/en\/wp-json\/wp\/v2\/product_tag?post=37112"}],"curies":[{"name":"wp","href":"https:\/\/api.w.org\/{rel}","templated":true}]}}