{"id":37116,"date":"2026-03-03T10:26:36","date_gmt":"2026-03-03T10:26:36","guid":{"rendered":"https:\/\/comprasyconsejos.store\/product\/tangmi-mini-camara-espia-portable-camara-espia-oculta-vision-nocturna-y-1080p-hd-camaras-espias-camufladas-funciona-durante-mas-de-17-horas-para-grabar-videos-y-tomar-fotos\/"},"modified":"2026-03-03T10:26:36","modified_gmt":"2026-03-03T10:26:36","slug":"tangmi-mini-camara-espia-portable-camara-espia-oculta-vision-nocturna-y-1080p-hd-camaras-espias-camufladas-funciona-durante-mas-de-17-horas-para-grabar-videos-y-tomar-fotos","status":"publish","type":"product","link":"https:\/\/comprasyconsejos.store\/en\/product\/tangmi-mini-camara-espia-portable-camara-espia-oculta-vision-nocturna-y-1080p-hd-camaras-espias-camufladas-funciona-durante-mas-de-17-horas-para-grabar-videos-y-tomar-fotos\/","title":{"rendered":"TANGMI Mini Camara Espia, Portable Camara Espia Oculta, Visi\u00f3n Nocturna y 1080P HD Camaras Espias Camufladas Funciona Durante m\u00e1s de 17 Horas para Grabar V\u00eddeos y Tomar Fotos"},"content":{"rendered":"<p>&#8211; \u3010Dispositivo 2 en 1\u3011Este dispositivo compacto funciona como bater\u00eda externa y mini camara espia HD. Mientras carga tu m\u00f3vil, la camara espia oculta puede grabar v\u00eddeo. Su dise\u00f1o ligero y de bolsillo facilita llevarla a cualquier parte. El modo de visi\u00f3n nocturna manual permite grabar en entornos con poca luz.<br \/>\n&#8211; \u3010V\u00eddeo HD 1080P Real\u3011La camaras espias camufladas graba en resoluci\u00f3n HD 1080P real a 30fps, ofreciendo v\u00eddeos fluidos y n\u00edtidos. Los archivos se guardan autom\u00e1ticamente en segmentos de 20 minutos en una tarjeta microSD (hasta 128 GB, no incluida), lo que facilita su gesti\u00f3n.<br \/>\n&#8211; \u3010Modo de Visi\u00f3n Nocturna Manual\u3011Con luces infrarrojas integradas, la camara oculta espia puede capturar im\u00e1genes visibles incluso en entornos oscuros cuando se activa la visi\u00f3n nocturna. Las luces IR no son visibles para el ojo humano, permitiendo un uso discreto de la micro camara espia.<br \/>\n&#8211; \u3010Larga duraci\u00f3n de bater\u00eda\u3011La mini camara espia incorpora una bater\u00eda recargable que permite grabar durante hasta 17 horas seguidas. La grabaci\u00f3n en bucle sobrescribe autom\u00e1ticamente los archivos antiguos, asegurando espacio para los nuevos. Compatible con microSD de hasta 128 GB (no incluida).<br \/>\n&#8211; \u3010Dise\u00f1o compacto y pr\u00e1ctico\u3011Con un tama\u00f1o de 12,5 \u00d7 7 \u00d7 1 cm, la camara espia oculta cuenta con un dise\u00f1o de doble cara: un lado para carga y otro para grabaci\u00f3n. La tapa protectora del lente ayuda a mantener la camaras espias camufladas en buen estado. Su uso es sencillo, incluso para principiantes.<\/p>","protected":false},"excerpt":{"rendered":"<p>&#8211; \u3010Dispositivo 2 en 1\u3011Este dispositivo compacto funciona como bater\u00eda externa y mini camara espia HD. Mientras carga tu m\u00f3vil,<\/p>","protected":false},"featured_media":0,"comment_status":"open","ping_status":"closed","template":"","meta":[],"product_brand":[],"product_cat":[101],"product_tag":[],"class_list":{"0":"post-37116","1":"product","2":"type-product","3":"status-publish","5":"product_cat-accessories","7":"first","8":"instock","9":"shipping-taxable","10":"product-type-external"},"_links":{"self":[{"href":"https:\/\/comprasyconsejos.store\/en\/wp-json\/wp\/v2\/product\/37116","targetHints":{"allow":["GET"]}}],"collection":[{"href":"https:\/\/comprasyconsejos.store\/en\/wp-json\/wp\/v2\/product"}],"about":[{"href":"https:\/\/comprasyconsejos.store\/en\/wp-json\/wp\/v2\/types\/product"}],"replies":[{"embeddable":true,"href":"https:\/\/comprasyconsejos.store\/en\/wp-json\/wp\/v2\/comments?post=37116"}],"version-history":[{"count":0,"href":"https:\/\/comprasyconsejos.store\/en\/wp-json\/wp\/v2\/product\/37116\/revisions"}],"wp:attachment":[{"href":"https:\/\/comprasyconsejos.store\/en\/wp-json\/wp\/v2\/media?parent=37116"}],"wp:term":[{"taxonomy":"product_brand","embeddable":true,"href":"https:\/\/comprasyconsejos.store\/en\/wp-json\/wp\/v2\/product_brand?post=37116"},{"taxonomy":"product_cat","embeddable":true,"href":"https:\/\/comprasyconsejos.store\/en\/wp-json\/wp\/v2\/product_cat?post=37116"},{"taxonomy":"product_tag","embeddable":true,"href":"https:\/\/comprasyconsejos.store\/en\/wp-json\/wp\/v2\/product_tag?post=37116"}],"curies":[{"name":"wp","href":"https:\/\/api.w.org\/{rel}","templated":true}]}}