{"id":37120,"date":"2026-03-03T10:36:12","date_gmt":"2026-03-03T10:36:12","guid":{"rendered":"https:\/\/comprasyconsejos.store\/product\/12v-1-3w-3-pin-cooling-fan-kde1208phv3-suitable-for-industrial-equipment-desktop-computers-and-audio-equipment\/"},"modified":"2026-03-03T10:36:15","modified_gmt":"2026-03-03T10:36:15","slug":"12v-1-3w-3-pin-cooling-fan-kde1208phv3-suitable-for-industrial-equipment-desktop-computers-and-audio-equipment","status":"publish","type":"product","link":"https:\/\/comprasyconsejos.store\/en\/product\/12v-1-3w-3-pin-cooling-fan-kde1208phv3-suitable-for-industrial-equipment-desktop-computers-and-audio-equipment\/","title":{"rendered":"12V 1.3W 3 Pin Cooling Fan KDE1208PHV3 Suitable for Industrial Equipment Desktop Computers and Audio Equipment"},"content":{"rendered":"<p>Price: <span style=\"color:#b12704\">\u20ac8.69<\/span><br \/><i><small>(as of Mar 03, 2026 10:36:12 UTC &#8211; <span class=\"wp_automatic_amazon_disclaimer\" title=\"Product prices and availability are accurate as of the date\/time indicated and are subject to change. Any price and availability information displayed on [relevant Amazon Site(s), as applicable] at the time of purchase will apply to the purchase of this product.\">Details<\/span>)<\/small><\/i><\/p>\n<p><a href=\"https:\/\/amazon.es\/dp\/B0GBZHKHJQ?tag=man008-21\"><img decoding=\"async\" src=\"https:\/\/valvepress.s3.amazonaws.com\/imgs\/buy_now.png\"><\/a><br \/>\n<\/p>\n<p>                                             Product Description   <\/p>\n<p>                                                  <img decoding=\"async\" alt=\"pour LT Easyl, en forme de losange bleu sarcelle avec les textes \u00ab LT \u00bb et \u00ab Easyl \u00bb. L&amp;#39;arri\u00e8re-plan montre des bottes, des plantes et une ic\u00f4ne de panier d&amp;#39;achat, sugg\u00e9rant une plateforme de commerce \u00e9lectronique.\" src=\"https:\/\/images-na.ssl-images-amazon.com\/images\/G\/01\/x-locale\/common\/grey-pixel.gif\" class=\"a-lazy-loaded\" data-src=\"https:\/\/m.media-amazon.com\/images\/S\/aplus-media-library-service-media\/83ac71e6-65d5-42c0-93d2-c8dc3046cf05.__CR0,0,1940,600_PT0_SX970_V1___.jpg\"><img decoding=\"async\" alt=\"pour LT Easyl, en forme de losange bleu sarcelle avec les textes \u00ab LT \u00bb et \u00ab Easyl \u00bb. L&amp;#39;arri\u00e8re-plan montre des bottes, des plantes et une ic\u00f4ne de panier d&amp;#39;achat, sugg\u00e9rant une plateforme de commerce \u00e9lectronique.\" src=\"https:\/\/m.media-amazon.com\/images\/S\/aplus-media-library-service-media\/83ac71e6-65d5-42c0-93d2-c8dc3046cf05.__CR0,0,1940,600_PT0_SX970_V1___.jpg\">  <\/p>\n<p>                                                          <img decoding=\"async\" alt=\"B0GBZHKHJQ\" src=\"https:\/\/images-na.ssl-images-amazon.com\/images\/G\/01\/x-locale\/common\/grey-pixel.gif\" class=\"a-spacing-mini a-lazy-loaded\" data-src=\"https:\/\/m.media-amazon.com\/images\/S\/aplus-media-library-service-media\/f13c88c0-637d-4c6e-839b-182853db0336.__CR0,0,1600,1600_PT0_SX300_V1___.jpg\"><img decoding=\"async\" alt=\"B0GBZHKHJQ\" src=\"https:\/\/m.media-amazon.com\/images\/S\/aplus-media-library-service-media\/f13c88c0-637d-4c6e-839b-182853db0336.__CR0,0,1600,1600_PT0_SX300_V1___.jpg\">  <\/p>\n<p>                                                                                           Item Specifications                                     <\/p>\n<p class=\"a-spacing-base\"> Mati\u00e8re:Plastique <\/p>\n<p class=\"a-spacing-base\"> Couleur principale:Noir <\/p>\n<p class=\"a-spacing-base\"> Type:Ventilateur <\/p>\n<p>                                             Package                                     <\/p>\n<p class=\"a-spacing-base\"> 1X ventilateur de refroidissement <\/p>\n<p> Package Dimensions                                            \u200f                                            :                                            \u200e                                            11 x 10 x 1.8 cm; 50 g   <br \/> Manufacturer                                            \u200f                                            :                                            \u200e                                            LT Easiyl   <br \/> ASIN                                            \u200f                                            :                                            \u200e                                            B0GBZHKHJQ   <br \/> Item model number                                            \u200f                                            :                                            \u200e                                            EB459_M   <br \/> Country\/Region of Origin                                            \u200f                                            :                                            \u200e                                            China   <br \/> Guaranteed software updates until                                            \u200f                                            :                                            \u200e                                            unknown   <\/p>\n<p>Product parameters : Number of pins: 3, Operating voltage: DC12V, Power: 1.3W, Length 80mm, Width 80mm, Height 15mm.<br \/>Replacement model: KDE1208PHV3, can directly replace old or damaged units.<br \/>Applicability: This product is suitable for industrial equipment, desktop computers, audio equipment, control cabinets, frequency converters, power modules, automation equipment chassis, etc.<br \/>Product material: This product adopts a special design, mainly made of plastic, with a long service life and is not easy to damage.<br \/>Easy to install: It can be directly replaced without adjustment, with good compatibility and high reliability.<\/p>\n\n","protected":false},"excerpt":{"rendered":"<p> Product Description Item Specifications Mati\u00e8re:Plastique Couleur principale:Noir Type:Ventilateur Package 1X ventilateur de refroidissement Package Dimensions<\/p>","protected":false},"featured_media":37121,"comment_status":"open","ping_status":"closed","template":"","meta":[],"product_brand":[],"product_cat":[65],"product_tag":[10943,2003,4381,2005,547,2013,1998,2015,903,989,2009,787,5734,910,2011,4411,10944,2000,1548,2007,2001,2786],"class_list":{"0":"post-37120","1":"product","2":"type-product","3":"status-publish","4":"has-post-thumbnail","6":"product_cat-case-fan","7":"product_tag-1-3w","8":"product_tag-120mm-case-fan","9":"product_tag-12v","10":"product_tag-140mm-case-fan","11":"product_tag-audio","12":"product_tag-best-case-fan","13":"product_tag-case-fan","14":"product_tag-computer-cooling-fan","15":"product_tag-computers","16":"product_tag-cooling","17":"product_tag-cooling-fan-for-pc","18":"product_tag-desktop","19":"product_tag-equipment","20":"product_tag-fan","21":"product_tag-high-airflow-case-fan","22":"product_tag-industrial","23":"product_tag-kde1208phv3","24":"product_tag-pc-case-fan","25":"product_tag-pin","26":"product_tag-quiet-case-fan","27":"product_tag-rgb-case-fan","28":"product_tag-suitable","30":"first","31":"instock","32":"shipping-taxable","33":"product-type-external"},"_links":{"self":[{"href":"https:\/\/comprasyconsejos.store\/en\/wp-json\/wp\/v2\/product\/37120","targetHints":{"allow":["GET"]}}],"collection":[{"href":"https:\/\/comprasyconsejos.store\/en\/wp-json\/wp\/v2\/product"}],"about":[{"href":"https:\/\/comprasyconsejos.store\/en\/wp-json\/wp\/v2\/types\/product"}],"replies":[{"embeddable":true,"href":"https:\/\/comprasyconsejos.store\/en\/wp-json\/wp\/v2\/comments?post=37120"}],"version-history":[{"count":0,"href":"https:\/\/comprasyconsejos.store\/en\/wp-json\/wp\/v2\/product\/37120\/revisions"}],"wp:featuredmedia":[{"embeddable":true,"href":"https:\/\/comprasyconsejos.store\/en\/wp-json\/wp\/v2\/media\/37121"}],"wp:attachment":[{"href":"https:\/\/comprasyconsejos.store\/en\/wp-json\/wp\/v2\/media?parent=37120"}],"wp:term":[{"taxonomy":"product_brand","embeddable":true,"href":"https:\/\/comprasyconsejos.store\/en\/wp-json\/wp\/v2\/product_brand?post=37120"},{"taxonomy":"product_cat","embeddable":true,"href":"https:\/\/comprasyconsejos.store\/en\/wp-json\/wp\/v2\/product_cat?post=37120"},{"taxonomy":"product_tag","embeddable":true,"href":"https:\/\/comprasyconsejos.store\/en\/wp-json\/wp\/v2\/product_tag?post=37120"}],"curies":[{"name":"wp","href":"https:\/\/api.w.org\/{rel}","templated":true}]}}