{"id":37123,"date":"2026-03-03T10:53:12","date_gmt":"2026-03-03T10:53:12","guid":{"rendered":"https:\/\/comprasyconsejos.store\/product\/for-thinkpad-cpu-cooling-fan-t440s-t450s-5-pin-lightweight-cpu-cooling-fan-replacement-fast-heat-dissipation-and-easy-installation\/"},"modified":"2026-03-03T10:53:16","modified_gmt":"2026-03-03T10:53:16","slug":"for-thinkpad-cpu-cooling-fan-t440s-t450s-5-pin-lightweight-cpu-cooling-fan-replacement-fast-heat-dissipation-and-easy-installation","status":"publish","type":"product","link":"https:\/\/comprasyconsejos.store\/en\/product\/for-thinkpad-cpu-cooling-fan-t440s-t450s-5-pin-lightweight-cpu-cooling-fan-replacement-fast-heat-dissipation-and-easy-installation\/","title":{"rendered":"for ThinkPad CPU Cooling Fan, T440s T450s 5 Pin Lightweight CPU Cooling Fan Replacement, Fast Heat Dissipation And Easy Installation"},"content":{"rendered":"<p>Price: <span style=\"color:#b12704\">\u20ac28.17<\/span><br \/><i><small>(as of Mar 03, 2026 10:53:13 UTC &#8211; <span class=\"wp_automatic_amazon_disclaimer\" title=\"Product prices and availability are accurate as of the date\/time indicated and are subject to change. Any price and availability information displayed on [relevant Amazon Site(s), as applicable] at the time of purchase will apply to the purchase of this product.\">Details<\/span>)<\/small><\/i><\/p>\n<p><a href=\"https:\/\/amazon.es\/dp\/B0BB89M7RL?tag=man008-21\"><img decoding=\"async\" src=\"https:\/\/valvepress.s3.amazonaws.com\/imgs\/buy_now.png\"><\/a><br \/>\n<\/p>\n<p>                                             Product Description   <\/p>\n<p>                                                                             <img decoding=\"async\" alt=\"2612220199511-1\" src=\"https:\/\/images-na.ssl-images-amazon.com\/images\/G\/01\/x-locale\/common\/grey-pixel.gif\" class=\"a-spacing-base a-lazy-loaded\" data-src=\"https:\/\/m.media-amazon.com\/images\/S\/aplus-media\/sc\/4ce58159-2883-48fb-b3e6-60354ce4897f.__CR0,0,970,600_PT0_SX970_V1___.jpg\"><img decoding=\"async\" alt=\"2612220199511-1\" src=\"https:\/\/m.media-amazon.com\/images\/S\/aplus-media\/sc\/4ce58159-2883-48fb-b3e6-60354ce4897f.__CR0,0,970,600_PT0_SX970_V1___.jpg\">                                         <\/p>\n<h3 class=\"a-spacing-mini\"> para ThinkPad CPU Cooling Fan, T440s T450s Reemplazo de Ventilador de Refrigeracin de CPU Ligero de 5 Pines, Disipacin de Calor Rpida Y Fcil Instalacin <\/h3>\n<p>                                                  <img decoding=\"async\" alt=\"YT\" src=\"https:\/\/images-na.ssl-images-amazon.com\/images\/G\/01\/x-locale\/common\/grey-pixel.gif\" class=\"a-lazy-loaded\" data-src=\"https:\/\/m.media-amazon.com\/images\/S\/aplus-media\/sc\/24f2d4de-bd3e-45a1-9378-4e5f0ca0f3b9.__CR0,0,300,300_PT0_SX300_V1___.jpg\"><img decoding=\"async\" alt=\"YT\" src=\"https:\/\/m.media-amazon.com\/images\/S\/aplus-media\/sc\/24f2d4de-bd3e-45a1-9378-4e5f0ca0f3b9.__CR0,0,300,300_PT0_SX300_V1___.jpg\">  <\/p>\n<p>Peso ligero: este ventilador de refrigeraci\u00f3n para CPU de port\u00e1til tiene un tama\u00f1o peque\u00f1o y un peso ligero, tama\u00f1o para su port\u00e1til. <\/p>\n<p>F\u00e1cil conexi\u00f3n: este ventilador de refrigeraci\u00f3n para CPU ThinkPad es f\u00e1cil de conectar y operar, proporcionando una gran comodidad. <\/p>\n<p>Para ThinkPad: este ventilador de refrigeraci\u00f3n de CPU para computadora port\u00e1til est\u00e1 especialmente dise\u00f1ado para ThinkPad t440s t450s, el reemplazo para su computadora port\u00e1til. <\/p>\n<p class=\"apm-text-center\">\n                                                      <img decoding=\"async\" alt=\"1\" src=\"https:\/\/images-na.ssl-images-amazon.com\/images\/G\/01\/x-locale\/common\/grey-pixel.gif\" class=\"a-spacing-mini a-lazy-loaded\" data-src=\"https:\/\/m.media-amazon.com\/images\/S\/aplus-media\/sc\/1f3ccde2-a7ba-4a84-bd68-5fb799026711.__CR0,0,300,300_PT0_SX300_V1___.jpg\"><img decoding=\"async\" alt=\"1\" src=\"https:\/\/m.media-amazon.com\/images\/S\/aplus-media\/sc\/1f3ccde2-a7ba-4a84-bd68-5fb799026711.__CR0,0,300,300_PT0_SX300_V1___.jpg\">  <\/p>\n<p class=\"apm-text-center\">\n                                                      <img decoding=\"async\" alt=\"2612220199511-2\" src=\"https:\/\/images-na.ssl-images-amazon.com\/images\/G\/01\/x-locale\/common\/grey-pixel.gif\" class=\"a-spacing-mini a-lazy-loaded\" data-src=\"https:\/\/m.media-amazon.com\/images\/S\/aplus-media\/sc\/c121d3d3-78a6-4d4f-971e-2a2ddcdb60dc.__CR0,0,300,300_PT0_SX300_V1___.jpg\"><img decoding=\"async\" alt=\"2612220199511-2\" src=\"https:\/\/m.media-amazon.com\/images\/S\/aplus-media\/sc\/c121d3d3-78a6-4d4f-971e-2a2ddcdb60dc.__CR0,0,300,300_PT0_SX300_V1___.jpg\">  <\/p>\n<p class=\"apm-text-center\">\n                                                      <img decoding=\"async\" alt=\"2612220199511-3\" src=\"https:\/\/images-na.ssl-images-amazon.com\/images\/G\/01\/x-locale\/common\/grey-pixel.gif\" class=\"a-spacing-mini a-lazy-loaded\" data-src=\"https:\/\/m.media-amazon.com\/images\/S\/aplus-media\/sc\/de7f2f4c-dd69-42d6-8e27-b28165ecbde6.__CR0,0,300,300_PT0_SX300_V1___.jpg\"><img decoding=\"async\" alt=\"2612220199511-3\" src=\"https:\/\/m.media-amazon.com\/images\/S\/aplus-media\/sc\/de7f2f4c-dd69-42d6-8e27-b28165ecbde6.__CR0,0,300,300_PT0_SX300_V1___.jpg\">  <\/p>\n<p class=\"apm-text-center\">\n                                                      <img decoding=\"async\" alt=\"1\" src=\"https:\/\/images-na.ssl-images-amazon.com\/images\/G\/01\/x-locale\/common\/grey-pixel.gif\" class=\"a-spacing-mini a-lazy-loaded\" data-src=\"https:\/\/m.media-amazon.com\/images\/S\/aplus-media\/sc\/c29d4734-d4a5-4905-84e6-27040dc2d936.__CR0,0,300,300_PT0_SX300_V1___.jpg\"><img decoding=\"async\" alt=\"1\" src=\"https:\/\/m.media-amazon.com\/images\/S\/aplus-media\/sc\/c29d4734-d4a5-4905-84e6-27040dc2d936.__CR0,0,300,300_PT0_SX300_V1___.jpg\">  <\/p>\n<p class=\"apm-text-center\">\n                                                      <img decoding=\"async\" alt=\"2612220199511-2\" src=\"https:\/\/images-na.ssl-images-amazon.com\/images\/G\/01\/x-locale\/common\/grey-pixel.gif\" class=\"a-spacing-mini a-lazy-loaded\" data-src=\"https:\/\/m.media-amazon.com\/images\/S\/aplus-media\/sc\/36dcd1a0-0fdf-488f-8ae6-124afaed0e52.__CR0,0,300,300_PT0_SX300_V1___.jpg\"><img decoding=\"async\" alt=\"2612220199511-2\" src=\"https:\/\/m.media-amazon.com\/images\/S\/aplus-media\/sc\/36dcd1a0-0fdf-488f-8ae6-124afaed0e52.__CR0,0,300,300_PT0_SX300_V1___.jpg\">  <\/p>\n<p class=\"apm-text-center\">\n                                                      <img decoding=\"async\" alt=\"2612220199511-3\" src=\"https:\/\/images-na.ssl-images-amazon.com\/images\/G\/01\/x-locale\/common\/grey-pixel.gif\" class=\"a-spacing-mini a-lazy-loaded\" data-src=\"https:\/\/m.media-amazon.com\/images\/S\/aplus-media\/sc\/07c507d1-2f30-4ba0-9d23-9f91dd30738f.__CR0,0,300,300_PT0_SX300_V1___.jpg\"><img decoding=\"async\" alt=\"2612220199511-3\" src=\"https:\/\/m.media-amazon.com\/images\/S\/aplus-media\/sc\/07c507d1-2f30-4ba0-9d23-9f91dd30738f.__CR0,0,300,300_PT0_SX300_V1___.jpg\">  <\/p>\n<p>Caracter\u00edstica: <\/p>\n<p> 1. Para ThinkPad: este ventilador de refrigeraci\u00f3n de CPU para computadora port\u00e1til est\u00e1 especialmente dise\u00f1ado para ThinkPad t440s t450s, el reemplazo para su computadora port\u00e1til. <\/p>\n<p> 2. Material duradero: este ventilador de refrigeraci\u00f3n para ThinkPad adopta aleaci\u00f3n de aluminio de primera calidad y material ABS, lo que garantiza una larga vida \u00fatil. <\/p>\n<p> 3. Conector de 5 pines: este ventilador de refrigeraci\u00f3n para computadora port\u00e1til adopta un conector de alimentaci\u00f3n de 5 pines, que puede acelerar la disipaci\u00f3n de calor y el enfriamiento. <\/p>\n<p> 4. Peso ligero: este ventilador de refrigeraci\u00f3n de la CPU de la computadora port\u00e1til tiene un tama\u00f1o peque\u00f1o y un peso liviano, tama\u00f1o para su computadora port\u00e1til. <\/p>\n<p> 5. F\u00e1cil conexi\u00f3n: este ventilador de refrigeraci\u00f3n para CPU ThinkPad es f\u00e1cil de conectar y operar, proporcionando una gran comodidad. <\/p>\n<p> C\u00f3mo usar: <\/p>\n<p> Instalar y usar <\/p>\n<p> Especificaci\u00f3n: <\/p>\n<p> Tipo de art\u00edculo: para ventilador de refrigeraci\u00f3n de CPU ThinkPad <\/p>\n<p> Material: aleaci\u00f3n de aluminio, ABS <\/p>\n<p> Conexi\u00f3n de alimentaci\u00f3n: 5 pines <\/p>\n<p> Voltaje de entrada: CC 5 V\/2,25 W <\/p>\n<p> Modelos aplicables: para ThinkPad t440s t450s  <\/p>\n<p> Lista de paquetes: <\/p>\n<p> 1 ventilador de refrigeraci\u00f3n para CPU ThinkPad.  <\/p>\n<p>    de satisfacci\u00f3n del 100%  Si tiene preguntas sobre el producto o no est\u00e1 satisfecho con \u00e9l, en cualquier momento, le brindaremos la mejor soluci\u00f3n. Su satisfacci\u00f3n es nuestra principal preocupaci\u00f3n.  <\/p>\n<p>  <\/p>\n<p> Package Dimensions                                            \u200f                                            :                                            \u200e                                            11.2 x 10.4 x 2.7 cm; 42 g   <br \/> Manufacturer                                            \u200f                                            :                                            \u200e                                            Bewinner   <br \/> ASIN                                            \u200f                                            :                                            \u200e                                            B0BB89M7RL   <br \/> Manufacturer reference                                            \u200f                                            :                                            \u200e                                            Zunate87nyswezgu7409   <br \/> Country\/Region of Origin                                            \u200f                                            :                                            \u200e                                            China   <br \/> Guaranteed software updates until                                            \u200f                                            :                                            \u200e                                            unknown   <br \/>  Customer reviews:                                                                                            5.0               5.0 out of 5 stars                                  (1)                                              var dpAcrHasRegisteredArcLinkClickAction;                    P.when(&#8216;A&#8217;, &#8216;ready&#8217;).execute(function(A) {                        if (dpAcrHasRegisteredArcLinkClickAction !== true) {                            dpAcrHasRegisteredArcLinkClickAction = true;                            A.declarative(                                &#8216;acrLink-click-metrics&#8217;, &#8216;click&#8217;,                                { \u00aballowLinkDefault\u00bb: true },                                function (event) {                                    if (window.ue) {                                        ue.count(\u00abacrLinkClickCount\u00bb, (ue.count(\u00abacrLinkClickCount\u00bb) || 0) + 1);                                    }                                }                            );                        }                    });                                             P.when(&#8216;A&#8217;, &#8216;cf&#8217;).execute(function(A) {                A.declarative(&#8216;acrStarsLink-click-metrics&#8217;, &#8216;click&#8217;, { \u00aballowLinkDefault\u00bb : true },  function(event){                    if(window.ue) {                        ue.count(\u00abacrStarsLinkWithPopoverClickCount\u00bb, (ue.count(\u00abacrStarsLinkWithPopoverClickCount\u00bb) || 0) + 1);                    }                });            });                          <\/p>\n<p>For ThinkPad &#8211; This laptop CPU cooling fan is specially designed for ThinkPad t440s t450s, the perfect replacement for your laptop.<br \/>Durable Material This cooling fan for ThinkPad adopts premium aluminum alloy and ABS material, which ensures a long service life.<br \/>5 PIN CONNECTOR This laptop cooling fan adopts a 5-pin power connector, which can accelerate heat dissipation and cooling.<br \/>Light weight: This laptop CPU cooling fan has small size and light weight, perfect size for your laptop.<br \/>Easy Connection This ThinkPad CPU cooling fan is easy to connect and operate, providing great convenience.<\/p>\n\n","protected":false},"excerpt":{"rendered":"<p> Product Description para ThinkPad CPU Cooling Fan, T440s T450s Reemplazo de Ventilador de Refrigeracin de<\/p>","protected":false},"featured_media":37124,"comment_status":"open","ping_status":"closed","template":"","meta":[],"product_brand":[],"product_cat":[66],"product_tag":[2008,2010,989,598,2002,2014,1997,2016,10873,1142,910,137,1123,2805,2006,956,1548,1999,2012,2878,2004,10945,10946,1055],"class_list":{"0":"post-37123","1":"product","2":"type-product","3":"status-publish","4":"has-post-thumbnail","6":"product_cat-cpu-fan","7":"product_tag-amd-cpu-cooler","8":"product_tag-best-cpu-fan","9":"product_tag-cooling","10":"product_tag-cpu","11":"product_tag-cpu-air-cooler","12":"product_tag-cpu-cooling-fan","13":"product_tag-cpu-fan","14":"product_tag-cpu-fan-price","15":"product_tag-dissipation","16":"product_tag-easy","17":"product_tag-fan","18":"product_tag-fast","19":"product_tag-heat","20":"product_tag-installation","21":"product_tag-intel-cpu-fan","22":"product_tag-lightweight","23":"product_tag-pin","24":"product_tag-processor-fan","25":"product_tag-quiet-cpu-cooler","26":"product_tag-replacement","27":"product_tag-rgb-cpu-cooler","28":"product_tag-t440s","29":"product_tag-t450s","30":"product_tag-thinkpad","32":"first","33":"instock","34":"shipping-taxable","35":"product-type-external"},"_links":{"self":[{"href":"https:\/\/comprasyconsejos.store\/en\/wp-json\/wp\/v2\/product\/37123","targetHints":{"allow":["GET"]}}],"collection":[{"href":"https:\/\/comprasyconsejos.store\/en\/wp-json\/wp\/v2\/product"}],"about":[{"href":"https:\/\/comprasyconsejos.store\/en\/wp-json\/wp\/v2\/types\/product"}],"replies":[{"embeddable":true,"href":"https:\/\/comprasyconsejos.store\/en\/wp-json\/wp\/v2\/comments?post=37123"}],"version-history":[{"count":0,"href":"https:\/\/comprasyconsejos.store\/en\/wp-json\/wp\/v2\/product\/37123\/revisions"}],"wp:featuredmedia":[{"embeddable":true,"href":"https:\/\/comprasyconsejos.store\/en\/wp-json\/wp\/v2\/media\/37124"}],"wp:attachment":[{"href":"https:\/\/comprasyconsejos.store\/en\/wp-json\/wp\/v2\/media?parent=37123"}],"wp:term":[{"taxonomy":"product_brand","embeddable":true,"href":"https:\/\/comprasyconsejos.store\/en\/wp-json\/wp\/v2\/product_brand?post=37123"},{"taxonomy":"product_cat","embeddable":true,"href":"https:\/\/comprasyconsejos.store\/en\/wp-json\/wp\/v2\/product_cat?post=37123"},{"taxonomy":"product_tag","embeddable":true,"href":"https:\/\/comprasyconsejos.store\/en\/wp-json\/wp\/v2\/product_tag?post=37123"}],"curies":[{"name":"wp","href":"https:\/\/api.w.org\/{rel}","templated":true}]}}