{"id":37126,"date":"2026-03-03T11:10:24","date_gmt":"2026-03-03T11:10:24","guid":{"rendered":"https:\/\/comprasyconsejos.store\/product\/canon-imageformula-dr-c240-document-scanner-45-ppm-60-sheets-adf-passport-and-dni-desktop-scanner\/"},"modified":"2026-03-03T11:10:25","modified_gmt":"2026-03-03T11:10:25","slug":"canon-imageformula-dr-c240-document-scanner-45-ppm-60-sheets-adf-passport-and-dni-desktop-scanner","status":"publish","type":"product","link":"https:\/\/comprasyconsejos.store\/en\/product\/canon-imageformula-dr-c240-document-scanner-45-ppm-60-sheets-adf-passport-and-dni-desktop-scanner\/","title":{"rendered":"Canon imageFORMULA DR-C240 Document Scanner (45 ppm, 60 Sheets ADF, Passport and Dni, Desktop Scanner)"},"content":{"rendered":"<p>Price: <span style=\"color:#b12704\">\u20ac439.90<\/span><br \/><i><small>(as of Mar 03, 2026 11:10:24 UTC &#8211; <span class=\"wp_automatic_amazon_disclaimer\" title=\"Product prices and availability are accurate as of the date\/time indicated and are subject to change. Any price and availability information displayed on [relevant Amazon Site(s), as applicable] at the time of purchase will apply to the purchase of this product.\">Details<\/span>)<\/small><\/i><\/p>\n<p><a href=\"https:\/\/amazon.es\/dp\/B00WQJLXSG?tag=man008-21\"><img decoding=\"async\" src=\"https:\/\/valvepress.s3.amazonaws.com\/imgs\/buy_now.png\"><\/a><br \/>\n<\/p>\n<p>                                             From the manufacturer   <\/p>\n<p>                                                  <img decoding=\"async\" alt=\"\" src=\"https:\/\/images-na.ssl-images-amazon.com\/images\/G\/01\/x-locale\/common\/grey-pixel.gif\" class=\"a-lazy-loaded\" data-src=\"https:\/\/m.media-amazon.com\/images\/G\/30\/aplusautomation\/vendorimages\/0b2ca5c6-c96c-4b2e-ba47-2eb9444ed562.jpg._CB485917481__SR300,300_.jpg\"><img decoding=\"async\" alt=\"\" src=\"https:\/\/m.media-amazon.com\/images\/G\/30\/aplusautomation\/vendorimages\/0b2ca5c6-c96c-4b2e-ba47-2eb9444ed562.jpg._CB485917481__SR300,300_.jpg\">  <\/p>\n<h3 class=\"a-spacing-mini\"> Canon DR-C240 &#8211; Escaner sobremesa <\/h3>\n<p> ImageFORMULA DR-C240 es un esc\u00e1ner de escritorio ultracompacto y potente que cuenta con un dise\u00f1o s\u00f3lido y una gesti\u00f3n fiable del papel para capturar varios tama\u00f1os y formatos de documentos, entre ellos los pasaportes. <\/p>\n<p class=\"apm-text-center\">\n                                                      <img decoding=\"async\" alt=\"\" src=\"https:\/\/images-na.ssl-images-amazon.com\/images\/G\/01\/x-locale\/common\/grey-pixel.gif\" class=\"a-spacing-mini a-lazy-loaded\" data-src=\"https:\/\/m.media-amazon.com\/images\/G\/30\/aplusautomation\/vendorimages\/dbb54b20-6d54-410f-84dc-59f811ba5e85.jpg._CB485919236__SL300__.jpg\"><img decoding=\"async\" alt=\"\" src=\"https:\/\/m.media-amazon.com\/images\/G\/30\/aplusautomation\/vendorimages\/dbb54b20-6d54-410f-84dc-59f811ba5e85.jpg._CB485919236__SL300__.jpg\">  <\/p>\n<p>                                                    Aplicaciones flexibles y de alto rendimiento                                       <\/p>\n<p> El esc\u00e1ner imageFORMULA DR-C240 cuenta con una fabricaci\u00f3n de alta calidad y unas caracter\u00edsticas centradas en la productividad, lo que supone un gran avance en este campo. Al ofrecer una alta velocidad de escaneado de hasta 45 ppm\/90 ipm, el esc\u00e1ner imageFORMULA DR-C240 es la opci\u00f3n perfecta para oficinas y grupos de trabajo. Gracias a su funcionamiento silencioso y su dise\u00f1o compacto y atractivo, ofrece la mejor imagen en oficinas y puntos de atenci\u00f3n al cliente, como bancos, hoteles, hospitales y oficinas gubernamentales. <\/p>\n<p class=\"apm-text-center\">\n                                                      <img decoding=\"async\" alt=\"\" src=\"https:\/\/images-na.ssl-images-amazon.com\/images\/G\/01\/x-locale\/common\/grey-pixel.gif\" class=\"a-spacing-mini a-lazy-loaded\" data-src=\"https:\/\/m.media-amazon.com\/images\/G\/30\/aplusautomation\/vendorimages\/8aa84883-ff7b-43a9-9f82-b74bac4cd77d.jpg._CB485916732__SL300__.jpg\"><img decoding=\"async\" alt=\"\" src=\"https:\/\/m.media-amazon.com\/images\/G\/30\/aplusautomation\/vendorimages\/8aa84883-ff7b-43a9-9f82-b74bac4cd77d.jpg._CB485916732__SL300__.jpg\">  <\/p>\n<p>                                                    Dise\u00f1ado para responder a las necesidades de los clientes                                       <\/p>\n<p> Su dise\u00f1o robusto y el resistente alimentador de documentos del imageFORMULA DR-C240 se desarrollaron como resultado directo de los comentarios de los clientes. Representa un paso hacia adelante en calidad de fabricaci\u00f3n en su segmento, ya que puede realizar hasta 4000 escaneados al d\u00eda sin esfuerzo. La productividad se ampl\u00eda gracias al AAD de 60 hojas, que permite alimentar lotes de documentos de distintos tama\u00f1os y tipos de papel de forma fiable: desde pasaportes y tarjetas de pl\u00e1stico hasta A4 a doble cara, A3 (utilizando folio) y documentos de hasta 3 m de longitud. <\/p>\n<p class=\"apm-text-center\">\n                                                      <img decoding=\"async\" alt=\"\" src=\"https:\/\/images-na.ssl-images-amazon.com\/images\/G\/01\/x-locale\/common\/grey-pixel.gif\" class=\"a-spacing-mini a-lazy-loaded\" data-src=\"https:\/\/m.media-amazon.com\/images\/G\/30\/aplusautomation\/vendorimages\/50cd704c-e354-466d-a619-b48bc286821e.jpg._CB485925050__SL300__.jpg\"><img decoding=\"async\" alt=\"\" src=\"https:\/\/m.media-amazon.com\/images\/G\/30\/aplusautomation\/vendorimages\/50cd704c-e354-466d-a619-b48bc286821e.jpg._CB485925050__SL300__.jpg\">  <\/p>\n<p>                                                    Manejo preciso del papel                                       <\/p>\n<p> Para mantener la fluidez de su flujo de trabajo, el esc\u00e1ner imageFORMULA DR-C240 ofrece un mecanismo de alimentaci\u00f3n potente y de alta calidad que garantiza la mayor fiabilidad para escanear diferentes documentos, entre ellos documentos ultrafinos desde 27 g\/m\u00b2. Con la detecci\u00f3n de alimentaci\u00f3n doble y la salida de alimentaci\u00f3n doble ultras\u00f3nicas podr\u00e1 escanear y reiniciar r\u00e1pidamente, lo que minimiza el tiempo de inactividad. <\/p>\n<p class=\"apm-text-center\">\n                                                      <img decoding=\"async\" alt=\"\" src=\"https:\/\/images-na.ssl-images-amazon.com\/images\/G\/01\/x-locale\/common\/grey-pixel.gif\" class=\"a-spacing-mini a-lazy-loaded\" data-src=\"https:\/\/m.media-amazon.com\/images\/G\/30\/aplusautomation\/vendorimages\/9df3dea5-bd6a-4ecf-9626-986b58b2d1ce.jpg._CB485919156__SL300__.jpg\"><img decoding=\"async\" alt=\"\" src=\"https:\/\/m.media-amazon.com\/images\/G\/30\/aplusautomation\/vendorimages\/9df3dea5-bd6a-4ecf-9626-986b58b2d1ce.jpg._CB485919156__SL300__.jpg\">  <\/p>\n<p>                                                    Funcionamiento sencillo, resultados consistentes                                       <\/p>\n<p> El esc\u00e1ner imageFORMULA DR-C240 incluye una amplia gama de funciones de procesado de im\u00e1genes de alta calidad. Entre ellas se incluyen la detecci\u00f3n autom\u00e1tica del tama\u00f1o de p\u00e1gina y la direcci\u00f3n del texto, la mejora del texto, la funci\u00f3n de correcci\u00f3n de alimentaci\u00f3n desviada y la detecci\u00f3n autom\u00e1tica del color. El panel de control es f\u00e1cil de usar y permite escanear con solo pulsar un bot\u00f3n, por lo que se agilizan y se simplifican las tareas de escaneado. <\/p>\n<p class=\"apm-text-center\">\n                                                      <img decoding=\"async\" alt=\"\" src=\"https:\/\/images-na.ssl-images-amazon.com\/images\/G\/01\/x-locale\/common\/grey-pixel.gif\" class=\"a-spacing-mini a-lazy-loaded\" data-src=\"https:\/\/m.media-amazon.com\/images\/G\/30\/aplusautomation\/vendorimages\/12a9dfb3-65cc-474d-8743-f99e120effb7.jpg._CB485929479__SL300__.jpg\"><img decoding=\"async\" alt=\"\" src=\"https:\/\/m.media-amazon.com\/images\/G\/30\/aplusautomation\/vendorimages\/12a9dfb3-65cc-474d-8743-f99e120effb7.jpg._CB485929479__SL300__.jpg\">  <\/p>\n<p>                                                    Paquete de software completo                                       <\/p>\n<p> La aplicaci\u00f3n avanzada CapturePerfect de Canon permite un escaneado por lotes eficaz y es compatible con el driver Kofax VRS que se incluye para conseguir una mejor calidad de imagen. Para escanear documentos de manera intuitiva, env\u00edelos f\u00e1cilmente a varios destinos (entre ellos, a la nube) utilizando simplemente CaptureOnTouch de Canon. eCopy PDF Pro incluido ofrece potentes herramientas de creaci\u00f3n, edici\u00f3n y conversi\u00f3n de PDF. <\/p>\n<p class=\"apm-text-center\">\n                                                      <img decoding=\"async\" alt=\"\" src=\"https:\/\/images-na.ssl-images-amazon.com\/images\/G\/01\/x-locale\/common\/grey-pixel.gif\" class=\"a-spacing-mini a-lazy-loaded\" data-src=\"https:\/\/m.media-amazon.com\/images\/G\/30\/aplusautomation\/vendorimages\/4c3813e4-45ba-411e-ad5f-eaa69caaa8e4.jpg._CB485917868__SL300__.jpg\"><img decoding=\"async\" alt=\"\" src=\"https:\/\/m.media-amazon.com\/images\/G\/30\/aplusautomation\/vendorimages\/4c3813e4-45ba-411e-ad5f-eaa69caaa8e4.jpg._CB485917868__SL300__.jpg\">  <\/p>\n<p>                                                    Ejecuci\u00f3n y mantenimiento asequibles                                       <\/p>\n<p> Puede reemplazar el rodillo de retardo de larga duraci\u00f3n y la unidad de rodillo de alimentaci\u00f3n del imageFORMULA DR-C240 usted mismo sin complicaciones, con lo que el coste de contar con un imageFORMULA DR-C240 se reducir\u00e1 al m\u00ednimo. El consumo de energ\u00eda es impresionantemente bajo (s\u00f3lo 19 W en funcionamiento y 1,4 W en modo de espera), lo que disminuye a\u00fan m\u00e1s los costes al tiempo que minimiza el impacto medioambiental. <\/p>\n<p>                         Add To Basket  <\/p>\n<p>                         Add To Basket  <\/p>\n<p>                         Add To Basket  <\/p>\n<p>                             Customer Reviews  <\/p>\n<p>                    4.0 out of 5 stars  1,317  <\/p>\n<p>                    4.1 out of 5 stars  287  <\/p>\n<p>                    3.8 out of 5 stars  159  <\/p>\n<p>                    3.7 out of 5 stars  29  <\/p>\n<p>                    3.7 out of 5 stars  89  <\/p>\n<p>                    4.5 out of 5 stars  49  <\/p>\n<p>                             Price  <\/p>\n<p>                                    \u20ac135.98\u20ac135.98                  \u20ac277.71\u20ac277.71<br \/>\n                                            \u2014 no data<\/p>\n<p>                                            \u2014 no data<\/p>\n<p>                                            \u2014 no data<br \/>\n                                                       \u20ac439.90\u20ac439.90        <\/p>\n<p>                             Sistema operativo<br \/>\n                                Win, Mac, Linux               Win, Mac, Linux               Windows, Linux               Win, Mac, Linux               Win, Mac, Linux               Windows, Linux        <\/p>\n<p>                             Tipo de Documento<br \/>\n                                A4 a doble cara               A4 a doble cara               A4 a doble cara               A4 a doble cara               A4 a doble cara               A4 a doble cara        <\/p>\n<p>                             Velocidad de escaneo 200dpi, A4, Blanco y negro<br \/>\n                                8 ppm \/ 16 ipm               15 ppm \/ 30 ipm               20 ppm \/ 36 ipm               25 ppm \/ 50 ipm               25 ppm \/ 50 ipm               45 ppm \/ 90 ipm        <\/p>\n<p>                             Velocidad de escaneo 200dpi, A4, Color<br \/>\n                                8 ppm \/ 16 ipm               10 ppm \/ 20 ipm               10 ppm \/ 18 ipm               25 ppm \/ 50 ipm               25 ppm \/ 50 ipm               30 ppm \/ 60 ipm        <\/p>\n<p>                             Capacidad del alimentador<br \/>\n                                10 hojas               20 hojas               50 hojas               30 hojas               30 hojas               60 hojas        <\/p>\n<p>                             Volumen diario<br \/>\n                                100 escaneados               500 escaneados               1000 escaneados               1500 escaneados               1500 escaneados               4000 escaneados        <\/p>\n<p>                             Software incluido (Win)<br \/>\n                                CaptureOnTouch CaptureOnTouch Lite Presto! BizCard Reader               CaptureOnTouch CaptureOnTouch Lite Presto! BizCard Reader PaperPort               CaptureOnTouch               CaptureOnTouch BizCard eCopy PDF Pro Office OmniPage PaperPort               CaptureOnTouch BizCard eCopy PDF Pro Office OmniPage PaperPort               CaptureOnTouch CapturePerfect Kofax VRS eCopy PDF Pro Office        <\/p>\n<p>                             Software incluido (Mac)<br \/>\n                                CaptureOnTouch CaptureOnTouch Lite Presto! BizCard Reader               CaptureOnTouch CaptureOnTouch Lite Presto! BizCard Reader PageManager                 no data<br \/>\n                                                            CaptureOnTouch BizCard PageManager               CaptureOnTouch BizCard PageManager                 no data<\/p>\n<p>                             Funciones especiales<br \/>\n                                Se alimenta directamente a trav\u00e9s de USB. El exclusivo software integrado CaptureOnTouch Lite de Canon est\u00e1 listo para funcionar, sin necesidad de cargar ning\u00fan driver o software adicional.               El escaneado con alimentaci\u00f3n por USB m\u00e1s productivo. El exclusivo software integrado CaptureOnTouch Lite de Canon est\u00e1 listo para funcionar, sin necesidad de cargar ning\u00fan driver o software adicional.               Es perfecto para capturar una amplia gama de tipos de documentos con alta calidad. Mantenga la productividad gracias al escaneado a doble cara de 20 ppm y al ADF de 50 hojas. Escanee libros, revistas o materiales fr\u00e1giles con el esc\u00e1ner plano integrado.               El elegante y ultracompacto imageFORMULA DR-C225 proporciona lo m\u00e1s avanzado en ahorro de espacio. Completo paquete de software para todas las necesidades de escaneado.               Escanee con Wi-Fi en PC, Mac, iOS y dispositivos Android. Tama\u00f1o ultracompacto con un exclusivo dise\u00f1o J-Path. Completo paquete de software para todas las necesidades de escaneado.               Escanee f\u00e1cilmente diversos tipos de documentos, entre ellos los pasaportes, con un solo dispositivo compacto. Disfrute de la tranquilidad que le proporcionan el manejo fiable del papel y la construcci\u00f3n resistente.        <\/p>\n<p>                             Dimensiones (An. x Pr. x Al.)<br \/>\n                                312.5 x 56.5 x 40 mm               285 x 95 x 40 mm               469 x 335 x 120 mm               300 x 156 x 220 mm               300 x 156 x 220 mm               291 x 253 x 231 mm        <\/p>\n<p> Batteries                                            \u200f                                            :                                            \u200e                                            1 Lithium Ion batteries required.   <br \/> Is discontinued by manufacturer                                            \u200f                                            :                                            \u200e                                            No   <br \/> Product Dimensions                                            \u200f                                            :                                            \u200e                                            28.1 x 36 x 28 cm; 2.8 kg   <br \/> Manufacturer                                            \u200f                                            :                                            \u200e                                            CANON   <br \/> ASIN                                            \u200f                                            :                                            \u200e                                            B00WQJLXSG   <br \/> Item model number                                            \u200f                                            :                                            \u200e                                            2421J37   <br \/>  Customer reviews:                                                                                            4.5               4.5 out of 5 stars                                  (49)                                              var dpAcrHasRegisteredArcLinkClickAction;                    P.when(&#8216;A&#8217;, &#8216;ready&#8217;).execute(function(A) {                        if (dpAcrHasRegisteredArcLinkClickAction !== true) {                            dpAcrHasRegisteredArcLinkClickAction = true;                            A.declarative(                                &#8216;acrLink-click-metrics&#8217;, &#8216;click&#8217;,                                { \u00aballowLinkDefault\u00bb: true },                                function (event) {                                    if (window.ue) {                                        ue.count(\u00abacrLinkClickCount\u00bb, (ue.count(\u00abacrLinkClickCount\u00bb) || 0) + 1);                                    }                                }                            );                        }                    });                                             P.when(&#8216;A&#8217;, &#8216;cf&#8217;).execute(function(A) {                A.declarative(&#8216;acrStarsLink-click-metrics&#8217;, &#8216;click&#8217;, { \u00aballowLinkDefault\u00bb : true },  function(event){                    if(window.ue) {                        ue.count(\u00abacrStarsLinkWithPopoverClickCount\u00bb, (ue.count(\u00abacrStarsLinkWithPopoverClickCount\u00bb) || 0) + 1);                    }                });            });                          <\/p>\n<p>Product for your office, study or office<br \/>Quality Material<br \/>Easy to use<\/p>\n\n","protected":false},"excerpt":{"rendered":"<p> From the manufacturer Canon DR-C240 &#8211; Escaner sobremesa ImageFORMULA DR-C240 es un esc\u00e1ner de escritorio<\/p>","protected":false},"featured_media":37127,"comment_status":"open","ping_status":"closed","template":"","meta":[],"product_brand":[],"product_cat":[60],"product_tag":[5078,1990,2184,787,6506,1996,1982,10947,1989,1983,1986,8649,1987,3987,1984,1985,3332,840,1991,2318,1988],"class_list":{"0":"post-37126","1":"product","2":"type-product","3":"status-publish","4":"has-post-thumbnail","6":"product_cat-scanners","7":"product_tag-adf","8":"product_tag-best-scanner","9":"product_tag-canon","10":"product_tag-desktop","11":"product_tag-dni","12":"product_tag-document","13":"product_tag-document-scanner","14":"product_tag-drc240","15":"product_tag-fast-document-scanner","16":"product_tag-flatbed-scanner","17":"product_tag-high-resolution-scanner","18":"product_tag-imageformula","19":"product_tag-office-scanner","20":"product_tag-passport","21":"product_tag-photo-scanner","22":"product_tag-portable-scanner","23":"product_tag-ppm","24":"product_tag-scanner","25":"product_tag-scanner-price","26":"product_tag-sheets","27":"product_tag-usb-scanner","29":"first","30":"instock","31":"shipping-taxable","32":"product-type-external"},"_links":{"self":[{"href":"https:\/\/comprasyconsejos.store\/en\/wp-json\/wp\/v2\/product\/37126","targetHints":{"allow":["GET"]}}],"collection":[{"href":"https:\/\/comprasyconsejos.store\/en\/wp-json\/wp\/v2\/product"}],"about":[{"href":"https:\/\/comprasyconsejos.store\/en\/wp-json\/wp\/v2\/types\/product"}],"replies":[{"embeddable":true,"href":"https:\/\/comprasyconsejos.store\/en\/wp-json\/wp\/v2\/comments?post=37126"}],"version-history":[{"count":0,"href":"https:\/\/comprasyconsejos.store\/en\/wp-json\/wp\/v2\/product\/37126\/revisions"}],"wp:featuredmedia":[{"embeddable":true,"href":"https:\/\/comprasyconsejos.store\/en\/wp-json\/wp\/v2\/media\/37127"}],"wp:attachment":[{"href":"https:\/\/comprasyconsejos.store\/en\/wp-json\/wp\/v2\/media?parent=37126"}],"wp:term":[{"taxonomy":"product_brand","embeddable":true,"href":"https:\/\/comprasyconsejos.store\/en\/wp-json\/wp\/v2\/product_brand?post=37126"},{"taxonomy":"product_cat","embeddable":true,"href":"https:\/\/comprasyconsejos.store\/en\/wp-json\/wp\/v2\/product_cat?post=37126"},{"taxonomy":"product_tag","embeddable":true,"href":"https:\/\/comprasyconsejos.store\/en\/wp-json\/wp\/v2\/product_tag?post=37126"}],"curies":[{"name":"wp","href":"https:\/\/api.w.org\/{rel}","templated":true}]}}