{"id":37129,"date":"2026-03-03T11:27:48","date_gmt":"2026-03-03T11:27:48","guid":{"rendered":"https:\/\/comprasyconsejos.store\/product\/hp-officejet-pro-9730e-professional-all-in-one-ink-printer-print-and-scan-up-to-a3-format-dual-tray-and-auto-double-sided-wi-fi-3-months-instant-ink-print-with-hp\/"},"modified":"2026-03-03T11:27:52","modified_gmt":"2026-03-03T11:27:52","slug":"hp-officejet-pro-9730e-professional-all-in-one-ink-printer-print-and-scan-up-to-a3-format-dual-tray-and-auto-double-sided-wi-fi-3-months-instant-ink-print-with-hp","status":"publish","type":"product","link":"https:\/\/comprasyconsejos.store\/en\/product\/hp-officejet-pro-9730e-professional-all-in-one-ink-printer-print-and-scan-up-to-a3-format-dual-tray-and-auto-double-sided-wi-fi-3-months-instant-ink-print-with-hp\/","title":{"rendered":"HP OfficeJet Pro 9730e Professional All-in-One Ink Printer, Print and Scan up to A3 Format, Dual Tray and Auto Double-Sided, Wi-Fi, 3 Months Instant Ink Print with HP+"},"content":{"rendered":"<p>Price: <span style=\"color:#b12704\"><del>\u20ac319.90<\/del> - \u20ac206.90<\/span><br \/><i><small>(as of Mar 03, 2026 11:27:48 UTC &#8211; <span class=\"wp_automatic_amazon_disclaimer\" title=\"Product prices and availability are accurate as of the date\/time indicated and are subject to change. Any price and availability information displayed on [relevant Amazon Site(s), as applicable] at the time of purchase will apply to the purchase of this product.\">Details<\/span>)<\/small><\/i><\/p>\n<p><a href=\"https:\/\/amazon.es\/dp\/B0CQ2GNNGC?tag=man008-21\"><img decoding=\"async\" src=\"https:\/\/valvepress.s3.amazonaws.com\/imgs\/buy_now.png\"><\/a><br \/>\n<\/p>\n<p>                                             From the brand   <\/p>\n<p>                                              <img decoding=\"async\" alt=\"El texto dice \u00abHP\u00bb. Serie de im\u00e1genes que muestran pantallas promocionales de ordenadores port\u00e1tiles con texto y gr\u00e1ficos visibles en segundo plano.\" src=\"https:\/\/images-na.ssl-images-amazon.com\/images\/G\/01\/x-locale\/common\/grey-pixel.gif\" class=\"a-lazy-loaded\" data-src=\"https:\/\/m.media-amazon.com\/images\/S\/aplus-media-library-service-media\/102e14ad-497b-424b-82df-0446120ca9e6.__CR0,0,1464,625_PT0_SX1464_V1___.jpg\"><img decoding=\"async\" alt=\"El texto dice \u00abHP\u00bb. Serie de im\u00e1genes que muestran pantallas promocionales de ordenadores port\u00e1tiles con texto y gr\u00e1ficos visibles en segundo plano.\" src=\"https:\/\/m.media-amazon.com\/images\/S\/aplus-media-library-service-media\/102e14ad-497b-424b-82df-0446120ca9e6.__CR0,0,1464,625_PT0_SX1464_V1___.jpg\">  <\/p>\n<p>                                              <img decoding=\"async\" alt=\"aplus content image\" src=\"https:\/\/images-na.ssl-images-amazon.com\/images\/G\/01\/x-locale\/common\/grey-pixel.gif\" class=\"a-lazy-loaded\" data-src=\"https:\/\/m.media-amazon.com\/images\/S\/aplus-media-library-service-media\/6bb1dc71-5983-430e-8ce0-8b26745898d2.__CR0,0,362,453_PT0_SX362_V1___.jpg\"><img decoding=\"async\" alt=\"aplus content image\" src=\"https:\/\/m.media-amazon.com\/images\/S\/aplus-media-library-service-media\/6bb1dc71-5983-430e-8ce0-8b26745898d2.__CR0,0,362,453_PT0_SX362_V1___.jpg\">  <\/p>\n<p>                                              <img decoding=\"async\" alt=\"aplus content image\" src=\"https:\/\/images-na.ssl-images-amazon.com\/images\/G\/01\/x-locale\/common\/grey-pixel.gif\" class=\"a-lazy-loaded\" data-src=\"https:\/\/m.media-amazon.com\/images\/S\/aplus-media-library-service-media\/929b9c70-305c-4f6b-ab59-a44059ce65ab.__CR0,0,362,453_PT0_SX362_V1___.jpg\"><img decoding=\"async\" alt=\"aplus content image\" src=\"https:\/\/m.media-amazon.com\/images\/S\/aplus-media-library-service-media\/929b9c70-305c-4f6b-ab59-a44059ce65ab.__CR0,0,362,453_PT0_SX362_V1___.jpg\">  <\/p>\n<p>                                              <img decoding=\"async\" alt=\"aplus content image\" src=\"https:\/\/images-na.ssl-images-amazon.com\/images\/G\/01\/x-locale\/common\/grey-pixel.gif\" class=\"a-lazy-loaded\" data-src=\"https:\/\/m.media-amazon.com\/images\/S\/aplus-media-library-service-media\/58a8a11f-4f58-4abd-bc86-59eeac2b5596.__CR0,0,362,453_PT0_SX362_V1___.jpg\"><img decoding=\"async\" alt=\"aplus content image\" src=\"https:\/\/m.media-amazon.com\/images\/S\/aplus-media-library-service-media\/58a8a11f-4f58-4abd-bc86-59eeac2b5596.__CR0,0,362,453_PT0_SX362_V1___.jpg\">  <\/p>\n<p> Batteries                                            \u200f                                            :                                            \u200e                                            1 AA batteries required.   <br \/> Is discontinued by manufacturer                                            \u200f                                            :                                            \u200e                                            No   <br \/> Language                                            \u200f                                            :                                            \u200e                                            Italian   <br \/> Product Dimensions                                            \u200f                                            :                                            \u200e                                            46.7 x 58.1 x 38.6 cm; 19.5 kg   <br \/> Manufacturer                                            \u200f                                            :                                            \u200e                                            HP   <br \/> ASIN                                            \u200f                                            :                                            \u200e                                            B0CQ2GNNGC   <br \/> Item model number                                            \u200f                                            :                                            \u200e                                            537P6A#B1H   <br \/> Country of origin                                            \u200f                                            :                                            \u200e                                            China   <br \/> Guaranteed software updates until                                            \u200f                                            :                                            \u200e                                            unknown   <br \/>  Customer reviews:                                                                                            3.9               3.9 out of 5 stars                                  (5,738)                                              var dpAcrHasRegisteredArcLinkClickAction;                    P.when(&#8216;A&#8217;, &#8216;ready&#8217;).execute(function(A) {                        if (dpAcrHasRegisteredArcLinkClickAction !== true) {                            dpAcrHasRegisteredArcLinkClickAction = true;                            A.declarative(                                &#8216;acrLink-click-metrics&#8217;, &#8216;click&#8217;,                                { \u00aballowLinkDefault\u00bb: true },                                function (event) {                                    if (window.ue) {                                        ue.count(\u00abacrLinkClickCount\u00bb, (ue.count(\u00abacrLinkClickCount\u00bb) || 0) + 1);                                    }                                }                            );                        }                    });                                             P.when(&#8216;A&#8217;, &#8216;cf&#8217;).execute(function(A) {                A.declarative(&#8216;acrStarsLink-click-metrics&#8217;, &#8216;click&#8217;, { \u00aballowLinkDefault\u00bb : true },  function(event){                    if(window.ue) {                        ue.count(\u00abacrStarsLinkWithPopoverClickCount\u00bb, (ue.count(\u00abacrStarsLinkWithPopoverClickCount\u00bb) || 0) + 1);                    }                });            });                          <\/p>\n<p>BEST CHOICE FOR SMBs &#038; HOME OFFICE; Print, scan, copy black &#038; white and colour; print speed is up to 34 ppm black and 34 ppm colour<br \/>35-sheet Auto Document Feeder, Automatic Duplex Printing, Dual-Band Wi-Fi with Auto-Reset, Wi-Fi Direct, Ethernet, HP Smart App, Touchscreen, USB 2.0 and Apple AirPrint<br \/>DISCOVER HP+, the smartest printing solution; CONVENIENT: The printer automatically requests ink before it runs out; SAFE and SIMPLE: It&#8217;s safer and lets you be more productive by managing everything easily, even from mobile, thanks to the HP Smart app<br \/>SUSTAINABLE: uses eco-designed cartridges, +85% of HP Original Ink cartridges contain recycled plastic<br \/>Compatible with Original HP 937 Cyan (4S6W2NE), HP 937 Magenta (4S6W3NE), HP 937 Yellow (4S6W4NE), HP 937 Black (4S6W5NE), HP 937 CMYK 4-Pack (6C403NE)<br \/>Get a \u20ac30 refund when you buy a printer from the HP OfficeJet Pro range and sign up for HP Instant Ink service. Valid from 15\/08\/2025 to 31\/12\/2025<\/p>\n\n","protected":false},"excerpt":{"rendered":"<p> From the brand Batteries \u200f : \u200e 1 AA batteries required. Is discontinued by manufacturer<\/p>","protected":false},"featured_media":37130,"comment_status":"open","ping_status":"closed","template":"","meta":[],"product_brand":[],"product_cat":[58],"product_tag":[10948,895,731,1973,1967,1975,1968,5376,298,1972,1971,5459,1980,3834,1964,1974,2150,1970,3853,1958,1962,163,814,3475,4233,543,1969],"class_list":{"0":"post-37129","1":"product","2":"type-product","3":"status-publish","4":"has-post-thumbnail","6":"product_cat-laser-printers","7":"product_tag-9730e","8":"product_tag-allinone","9":"product_tag-auto","10":"product_tag-best-laser-printer","11":"product_tag-black-and-white-laser-printer","12":"product_tag-business-laser-printer","13":"product_tag-color-laser-printer","14":"product_tag-doublesided","15":"product_tag-dual","16":"product_tag-duplex-laser-printer","17":"product_tag-fast-laser-printer","18":"product_tag-format","19":"product_tag-ink","20":"product_tag-instant","21":"product_tag-laser-printer","22":"product_tag-laser-printer-price","23":"product_tag-months","24":"product_tag-office-laser-printer","25":"product_tag-officejet","26":"product_tag-print","27":"product_tag-printer","28":"product_tag-pro","29":"product_tag-professional","30":"product_tag-scan","31":"product_tag-tray","32":"product_tag-wifi","33":"product_tag-wireless-laser-printer","35":"first","36":"instock","37":"sale","38":"shipping-taxable","39":"product-type-external"},"_links":{"self":[{"href":"https:\/\/comprasyconsejos.store\/en\/wp-json\/wp\/v2\/product\/37129","targetHints":{"allow":["GET"]}}],"collection":[{"href":"https:\/\/comprasyconsejos.store\/en\/wp-json\/wp\/v2\/product"}],"about":[{"href":"https:\/\/comprasyconsejos.store\/en\/wp-json\/wp\/v2\/types\/product"}],"replies":[{"embeddable":true,"href":"https:\/\/comprasyconsejos.store\/en\/wp-json\/wp\/v2\/comments?post=37129"}],"version-history":[{"count":0,"href":"https:\/\/comprasyconsejos.store\/en\/wp-json\/wp\/v2\/product\/37129\/revisions"}],"wp:featuredmedia":[{"embeddable":true,"href":"https:\/\/comprasyconsejos.store\/en\/wp-json\/wp\/v2\/media\/37130"}],"wp:attachment":[{"href":"https:\/\/comprasyconsejos.store\/en\/wp-json\/wp\/v2\/media?parent=37129"}],"wp:term":[{"taxonomy":"product_brand","embeddable":true,"href":"https:\/\/comprasyconsejos.store\/en\/wp-json\/wp\/v2\/product_brand?post=37129"},{"taxonomy":"product_cat","embeddable":true,"href":"https:\/\/comprasyconsejos.store\/en\/wp-json\/wp\/v2\/product_cat?post=37129"},{"taxonomy":"product_tag","embeddable":true,"href":"https:\/\/comprasyconsejos.store\/en\/wp-json\/wp\/v2\/product_tag?post=37129"}],"curies":[{"name":"wp","href":"https:\/\/api.w.org\/{rel}","templated":true}]}}