{"id":37162,"date":"2026-03-03T13:32:03","date_gmt":"2026-03-03T13:32:03","guid":{"rendered":"https:\/\/comprasyconsejos.store\/product\/lexar-nm790-4tb-internal-ssd-with-heatsink-m-2-2280-pcie-gen4x4-nvme-ssd-up-to-7400mb-s-read-6500mb-s-write-solid-state-drive-for-ps5-pc-lnm790x004t-rn9ng\/"},"modified":"2026-03-03T13:32:03","modified_gmt":"2026-03-03T13:32:03","slug":"lexar-nm790-4tb-internal-ssd-with-heatsink-m-2-2280-pcie-gen4x4-nvme-ssd-up-to-7400mb-s-read-6500mb-s-write-solid-state-drive-for-ps5-pc-lnm790x004t-rn9ng","status":"publish","type":"product","link":"https:\/\/comprasyconsejos.store\/en\/product\/lexar-nm790-4tb-internal-ssd-with-heatsink-m-2-2280-pcie-gen4x4-nvme-ssd-up-to-7400mb-s-read-6500mb-s-write-solid-state-drive-for-ps5-pc-lnm790x004t-rn9ng\/","title":{"rendered":"Lexar NM790 4TB Internal SSD with Heatsink, M.2 2280 PCIe Gen4x4 NVMe SSD, Up to 7400MB\/s Read, 6500MB\/s Write, Solid State Drive for PS5, PC (LNM790X004T-RN9NG)"},"content":{"rendered":"<p>Price: <span style=\"color:#b12704\"><del>\u20ac1,089.00<\/del> - \u20ac439.99<\/span><br \/><i><small>(as of Mar 03, 2026 13:32:03 UTC &#8211; <span class=\"wp_automatic_amazon_disclaimer\" title=\"Product prices and availability are accurate as of the date\/time indicated and are subject to change. Any price and availability information displayed on [relevant Amazon Site(s), as applicable] at the time of purchase will apply to the purchase of this product.\">Details<\/span>)<\/small><\/i><\/p>\n<p><a href=\"https:\/\/amazon.es\/dp\/B0CJY6W8WT?tag=man008-21\"><img decoding=\"async\" src=\"https:\/\/valvepress.s3.amazonaws.com\/imgs\/buy_now.png\"><\/a><br \/>\n<\/p>\n<p>                                             From the brand   <\/p>\n<p>                                              <img decoding=\"async\" alt=\"Banner publicitario que muestra a jugadores de f\u00fatbol con uniformes de rayas azules y blancas, dispuestos en un din\u00e1mico dise\u00f1o de collage sobre un fondo azul.\" src=\"https:\/\/images-na.ssl-images-amazon.com\/images\/G\/01\/x-locale\/common\/grey-pixel.gif\" class=\"a-lazy-loaded\" data-src=\"https:\/\/m.media-amazon.com\/images\/S\/aplus-media-library-service-media\/fa905498-b9cd-487f-8cd4-88831ae42c93.__CR0,0,1464,625_PT0_SX1464_V1___.png\"><img decoding=\"async\" alt=\"Banner publicitario que muestra a jugadores de f\u00fatbol con uniformes de rayas azules y blancas, dispuestos en un din\u00e1mico dise\u00f1o de collage sobre un fondo azul.\" src=\"https:\/\/m.media-amazon.com\/images\/S\/aplus-media-library-service-media\/fa905498-b9cd-487f-8cd4-88831ae42c93.__CR0,0,1464,625_PT0_SX1464_V1___.png\">  <\/p>\n<p>                                              <img decoding=\"async\" alt=\"El texto dice \u00abLexar Live For The Memory\u00bb seguido de una descripci\u00f3n de las soluciones de memoria, incluidas las unidades flash, las tarjetas de memoria y las soluciones de almacenamiento para clientes minoristas y OEM.\" src=\"https:\/\/images-na.ssl-images-amazon.com\/images\/G\/01\/x-locale\/common\/grey-pixel.gif\" class=\"a-lazy-loaded\" data-src=\"https:\/\/m.media-amazon.com\/images\/S\/aplus-media-library-service-media\/7dd012a0-cea9-4875-bc74-6fba200ae778.__CR0,0,362,453_PT0_SX362_V1___.png\"><img decoding=\"async\" alt=\"El texto dice \u00abLexar Live For The Memory\u00bb seguido de una descripci\u00f3n de las soluciones de memoria, incluidas las unidades flash, las tarjetas de memoria y las soluciones de almacenamiento para clientes minoristas y OEM.\" src=\"https:\/\/m.media-amazon.com\/images\/S\/aplus-media-library-service-media\/7dd012a0-cea9-4875-bc74-6fba200ae778.__CR0,0,362,453_PT0_SX362_V1___.png\">  <\/p>\n<h3> New PCle 5.0 SSD &#8211; ARES PRO <\/h3>\n<h3> Awards of Lexar SSD NM790 <\/h3>\n<p class=\"apm-brand-story-stores-link\">\n<h3> Lexar PCIe 4.0 SSD-EQ790 <\/h3>\n<p class=\"apm-brand-story-stores-link\">\n<h3> Lexar PCle 5.0 SSD-NM1090 PRO  <\/h3>\n<p class=\"apm-brand-story-stores-link\">\n<h3> Lexar Gen4-7000MB\/s SSD Series <\/h3>\n<p class=\"apm-brand-story-stores-link\">\n<h3> Lexar Gen4 &amp; Gen3 &amp; SATA SSD <\/h3>\n<p class=\"apm-brand-story-stores-link\">\n<h3> Lexar Gen5 &amp; Gen4 SSD <\/h3>\n<p class=\"apm-brand-story-stores-link\">\n<h3> Lexar SSD NQ790 Series <\/h3>\n<p class=\"apm-brand-story-stores-link\">\n<h3> Lexar SSD NM620  Series <\/h3>\n<p class=\"apm-brand-story-stores-link\">\n<h3> Lexar SSD NQ100 Series <\/h3>\n<p class=\"apm-brand-story-stores-link\">\n<h3> Lexar SSD NS100 Series <\/h3>\n<p class=\"apm-brand-story-stores-link\">\n<h3> Lexar SSD NM710  Series <\/h3>\n<p class=\"apm-brand-story-stores-link\">\n<h3> Lexar SSD NM790HS Series <\/h3>\n<p class=\"apm-brand-story-stores-link\">\n<h3> Lexar SSD Play 2280  Series <\/h3>\n<p class=\"apm-brand-story-stores-link\">\n<h3> Lexar SSD NM1090  Series <\/h3>\n<p class=\"apm-brand-story-stores-link\">\n<p> Package Dimensions                                            \u200f                                            :                                            \u200e                                            14.3 x 10.5 x 1.7 cm; 90 g   <br \/> Manufacturer                                            \u200f                                            :                                            \u200e                                            Lexar Co., LTD   <br \/> ASIN                                            \u200f                                            :                                            \u200e                                            B0CJY6W8WT   <br \/> Item model number                                            \u200f                                            :                                            \u200e                                            4895217908043   <br \/> Country of origin                                            \u200f                                            :                                            \u200e                                            China   <br \/> Guaranteed software updates until                                            \u200f                                            :                                            \u200e                                            unknown   <br \/>  Customer reviews:                                                                                            4.8               4.8 out of 5 stars                                  (1,793)                                              var dpAcrHasRegisteredArcLinkClickAction;                    P.when(&#8216;A&#8217;, &#8216;ready&#8217;).execute(function(A) {                        if (dpAcrHasRegisteredArcLinkClickAction !== true) {                            dpAcrHasRegisteredArcLinkClickAction = true;                            A.declarative(                                &#8216;acrLink-click-metrics&#8217;, &#8216;click&#8217;,                                { \u00aballowLinkDefault\u00bb: true },                                function (event) {                                    if (window.ue) {                                        ue.count(\u00abacrLinkClickCount\u00bb, (ue.count(\u00abacrLinkClickCount\u00bb) || 0) + 1);                                    }                                }                            );                        }                    });                                             P.when(&#8216;A&#8217;, &#8216;cf&#8217;).execute(function(A) {                A.declarative(&#8216;acrStarsLink-click-metrics&#8217;, &#8216;click&#8217;, { \u00aballowLinkDefault\u00bb : true },  function(event){                    if(window.ue) {                        ue.count(\u00abacrStarsLinkWithPopoverClickCount\u00bb, (ue.count(\u00abacrStarsLinkWithPopoverClickCount\u00bb) || 0) + 1);                    }                });            });                          <\/p>\n<p>Exceptional performance up to 7400MB\/s read and 6500MB\/s write<br \/>2x faster than PCIe Gen 3 SSDs. Compatible with PlayStation5<br \/>Designed with a heat sink to keep your equipment cool for better performance and energy efficiency<br \/>Up to 40% less power consumption than DRAM cache-enabled PCIe Gen 4 SSDs<br \/>Host Memory Buffer (HMB) 3.0 activates your device&#8217;s DRAM cache function for smoother transfer speed and seamless performance<\/p>\n\n","protected":false},"excerpt":{"rendered":"<p> From the brand New PCle 5.0 SSD &#8211; ARES PRO Awards of Lexar SSD NM790<\/p>","protected":false},"featured_media":37163,"comment_status":"open","ping_status":"closed","template":"","meta":[],"product_brand":[],"product_cat":[81],"product_tag":[1455,2957,1457,10969,8435,1468,795,1461,4376,1301,1120,4374,10970,1119,1459,10968,822,1452,624,1465,2469,1726,1463,812,513,1466,813,3508],"class_list":{"0":"post-37162","1":"product","2":"type-product","3":"status-publish","4":"has-post-thumbnail","6":"product_cat-ssd-drive","7":"product_tag-1tb-ssd","8":"product_tag-4tb","9":"product_tag-512gb-ssd","10":"product_tag-6500mbs","11":"product_tag-7400mbs","12":"product_tag-best-ssd","13":"product_tag-drive","14":"product_tag-gaming-ssd","15":"product_tag-gen4x4","16":"product_tag-heatsink","17":"product_tag-internal","18":"product_tag-lexar","19":"product_tag-lnm790x004trn9ng","20":"product_tag-m-2","21":"product_tag-m-2-ssd","22":"product_tag-nm790","23":"product_tag-nvme","24":"product_tag-nvme-ssd","25":"product_tag-pcie","26":"product_tag-portable-ssd","27":"product_tag-ps5","28":"product_tag-read","29":"product_tag-sata-ssd","30":"product_tag-solid","31":"product_tag-ssd","32":"product_tag-ssd-price","33":"product_tag-state","34":"product_tag-write","36":"first","37":"instock","38":"sale","39":"shipping-taxable","40":"product-type-external"},"_links":{"self":[{"href":"https:\/\/comprasyconsejos.store\/en\/wp-json\/wp\/v2\/product\/37162","targetHints":{"allow":["GET"]}}],"collection":[{"href":"https:\/\/comprasyconsejos.store\/en\/wp-json\/wp\/v2\/product"}],"about":[{"href":"https:\/\/comprasyconsejos.store\/en\/wp-json\/wp\/v2\/types\/product"}],"replies":[{"embeddable":true,"href":"https:\/\/comprasyconsejos.store\/en\/wp-json\/wp\/v2\/comments?post=37162"}],"version-history":[{"count":0,"href":"https:\/\/comprasyconsejos.store\/en\/wp-json\/wp\/v2\/product\/37162\/revisions"}],"wp:featuredmedia":[{"embeddable":true,"href":"https:\/\/comprasyconsejos.store\/en\/wp-json\/wp\/v2\/media\/37163"}],"wp:attachment":[{"href":"https:\/\/comprasyconsejos.store\/en\/wp-json\/wp\/v2\/media?parent=37162"}],"wp:term":[{"taxonomy":"product_brand","embeddable":true,"href":"https:\/\/comprasyconsejos.store\/en\/wp-json\/wp\/v2\/product_brand?post=37162"},{"taxonomy":"product_cat","embeddable":true,"href":"https:\/\/comprasyconsejos.store\/en\/wp-json\/wp\/v2\/product_cat?post=37162"},{"taxonomy":"product_tag","embeddable":true,"href":"https:\/\/comprasyconsejos.store\/en\/wp-json\/wp\/v2\/product_tag?post=37162"}],"curies":[{"name":"wp","href":"https:\/\/api.w.org\/{rel}","templated":true}]}}