{"id":37179,"date":"2026-03-03T14:40:56","date_gmt":"2026-03-03T14:40:56","guid":{"rendered":"https:\/\/comprasyconsejos.store\/product\/darkflash-atx-mid-tower-gaming-pc-case-pre-installed-3x120mm-fix-rgb-fans-with-removable-large-mesh-front-panel-usb3-0-ready-tempered-glass-side-panel-airflow-computer-case-whitedrx70\/"},"modified":"2026-03-03T14:40:57","modified_gmt":"2026-03-03T14:40:57","slug":"darkflash-atx-mid-tower-gaming-pc-case-pre-installed-3x120mm-fix-rgb-fans-with-removable-large-mesh-front-panel-usb3-0-ready-tempered-glass-side-panel-airflow-computer-case-whitedrx70","status":"publish","type":"product","link":"https:\/\/comprasyconsejos.store\/en\/product\/darkflash-atx-mid-tower-gaming-pc-case-pre-installed-3x120mm-fix-rgb-fans-with-removable-large-mesh-front-panel-usb3-0-ready-tempered-glass-side-panel-airflow-computer-case-whitedrx70\/","title":{"rendered":"darkFlash ATX Mid-Tower Gaming PC Case, Pre-Installed 3x120mm Fix RGB Fans, with Removable Large Mesh Front Panel, USB3.0 Ready, Tempered Glass Side Panel Airflow Computer Case, White(DRX70)"},"content":{"rendered":"<p>Price: <span style=\"color:#b12704\">\u20ac93.67<\/span><br \/><i><small>(as of Mar 03, 2026 14:40:56 UTC &#8211; <span class=\"wp_automatic_amazon_disclaimer\" title=\"Product prices and availability are accurate as of the date\/time indicated and are subject to change. Any price and availability information displayed on [relevant Amazon Site(s), as applicable] at the time of purchase will apply to the purchase of this product.\">Details<\/span>)<\/small><\/i><\/p>\n<p><a href=\"https:\/\/amazon.es\/dp\/B0CQJQN56P?tag=man008-21\"><img decoding=\"async\" src=\"https:\/\/valvepress.s3.amazonaws.com\/imgs\/buy_now.png\"><\/a><br \/>\n<\/p>\n<p>                                             From the brand   <\/p>\n<p>                                              <img decoding=\"async\" alt=\"\" src=\"https:\/\/images-na.ssl-images-amazon.com\/images\/G\/01\/x-locale\/common\/grey-pixel.gif\" class=\"a-lazy-loaded\" data-src=\"https:\/\/m.media-amazon.com\/images\/S\/aplus-media-library-service-media\/a00aa5ac-9738-4764-af13-6b2be75b848d.__CR0,0,1464,625_PT0_SX1464_V1___.jpg\"><img decoding=\"async\" alt=\"\" src=\"https:\/\/m.media-amazon.com\/images\/S\/aplus-media-library-service-media\/a00aa5ac-9738-4764-af13-6b2be75b848d.__CR0,0,1464,625_PT0_SX1464_V1___.jpg\">  <\/p>\n<p> Aumente su experiencia de juego! <\/p>\n<p>                                              <img decoding=\"async\" alt=\"\" src=\"https:\/\/images-na.ssl-images-amazon.com\/images\/G\/01\/x-locale\/common\/grey-pixel.gif\" class=\"a-lazy-loaded\" data-src=\"https:\/\/m.media-amazon.com\/images\/S\/aplus-media-library-service-media\/f9349c4d-bf77-4997-b9d9-928b6feec0b5.__CR0,0,315,145_PT0_SX315_V1___.jpg\"><img decoding=\"async\" alt=\"\" src=\"https:\/\/m.media-amazon.com\/images\/S\/aplus-media-library-service-media\/f9349c4d-bf77-4997-b9d9-928b6feec0b5.__CR0,0,315,145_PT0_SX315_V1___.jpg\">  <\/p>\n<p> Bienvenido a DarkFlash, su primera direcci\u00f3n para carcasas de ordenador y juegos de rat\u00f3n de teclado. <\/p>\n<p> En darkFlash nos dedicamos a revolucionar su experiencia inform\u00e1tica ofreciendo una amplia gama de productos innovadores adaptados a las necesidades de los usuarios modernos. <\/p>\n<p>                                                         Eslogan DarkFlash                                       <\/p>\n<p> Tecnolog\u00eda y est\u00e9tica para una excelente calidad. <\/p>\n<p>                                                         \u00bfPor qu\u00e9 amamos nuestro trabajo?                                       <\/p>\n<p> DarkFlash ofrece a los jugadores accesorios para juegos de alto rendimiento y alta calidad. Combinamos la innovaci\u00f3n tecnol\u00f3gica con el dise\u00f1o est\u00e9tico para una experiencia de juego excepcional. <\/p>\n<p>                                                         Nuestros clientes est\u00e1n completamente satisfechos                                       <\/p>\n<p> Ya sea que est\u00e9 buscando una carcasa para juegos de alto rendimiento o un teclado y rat\u00f3n c\u00f3modos, darkFlash es la mejor opci\u00f3n. <\/p>\n<h3> Carcasa para PC DarkFlash <\/h3>\n<p class=\"apm-brand-story-stores-link\">\n<h3> La carcasa de ordenador definitiva <\/h3>\n<p class=\"apm-brand-story-stores-link\">\n<h3> Vidrio templado de visi\u00f3n completa <\/h3>\n<p class=\"apm-brand-story-stores-link\">\n<h3> Enfriadores de alto <\/h3>\n<p class=\"apm-brand-story-stores-link\">\n<h3> darkFlash &#8211; Accesorios para PC <\/h3>\n<p class=\"apm-brand-story-stores-link\">\n<p> Product Dimensions                                            \u200f                                            :                                            \u200e                                            38.1 x 22.86 x 45.97 cm; 5.26 kg   <br \/> Manufacturer                                            \u200f                                            :                                            \u200e                                            darkFlash   <br \/> ASIN                                            \u200f                                            :                                            \u200e                                            B0CQJQN56P   <br \/> Item model number                                            \u200f                                            :                                            \u200e                                            DRX70M   <br \/> Country\/Region of Origin                                            \u200f                                            :                                            \u200e                                            China   <br \/> Guaranteed software updates until                                            \u200f                                            :                                            \u200e                                            unknown   <br \/>  Customer reviews:                                                                                            4.4               4.4 out of 5 stars                                  (102)                                              var dpAcrHasRegisteredArcLinkClickAction;                    P.when(&#8216;A&#8217;, &#8216;ready&#8217;).execute(function(A) {                        if (dpAcrHasRegisteredArcLinkClickAction !== true) {                            dpAcrHasRegisteredArcLinkClickAction = true;                            A.declarative(                                &#8216;acrLink-click-metrics&#8217;, &#8216;click&#8217;,                                { \u00aballowLinkDefault\u00bb: true },                                function (event) {                                    if (window.ue) {                                        ue.count(\u00abacrLinkClickCount\u00bb, (ue.count(\u00abacrLinkClickCount\u00bb) || 0) + 1);                                    }                                }                            );                        }                    });                                             P.when(&#8216;A&#8217;, &#8216;cf&#8217;).execute(function(A) {                A.declarative(&#8216;acrStarsLink-click-metrics&#8217;, &#8216;click&#8217;, { \u00aballowLinkDefault\u00bb : true },  function(event){                    if(window.ue) {                        ue.count(\u00abacrStarsLinkWithPopoverClickCount\u00bb, (ue.count(\u00abacrStarsLinkWithPopoverClickCount\u00bb) || 0) + 1);                    }                });            });                          <\/p>\n<p>MAGNETIC MESH FRONT PANEL &#8211; Magnetic mesh design optimizes air intake, improving cooling performance for high-performance components. Keeps components clean and reduces maintenance needs, ensuring long-term reliability.<br \/>SHOW YOUR CONSTRUCTION &#8211; Tempered glass side panel offers a clear view of your meticulously crafted construction. Showcase your high-performance components and stunning RGB lighting setup in all their glory, making your PC stand out from the crowd.<br \/>STAY COOL, STAY POWERFUL &#8211; Equipped with 3 Rainbow fans, this ATX computer case ensures optimal airflow and heat dissipation. Supports up to 8 fans and a 280mm RAD for efficient cooling. Keep your components cool even during intense gaming sessions and unleash the full potential of your PC.<br \/>THOUGHTFUL DESIGN FOR SCIENCE &#8211; Obsessive details design, magnetic dust filter on the top of PC case and panel dust filter to reduce dust to keep your components dust free, also non-slip bottom structure to prevent slipping or sliding on various surfaces. Elevate your PC building experience with our darkFlash ATX Crystal ATX Case.<br \/>EASY INSTALLATION &#8211; With its user-friendly design, this darkFlash PC case makes installation a breeze. Enjoy hassle-free cable management and quick access to your components, making upgrades and maintenance effortless.<br \/>[After-Sales Guarantee] Experience peace of mind with darkFlash brand and our exceptional 1-year warranty for computer cases. We prioritize customer satisfaction and provide first-class product quality to ensure a professional user experience.<\/p>\n\n","protected":false},"excerpt":{"rendered":"<p> From the brand Aumente su experiencia de juego! Bienvenido a DarkFlash, su primera direcci\u00f3n para<\/p>","protected":false},"featured_media":37180,"comment_status":"open","ping_status":"closed","template":"","meta":[],"product_brand":[],"product_cat":[74],"product_tag":[7456,1374,1370,1458,1364,1371,994,539,1367,10367,1378,10980,1911,617,1363,1677,1041,2449,1365,1375,1369,1033,1362,1575,625,829,885,1366,3225,1676,1368,1159,10981],"class_list":{"0":"post-37179","1":"product","2":"type-product","3":"status-publish","4":"has-post-thumbnail","6":"product_cat-cases","7":"product_tag-3x120mm","8":"product_tag-airflow","9":"product_tag-airflow-pc-case","10":"product_tag-atx","11":"product_tag-atx-case","12":"product_tag-best-pc-case","13":"product_tag-case","14":"product_tag-computer","15":"product_tag-computer-cabinet","16":"product_tag-darkflash","17":"product_tag-fans","18":"product_tag-fix","19":"product_tag-front","20":"product_tag-gaming","21":"product_tag-gaming-pc-case","22":"product_tag-glass","23":"product_tag-large","24":"product_tag-mesh","25":"product_tag-mid-tower-case","26":"product_tag-midtower","27":"product_tag-mini-itx-case","28":"product_tag-panel","29":"product_tag-pc-case","30":"product_tag-preinstalled","31":"product_tag-ready","32":"product_tag-removable","33":"product_tag-rgb","34":"product_tag-rgb-pc-case","35":"product_tag-side","36":"product_tag-tempered","37":"product_tag-tempered-glass-case","38":"product_tag-usb3-0","39":"product_tag-whitedrx70","41":"first","42":"instock","43":"shipping-taxable","44":"product-type-external"},"_links":{"self":[{"href":"https:\/\/comprasyconsejos.store\/en\/wp-json\/wp\/v2\/product\/37179","targetHints":{"allow":["GET"]}}],"collection":[{"href":"https:\/\/comprasyconsejos.store\/en\/wp-json\/wp\/v2\/product"}],"about":[{"href":"https:\/\/comprasyconsejos.store\/en\/wp-json\/wp\/v2\/types\/product"}],"replies":[{"embeddable":true,"href":"https:\/\/comprasyconsejos.store\/en\/wp-json\/wp\/v2\/comments?post=37179"}],"version-history":[{"count":0,"href":"https:\/\/comprasyconsejos.store\/en\/wp-json\/wp\/v2\/product\/37179\/revisions"}],"wp:featuredmedia":[{"embeddable":true,"href":"https:\/\/comprasyconsejos.store\/en\/wp-json\/wp\/v2\/media\/37180"}],"wp:attachment":[{"href":"https:\/\/comprasyconsejos.store\/en\/wp-json\/wp\/v2\/media?parent=37179"}],"wp:term":[{"taxonomy":"product_brand","embeddable":true,"href":"https:\/\/comprasyconsejos.store\/en\/wp-json\/wp\/v2\/product_brand?post=37179"},{"taxonomy":"product_cat","embeddable":true,"href":"https:\/\/comprasyconsejos.store\/en\/wp-json\/wp\/v2\/product_cat?post=37179"},{"taxonomy":"product_tag","embeddable":true,"href":"https:\/\/comprasyconsejos.store\/en\/wp-json\/wp\/v2\/product_tag?post=37179"}],"curies":[{"name":"wp","href":"https:\/\/api.w.org\/{rel}","templated":true}]}}