{"id":37191,"date":"2026-03-03T15:25:06","date_gmt":"2026-03-03T15:25:06","guid":{"rendered":"https:\/\/comprasyconsejos.store\/product\/logitech-g-pro-x-superlight-2-lightspeed-wireless-gaming-mouse-lightweight-lightforce-hybrid-switches-hero-2-sensor-32000-dpi-5-programmable-buttons-usb-c-pc-mac-black\/"},"modified":"2026-03-03T15:25:08","modified_gmt":"2026-03-03T15:25:08","slug":"logitech-g-pro-x-superlight-2-lightspeed-wireless-gaming-mouse-lightweight-lightforce-hybrid-switches-hero-2-sensor-32000-dpi-5-programmable-buttons-usb-c-pc-mac-black","status":"publish","type":"product","link":"https:\/\/comprasyconsejos.store\/en\/product\/logitech-g-pro-x-superlight-2-lightspeed-wireless-gaming-mouse-lightweight-lightforce-hybrid-switches-hero-2-sensor-32000-dpi-5-programmable-buttons-usb-c-pc-mac-black\/","title":{"rendered":"Logitech G PRO X SUPERLIGHT 2 LIGHTSPEED Wireless Gaming Mouse, Lightweight, LIGHTFORCE Hybrid Switches, HERO 2 Sensor, 32,000 dpi, 5 Programmable Buttons, USB-C, PC &#038; Mac &#8211; Black"},"content":{"rendered":"<p>Price: <span style=\"color:#b12704\"><del>\u20ac169.00<\/del> - \u20ac119.00<\/span><br \/><i><small>(as of Mar 03, 2026 15:25:06 UTC &#8211; <span class=\"wp_automatic_amazon_disclaimer\" title=\"Product prices and availability are accurate as of the date\/time indicated and are subject to change. Any price and availability information displayed on [relevant Amazon Site(s), as applicable] at the time of purchase will apply to the purchase of this product.\">Details<\/span>)<\/small><\/i><\/p>\n<p><a href=\"https:\/\/amazon.es\/dp\/B07W5JKP66?tag=man008-21\"><img decoding=\"async\" src=\"https:\/\/valvepress.s3.amazonaws.com\/imgs\/buy_now.png\"><\/a><br \/>\n<\/p>\n<p>                                             From the manufacturer   <\/p>\n<p>The video showcases the product in use.The video guides you through product setup.The video compares multiple products.The video shows the product being unpacked. PRO X SUPERLIGHT 2 Merchant video<\/p>\n<p>                                                                                                       <img decoding=\"async\" alt=\"aplus content image\" src=\"https:\/\/images-na.ssl-images-amazon.com\/images\/G\/01\/x-locale\/common\/grey-pixel.gif\" class=\"a-lazy-loaded\" data-src=\"https:\/\/m.media-amazon.com\/images\/S\/aplus-media-library-service-media\/b13b1479-b963-4ba5-9765-92abd420e74e.__CR0,0,1464,600_PT0_SX1464_V1___.jpg\"><img decoding=\"async\" alt=\"aplus content image\" src=\"https:\/\/m.media-amazon.com\/images\/S\/aplus-media-library-service-media\/b13b1479-b963-4ba5-9765-92abd420e74e.__CR0,0,1464,600_PT0_SX1464_V1___.jpg\">                                                                                    DISE\u00d1ADO CON PROFESIONALES. CONCEBIDO PARA GANAR.                                        <\/p>\n<p class=\"aplus-p2 aplus-module-2-description\"> M\u00e1s r\u00e1pido. M\u00e1s preciso. Fabricado con conocimientos profesionales. Hemos perfeccionado la nueva generaci\u00f3n de nuestro rat\u00f3n para gaming profesional de 60 g gracias a la colaboraci\u00f3n con los mejores jugadores d\u0435l mundo. <\/p>\n<p>                                                                                                       <img decoding=\"async\" alt=\"aplus content image\" src=\"https:\/\/images-na.ssl-images-amazon.com\/images\/G\/01\/x-locale\/common\/grey-pixel.gif\" class=\"a-lazy-loaded\" data-src=\"https:\/\/m.media-amazon.com\/images\/S\/aplus-media-library-service-media\/eb859e90-e79e-40c3-a772-748ad9b74f19.__CR0,0,1464,600_PT0_SX1464_V1___.jpg\"><img decoding=\"async\" alt=\"aplus content image\" src=\"https:\/\/m.media-amazon.com\/images\/S\/aplus-media-library-service-media\/eb859e90-e79e-40c3-a772-748ad9b74f19.__CR0,0,1464,600_PT0_SX1464_V1___.jpg\">                                                                                    LA FORMA DETR\u00c1S DE LOS CAMPEONES                                        <\/p>\n<p class=\"aplus-p2 aplus-module-2-description\"> La forma sim\u00e9trica y de perfil bajo del SUPERLIGHT 2 permite movimientos r\u00e1pidos, un control estable y un dominio constante. <\/p>\n<p>                                                                                     <img decoding=\"async\" alt=\"aplus content image\" src=\"https:\/\/m.media-amazon.com\/images\/S\/aplus-media-library-service-media\/5962cacd-23c0-4518-b0c9-759c59f0b371.__CR0,0,1464,600_PT0_SX1464_V1___.jpg\">                                                    EL SENSOR M\u00c1S AVANZADO EN GAMING                                         <\/p>\n<p class=\"aplus-p3\"> SUPERLIGHT 2 est\u00e1 equipado con HERO 2, que ofrece una tasa de sondeo inal\u00e1mbrico de 8 kHz y registra hasta 88 g de aceleraci\u00f3n a 888 pulgadas por segundo. <\/p>\n<p>                                                                                     <img decoding=\"async\" alt=\"aplus content image\" src=\"https:\/\/m.media-amazon.com\/images\/S\/aplus-media-library-service-media\/aec4bc52-cd21-4d76-a342-5abf249eaa8b.__CR0,0,1464,600_PT0_SX1464_V1___.jpg\">                                                    INTERRUPTORES LIGHTFORCE.                                         <\/p>\n<p class=\"aplus-p3\"> Los interruptores LIGHTFORCE combinan la velocidad de la tecnolog\u00eda \u00f3ptica con la sensaci\u00f3n y la eficiencia de la mec\u00e1nica.\u2028 R\u00e1pido. Satisfactorio. Creado para ganar. <\/p>\n<p>                                                                                     <img decoding=\"async\" alt=\"Fondo oscuro con texto o im\u00e1genes apenas visibles, parece ser un marcador de posici\u00f3n o un separador de secciones.\" src=\"https:\/\/m.media-amazon.com\/images\/S\/aplus-media-library-service-media\/a3cab8c0-9334-4ef4-b220-1f44f7b7b497.__CR0,0,1464,600_PT0_SX1464_V1___.jpg\">                                                    DURACI\u00d3N DE BATER\u00cdA DE 95 HORAS                                         <\/p>\n<p class=\"aplus-p3\"> HERO 2. LIGHTFORCE. LIGHTSPEED. Todo ello consigue una autonom\u00eda de hasta 95 horas con una sola carga. Carga r\u00e1pidamente con USB-C y sigue jugando. <\/p>\n<p>                                                                                                       <img decoding=\"async\" alt=\"aplus content image\" src=\"https:\/\/images-na.ssl-images-amazon.com\/images\/G\/01\/x-locale\/common\/grey-pixel.gif\" class=\"a-lazy-loaded\" data-src=\"https:\/\/m.media-amazon.com\/images\/S\/aplus-media-library-service-media\/3d715e62-4e9d-472e-b1b1-5ded8aa9aa8d.__CR0,0,1464,600_PT0_SX1464_V1___.jpg\"><img decoding=\"async\" alt=\"aplus content image\" src=\"https:\/\/m.media-amazon.com\/images\/S\/aplus-media-library-service-media\/3d715e62-4e9d-472e-b1b1-5ded8aa9aa8d.__CR0,0,1464,600_PT0_SX1464_V1___.jpg\">                                                                                    \u00abNo usar\u00eda ning\u00fan otro rat\u00f3n.\u00bb                                        <\/p>\n<p class=\"aplus-p2 aplus-module-2-description\"> benjyfishy <\/p>\n<p class=\"aplus-p2 aplus-module-2-description\"> Dos veces subcampe\u00f3n d\u0435l mund\u043e <\/p>\n<p>                                                                                                       <img decoding=\"async\" alt=\"aplus content image\" src=\"https:\/\/images-na.ssl-images-amazon.com\/images\/G\/01\/x-locale\/common\/grey-pixel.gif\" class=\"a-lazy-loaded\" data-src=\"https:\/\/m.media-amazon.com\/images\/S\/aplus-media-library-service-media\/16295f22-b9ff-491e-bc26-a28225cbc8ee.__CR0,0,1464,600_PT0_SX1464_V1___.jpg\"><img decoding=\"async\" alt=\"aplus content image\" src=\"https:\/\/m.media-amazon.com\/images\/S\/aplus-media-library-service-media\/16295f22-b9ff-491e-bc26-a28225cbc8ee.__CR0,0,1464,600_PT0_SX1464_V1___.jpg\">                                                                                    LA ELECCI\u00d3N DE LOS CAMPEONES                                        <\/p>\n<p class=\"aplus-p2 aplus-module-2-description\"> 17 trofeos ganados por equipos asociados en 2024, 44 equipos asociados a PRO y m\u00e1s de 300 deportistas de esports asociados a PRO. En 2024, el 61,5 % de los campeonatos de League of Legends los ganaron equipos asociados a PRO. <\/p>\n<p>                                                                                                       <img decoding=\"async\" alt=\"Serie de fotograf\u00edas oscuras y t\u00e9cnicas de productos que muestran la iluminaci\u00f3n LED azul o las caracter\u00edsticas de iluminaci\u00f3n sobre un fondo negro, haciendo hincapi\u00e9 en los aspectos tecnol\u00f3gicos.\" src=\"https:\/\/images-na.ssl-images-amazon.com\/images\/G\/01\/x-locale\/common\/grey-pixel.gif\" class=\"a-lazy-loaded\" data-src=\"https:\/\/m.media-amazon.com\/images\/S\/aplus-media-library-service-media\/5fa0ec3a-8fd2-42a7-8993-e9d1550d5c68.__CR0,0,1464,600_PT0_SX1464_V1___.jpg\"><img decoding=\"async\" alt=\"Serie de fotograf\u00edas oscuras y t\u00e9cnicas de productos que muestran la iluminaci\u00f3n LED azul o las caracter\u00edsticas de iluminaci\u00f3n sobre un fondo negro, haciendo hincapi\u00e9 en los aspectos tecnol\u00f3gicos.\" src=\"https:\/\/m.media-amazon.com\/images\/S\/aplus-media-library-service-media\/5fa0ec3a-8fd2-42a7-8993-e9d1550d5c68.__CR0,0,1464,600_PT0_SX1464_V1___.jpg\">                                                                                    MOLDEADOS POR LA CIENCIA Y LAS SCRIMS                                        <\/p>\n<p class=\"aplus-p2 aplus-module-2-description\"> El equipo de PRO Series se dise\u00f1a en el laboratorio y se prueba en condiciones reales. Los mejores profesionales de los esports trabajan con dise\u00f1adores para perfeccionar cada curva, contorno y clic. Esta informaci\u00f3n ayuda a que PRO Series tenga una ventaja competitiva. <\/p>\n<p> Batteries                                            \u200f                                            :                                            \u200e                                            1 Lithium Ion batteries required. (included)   <br \/> Language                                            \u200f                                            :                                            \u200e                                            English   <br \/> Product Dimensions                                            \u200f                                            :                                            \u200e                                            12.5 x 6.35 x 4 cm; 60 g   <br \/> Manufacturer                                            \u200f                                            :                                            \u200e                                            Logitech   <br \/> ASIN                                            \u200f                                            :                                            \u200e                                            B07W5JKP66   <br \/> Item model number                                            \u200f                                            :                                            \u200e                                            910-006631   <br \/> Country of origin                                            \u200f                                            :                                            \u200e                                            China   <br \/> Guaranteed software updates until                                            \u200f                                            :                                            \u200e                                            unknown   <br \/>  Customer reviews:                                                                                            4.6               4.6 out of 5 stars                                  (3,448)                                              var dpAcrHasRegisteredArcLinkClickAction;                    P.when(&#8216;A&#8217;, &#8216;ready&#8217;).execute(function(A) {                        if (dpAcrHasRegisteredArcLinkClickAction !== true) {                            dpAcrHasRegisteredArcLinkClickAction = true;                            A.declarative(                                &#8216;acrLink-click-metrics&#8217;, &#8216;click&#8217;,                                { \u00aballowLinkDefault\u00bb: true },                                function (event) {                                    if (window.ue) {                                        ue.count(\u00abacrLinkClickCount\u00bb, (ue.count(\u00abacrLinkClickCount\u00bb) || 0) + 1);                                    }                                }                            );                        }                    });                                             P.when(&#8216;A&#8217;, &#8216;cf&#8217;).execute(function(A) {                A.declarative(&#8216;acrStarsLink-click-metrics&#8217;, &#8216;click&#8217;, { \u00aballowLinkDefault\u00bb : true },  function(event){                    if(window.ue) {                        ue.count(\u00abacrStarsLinkWithPopoverClickCount\u00bb, (ue.count(\u00abacrStarsLinkWithPopoverClickCount\u00bb) || 0) + 1);                    }                });            });                          <\/p>\n<p>Our championship-winning wireless gaming mouse is now even better, with an 8kHz polling rate, USB-C charging, 95-hour battery life and POWERPLAY compatibility, all in 60g<br \/>Wireless gaming mouse: a professional gaming icon, now faster and more accurate; Designed in collaboration with top esports professionals and designed to win<br \/>THE MOST ADVANCED OPTICAL GAMING SENSOR: HERO 2 with 888+ IPS tracking, up to 44,000 DPI, accurate sensor calibration without smoothing, acceleration or filters on this gaming mouse<br \/>Additive-free PTFE mouse feet &#8211; this super lightweight mouse glides smoothly and connects to your game without interruptions thanks to its additive-free PTFE feet<br \/>PROFESSIONAL ACCURACY &#8211; LIGHTFORCE hybrid switches offer professional accuracy and reliability with tactile click.<br \/>Note: PRO Series statistics based on 2024 data from prosettings.net<\/p>\n\n","protected":false},"excerpt":{"rendered":"<p> From the manufacturer The video showcases the product in use.The video guides you through product<\/p>","protected":false},"featured_media":37192,"comment_status":"open","ping_status":"closed","template":"","meta":[],"product_brand":[],"product_cat":[50],"product_tag":[765,307,759,771,756,775,761,617,758,1595,3054,10096,859,956,748,774,767,163,961,763,760,959,764,10983,875,762,188,226,757],"class_list":{"0":"post-37191","1":"product","2":"type-product","3":"status-publish","4":"has-post-thumbnail","6":"product_cat-mouse","7":"product_tag-best-gaming-mouse","8":"product_tag-black","9":"product_tag-bluetooth-mouse","10":"product_tag-buttons","11":"product_tag-computer-mouse","12":"product_tag-dpi","13":"product_tag-ergonomic-mouse","14":"product_tag-gaming","15":"product_tag-gaming-mouse","16":"product_tag-hero","17":"product_tag-hybrid","18":"product_tag-lightforce","19":"product_tag-lightspeed","20":"product_tag-lightweight","21":"product_tag-logitech","22":"product_tag-mac","23":"product_tag-mouse","24":"product_tag-pro","25":"product_tag-programmable","26":"product_tag-rechargeable-mouse","27":"product_tag-rgb-mouse","28":"product_tag-sensor","29":"product_tag-silent-mouse","30":"product_tag-superlight","31":"product_tag-switches","32":"product_tag-usb-mouse","33":"product_tag-usbc","34":"product_tag-wireless","35":"product_tag-wireless-mouse","37":"first","38":"instock","39":"sale","40":"shipping-taxable","41":"product-type-external"},"_links":{"self":[{"href":"https:\/\/comprasyconsejos.store\/en\/wp-json\/wp\/v2\/product\/37191","targetHints":{"allow":["GET"]}}],"collection":[{"href":"https:\/\/comprasyconsejos.store\/en\/wp-json\/wp\/v2\/product"}],"about":[{"href":"https:\/\/comprasyconsejos.store\/en\/wp-json\/wp\/v2\/types\/product"}],"replies":[{"embeddable":true,"href":"https:\/\/comprasyconsejos.store\/en\/wp-json\/wp\/v2\/comments?post=37191"}],"version-history":[{"count":0,"href":"https:\/\/comprasyconsejos.store\/en\/wp-json\/wp\/v2\/product\/37191\/revisions"}],"wp:featuredmedia":[{"embeddable":true,"href":"https:\/\/comprasyconsejos.store\/en\/wp-json\/wp\/v2\/media\/37192"}],"wp:attachment":[{"href":"https:\/\/comprasyconsejos.store\/en\/wp-json\/wp\/v2\/media?parent=37191"}],"wp:term":[{"taxonomy":"product_brand","embeddable":true,"href":"https:\/\/comprasyconsejos.store\/en\/wp-json\/wp\/v2\/product_brand?post=37191"},{"taxonomy":"product_cat","embeddable":true,"href":"https:\/\/comprasyconsejos.store\/en\/wp-json\/wp\/v2\/product_cat?post=37191"},{"taxonomy":"product_tag","embeddable":true,"href":"https:\/\/comprasyconsejos.store\/en\/wp-json\/wp\/v2\/product_tag?post=37191"}],"curies":[{"name":"wp","href":"https:\/\/api.w.org\/{rel}","templated":true}]}}