{"id":37214,"date":"2026-03-03T17:14:06","date_gmt":"2026-03-03T17:14:06","guid":{"rendered":"https:\/\/comprasyconsejos.store\/product\/lenovo-legion-9-gen-10-gaming-notebook-ai-18-inch-wquxga-intel-core-ultra-9-275hx-nvidia-geforce-rtx-5080-440-hz-64-gb-ram-2-tb-ssd-wi-fi-7-win-11-pro-spanish-rgb-keyboard-black\/"},"modified":"2026-03-03T17:14:10","modified_gmt":"2026-03-03T17:14:10","slug":"lenovo-legion-9-gen-10-gaming-notebook-ai-18-inch-wquxga-intel-core-ultra-9-275hx-nvidia-geforce-rtx-5080-440-hz-64-gb-ram-2-tb-ssd-wi-fi-7-win-11-pro-spanish-rgb-keyboard-black","status":"publish","type":"product","link":"https:\/\/comprasyconsejos.store\/en\/product\/lenovo-legion-9-gen-10-gaming-notebook-ai-18-inch-wquxga-intel-core-ultra-9-275hx-nvidia-geforce-rtx-5080-440-hz-64-gb-ram-2-tb-ssd-wi-fi-7-win-11-pro-spanish-rgb-keyboard-black\/","title":{"rendered":"Lenovo Legion 9 Gen 10 \u2013 Gaming Notebook AI, 18 Inch WQUXGA (Intel Core Ultra 9 275HX, NVIDIA GeForce RTX 5080, 440 Hz, 64 GB RAM, 2 TB SSD, Wi-Fi 7, Win 11 Pro) Spanish RGB Keyboard- Black"},"content":{"rendered":"<p>Price: <span style=\"color:#b12704\"><del>\u20ac4,799.00<\/del> - \u20ac4,499.00<\/span><br \/><i><small>(as of Mar 03, 2026 17:14:06 UTC &#8211; <span class=\"wp_automatic_amazon_disclaimer\" title=\"Product prices and availability are accurate as of the date\/time indicated and are subject to change. Any price and availability information displayed on [relevant Amazon Site(s), as applicable] at the time of purchase will apply to the purchase of this product.\">Details<\/span>)<\/small><\/i><\/p>\n<p><a href=\"https:\/\/amazon.es\/dp\/B0FVZTVMT1?tag=man008-21\"><img decoding=\"async\" src=\"https:\/\/valvepress.s3.amazonaws.com\/imgs\/buy_now.png\"><\/a><br \/>\n<\/p>\n<p>                                             From the manufacturer   <\/p>\n<p>                                                                     Lenovo Legion 9i (18&#8243;, 10)                                            <img decoding=\"async\" alt=\"aplus content image\" src=\"https:\/\/images-na.ssl-images-amazon.com\/images\/G\/01\/x-locale\/common\/grey-pixel.gif\" class=\"a-lazy-loaded\" data-src=\"https:\/\/m.media-amazon.com\/images\/S\/aplus-media-library-service-media\/3aed1006-666b-4681-937f-a097a3ab4d5f.__CR0,0,1464,600_PT0_SX1464_V1___.jpg\"><img decoding=\"async\" alt=\"aplus content image\" src=\"https:\/\/m.media-amazon.com\/images\/S\/aplus-media-library-service-media\/3aed1006-666b-4681-937f-a097a3ab4d5f.__CR0,0,1464,600_PT0_SX1464_V1___.jpg\">                                               <\/p>\n<p>                                                                                                       <img decoding=\"async\" alt=\"aplus content image\" src=\"https:\/\/images-na.ssl-images-amazon.com\/images\/G\/01\/x-locale\/common\/grey-pixel.gif\" class=\"a-lazy-loaded\" data-src=\"https:\/\/m.media-amazon.com\/images\/S\/aplus-media-library-service-media\/c27e6800-7a15-4428-9568-02af847f080e.__CR0,0,1464,600_PT0_SX1464_V1___.jpg\"><img decoding=\"async\" alt=\"aplus content image\" src=\"https:\/\/m.media-amazon.com\/images\/S\/aplus-media-library-service-media\/c27e6800-7a15-4428-9568-02af847f080e.__CR0,0,1464,600_PT0_SX1464_V1___.jpg\">                                               <\/p>\n<p>The video showcases the product in use.The video guides you through product setup.The video compares multiple products.The video shows the product being unpacked. Lenovo Legion 9 Gen 10 Merchant video<\/p>\n<p>                                                                                                                    <img decoding=\"async\" alt=\"El texto dice \u00abULTRA + 9\u00bb e \u00abIntel Core\u00bb. Imagen de marketing t\u00e9cnico con fondo de tem\u00e1tica tecnol\u00f3gica te\u00f1ido de azul que muestra la marca de un procesador de ordenador.\" src=\"https:\/\/m.media-amazon.com\/images\/S\/aplus-media-library-service-media\/d46fcdc3-836d-4dcb-8023-2e56a734d965.__CR0,0,1464,600_PT0_SX1464_V1___.jpg\">                                                    <img decoding=\"async\" alt=\"El texto dice \u00abRompus les limites y algo sin restricciones\u00bb. Lugar oscuro para conciertos o eventos con iluminaci\u00f3n morada y pantallas iluminadas.\" src=\"https:\/\/m.media-amazon.com\/images\/S\/aplus-media-library-service-media\/e1e7bb27-a8f0-4428-8100-2b1f8b1e6cf7.__CR0,0,1464,600_PT0_SX1464_V1___.jpg\">                                                    <img decoding=\"async\" alt=\"Serie de im\u00e1genes que muestran la configuraci\u00f3n de juegos o entretenimiento con efectos de iluminaci\u00f3n LED verdes y pantallas de interfaz t\u00e9cnica.\" src=\"https:\/\/m.media-amazon.com\/images\/S\/aplus-media-library-service-media\/aff8f101-d449-4543-a9db-409f08031083.__CR0,0,1464,600_PT0_SX1464_V1___.jpg\">                                                    <img decoding=\"async\" alt=\"El texto dice \u00abNVIDIA DLSS 4: m\u00e1xima velocidad\u00bb. Imagen promocional de tecnolog\u00eda gr\u00e1fica o de juegos de tem\u00e1tica oscura con elementos geom\u00e9tricos iluminados.\" src=\"https:\/\/m.media-amazon.com\/images\/S\/aplus-media-library-service-media\/07ffb51c-ed86-4bce-8b6d-3ed428127d39.__CR0,0,1464,600_PT0_SX1464_V1___.jpg\">                                                    <img decoding=\"async\" alt=\"aplus content image\" src=\"https:\/\/m.media-amazon.com\/images\/S\/aplus-media-library-service-media\/1bfe3136-8d2d-492e-a951-e44084a74da8.__CR0,0,1464,600_PT0_SX1464_V1___.jpg\"><br \/>\n                            1 Intel Core Ultra 9 275HX <\/p>\n<p>                            2 Lenovo AI Engine+ <\/p>\n<p>                            3 NVIDIA GeForce RTX 5080 <\/p>\n<p>                            4 NVIDIA DLSS 4 <\/p>\n<p>                            5 Legion Coldfront: Vapor <\/p>\n<p>                                                                                                                    <img decoding=\"async\" alt=\"La pantalla del monitor para juegos muestra \u00abG SYNC\u00bb, \u00abDolby\u00bb, \u00ab240 Hz\u00bb, \u00abHDR\u00bb y otras especificaciones t\u00e9cnicas sobre un fondo oscuro con efectos de iluminaci\u00f3n azul.\" src=\"https:\/\/m.media-amazon.com\/images\/S\/aplus-media-library-service-media\/1cb07663-2725-4997-adf5-0a680745b405.__CR0,0,1464,600_PT0_SX1464_V1___.jpg\">                                                    <img decoding=\"async\" alt=\"aplus content image\" src=\"https:\/\/m.media-amazon.com\/images\/S\/aplus-media-library-service-media\/c1dbddd7-4eb7-4b38-8845-b5e09c5dfa14.__CR0,0,1464,600_PT0_SX1464_V1___.jpg\">                                                    <img decoding=\"async\" alt=\"aplus content image\" src=\"https:\/\/m.media-amazon.com\/images\/S\/aplus-media-library-service-media\/6164e8cd-5a3f-4a8d-a9ca-dc3435311060.__CR0,0,1464,600_PT0_SX1464_V1___.jpg\">                                                    <img decoding=\"async\" alt=\"aplus content image\" src=\"https:\/\/m.media-amazon.com\/images\/S\/aplus-media-library-service-media\/2ade508c-85df-485d-8913-aca9bb685393.__CR0,0,1464,600_PT0_SX1464_V1___.jpg\">                                                    <img decoding=\"async\" alt=\"El texto dice \u00abLEGION SPACE\u00bb. Interfaz de juego o pantalla de software de color morado oscuro con elementos geom\u00e9tricos y efectos de iluminaci\u00f3n.\" src=\"https:\/\/m.media-amazon.com\/images\/S\/aplus-media-library-service-media\/7ac6fa32-ecdd-4aae-a848-e3a07671a6ae.__CR0,0,1464,600_PT0_SX1464_V1___.jpg\"><br \/>\n                            1 Pantalla IPS 3D 18&#8243; <\/p>\n<p>                            2 Teclado TrueStrike <\/p>\n<p>                            3 Audio Nahimic <\/p>\n<p>                            4 PC Game Pass <\/p>\n<p>                            5 Legion Space <\/p>\n<p>                                                                                                              <img decoding=\"async\" alt=\"aplus content image\" src=\"https:\/\/m.media-amazon.com\/images\/S\/aplus-media-library-service-media\/df1678e8-1485-49ff-aea6-79f95d57b154.__CR0,0,1464,600_PT0_SX1464_V1___.jpg\">                                                    <img decoding=\"async\" alt=\"aplus content image\" src=\"https:\/\/m.media-amazon.com\/images\/S\/aplus-media-library-service-media\/ba1eabfc-04c1-4038-a2fc-1b6513810d94.__CR0,0,1464,600_PT0_SX1464_V1___.jpg\"><br \/>\n                            1 Lenovo 3D Studio <\/p>\n<p>                            2 Cuidado visual <\/p>\n<p>                                                                                                       <img decoding=\"async\" alt=\"El texto dice \u00abPuertos y ranuras\u00bb. Diagrama t\u00e9cnico que muestra los dise\u00f1os y configuraciones de los puertos de las computadoras con un fondo iluminado en azul e indicadores de conexi\u00f3n blancos.\" src=\"https:\/\/images-na.ssl-images-amazon.com\/images\/G\/01\/x-locale\/common\/grey-pixel.gif\" class=\"a-lazy-loaded\" data-src=\"https:\/\/m.media-amazon.com\/images\/S\/aplus-media-library-service-media\/eb6ea7c2-25ed-4db7-b26d-7d0e4c7cdd66.__CR0,0,1464,600_PT0_SX1464_V1___.jpg\"><img decoding=\"async\" alt=\"El texto dice \u00abPuertos y ranuras\u00bb. Diagrama t\u00e9cnico que muestra los dise\u00f1os y configuraciones de los puertos de las computadoras con un fondo iluminado en azul e indicadores de conexi\u00f3n blancos.\" src=\"https:\/\/m.media-amazon.com\/images\/S\/aplus-media-library-service-media\/eb6ea7c2-25ed-4db7-b26d-7d0e4c7cdd66.__CR0,0,1464,600_PT0_SX1464_V1___.jpg\">                                               <\/p>\n<p> Package Dimensions                                            \u200f                                            :                                            \u200e                                            64.5 x 36.3 x 11 cm; 3.75 kg   <br \/> Manufacturer                                            \u200f                                            :                                            \u200e                                            Lenovo   <br \/> ASIN                                            \u200f                                            :                                            \u200e                                            B0FVZTVMT1   <br \/> Country of origin                                            \u200f                                            :                                            \u200e                                            China   <br \/> Guaranteed software updates until                                            \u200f                                            :                                            \u200e                                            unknown   <br \/>  Customer reviews:                                                                                            5.0               5.0 out of 5 stars                                  (5)                                              var dpAcrHasRegisteredArcLinkClickAction;                    P.when(&#8216;A&#8217;, &#8216;ready&#8217;).execute(function(A) {                        if (dpAcrHasRegisteredArcLinkClickAction !== true) {                            dpAcrHasRegisteredArcLinkClickAction = true;                            A.declarative(                                &#8216;acrLink-click-metrics&#8217;, &#8216;click&#8217;,                                { \u00aballowLinkDefault\u00bb: true },                                function (event) {                                    if (window.ue) {                                        ue.count(\u00abacrLinkClickCount\u00bb, (ue.count(\u00abacrLinkClickCount\u00bb) || 0) + 1);                                    }                                }                            );                        }                    });                                             P.when(&#8216;A&#8217;, &#8216;cf&#8217;).execute(function(A) {                A.declarative(&#8216;acrStarsLink-click-metrics&#8217;, &#8216;click&#8217;, { \u00aballowLinkDefault\u00bb : true },  function(event){                    if(window.ue) {                        ue.count(\u00abacrStarsLinkWithPopoverClickCount\u00bb, (ue.count(\u00abacrStarsLinkWithPopoverClickCount\u00bb) || 0) + 1);                    }                });            });                          <\/p>\n<p>A new dimension of performance: The 16GB NVIDIA GeForce RTX 5080 GPU delivers real-time rendering, AI-enhanced workflows and ray tracing, generating images at unprecedented speed<br \/>Superior Gaming and Productivity: The 24-core Intel Core Ultra 9 275HX processor lets you enjoy ultra-smooth gameplay, smooth multitasking, and AI-accelerated creative tasks<br \/>Legendary visuals: The Legion 9 lets you enjoy the 18&#8243; WQUXGA display for video game development, video effects and gaming, as well as effortlessly switch from 4K at 240Hz to HD at 440Hz for extreme speed<br \/>Legion Coldfront: Steam, implements the future of cooling technology with huge steam chambers, advanced fans with four turbochargers and dedicated heat sinks for key components<br \/>Enhanced experience: Legion Space provides access to custom system configurations, exclusive offerings and diverse AI-based tools, while optional Lenovo 3D Studio software uses advanced AI for the creation and consumption of immersive 3D content on select displays<\/p>\n\n","protected":false},"excerpt":{"rendered":"<p> From the manufacturer Lenovo Legion 9i (18&#8243;, 10) The video showcases the product in use.The<\/p>","protected":false},"featured_media":37215,"comment_status":"open","ping_status":"closed","template":"","meta":[],"product_brand":[],"product_cat":[86],"product_tag":[526,5272,520,307,698,617,519,524,521,525,522,620,855,523,584,562,518,5271,1054,1067,821,528,163,587,885,527,621,5273,513,222,543,586,11001],"class_list":{"0":"post-37214","1":"product","2":"type-product","3":"status-publish","4":"has-post-thumbnail","6":"product_cat-gaming-laptop","7":"product_tag-144hz-gaming-laptop","8":"product_tag-275hx","9":"product_tag-best-gaming-laptop","10":"product_tag-black","11":"product_tag-core","12":"product_tag-gaming","13":"product_tag-gaming-laptop","14":"product_tag-gaming-laptop-16gb-ram","15":"product_tag-gaming-laptop-rtx","16":"product_tag-gaming-laptop-ssd","17":"product_tag-gaming-laptop-under-budget","18":"product_tag-geforce","19":"product_tag-gen","20":"product_tag-high-performance-laptop","21":"product_tag-inch","22":"product_tag-intel","23":"product_tag-keyboard","24":"product_tag-legion","25":"product_tag-lenovo","26":"product_tag-notebook","27":"product_tag-nvidia","28":"product_tag-portable-gaming-laptop","29":"product_tag-pro","30":"product_tag-ram","31":"product_tag-rgb","32":"product_tag-rgb-gaming-laptop","33":"product_tag-rtx","34":"product_tag-spanish","35":"product_tag-ssd","36":"product_tag-ultra","37":"product_tag-wifi","38":"product_tag-win","39":"product_tag-wquxga","41":"first","42":"instock","43":"sale","44":"shipping-taxable","45":"product-type-external"},"_links":{"self":[{"href":"https:\/\/comprasyconsejos.store\/en\/wp-json\/wp\/v2\/product\/37214","targetHints":{"allow":["GET"]}}],"collection":[{"href":"https:\/\/comprasyconsejos.store\/en\/wp-json\/wp\/v2\/product"}],"about":[{"href":"https:\/\/comprasyconsejos.store\/en\/wp-json\/wp\/v2\/types\/product"}],"replies":[{"embeddable":true,"href":"https:\/\/comprasyconsejos.store\/en\/wp-json\/wp\/v2\/comments?post=37214"}],"version-history":[{"count":0,"href":"https:\/\/comprasyconsejos.store\/en\/wp-json\/wp\/v2\/product\/37214\/revisions"}],"wp:featuredmedia":[{"embeddable":true,"href":"https:\/\/comprasyconsejos.store\/en\/wp-json\/wp\/v2\/media\/37215"}],"wp:attachment":[{"href":"https:\/\/comprasyconsejos.store\/en\/wp-json\/wp\/v2\/media?parent=37214"}],"wp:term":[{"taxonomy":"product_brand","embeddable":true,"href":"https:\/\/comprasyconsejos.store\/en\/wp-json\/wp\/v2\/product_brand?post=37214"},{"taxonomy":"product_cat","embeddable":true,"href":"https:\/\/comprasyconsejos.store\/en\/wp-json\/wp\/v2\/product_cat?post=37214"},{"taxonomy":"product_tag","embeddable":true,"href":"https:\/\/comprasyconsejos.store\/en\/wp-json\/wp\/v2\/product_tag?post=37214"}],"curies":[{"name":"wp","href":"https:\/\/api.w.org\/{rel}","templated":true}]}}