{"id":37232,"date":"2026-03-03T18:23:30","date_gmt":"2026-03-03T18:23:30","guid":{"rendered":"https:\/\/comprasyconsejos.store\/product\/external-cd-dvd-reader-external-cd-dvd-writer-with-usb-3-0-and-type-c-external-usb-cd-dvd-rw-super-drive-floppy-drive-external-cd-reader-for-laptop-pc-imac-macbook-windows-11-10-8-xp-linux\/"},"modified":"2026-03-03T18:23:45","modified_gmt":"2026-03-03T18:23:45","slug":"external-cd-dvd-reader-external-cd-dvd-writer-with-usb-3-0-and-type-c-external-usb-cd-dvd-rw-super-drive-floppy-drive-external-cd-reader-for-laptop-pc-imac-macbook-windows-11-10-8-xp-linux","status":"publish","type":"product","link":"https:\/\/comprasyconsejos.store\/en\/product\/external-cd-dvd-reader-external-cd-dvd-writer-with-usb-3-0-and-type-c-external-usb-cd-dvd-rw-super-drive-floppy-drive-external-cd-reader-for-laptop-pc-imac-macbook-windows-11-10-8-xp-linux\/","title":{"rendered":"External CD \/ DVD Reader, External CD DVD Writer with USB 3.0 and Type-C, External USB CD\/DVD-RW Super Drive Floppy Drive, External CD Reader for Laptop, PC, iMac, Macbook, Windows 11\/10\/8\/XP\/Linux"},"content":{"rendered":"<p>Price: <span style=\"color:#b12704\">\u20ac24.99<\/span><br \/><i><small>(as of Mar 03, 2026 18:23:31 UTC &#8211; <span class=\"wp_automatic_amazon_disclaimer\" title=\"Product prices and availability are accurate as of the date\/time indicated and are subject to change. Any price and availability information displayed on [relevant Amazon Site(s), as applicable] at the time of purchase will apply to the purchase of this product.\">Details<\/span>)<\/small><\/i><\/p>\n<p><a href=\"https:\/\/amazon.es\/dp\/B0CX1H6SGN?tag=man008-21\"><img decoding=\"async\" src=\"https:\/\/valvepress.s3.amazonaws.com\/imgs\/buy_now.png\"><\/a><br \/>\n<\/p>\n<p>                                             Product Description   <\/p>\n<p>                                                                             <img decoding=\"async\" alt=\"un ordenador port\u00e1til sentado encima de una mesa.\" src=\"https:\/\/images-na.ssl-images-amazon.com\/images\/G\/01\/x-locale\/common\/grey-pixel.gif\" class=\"a-spacing-base a-lazy-loaded\" data-src=\"https:\/\/m.media-amazon.com\/images\/S\/aplus-media-library-service-media\/8be775dc-9757-409f-8464-d42b71ff4d0c.__CR0,0,970,600_PT0_SX970_V1___.jpg\"><img decoding=\"async\" alt=\"un ordenador port\u00e1til sentado encima de una mesa.\" src=\"https:\/\/m.media-amazon.com\/images\/S\/aplus-media-library-service-media\/8be775dc-9757-409f-8464-d42b71ff4d0c.__CR0,0,970,600_PT0_SX970_V1___.jpg\">                                         <\/p>\n<h3 class=\"a-spacing-mini\"> QDSYLQ &#8211; Grabador externo de CD y DVD (USB 3.0 y tipo C, port\u00e1til, grabadora de DVD para port\u00e1tiles, de escritorio, iMac, MacBook Air\/Pro <\/h3>\n<p class=\"a-spacing-base\"> Unidad externa USB 3.0 DVD CD compatible con MacBook, PC, ordenador port\u00e1til. Puedes ver pel\u00edculas, jugar juegos, escuchar m\u00fasica. Tambi\u00e9n puede copiar archivos de transferencia, pel\u00edculas a un CD\/DVD, instalar software y crear discos de copia de seguridad, etc. <\/p>\n<p class=\"a-spacing-base\"> Consejos: <\/p>\n<p class=\"a-spacing-base\"> La unidad no es adecuada para coches, televisores, tabletas. Esta unidad de CD\/DVD no admite discos Blu-ray. Conecta directamente al puerto USB de tu ordenador. Wenn Sie ihn an den USB-Hub oder Verl\u00e4ngerungskabel anschlie\u00dfen, kann er den Treiber m\u00f6glicherweise nicht erkennen oder die CD\/DVD nicht lesen en.Desktop-PC-Anschluss: Conecta el dispositivo al puerto USB de la placa base para un uso normal. Hemos propuesto descargar el reproductor multimedia VLC para reproducir DVD y CD. Para el port\u00e1til tiene una fuente de alimentaci\u00f3n suficiente para grabar CD\/DVD, puedes utilizar el cable de carga al grabar. <\/p>\n<p>                                                                                                                                                                                                                                                                                                                                                       Formatos compatibles:                                    DVD-ROM, DVD-Video, CD-R \/ RW, CD- ROM \/ XA, CD-ROM, CD-EXTRA, CD-TEXT                                        Tipos de medios compatibles:                                    CD-ROM, CD-R, CD-RW, DVD-ROM, DVD-R, DVD-RW, DVD + RW, DVD + R, DVD + R DL, DVD-R DL, DVD-RAM                                        Velocidad de lectura:                                    CD-ROM: 24x Max; DVD-ROM: 8x Max; DVD-ROM (DL): 6x Max                                        Velocidad de escritura:                                    24x CD-R, 8x CD-RW, DVD \u00b1 R: 8X m\u00e1x; DVD \u00b1 R DL: 4X max; DVD-R \u00b1 9: 2,4 x m\u00e1x                                        Velocidad de reescritura:                                    DVD + RW: 4X Max; DVD-RW: 4x Max; CD-RW: 10 x m\u00e1x. DVD-RAM: 3X M\u00e1x                                        Dimensiones del producto:                                    Aprox. 14,5 x 14,5 x 1,6 cm                                        Peso neto:                                    300 g                                        Longitud de                                    25,5 cm                                        Material:                                    ABS                                        Corriente de entrada:                                    5 V 1,1\/1,5 A                                        Funci\u00f3n de correcci\u00f3n de errores:                                    Apoyo                  <\/p>\n<p>                                                                             <img decoding=\"async\" alt=\"Unidad de DVD externa\" src=\"https:\/\/images-na.ssl-images-amazon.com\/images\/G\/01\/x-locale\/common\/grey-pixel.gif\" class=\"a-spacing-base a-lazy-loaded\" data-src=\"https:\/\/m.media-amazon.com\/images\/S\/aplus-media-library-service-media\/a2a8aed3-1b41-42ba-956e-351e259e7629.__CR0,0,970,600_PT0_SX970_V1___.jpg\"><img decoding=\"async\" alt=\"Unidad de DVD externa\" src=\"https:\/\/m.media-amazon.com\/images\/S\/aplus-media-library-service-media\/a2a8aed3-1b41-42ba-956e-351e259e7629.__CR0,0,970,600_PT0_SX970_V1___.jpg\">                                                                       <\/p>\n<p>                                                                             <img decoding=\"async\" alt=\"el mejor adaptador hdmi para ordenadores port\u00e1tiles\" src=\"https:\/\/images-na.ssl-images-amazon.com\/images\/G\/01\/x-locale\/common\/grey-pixel.gif\" class=\"a-spacing-base a-lazy-loaded\" data-src=\"https:\/\/m.media-amazon.com\/images\/S\/aplus-media-library-service-media\/dedd4654-fdee-4b15-943e-ba375689a58e.__CR0,0,970,600_PT0_SX970_V1___.jpg\"><img decoding=\"async\" alt=\"el mejor adaptador hdmi para ordenadores port\u00e1tiles\" src=\"https:\/\/m.media-amazon.com\/images\/S\/aplus-media-library-service-media\/dedd4654-fdee-4b15-943e-ba375689a58e.__CR0,0,970,600_PT0_SX970_V1___.jpg\">                                         <\/p>\n<h3 class=\"a-spacing-mini\"> Con tecnolog\u00eda USB 3.0 y tipo C <\/h3>\n<p class=\"a-spacing-base\"> Esta unidad \u00f3ptica externa alimenta y transfiere datos a trav\u00e9s de un cable USB 3.0 con tecnolog\u00eda de baja potencia, puertos USB 3.0 y USB Type-C 2 en 1 m\u00e1s r\u00e1pidos para simplificar el uso de este dispositivo en la mayor\u00eda de los port\u00e1tiles y escritorios antiguos y nuevos sin necesidad de utilizar un concentrador USB \/ adaptador. Tecnolog\u00eda de grabaci\u00f3n inteligente \u00fanica, unidad de DVD externa, nuevo chip y potente funci\u00f3n de correcci\u00f3n de errores para la Reproducci\u00f3n diaria de m\u00fasica y pel\u00edculas.Reproduce tus pel\u00edculas favoritas, transfiere m\u00fasica o archivos importantes, instala el software o crea un CD de respaldo. <\/p>\n<p class=\"apm-text-center\">\n                                                      <img decoding=\"async\" alt=\"un port\u00e1til con un cable USB conectado.\" src=\"https:\/\/images-na.ssl-images-amazon.com\/images\/G\/01\/x-locale\/common\/grey-pixel.gif\" class=\"a-spacing-mini a-lazy-loaded\" data-src=\"https:\/\/m.media-amazon.com\/images\/S\/aplus-media-library-service-media\/99131319-657d-4ad7-9a4a-5fbe0d8d9927.__CR0,0,300,300_PT0_SX300_V1___.jpg\"><img decoding=\"async\" alt=\"un port\u00e1til con un cable USB conectado.\" src=\"https:\/\/m.media-amazon.com\/images\/S\/aplus-media-library-service-media\/99131319-657d-4ad7-9a4a-5fbe0d8d9927.__CR0,0,300,300_PT0_SX300_V1___.jpg\">  <\/p>\n<p>                                                    Lug &amp; Play                                       <\/p>\n<p> No se requiere ning\u00fan programa de controlador adicional, simplemente conecte esta unidad de CD\/DVD directamente al puerto USB 3.0, USB 2.0 o USB-C de su computadora, se instalar\u00e1 autom\u00e1ticamente y lo reconocer\u00e1 su computadora, luego puede usarla para leer o escribir sus CD o DVD con el software apropiado. <\/p>\n<p class=\"apm-text-center\">\n                                                      <img decoding=\"async\" alt=\"una foto de un disco duro con una unidad flash.\" src=\"https:\/\/images-na.ssl-images-amazon.com\/images\/G\/01\/x-locale\/common\/grey-pixel.gif\" class=\"a-spacing-mini a-lazy-loaded\" data-src=\"https:\/\/m.media-amazon.com\/images\/S\/aplus-media-library-service-media\/a69e93b4-2db6-4c43-afee-8cfa04402e33.__CR0,0,300,300_PT0_SX300_V1___.jpg\"><img decoding=\"async\" alt=\"una foto de un disco duro con una unidad flash.\" src=\"https:\/\/m.media-amazon.com\/images\/S\/aplus-media-library-service-media\/a69e93b4-2db6-4c43-afee-8cfa04402e33.__CR0,0,300,300_PT0_SX300_V1___.jpg\">  <\/p>\n<p class=\"apm-text-center\">\n                                                      <img decoding=\"async\" alt=\"QDSYLQ Unidad de DVD externa\" src=\"https:\/\/images-na.ssl-images-amazon.com\/images\/G\/01\/x-locale\/common\/grey-pixel.gif\" class=\"a-spacing-mini a-lazy-loaded\" data-src=\"https:\/\/m.media-amazon.com\/images\/S\/aplus-media-library-service-media\/a7a51b53-9ce9-412b-9e56-bd81623aa99a.__CR0,0,300,300_PT0_SX300_V1___.jpg\"><img decoding=\"async\" alt=\"QDSYLQ Unidad de DVD externa\" src=\"https:\/\/m.media-amazon.com\/images\/S\/aplus-media-library-service-media\/a7a51b53-9ce9-412b-9e56-bd81623aa99a.__CR0,0,300,300_PT0_SX300_V1___.jpg\">  <\/p>\n<p>                                                    Dise\u00f1o compacto port\u00e1til                                       <\/p>\n<p> La unidad externa de CD DVD es delgada, ligera, tolerante a errores, a prueba de golpes, integrada en un cable USB y se puede guardar f\u00e1cilmente en su bolsa de viaje. Es el compa\u00f1ero perfecto para los amantes del DVD y se puede utilizar en cualquier lugar. <\/p>\n<p>                                                  <img decoding=\"async\" alt=\"una captura de pantalla de la descripci\u00f3n de un tel\u00e9fono celular generada autom\u00e1ticamente\" src=\"https:\/\/images-na.ssl-images-amazon.com\/images\/G\/01\/x-locale\/common\/grey-pixel.gif\" class=\"a-lazy-loaded\" data-src=\"https:\/\/m.media-amazon.com\/images\/S\/aplus-media-library-service-media\/f5dea2b4-cce4-4032-83ff-d15fb880b797.__CR0,0,970,300_PT0_SX970_V1___.jpg\"><img decoding=\"async\" alt=\"una captura de pantalla de la descripci\u00f3n de un tel\u00e9fono celular generada autom\u00e1ticamente\" src=\"https:\/\/m.media-amazon.com\/images\/S\/aplus-media-library-service-media\/f5dea2b4-cce4-4032-83ff-d15fb880b797.__CR0,0,970,300_PT0_SX970_V1___.jpg\">  <\/p>\n<p> Package Dimensions                                            \u200f                                            :                                            \u200e                                            15.5 x 15.3 x 2.7 cm; 320 g   <br \/> Manufacturer                                            \u200f                                            :                                            \u200e                                            QDSYLQ   <br \/> ASIN                                            \u200f                                            :                                            \u200e                                            B0CX1H6SGN   <br \/> Item model number                                            \u200f                                            :                                            \u200e                                            CB31005   <br \/> Guaranteed software updates until                                            \u200f                                            :                                            \u200e                                            unknown   <br \/>  Customer reviews:                                                                                            4.0               4.0 out of 5 stars                                  (16)                                              var dpAcrHasRegisteredArcLinkClickAction;                    P.when(&#8216;A&#8217;, &#8216;ready&#8217;).execute(function(A) {                        if (dpAcrHasRegisteredArcLinkClickAction !== true) {                            dpAcrHasRegisteredArcLinkClickAction = true;                            A.declarative(                                &#8216;acrLink-click-metrics&#8217;, &#8216;click&#8217;,                                { \u00aballowLinkDefault\u00bb: true },                                function (event) {                                    if (window.ue) {                                        ue.count(\u00abacrLinkClickCount\u00bb, (ue.count(\u00abacrLinkClickCount\u00bb) || 0) + 1);                                    }                                }                            );                        }                    });                                             P.when(&#8216;A&#8217;, &#8216;cf&#8217;).execute(function(A) {                A.declarative(&#8216;acrStarsLink-click-metrics&#8217;, &#8216;click&#8217;, { \u00aballowLinkDefault\u00bb : true },  function(event){                    if(window.ue) {                        ue.count(\u00abacrStarsLinkWithPopoverClickCount\u00bb, (ue.count(\u00abacrStarsLinkWithPopoverClickCount\u00bb) || 0) + 1);                    }                });            });                          <\/p>\n<p>\u3010USB 3.0 External DVD Writer\u3011External CD\/DVD reader\/writer with normal USB 3.0 and adapter for type C compatible with Windows and MacOS. It can achieve the fastest data transfer speed and the most stable performance, with a theoretical speed of up to 5Gbps. Also backwards compatible with USB2.0 and USB1.0. Powered by USB only, no external power supplies needed.<br \/>\u3010Wide Compatibility\u3011Portable CD \/ DVD burner compatible WIN98 \/ XP \/ WIN7 \/ WIN8 \/ WIN10 \/ 11 \/ VISTA \/ Mac OS 8.6 or above, suitable for laptops, super pole Ben, PC, desktop computers and other brands without built-in drives (Note: They are not compatible with Windows 98! External dvd reader is not compatible with TV, tablets, car players, Chromebooks, Surface Pro, bluray.)<br \/>\u3010Multifunctional\u3011External DVD reader simply plug in the USB cable, plug and play, no need to install drivers and no extra power needed. You can easily use CD \/ DVD driver for writer \/ recorder to play your movies\/enjoy music\/burn \/ rip discs\/ install the software\/ system\/ download games or record your precious memories and save photos.<br \/>\u3010Read &#038; Burn CD\u3011The external CD DVD burner supports DVD-ROM, DVD-R, DVD+R, DVD-RW, DVD-R DL, CDA, CD-ROM, CD-R, VCD, VCD-ROM, CD-RW, SVCD. It has a built-in unique anti-wear control chip, which can effectively prevent the probability of burning the disc and the super error correction function in the recording process, shockproof, low noise. 8X Max DVD Read Speed; Max CD Read Speed 24X and Max CD Burning Speed 8X.<br \/>\u3010Fashionable and portable design\u3011External CD recorder slim design, lightweight, shock-resistant and stylish. The cable can be hidden behind the device and is very convenient to use. With an eject button so you never have to worry about your disc getting stuck inside the External CD Reader. It is a great companion for computers without the internal drive.<br \/>\u3010100% Warranty Service\u30117 years experience in manufacturing professional optical drives ensure reliable quality and professional customer service.Please feel free to contact us for help or a free replacement if there is any problem after purchase, you don&#8217;t have to worry about the limited time return window.<\/p>\n\n","protected":false},"excerpt":{"rendered":"<p> Product Description QDSYLQ &#8211; Grabador externo de CD y DVD (USB 3.0 y tipo C,<\/p>","protected":false},"featured_media":37233,"comment_status":"open","ping_status":"closed","template":"","meta":[],"product_brand":[],"product_cat":[70],"product_tag":[11007,2109,3938,2117,795,2121,2119,2111,1476,2105,2101,2113,8483,965,159,160,2107,1421,256,381,133,2115,2103,537,2130],"class_list":{"0":"post-37232","1":"product","2":"type-product","3":"status-publish","4":"has-post-thumbnail","6":"product_cat-disc-drives","7":"product_tag-11108xplinux","8":"product_tag-blu-ray-drive","9":"product_tag-cddvdrw","10":"product_tag-disc-drive-for-laptop","11":"product_tag-drive","12":"product_tag-dvd","13":"product_tag-dvd-drive-price","14":"product_tag-dvd-writer","15":"product_tag-external","16":"product_tag-external-cd-drive","17":"product_tag-external-dvd-drive","18":"product_tag-external-optical-drive","19":"product_tag-floppy","20":"product_tag-imac","21":"product_tag-laptop","22":"product_tag-macbook","23":"product_tag-portable-disc-drive","24":"product_tag-reader","25":"product_tag-super","26":"product_tag-typec","27":"product_tag-usb","28":"product_tag-usb-cd-writer","29":"product_tag-usb-dvd-drive","30":"product_tag-windows","31":"product_tag-writer","33":"first","34":"instock","35":"shipping-taxable","36":"product-type-external"},"_links":{"self":[{"href":"https:\/\/comprasyconsejos.store\/en\/wp-json\/wp\/v2\/product\/37232","targetHints":{"allow":["GET"]}}],"collection":[{"href":"https:\/\/comprasyconsejos.store\/en\/wp-json\/wp\/v2\/product"}],"about":[{"href":"https:\/\/comprasyconsejos.store\/en\/wp-json\/wp\/v2\/types\/product"}],"replies":[{"embeddable":true,"href":"https:\/\/comprasyconsejos.store\/en\/wp-json\/wp\/v2\/comments?post=37232"}],"version-history":[{"count":0,"href":"https:\/\/comprasyconsejos.store\/en\/wp-json\/wp\/v2\/product\/37232\/revisions"}],"wp:featuredmedia":[{"embeddable":true,"href":"https:\/\/comprasyconsejos.store\/en\/wp-json\/wp\/v2\/media\/37233"}],"wp:attachment":[{"href":"https:\/\/comprasyconsejos.store\/en\/wp-json\/wp\/v2\/media?parent=37232"}],"wp:term":[{"taxonomy":"product_brand","embeddable":true,"href":"https:\/\/comprasyconsejos.store\/en\/wp-json\/wp\/v2\/product_brand?post=37232"},{"taxonomy":"product_cat","embeddable":true,"href":"https:\/\/comprasyconsejos.store\/en\/wp-json\/wp\/v2\/product_cat?post=37232"},{"taxonomy":"product_tag","embeddable":true,"href":"https:\/\/comprasyconsejos.store\/en\/wp-json\/wp\/v2\/product_tag?post=37232"}],"curies":[{"name":"wp","href":"https:\/\/api.w.org\/{rel}","templated":true}]}}