{"id":37238,"date":"2026-03-03T18:38:35","date_gmt":"2026-03-03T18:38:35","guid":{"rendered":"https:\/\/comprasyconsejos.store\/product\/wavlink-ac1200-powerful-outdoor-wifi-repeater-4g-lte-dual-band-high-power-with-7dbi-long-range-antenna-and-sim-slot-outdoor-wifi-amplifier-poe-for-extended-coverage-up-to-200-meters\/"},"modified":"2026-03-03T18:38:38","modified_gmt":"2026-03-03T18:38:38","slug":"wavlink-ac1200-powerful-outdoor-wifi-repeater-4g-lte-dual-band-high-power-with-7dbi-long-range-antenna-and-sim-slot-outdoor-wifi-amplifier-poe-for-extended-coverage-up-to-200-meters","status":"publish","type":"product","link":"https:\/\/comprasyconsejos.store\/en\/product\/wavlink-ac1200-powerful-outdoor-wifi-repeater-4g-lte-dual-band-high-power-with-7dbi-long-range-antenna-and-sim-slot-outdoor-wifi-amplifier-poe-for-extended-coverage-up-to-200-meters\/","title":{"rendered":"Wavlink AC1200 Powerful Outdoor WiFi Repeater 4G LTE Dual Band High Power with 7dBi Long Range Antenna and SIM Slot &#8211; Outdoor WiFi Amplifier PoE for Extended Coverage up to 200 Meters"},"content":{"rendered":"<p>Price: <span style=\"color:#b12704\">\u20ac149.99<\/span><br \/><i><small>(as of Mar 03, 2026 18:38:35 UTC &#8211; <span class=\"wp_automatic_amazon_disclaimer\" title=\"Product prices and availability are accurate as of the date\/time indicated and are subject to change. Any price and availability information displayed on [relevant Amazon Site(s), as applicable] at the time of purchase will apply to the purchase of this product.\">Details<\/span>)<\/small><\/i><\/p>\n<p><a href=\"https:\/\/amazon.es\/dp\/B0FWRMH2VN?tag=man008-21\"><img decoding=\"async\" src=\"https:\/\/valvepress.s3.amazonaws.com\/imgs\/buy_now.png\"><\/a><br \/>\n<\/p>\n<p>                                             Product Description   <\/p>\n<p>                                                                                                       <img decoding=\"async\" alt=\"de Wavlink con tres antenas, con un paisaje urbano nocturno como tel\u00f3n de fondo\" src=\"https:\/\/images-na.ssl-images-amazon.com\/images\/G\/01\/x-locale\/common\/grey-pixel.gif\" class=\"a-lazy-loaded\" data-src=\"https:\/\/m.media-amazon.com\/images\/S\/aplus-media-library-service-media\/f22a00ee-f73d-48fc-801e-94e231a51330.__CR0,0,1464,600_PT0_SX1464_V1___.png\"><img decoding=\"async\" alt=\"de Wavlink con tres antenas, con un paisaje urbano nocturno como tel\u00f3n de fondo\" src=\"https:\/\/m.media-amazon.com\/images\/S\/aplus-media-library-service-media\/f22a00ee-f73d-48fc-801e-94e231a51330.__CR0,0,1464,600_PT0_SX1464_V1___.png\">                                               <\/p>\n<p>                                                                                                                    <img decoding=\"async\" alt=\"Interfaz con cuatro iconos de escenas al aire libre: patio, parque, piscina, cafeter\u00eda al aire libre. Antena blanca del router Wi-Fi en el lado derecho.\" src=\"https:\/\/m.media-amazon.com\/images\/S\/aplus-media-library-service-media\/b53b9cce-1d0b-4e8a-a981-9138fc27f56f.__CR0,0,1464,600_PT0_SX1464_V1___.png\">                                                    <img decoding=\"async\" alt=\"de instalaci\u00f3n de un dispositivo en exteriores, que muestra cuatro pasos: colocar los soportes, conectar los cables, ajustar el \u00e1ngulo y encenderlo.\" src=\"https:\/\/m.media-amazon.com\/images\/S\/aplus-media-library-service-media\/23748ab6-0030-4777-9a91-32de7cf141dc.__CR0,0,1464,600_PT0_SX1464_V1___.png\">                                                    <img decoding=\"async\" alt=\"Ilustraci\u00f3n del chipset Qualcomm con rutas de circuito azules brillantes. El texto menciona las capacidades mejoradas para reducir la latencia y\" src=\"https:\/\/m.media-amazon.com\/images\/S\/aplus-media-library-service-media\/893225a9-d72b-4d1c-b0b7-47cfdb79c16f.__CR0,0,1464,600_PT0_SX1464_V1___.png\">                                                    <img decoding=\"async\" alt=\"Infograf\u00eda que compara el \u00abmodo 4G LTE\u00bb y el \u00abmodo router\u00bb para un dispositivo inal\u00e1mbrico. Muestra diagramas de conexi\u00f3n\" src=\"https:\/\/m.media-amazon.com\/images\/S\/aplus-media-library-service-media\/7e0efcbd-4e8a-4169-ac82-ebb0f9cc3a5f.__CR0,0,1464,600_PT0_SX1464_V1___.png\">                                                    <img decoding=\"async\" alt=\"Diagrama que muestra las opciones de selecci\u00f3n del modo del router. Muestra el modo combinado con el m\u00f3dem, el router y los dispositivos conectados. El texto dice \u00abSelecci\u00f3n de modos seg\u00fan sus necesidades\" src=\"https:\/\/m.media-amazon.com\/images\/S\/aplus-media-library-service-media\/39c5c21a-0151-45b0-9f63-2b7617452122.__CR0,0,1464,600_PT0_SX1464_V1___.png\"><br \/>\n                            1 Escenario aplicable <\/p>\n<p>                            2 M\u00e9todo de instalaci\u00f3n <\/p>\n<p>                            3 Chip Qualcomm <\/p>\n<p>                            4 Ruta+4G <\/p>\n<p>                            5 Modo mixto <\/p>\n<p>                                                                                                                    <img decoding=\"async\" alt=\"Diagrama que compara la cobertura de Wi-Fi. En el lado izquierdo se muestra la cobertura limitada sin MU-MIMO, en el lado derecho se muestra la cobertura ampliada con\" src=\"https:\/\/m.media-amazon.com\/images\/S\/aplus-media-library-service-media\/fd0e92cc-96d6-4973-8a9a-caba1d2bba6f.__CR0,0,1464,600_PT0_SX1464_V1___.png\">                                                    <img decoding=\"async\" alt=\"Ilustraci\u00f3n de conectividad multidispositivo que muestra una computadora port\u00e1til, un tel\u00e9fono inteligente, una consola de juegos y otros dispositivos conectados entre s\u00ed\" src=\"https:\/\/m.media-amazon.com\/images\/S\/aplus-media-library-service-media\/b05d1d2b-edbe-4e8f-a1fa-ba046c8c84a8.__CR0,0,1464,600_PT0_SX1464_V1___.png\">                                                    <img decoding=\"async\" alt=\"Primer plano de un dispositivo electr\u00f3nico blanco con varios puertos, incluidos USB y Ethernet. El texto menciona la funcionalidad \u00abPlug and Play\" src=\"https:\/\/m.media-amazon.com\/images\/S\/aplus-media-library-service-media\/a5385352-27ed-422b-93b8-f9cc792f33f9.__CR0,0,1464,600_PT0_SX1464_V1___.png\">                                                    <img decoding=\"async\" alt=\"Infograf\u00eda que compara las velocidades de Internet 4G LTE y 4G CAT4. Muestra un router blanco con tres antenas sobre un fondo azul con indicadores de velocidad\" src=\"https:\/\/m.media-amazon.com\/images\/S\/aplus-media-library-service-media\/58796f3b-fece-4b7d-99d8-0db8ad1a4835.__CR0,0,1464,600_PT0_SX1464_V1___.png\">                                                    <img decoding=\"async\" alt=\"Antena WiFi para exteriores con texto superpuesto que indica la capacidad de doble banda. Soporta frecuencias de 2,4 GHz y 5 GHz para redes inal\u00e1mbricas de alcance extendido\" src=\"https:\/\/m.media-amazon.com\/images\/S\/aplus-media-library-service-media\/22554e66-43df-4fc7-94e3-9a6528b6c904.__CR0,0,1464,600_PT0_SX1464_V1___.png\"><br \/>\n                            1 MU-MIMO <\/p>\n<p>                            2 Conexi\u00f3n <\/p>\n<p>                            3 SIM <\/p>\n<p>                            4 LTE CAT 4 <\/p>\n<p>                            5 2.4 GHz + 5 GHz <\/p>\n<p>                                                                                                                  <img decoding=\"async\" alt=\"11\" src=\"https:\/\/m.media-amazon.com\/images\/S\/aplus-media-library-service-media\/33bc4fa8-1b2e-45ae-80c8-1b83f755e95e.__CR0,0,1464,600_PT0_SX1464_V1___.png\">                                                    <img decoding=\"async\" alt=\"Persona que usa un tel\u00e9fono inteligente en un entorno urbano. La superposici\u00f3n de texto describe una protecci\u00f3n de cifrado superior para una comunicaci\u00f3n segura\" src=\"https:\/\/m.media-amazon.com\/images\/S\/aplus-media-library-service-media\/1b3445f5-80d9-46a3-b3de-3803221463b1.__CR0,0,1464,600_PT0_SX1464_V1___.png\">                                                    <img decoding=\"async\" alt=\"con dos antenas. El texto describe los \u00abpuertos Gigabit Ethernet\u00bb para velocidades de red r\u00e1pidas de hasta\" src=\"https:\/\/m.media-amazon.com\/images\/S\/aplus-media-library-service-media\/9ab10f04-966e-4636-89c5-03471e07a8fa.__CR0,0,1464,600_PT0_SX1464_V1___.png\">                                                    <img decoding=\"async\" alt=\"Diagrama de alimentaci\u00f3n por Ethernet (PoE) que muestra el adaptador de alimentaci\u00f3n, el cable Ethernet y el divisor PoE que se conectan a un dispositivo\" src=\"https:\/\/m.media-amazon.com\/images\/S\/aplus-media-library-service-media\/ba40cef3-4c3c-47ce-901f-3f0ba28a2740.__CR0,0,1464,600_PT0_SX1464_V1___.png\"><br \/>\n                            1 Antena de demolici\u00f3n <\/p>\n<p>                            2 WPA2\/WPA3 <\/p>\n<p>                            3 Red Gigabit <\/p>\n<p>                            4 Convertidor PoE <\/p>\n<p>                                                                                                       <img decoding=\"async\" alt=\"Tabla de compatibilidad universal que muestra los logotipos de los operadores de redes m\u00f3viles de Europa y el sudeste asi\u00e1tico. Incluye Free Mobile, Wind, SFR, O2, Movistar, Iliad, 3\" src=\"https:\/\/images-na.ssl-images-amazon.com\/images\/G\/01\/x-locale\/common\/grey-pixel.gif\" class=\"a-lazy-loaded\" data-src=\"https:\/\/m.media-amazon.com\/images\/S\/aplus-media-library-service-media\/3473732a-e827-41d3-9ee1-802e2ae0c73c.__CR0,0,1464,600_PT0_SX1464_V1___.png\"><img decoding=\"async\" alt=\"Tabla de compatibilidad universal que muestra los logotipos de los operadores de redes m\u00f3viles de Europa y el sudeste asi\u00e1tico. Incluye Free Mobile, Wind, SFR, O2, Movistar, Iliad, 3\" src=\"https:\/\/m.media-amazon.com\/images\/S\/aplus-media-library-service-media\/3473732a-e827-41d3-9ee1-802e2ae0c73c.__CR0,0,1464,600_PT0_SX1464_V1___.png\">                                               <\/p>\n<h3>\n<p class=\"aplus-question aplus-p1\"> \u00bfEl dispositivo PoE es resistente al agua? <\/p>\n<\/h3>\n<p class=\"aplus-answer aplus-p2\"> No, el dispositivo PoE no es resistente al agua, por favor mant\u00e9ngalo alejado del agua. <\/p>\n<h3>\n<p class=\"aplus-question aplus-p1\"> \u00bfPor qu\u00e9 el dispositivo no puede detectar la tarjeta SIM 4G? <\/p>\n<\/h3>\n<p class=\"aplus-answer aplus-p2\"> Intenta instalar el \u00faltimo controlador desde nuestro sitio web. Si esto no resuelve el problema, m\u00e1ndanos un mensaje. Tu compra es sin preocupaciones y, en el peor de los casos, te devolveremos el dinero. <\/p>\n<p> Package Dimensions                                            \u200f                                            :                                            \u200e                                            36.5 x 12.4 x 7.5 cm; 755 g   <br \/> Manufacturer                                            \u200f                                            :                                            \u200e                                            WAVLINK   <br \/> ASIN                                            \u200f                                            :                                            \u200e                                            B0FWRMH2VN   <br \/> Country\/Region of Origin                                            \u200f                                            :                                            \u200e                                            China   <br \/> Guaranteed software updates until                                            \u200f                                            :                                            \u200e                                            unknown   <br \/>  Customer reviews:                                                                                            4.7               4.7 out of 5 stars                                  (71)                                              var dpAcrHasRegisteredArcLinkClickAction;                    P.when(&#8216;A&#8217;, &#8216;ready&#8217;).execute(function(A) {                        if (dpAcrHasRegisteredArcLinkClickAction !== true) {                            dpAcrHasRegisteredArcLinkClickAction = true;                            A.declarative(                                &#8216;acrLink-click-metrics&#8217;, &#8216;click&#8217;,                                { \u00aballowLinkDefault\u00bb: true },                                function (event) {                                    if (window.ue) {                                        ue.count(\u00abacrLinkClickCount\u00bb, (ue.count(\u00abacrLinkClickCount\u00bb) || 0) + 1);                                    }                                }                            );                        }                    });                                             P.when(&#8216;A&#8217;, &#8216;cf&#8217;).execute(function(A) {                A.declarative(&#8216;acrStarsLink-click-metrics&#8217;, &#8216;click&#8217;, { \u00aballowLinkDefault\u00bb : true },  function(event){                    if(window.ue) {                        ue.count(\u00abacrStarsLinkWithPopoverClickCount\u00bb, (ue.count(\u00abacrStarsLinkWithPopoverClickCount\u00bb) || 0) + 1);                    }                });            });                          <\/p>\n<p>\u3010Upgraded Qualcomm Chip for Powerful Outdoor WiFi\u3011With high performance Qualcomm chip, the AC1200\/4G LTE Wavlink outdoor WiFi repeater offers reinforced signal, maximum stability and seamless connection.<br \/>\u3010Convert 4G LTE to WiFi with SIM Slot\u3011Insert a nano-SIM, connect by PoE and instantly activate a 4G LTE WiFi hotspot. Up to 150 Mbps down and 50 Mbps upload &#8211; ideal for areas without ADSL\/fiber.<br \/>\u3010AC1200 Dual Band Fluid Streaming\u3011867Mbps on 5GHz + 300Mbps on 2.4GHz. Stable navigation in 2.4 GHz and 4K streaming\/lag free games in 5 GHz at the same time.<br \/>\u30104 x 7dBi High Gain Antennas &#8211; Range up to 200m\u3011Four 7dBi omnidirectional antennas extend the outdoor WiFi signal up to 200m in open space. Perfect for removing dead zones on farms, factories, camping and streets.<br \/>\u3010Mesh Network up to 7 Wavlink Nodes\u3011Create an outdoor WiFi mesh network with up to 7 Wavlink devices, connecting up to 84 devices in dual band &#8211; ideal for latency-free streaming and intensive gaming.<\/p>\n\n","protected":false},"excerpt":{"rendered":"<p> Product Description 1 Escenario aplicable 2 M\u00e9todo de instalaci\u00f3n 3 Chip Qualcomm 4 Ruta+4G 5<\/p>","protected":false},"featured_media":37239,"comment_status":"open","ping_status":"closed","template":"","meta":[],"product_brand":[],"product_cat":[71],"product_tag":[2080,11009,2435,6798,3454,2217,2084,3113,298,2078,847,2079,197,2081,2083,180,1043,2082,5185,2370,8952,143,2545,1279,4889,2085,2827,2597,4140,543,2076,2077],"class_list":{"0":"post-37238","1":"product","2":"type-product","3":"status-publish","4":"has-post-thumbnail","6":"product_cat-wifi-routers","7":"product_tag-5ghz-router","8":"product_tag-7dbi","9":"product_tag-ac1200","10":"product_tag-amplifier","11":"product_tag-antenna","12":"product_tag-band","13":"product_tag-best-wifi-router","14":"product_tag-coverage","15":"product_tag-dual","16":"product_tag-dual-band-router","17":"product_tag-extended","18":"product_tag-gaming-wifi-router","19":"product_tag-high","20":"product_tag-high-speed-router","21":"product_tag-home-wifi-router","22":"product_tag-long","23":"product_tag-lte","24":"product_tag-mesh-wifi-router","25":"product_tag-meters","26":"product_tag-outdoor","27":"product_tag-poe","28":"product_tag-power","29":"product_tag-powerful","30":"product_tag-range","31":"product_tag-repeater","32":"product_tag-router-price","33":"product_tag-sim","34":"product_tag-slot","35":"product_tag-wavlink","36":"product_tag-wifi","37":"product_tag-wifi-router","38":"product_tag-wireless-router","40":"first","41":"instock","42":"shipping-taxable","43":"product-type-external"},"_links":{"self":[{"href":"https:\/\/comprasyconsejos.store\/en\/wp-json\/wp\/v2\/product\/37238","targetHints":{"allow":["GET"]}}],"collection":[{"href":"https:\/\/comprasyconsejos.store\/en\/wp-json\/wp\/v2\/product"}],"about":[{"href":"https:\/\/comprasyconsejos.store\/en\/wp-json\/wp\/v2\/types\/product"}],"replies":[{"embeddable":true,"href":"https:\/\/comprasyconsejos.store\/en\/wp-json\/wp\/v2\/comments?post=37238"}],"version-history":[{"count":0,"href":"https:\/\/comprasyconsejos.store\/en\/wp-json\/wp\/v2\/product\/37238\/revisions"}],"wp:featuredmedia":[{"embeddable":true,"href":"https:\/\/comprasyconsejos.store\/en\/wp-json\/wp\/v2\/media\/37239"}],"wp:attachment":[{"href":"https:\/\/comprasyconsejos.store\/en\/wp-json\/wp\/v2\/media?parent=37238"}],"wp:term":[{"taxonomy":"product_brand","embeddable":true,"href":"https:\/\/comprasyconsejos.store\/en\/wp-json\/wp\/v2\/product_brand?post=37238"},{"taxonomy":"product_cat","embeddable":true,"href":"https:\/\/comprasyconsejos.store\/en\/wp-json\/wp\/v2\/product_cat?post=37238"},{"taxonomy":"product_tag","embeddable":true,"href":"https:\/\/comprasyconsejos.store\/en\/wp-json\/wp\/v2\/product_tag?post=37238"}],"curies":[{"name":"wp","href":"https:\/\/api.w.org\/{rel}","templated":true}]}}