{"id":37244,"date":"2026-03-03T18:51:01","date_gmt":"2026-03-03T18:51:01","guid":{"rendered":"https:\/\/comprasyconsejos.store\/product\/aabcooling-thermal-grease-0-5g-thermoconductible-silicone-paste-pc-thermal-paste-for-laptops-heatsink-processor-thermal-mass-thermal-putty-1-5-w-mk\/"},"modified":"2026-03-03T18:51:03","modified_gmt":"2026-03-03T18:51:03","slug":"aabcooling-thermal-grease-0-5g-thermoconductible-silicone-paste-pc-thermal-paste-for-laptops-heatsink-processor-thermal-mass-thermal-putty-1-5-w-mk","status":"publish","type":"product","link":"https:\/\/comprasyconsejos.store\/en\/product\/aabcooling-thermal-grease-0-5g-thermoconductible-silicone-paste-pc-thermal-paste-for-laptops-heatsink-processor-thermal-mass-thermal-putty-1-5-w-mk\/","title":{"rendered":"AABCOOLING Thermal Grease 0.5g \u2013 Thermoconductible Silicone Paste, PC Thermal Paste for Laptops, Heatsink, Processor, Thermal Mass, Thermal Putty 1.5 W\/MK"},"content":{"rendered":"<p>Price: <span style=\"color:#b12704\">\u20ac3.93<\/span><br \/><i><small>(as of Mar 03, 2026 18:51:01 UTC &#8211; <span class=\"wp_automatic_amazon_disclaimer\" title=\"Product prices and availability are accurate as of the date\/time indicated and are subject to change. Any price and availability information displayed on [relevant Amazon Site(s), as applicable] at the time of purchase will apply to the purchase of this product.\">Details<\/span>)<\/small><\/i><\/p>\n<p><a href=\"https:\/\/amazon.es\/dp\/B075R74LQC?tag=man008-21\"><img decoding=\"async\" src=\"https:\/\/valvepress.s3.amazonaws.com\/imgs\/buy_now.png\"><\/a><br \/>\n<\/p>\n<p>                                             Product Description   <\/p>\n<p>                                                      <img decoding=\"async\" alt=\"GRASA TERMICA\" src=\"https:\/\/images-na.ssl-images-amazon.com\/images\/G\/01\/x-locale\/common\/grey-pixel.gif\" class=\"a-spacing-mini a-lazy-loaded\" data-src=\"https:\/\/m.media-amazon.com\/images\/S\/aplus-media\/sc\/f9ae3222-b893-4740-a70b-ff6b118ce5fa.__CR0,0,300,400_PT0_SX300_V1___.png\"><img decoding=\"async\" alt=\"GRASA TERMICA\" src=\"https:\/\/m.media-amazon.com\/images\/S\/aplus-media\/sc\/f9ae3222-b893-4740-a70b-ff6b118ce5fa.__CR0,0,300,400_PT0_SX300_V1___.png\">  <\/p>\n<p>                           GRASA TERMICA  <\/p>\n<p>                                                              <img decoding=\"async\" alt=\"AABCOOLING\" src=\"https:\/\/images-na.ssl-images-amazon.com\/images\/G\/01\/x-locale\/common\/grey-pixel.gif\" class=\"a-spacing-mini a-lazy-loaded\" data-src=\"https:\/\/m.media-amazon.com\/images\/S\/aplus-media\/sc\/b04b024c-3232-44a1-a2ff-acafb7c27eaa.__CR0,0,350,175_PT0_SX350_V1___.png\"><img decoding=\"async\" alt=\"AABCOOLING\" src=\"https:\/\/m.media-amazon.com\/images\/S\/aplus-media\/sc\/b04b024c-3232-44a1-a2ff-acafb7c27eaa.__CR0,0,350,175_PT0_SX350_V1___.png\">                                          \u00a1Te mereces la mejor calidad!                                 <\/p>\n<p class=\"a-spacing-small a-size-small a-color-secondary\"> Como l\u00edder en la industria de refrigeraci\u00f3n de PC y fabricante de productos qu\u00edmicos de limpieza. Tu satisfacci\u00f3n con el producto es nuestra prioridad. <\/p>\n<h3 class=\"a-spacing-mini\"> AABCOOLING Grasa T\u00e9rmica  <\/h3>\n<p class=\"a-spacing-base\"> Pasta refrigerante de silicona que no conduce electricidad. Este producto es esencial para la conducci\u00f3n adecuada del calor de circuitos emisores de calor, electr\u00f3nica o microelectr\u00f3nica. La pasta del procesador no conduce la electricidad &#8211; muy buen aislador! El kit de pasta t\u00e9rmica protege contra la humedad. Densidad y viscosidad ideales <\/p>\n<p class=\"apm-text-center\">\n                                                      <img decoding=\"async\" alt=\"GRASA T\u00c9RMICA AABCOOLING\" src=\"https:\/\/images-na.ssl-images-amazon.com\/images\/G\/01\/x-locale\/common\/grey-pixel.gif\" class=\"a-spacing-mini a-lazy-loaded\" data-src=\"https:\/\/m.media-amazon.com\/images\/S\/aplus-media\/sc\/248873fc-70ba-4975-9801-e8c9788be1a8.__CR0,0,300,300_PT0_SX300_V1___.png\"><img decoding=\"async\" alt=\"GRASA T\u00c9RMICA AABCOOLING\" src=\"https:\/\/m.media-amazon.com\/images\/S\/aplus-media\/sc\/248873fc-70ba-4975-9801-e8c9788be1a8.__CR0,0,300,300_PT0_SX300_V1___.png\">  <\/p>\n<p>                                                    Densidad y viscosidad ideales                                      <\/p>\n<p class=\"apm-text-center\">\n                                                      <img decoding=\"async\" alt=\"GRASA T\u00c9RMICA AABCOOLING\" src=\"https:\/\/images-na.ssl-images-amazon.com\/images\/G\/01\/x-locale\/common\/grey-pixel.gif\" class=\"a-spacing-mini a-lazy-loaded\" data-src=\"https:\/\/m.media-amazon.com\/images\/S\/aplus-media\/sc\/0ed806ea-2206-4249-9b42-d86dd47bd0ca.__CR0,0,300,300_PT0_SX300_V1___.png\"><img decoding=\"async\" alt=\"GRASA T\u00c9RMICA AABCOOLING\" src=\"https:\/\/m.media-amazon.com\/images\/S\/aplus-media\/sc\/0ed806ea-2206-4249-9b42-d86dd47bd0ca.__CR0,0,300,300_PT0_SX300_V1___.png\">  <\/p>\n<p>                                                    Amplio rango de funcionamiento: -30 a 300\u00b0C                                      <\/p>\n<p class=\"apm-text-center\">\n                                                      <img decoding=\"async\" alt=\"GRASA T\u00c9RMICA AABCOOLING\" src=\"https:\/\/images-na.ssl-images-amazon.com\/images\/G\/01\/x-locale\/common\/grey-pixel.gif\" class=\"a-spacing-mini a-lazy-loaded\" data-src=\"https:\/\/m.media-amazon.com\/images\/S\/aplus-media\/sc\/947f6255-339f-4134-9dc1-24152dc4e154.__CR0,0,300,300_PT0_SX300_V1___.png\"><img decoding=\"async\" alt=\"GRASA T\u00c9RMICA AABCOOLING\" src=\"https:\/\/m.media-amazon.com\/images\/S\/aplus-media\/sc\/947f6255-339f-4134-9dc1-24152dc4e154.__CR0,0,300,300_PT0_SX300_V1___.png\">  <\/p>\n<p>                                                    F\u00e1cil de poner y quitar                                      <\/p>\n<p class=\"apm-text-center\">\n<p>                                                    Datos t\u00e9cnicos:                                       <\/p>\n<p> Pasta t\u00e9rmica. Contenido del paquete: 0,5 g\/2 g\/7 g\/10 g\/25 g\/100 g. Color: blanco Evaporaci\u00f3n: &lt;0,001 Purgado: &lt;0,05 Temperatura de funcionamiento: -30 a 300 \u00b0 C <\/p>\n<p class=\"apm-text-center\">\n<p>                                                    Usos:                                       <\/p>\n<p> Sistemas utilizados en PC, port\u00e1tiles y otros dispositivos electr\u00f3nicos: Las CPU (entre el disipador de calor y la CPU) tarjetas gr\u00e1ficas (entre el disipador de calor y la GPU) chipsets (entre el disipador de calor y el puente norte y el puente sur) secciones de alimentaci\u00f3n otros circuitos de calefacci\u00f3n en electr\u00f3nica ampliamente utilizada. <\/p>\n<p class=\"apm-text-center\">\n<p>                                                    Instrucciones para aplicar pasta al sistema:                                       <\/p>\n<p> Aplique una fina capa de pasta a la superficie del procesador y distribuya uniformemente.W Al instalar y presionar el disipador de calor en el procesador, g\u00edrelo suavemente varias veces hacia la derecha e izquierda para distribuir perfectamente la pasta entre el procesador y la base del disipador t\u00e9rmico. <\/p>\n<p>                                                  <img decoding=\"async\" alt=\"GRASA T\u00c9RMICA AABCOOLING\" src=\"https:\/\/images-na.ssl-images-amazon.com\/images\/G\/01\/x-locale\/common\/grey-pixel.gif\" class=\"a-lazy-loaded\" data-src=\"https:\/\/m.media-amazon.com\/images\/S\/aplus-media\/sc\/d225334b-41ad-4e54-8ded-8d8f3138da19.__CR0,0,970,300_PT0_SX970_V1___.png\"><img decoding=\"async\" alt=\"GRASA T\u00c9RMICA AABCOOLING\" src=\"https:\/\/m.media-amazon.com\/images\/S\/aplus-media\/sc\/d225334b-41ad-4e54-8ded-8d8f3138da19.__CR0,0,970,300_PT0_SX970_V1___.png\">  <\/p>\n<p>                         Add To Basket  <\/p>\n<p>                         Add To Basket  <\/p>\n<p>                         Add To Basket  <\/p>\n<p>                         Add To Basket  <\/p>\n<p>                         Add To Basket  <\/p>\n<p>                         Add To Basket  <\/p>\n<p>                             Customer Reviews  <\/p>\n<p>                    4.5 out of 5 stars  1,108  <\/p>\n<p>                    4.3 out of 5 stars  588  <\/p>\n<p>                    4.5 out of 5 stars  80  <\/p>\n<p>                    4.3 out of 5 stars  22  <\/p>\n<p>                    4.2 out of 5 stars  9  <\/p>\n<p>                    4.0 out of 5 stars  16  <\/p>\n<p>                             Price  <\/p>\n<p>                                    \u20ac8.43\u20ac8.43                  \u20ac5.93\u20ac5.93                  \u20ac16.43\u20ac16.43                  \u20ac18.43\u20ac18.43                  \u20ac20.43\u20ac20.43                  \u20ac23.00\u20ac23.00        <\/p>\n<p>                             Capacidades disponibles<br \/>\n                                0,5 g\/2 g\/7 g\/10 g\/25 g\/100 g               0,5 g\/1 g\/25 g               1 g, 4 g, 8 g, 30 g               1 g\/3,5 g\/10 g               1 g\/3,5 g\/10 g               1 g\/4 g\/10 g        <\/p>\n<p>                             Disponible en un juego  <\/p>\n<p>                                              \u2713<\/p>\n<p>                                              \u2713<\/p>\n<p>                                              \u2713<\/p>\n<p>                                              \u2713<\/p>\n<p>                                              \u2713<br \/>\n                                                          no data<\/p>\n<p>                             Conductividad t\u00e9rmica<br \/>\n                                1,5 W\/mK               4,8 W\/mK               5,6 W\/mK               8,5 W\/mK               9,5 W\/mK               12,5 W\/mK        <\/p>\n<p> Is discontinued by manufacturer                                            \u200f                                            :                                            \u200e                                            No   <br \/> Product Dimensions                                            \u200f                                            :                                            \u200e                                            12 x 3 x 2 cm; 4 g   <br \/> Manufacturer                                            \u200f                                            :                                            \u200e                                            AABCOOLING   <br \/> ASIN                                            \u200f                                            :                                            \u200e                                            B075R74LQC   <br \/> Item model number                                            \u200f                                            :                                            \u200e                                            PKT003   <br \/> Country of origin                                            \u200f                                            :                                            \u200e                                            China   <br \/> Guaranteed software updates until                                            \u200f                                            :                                            \u200e                                            unknown   <br \/>  Customer reviews:                                                                                            4.5               4.5 out of 5 stars                                  (1,108)                                              var dpAcrHasRegisteredArcLinkClickAction;                    P.when(&#8216;A&#8217;, &#8216;ready&#8217;).execute(function(A) {                        if (dpAcrHasRegisteredArcLinkClickAction !== true) {                            dpAcrHasRegisteredArcLinkClickAction = true;                            A.declarative(                                &#8216;acrLink-click-metrics&#8217;, &#8216;click&#8217;,                                { \u00aballowLinkDefault\u00bb: true },                                function (event) {                                    if (window.ue) {                                        ue.count(\u00abacrLinkClickCount\u00bb, (ue.count(\u00abacrLinkClickCount\u00bb) || 0) + 1);                                    }                                }                            );                        }                    });                                             P.when(&#8216;A&#8217;, &#8216;cf&#8217;).execute(function(A) {                A.declarative(&#8216;acrStarsLink-click-metrics&#8217;, &#8216;click&#8217;, { \u00aballowLinkDefault\u00bb : true },  function(event){                    if(window.ue) {                        ue.count(\u00abacrStarsLinkWithPopoverClickCount\u00bb, (ue.count(\u00abacrStarsLinkWithPopoverClickCount\u00bb) || 0) + 1);                    }                });            });                          <\/p>\n<p>Thermoconductive paste is a high-quality thermoconductive paste made of silicone<br \/>Thermal mass does not conduct electricity \u2013 excellent insulator<br \/>\u2705 Wide working temperature range: -30\u00baC to 300\u00baC<br \/>\u2705 Thermal putty is essential for proper heat transmission from the systems that emit it, electronic or microelectronic<br \/>Thermal paste for PCs, laptops, heatsink, processor. Application: Systems used in PCs, laptops and other electronics: CPU processors (between radiator and CPU), graphics cards (between radiator and GPU), chipsets (between radiator and North Bridge and South Bridge), power sections between them, systems susceptible to heating in electronics<\/p>\n\n","protected":false},"excerpt":{"rendered":"<p> Product Description GRASA TERMICA \u00a1Te mereces la mejor calidad! Como l\u00edder en la industria de<\/p>","protected":false},"featured_media":37245,"comment_status":"open","ping_status":"closed","template":"","meta":[],"product_brand":[],"product_cat":[67],"product_tag":[11010,8569,2039,2045,2034,2055,2043,1301,2038,534,11012,2056,565,11013,2295,2053,2035,2036,2033,2041,2048,11011,4961],"class_list":{"0":"post-37244","1":"product","2":"type-product","3":"status-publish","4":"has-post-thumbnail","6":"product_cat-thermal-paste","7":"product_tag-0-5g","8":"product_tag-aabcooling","9":"product_tag-best-thermal-paste","10":"product_tag-cpu-cooling-paste","11":"product_tag-cpu-thermal-paste","12":"product_tag-grease","13":"product_tag-heat-sink-paste","14":"product_tag-heatsink","15":"product_tag-high-performance-thermal-paste","16":"product_tag-laptops","17":"product_tag-mass","18":"product_tag-paste","19":"product_tag-processor","20":"product_tag-putty","21":"product_tag-silicone","22":"product_tag-thermal","23":"product_tag-thermal-compound","24":"product_tag-thermal-grease","25":"product_tag-thermal-paste","26":"product_tag-thermal-paste-for-gaming-pc","27":"product_tag-thermal-paste-price","28":"product_tag-thermoconductible","29":"product_tag-wmk","31":"first","32":"instock","33":"shipping-taxable","34":"product-type-external"},"_links":{"self":[{"href":"https:\/\/comprasyconsejos.store\/en\/wp-json\/wp\/v2\/product\/37244","targetHints":{"allow":["GET"]}}],"collection":[{"href":"https:\/\/comprasyconsejos.store\/en\/wp-json\/wp\/v2\/product"}],"about":[{"href":"https:\/\/comprasyconsejos.store\/en\/wp-json\/wp\/v2\/types\/product"}],"replies":[{"embeddable":true,"href":"https:\/\/comprasyconsejos.store\/en\/wp-json\/wp\/v2\/comments?post=37244"}],"version-history":[{"count":0,"href":"https:\/\/comprasyconsejos.store\/en\/wp-json\/wp\/v2\/product\/37244\/revisions"}],"wp:featuredmedia":[{"embeddable":true,"href":"https:\/\/comprasyconsejos.store\/en\/wp-json\/wp\/v2\/media\/37245"}],"wp:attachment":[{"href":"https:\/\/comprasyconsejos.store\/en\/wp-json\/wp\/v2\/media?parent=37244"}],"wp:term":[{"taxonomy":"product_brand","embeddable":true,"href":"https:\/\/comprasyconsejos.store\/en\/wp-json\/wp\/v2\/product_brand?post=37244"},{"taxonomy":"product_cat","embeddable":true,"href":"https:\/\/comprasyconsejos.store\/en\/wp-json\/wp\/v2\/product_cat?post=37244"},{"taxonomy":"product_tag","embeddable":true,"href":"https:\/\/comprasyconsejos.store\/en\/wp-json\/wp\/v2\/product_tag?post=37244"}],"curies":[{"name":"wp","href":"https:\/\/api.w.org\/{rel}","templated":true}]}}