{"id":37265,"date":"2026-03-03T20:27:12","date_gmt":"2026-03-03T20:27:12","guid":{"rendered":"https:\/\/comprasyconsejos.store\/product\/lenovo-l27-4e-fhd-monitor-27-ips-hdmi-1-4-vga-169-100-hz-refresh-rate-4ms-response-time-99-srgb-vesa-mount-100mm-tilt-stand-black\/"},"modified":"2026-03-03T20:27:17","modified_gmt":"2026-03-03T20:27:17","slug":"lenovo-l27-4e-fhd-monitor-27-ips-hdmi-1-4-vga-169-100-hz-refresh-rate-4ms-response-time-99-srgb-vesa-mount-100mm-tilt-stand-black","status":"publish","type":"product","link":"https:\/\/comprasyconsejos.store\/en\/product\/lenovo-l27-4e-fhd-monitor-27-ips-hdmi-1-4-vga-169-100-hz-refresh-rate-4ms-response-time-99-srgb-vesa-mount-100mm-tilt-stand-black\/","title":{"rendered":"Lenovo L27-4e &#8211; FHD Monitor 27&#8243; (IPS, HDMI 1.4 &#8211; VGA, 16:9, 100 Hz Refresh Rate, 4ms Response Time, 99% sRGB, VESA Mount 100mm, Tilt Stand) Black"},"content":{"rendered":"<p>Price: <span style=\"color:#b12704\"><del>\u20ac139.99<\/del> - \u20ac89.99<\/span><br \/><i><small>(as of Mar 03, 2026 20:27:12 UTC &#8211; <span class=\"wp_automatic_amazon_disclaimer\" title=\"Product prices and availability are accurate as of the date\/time indicated and are subject to change. Any price and availability information displayed on [relevant Amazon Site(s), as applicable] at the time of purchase will apply to the purchase of this product.\">Details<\/span>)<\/small><\/i><\/p>\n<p><a href=\"https:\/\/amazon.es\/dp\/B0FK56N7Q6?tag=man008-21\"><img decoding=\"async\" src=\"https:\/\/valvepress.s3.amazonaws.com\/imgs\/buy_now.png\"><\/a><br \/>\n<\/p>\n<p>                                             From the manufacturer   <\/p>\n<p>                                                                     Monitor Lenovo L27-4e                                            <img decoding=\"async\" alt=\"El texto dice \u00abMonitor Lenovo L27-4e\u00bb. Presentaci\u00f3n del producto: un monitor de pantalla ancha que muestra colores vibrantes sobre un fondo burdeos.\" src=\"https:\/\/images-na.ssl-images-amazon.com\/images\/G\/01\/x-locale\/common\/grey-pixel.gif\" class=\"a-lazy-loaded\" data-src=\"https:\/\/m.media-amazon.com\/images\/S\/aplus-media-library-service-media\/0fc04d0c-6af6-4f9a-9253-492e268f5398.__CR0,0,1464,600_PT0_SX1464_V1___.jpg\"><img decoding=\"async\" alt=\"El texto dice \u00abMonitor Lenovo L27-4e\u00bb. Presentaci\u00f3n del producto: un monitor de pantalla ancha que muestra colores vibrantes sobre un fondo burdeos.\" src=\"https:\/\/m.media-amazon.com\/images\/S\/aplus-media-library-service-media\/0fc04d0c-6af6-4f9a-9253-492e268f5398.__CR0,0,1464,600_PT0_SX1464_V1___.jpg\">                                               <\/p>\n<p>                                                                                                       <img decoding=\"async\" alt=\"aplus content image\" src=\"https:\/\/images-na.ssl-images-amazon.com\/images\/G\/01\/x-locale\/common\/grey-pixel.gif\" class=\"a-lazy-loaded\" data-src=\"https:\/\/m.media-amazon.com\/images\/S\/aplus-media-library-service-media\/28fd70d3-162b-4ffe-96e4-a4a3e0cc1d7c.__CR0,0,1464,600_PT0_SX1464_V1___.jpg\"><img decoding=\"async\" alt=\"aplus content image\" src=\"https:\/\/m.media-amazon.com\/images\/S\/aplus-media-library-service-media\/28fd70d3-162b-4ffe-96e4-a4a3e0cc1d7c.__CR0,0,1464,600_PT0_SX1464_V1___.jpg\">                                               <\/p>\n<p>                                                                                                                    <img decoding=\"async\" alt=\"El texto indica \u00ab27&amp;#34;\u00bb. Pantalla de monitor para videojuegos curva y ultra ancha que muestra escenas de paisajes urbanos vibrantes con efectos de iluminaci\u00f3n RGB.\" src=\"https:\/\/m.media-amazon.com\/images\/S\/aplus-media-library-service-media\/e83e6035-1a5f-4f89-a352-3065426a8c55.__CR0,0,1464,600_PT0_SX1464_V1___.jpg\">                                                    <img decoding=\"async\" alt=\"aplus content image\" src=\"https:\/\/m.media-amazon.com\/images\/S\/aplus-media-library-service-media\/e28cd364-51b7-46c2-8b6f-46908bab6bfe.__CR0,0,1464,600_PT0_SX1464_V1___.jpg\">                                                    <img decoding=\"async\" alt=\"aplus content image\" src=\"https:\/\/m.media-amazon.com\/images\/S\/aplus-media-library-service-media\/eb176aa0-b0e6-4565-9150-950f3648a4fa.__CR0,0,1464,600_PT0_SX1464_V1___.jpg\">                                                    <img decoding=\"async\" alt=\"aplus content image\" src=\"https:\/\/m.media-amazon.com\/images\/S\/aplus-media-library-service-media\/25ea0fbc-557f-4116-80c4-590d8d386473.__CR0,0,1464,600_PT0_SX1464_V1___.jpg\">                                                    <img decoding=\"async\" alt=\"aplus content image\" src=\"https:\/\/m.media-amazon.com\/images\/S\/aplus-media-library-service-media\/74a04a7f-c6e8-4980-b577-848d5c39cdc5.__CR0,0,1464,600_PT0_SX1464_V1___.jpg\"><br \/>\n                            1 Pantalla FHD de 27&#8243; <\/p>\n<p>                            2 M\u00e1xima fluidez <\/p>\n<p>                            3 Colores de impacto <\/p>\n<p>                            4 Soporte ergon\u00f3mico <\/p>\n<p>                            5 Alta versatilidad <\/p>\n<p>                                                                                                       <img decoding=\"async\" alt=\"aplus content image\" src=\"https:\/\/images-na.ssl-images-amazon.com\/images\/G\/01\/x-locale\/common\/grey-pixel.gif\" class=\"a-lazy-loaded\" data-src=\"https:\/\/m.media-amazon.com\/images\/S\/aplus-media-library-service-media\/e7577773-0897-4564-81d3-703650a4dc39.__CR0,0,1464,600_PT0_SX1464_V1___.jpg\"><img decoding=\"async\" alt=\"aplus content image\" src=\"https:\/\/m.media-amazon.com\/images\/S\/aplus-media-library-service-media\/e7577773-0897-4564-81d3-703650a4dc39.__CR0,0,1464,600_PT0_SX1464_V1___.jpg\">                                               <\/p>\n<p>                                                                                                       <img decoding=\"async\" alt=\"aplus content image\" src=\"https:\/\/images-na.ssl-images-amazon.com\/images\/G\/01\/x-locale\/common\/grey-pixel.gif\" class=\"a-lazy-loaded\" data-src=\"https:\/\/m.media-amazon.com\/images\/S\/aplus-media-library-service-media\/3d514de4-88c2-4b7f-a2b6-fe445caf4ffd.__CR0,0,1464,600_PT0_SX1464_V1___.jpg\"><img decoding=\"async\" alt=\"aplus content image\" src=\"https:\/\/m.media-amazon.com\/images\/S\/aplus-media-library-service-media\/3d514de4-88c2-4b7f-a2b6-fe445caf4ffd.__CR0,0,1464,600_PT0_SX1464_V1___.jpg\">                                               <\/p>\n<h3 class=\"a-size-extra-large a-spacing-base a-text-center\"> Especificaciones especiales <\/h3>\n<p>                                                        Tama\u00f1o de pantalla                                     27&#8243;                                        \u00c1rea de visualizaci\u00f3n                                     597,9 x 336,3 mm                                        Relaci\u00f3n de aspecto                                     16:9                                        Resoluci\u00f3n                                     1920&#215;1080                                        Tiempo de respuesta                                     4 ms GtG (modo extremo) \/ 6 ms GtG (modo t\u00edpico)                                        Compatibilidad con colores                                     16,7 millones                                        Tasa de refresco                                    100 Hz                                                         Brillo                                     300 cd\/m\u00b2                                        Relaci\u00f3n de contraste                                     1500:1                                        Soporte                                    Inclinable                                        Montaje                                    Compatible con montaje VESA de 100 x 100 mm                                        Conectividad                                    1 puerto HDMI 1.4, 1 puerto VGA                                        Sistema operativo                                     Compatible con Windows 10 y Windows 11                     <\/p>\n<p> Batteries                                            \u200f                                            :                                            \u200e                                            1 AAAA batteries required.   <br \/> Language                                            \u200f                                            :                                            \u200e                                            Spanish   <br \/> Product Dimensions                                            \u200f                                            :                                            \u200e                                            21 x 61.2 x 44.35 cm; 4.1 kg   <br \/> Manufacturer                                            \u200f                                            :                                            \u200e                                            Lenovo   <br \/> ASIN                                            \u200f                                            :                                            \u200e                                            B0FK56N7Q6   <br \/> Item model number                                            \u200f                                            :                                            \u200e                                            68CDKAC1EU   <br \/> Country of origin                                            \u200f                                            :                                            \u200e                                            China   <br \/> Guaranteed software updates until                                            \u200f                                            :                                            \u200e                                            unknown   <br \/>  Customer reviews:                                                                                            4.5               4.5 out of 5 stars                                  (659)                                              var dpAcrHasRegisteredArcLinkClickAction;                    P.when(&#8216;A&#8217;, &#8216;ready&#8217;).execute(function(A) {                        if (dpAcrHasRegisteredArcLinkClickAction !== true) {                            dpAcrHasRegisteredArcLinkClickAction = true;                            A.declarative(                                &#8216;acrLink-click-metrics&#8217;, &#8216;click&#8217;,                                { \u00aballowLinkDefault\u00bb: true },                                function (event) {                                    if (window.ue) {                                        ue.count(\u00abacrLinkClickCount\u00bb, (ue.count(\u00abacrLinkClickCount\u00bb) || 0) + 1);                                    }                                }                            );                        }                    });                                             P.when(&#8216;A&#8217;, &#8216;cf&#8217;).execute(function(A) {                A.declarative(&#8216;acrStarsLink-click-metrics&#8217;, &#8216;click&#8217;, { \u00aballowLinkDefault\u00bb : true },  function(event){                    if(window.ue) {                        ue.count(\u00abacrStarsLinkWithPopoverClickCount\u00bb, (ue.count(\u00abacrStarsLinkWithPopoverClickCount\u00bb) || 0) + 1);                    }                });            });                          <\/p>\n<p>Images that inspire: Experience every detail with the 27&#8243; display, ultra-thin 3-sided frame and FHD resolution that gives you crisp, fluid and immersive visuals thanks to its 16:9 aspect ratio and 100Hz refresh rate for accurate, continuous viewing<br \/>Connectivity at your pace: HDMI 1.4 and VGA ports offer you a fast and stable connection allowing you to stream content in high quality and easily connect multiple devices for hassle-free work, study, or enjoy your entertainment<br \/>A NEW VISUAL EXPERIENCE &#8211; 99% coverage of sRGB color space ensures you natural and consistent accurate colors, which translates to smooth tones, smooth transitions, and vibrant details, enhancing your immersion on the screen<br \/>Ergonomics made with you: Adjust your monitor and enjoy all the comfort of a stand with -5\u00b0 \/ 22\u00b0 tilt angles designed for long hours in front of the screen without eyestrain<br \/>Conscious packaging: The Lenovo L27-4e monitor cares for the environment with its case designed with paper-based materials that minimize environmental impact and contribute to waste reduction<\/p>\n\n","protected":false},"excerpt":{"rendered":"<p> From the manufacturer Monitor Lenovo L27-4e 1 Pantalla FHD de 27&#8243; 2 M\u00e1xima fluidez 3<\/p>","protected":false},"featured_media":37266,"comment_status":"open","ping_status":"closed","template":"","meta":[],"product_brand":[],"product_cat":[55],"product_tag":[5642,1934,1936,1935,1939,1802,9130,1940,307,1784,639,1933,544,703,1937,11022,1054,844,1923,1794,1793,3863,1938,1313,227,1183,3101,2342,1920],"class_list":{"0":"post-37265","1":"product","2":"type-product","3":"status-publish","4":"has-post-thumbnail","6":"product_cat-gaming-monitors","7":"product_tag-100mm","8":"product_tag-144hz-gaming-monitor","9":"product_tag-1ms-gaming-monitor","10":"product_tag-240hz-gaming-monitor","11":"product_tag-27-inch-gaming-monitor","12":"product_tag-4k-gaming-monitor","13":"product_tag-4ms","14":"product_tag-best-gaming-monitor","15":"product_tag-black","16":"product_tag-curved-gaming-monitor","17":"product_tag-fhd","18":"product_tag-gaming-monitor","19":"product_tag-hdmi","20":"product_tag-ips","21":"product_tag-ips-gaming-monitor","22":"product_tag-l274e","23":"product_tag-lenovo","24":"product_tag-monitor","25":"product_tag-mount","26":"product_tag-rate","27":"product_tag-refresh","28":"product_tag-response","29":"product_tag-rgb-gaming-monitor","30":"product_tag-srgb","31":"product_tag-stand","32":"product_tag-tilt","33":"product_tag-time","34":"product_tag-vesa","35":"product_tag-vga","37":"first","38":"instock","39":"sale","40":"shipping-taxable","41":"product-type-external"},"_links":{"self":[{"href":"https:\/\/comprasyconsejos.store\/en\/wp-json\/wp\/v2\/product\/37265","targetHints":{"allow":["GET"]}}],"collection":[{"href":"https:\/\/comprasyconsejos.store\/en\/wp-json\/wp\/v2\/product"}],"about":[{"href":"https:\/\/comprasyconsejos.store\/en\/wp-json\/wp\/v2\/types\/product"}],"replies":[{"embeddable":true,"href":"https:\/\/comprasyconsejos.store\/en\/wp-json\/wp\/v2\/comments?post=37265"}],"version-history":[{"count":0,"href":"https:\/\/comprasyconsejos.store\/en\/wp-json\/wp\/v2\/product\/37265\/revisions"}],"wp:featuredmedia":[{"embeddable":true,"href":"https:\/\/comprasyconsejos.store\/en\/wp-json\/wp\/v2\/media\/37266"}],"wp:attachment":[{"href":"https:\/\/comprasyconsejos.store\/en\/wp-json\/wp\/v2\/media?parent=37265"}],"wp:term":[{"taxonomy":"product_brand","embeddable":true,"href":"https:\/\/comprasyconsejos.store\/en\/wp-json\/wp\/v2\/product_brand?post=37265"},{"taxonomy":"product_cat","embeddable":true,"href":"https:\/\/comprasyconsejos.store\/en\/wp-json\/wp\/v2\/product_cat?post=37265"},{"taxonomy":"product_tag","embeddable":true,"href":"https:\/\/comprasyconsejos.store\/en\/wp-json\/wp\/v2\/product_tag?post=37265"}],"curies":[{"name":"wp","href":"https:\/\/api.w.org\/{rel}","templated":true}]}}