{"id":37271,"date":"2026-03-03T20:54:30","date_gmt":"2026-03-03T20:54:30","guid":{"rendered":"https:\/\/comprasyconsejos.store\/product\/dell-32-plus-monitor-s3225qc-4k-uhd-3840x2160-120hz-qd-oled-0-03ms-amd-freesync-premium-pro-hdr-true-black-400-dolby-vision-built-in-speakers-3-usb-c-hdmi-3-year-warranty\/"},"modified":"2026-03-03T20:54:39","modified_gmt":"2026-03-03T20:54:39","slug":"dell-32-plus-monitor-s3225qc-4k-uhd-3840x2160-120hz-qd-oled-0-03ms-amd-freesync-premium-pro-hdr-true-black-400-dolby-vision-built-in-speakers-3-usb-c-hdmi-3-year-warranty","status":"publish","type":"product","link":"https:\/\/comprasyconsejos.store\/en\/product\/dell-32-plus-monitor-s3225qc-4k-uhd-3840x2160-120hz-qd-oled-0-03ms-amd-freesync-premium-pro-hdr-true-black-400-dolby-vision-built-in-speakers-3-usb-c-hdmi-3-year-warranty\/","title":{"rendered":"DELL 32 Plus Monitor &#8211; S3225QC, 4K UHD (3840&#215;2160), 120Hz, QD OLED, 0.03ms, AMD FreeSync Premium Pro, HDR True Black 400, Dolby Vision, Built-in Speakers, 3 USB-C, HDMI, 3 Year Warranty"},"content":{"rendered":"<p>Price: <span style=\"color:#b12704\">\u20ac649.00<\/span><br \/><i><small>(as of Mar 03, 2026 20:54:30 UTC &#8211; <span class=\"wp_automatic_amazon_disclaimer\" title=\"Product prices and availability are accurate as of the date\/time indicated and are subject to change. Any price and availability information displayed on [relevant Amazon Site(s), as applicable] at the time of purchase will apply to the purchase of this product.\">Details<\/span>)<\/small><\/i><\/p>\n<p><a href=\"https:\/\/amazon.es\/dp\/B0F8NSBK82?tag=man008-21\"><img decoding=\"async\" src=\"https:\/\/valvepress.s3.amazonaws.com\/imgs\/buy_now.png\"><\/a><br \/>\n<\/p>\n<p>                                             From the manufacturer   <\/p>\n<p>                                                                                                       <img decoding=\"async\" alt=\"aplus content image\" src=\"https:\/\/images-na.ssl-images-amazon.com\/images\/G\/01\/x-locale\/common\/grey-pixel.gif\" class=\"a-lazy-loaded\" data-src=\"https:\/\/m.media-amazon.com\/images\/S\/aplus-media-library-service-media\/7c223987-a325-4ab6-a2b6-e4981b09d336.__CR0,0,1464,600_PT0_SX1464_V1___.jpg\"><img decoding=\"async\" alt=\"aplus content image\" src=\"https:\/\/m.media-amazon.com\/images\/S\/aplus-media-library-service-media\/7c223987-a325-4ab6-a2b6-e4981b09d336.__CR0,0,1464,600_PT0_SX1464_V1___.jpg\">                                               <\/p>\n<p>                                                                     Sum\u00e9rgete de verdad                                            <img decoding=\"async\" alt=\"El texto dice \u00abImagen 4\u00bb. Configuraci\u00f3n de cine en casa con una pantalla brillante que muestra una colorida imagen abstracta, enmarcada por cortinas de color azul intenso.\" src=\"https:\/\/images-na.ssl-images-amazon.com\/images\/G\/01\/x-locale\/common\/grey-pixel.gif\" class=\"a-lazy-loaded\" data-src=\"https:\/\/m.media-amazon.com\/images\/S\/aplus-media-library-service-media\/7d6d9704-f73d-4eed-948a-454ee1dac9eb.__CR0,0,1464,600_PT0_SX1464_V1___.jpg\"><img decoding=\"async\" alt=\"El texto dice \u00abImagen 4\u00bb. Configuraci\u00f3n de cine en casa con una pantalla brillante que muestra una colorida imagen abstracta, enmarcada por cortinas de color azul intenso.\" src=\"https:\/\/m.media-amazon.com\/images\/S\/aplus-media-library-service-media\/7d6d9704-f73d-4eed-948a-454ee1dac9eb.__CR0,0,1464,600_PT0_SX1464_V1___.jpg\">                                         <\/p>\n<p class=\"aplus-description aplus-container-3 aplus-p1\"> Si\u00e9ntete cautivado por el sonido y las im\u00e1genes como nunca en el primer monitor QD-OLED que incluye audio espacial 3D mejorado con IA. Seg\u00fan un an\u00e1lisis de mercado interno de Dell sobre la combinaci\u00f3n \u00fanica de tecnolog\u00eda de pantalla QD-OLED y funciones de audio espacial mejoradas con IA. <\/p>\n<p>                                                                                                                                                                                                                                                             Ad\u00e9ntrate en un entorno de sonido 3D hiperrealista    <\/p>\n<p class=\"aplus-p2\"> Sum\u00e9rgete en el sonido con la tecnolog\u00eda de audio espacial de los cinco altavoces de 5 W. Gracias al seguimiento de la cabeza basado en IA, esta funci\u00f3n sigue tus movimientos con una precisi\u00f3n perfecta. La avanzada tecnolog\u00eda de formaci\u00f3n de haz ofrece un audio dirigido de claridad cristalina, que te sit\u00faa en el centro de la acci\u00f3n para que disfrutes de una experiencia realista. <\/p>\n<p>The video showcases the product in use.The video guides you through product setup.The video compares multiple products.The video shows the product being unpacked. SWami Samarth !@@ Merchant video<\/p>\n<p>                                                                                                Escucha la diferencia    <\/p>\n<p class=\"aplus-p2\"> Activa alternativamente para comparar la calidad de sonido de est\u00e9reo convencional y audio en 3D. Para disfrutar de la mejor experiencia de audio, recomendamos encarecidamente usar unos auriculares mientras escuchas esta grabaci\u00f3n. <\/p>\n<p>The video showcases the product in use.The video guides you through product setup.The video compares multiple products.The video shows the product being unpacked. Ram Krishna Hari Merchant video<\/p>\n<p>                                                                                                Im\u00e1genes fieles a la realidad    <\/p>\n<p class=\"aplus-p2\"> Descubre im\u00e1genes v\u00edvidas y realistas con la impresionante calidad de la pantalla QD-OLED y la resoluci\u00f3n 4K. Tanto para sumergirte en el entretenimiento como para editar v\u00eddeos e im\u00e1genes de manera profesional, este monitor ofrece una reproducci\u00f3n del color precisa con una cobertura del 99 % de DCI-P3 y un contraste profundo con DisplayHDR True Black 400 de VESA. <\/p>\n<p class=\"aplus-p2\"> Pantalla est\u00e1ndar frente a pantalla QD-OLED. <\/p>\n<p>The video showcases the product in use.The video guides you through product setup.The video compares multiple products.The video shows the product being unpacked. Om Namah Shivay Merchant video<\/p>\n<p>                                                                                                Vistas incre\u00edbles con Dolby Vision    <\/p>\n<p class=\"aplus-p2\"> Disfruta de mayor profundidad visual y una impresionante variedad de colores de oscuros a claros con HDR Dolby Vision. <\/p>\n<p>The video showcases the product in use.The video guides you through product setup.The video compares multiple products.The video shows the product being unpacked. Bam Bam Bhole Merchant video<\/p>\n<p>                                                                                                Sum\u00e9rgete en la acci\u00f3n    <\/p>\n<p class=\"aplus-p2\"> Disfruta de im\u00e1genes perfectas sin interrupciones con AMD FreeSync Premium Pro y de un rendimiento ultrafluido para trabajar y jugar con una frecuencia de actualizaci\u00f3n de hasta 120 Hz y un tiempo de respuesta ultrarr\u00e1pido de 0,03 ms. <\/p>\n<p>The video showcases the product in use.The video guides you through product setup.The video compares multiple products.The video shows the product being unpacked. Hare Krishna Hare Rama Merchant video<\/p>\n<p>                                                                                                ComfortView Plus    <\/p>\n<p class=\"aplus-p2\"> Minimiza la da\u00f1ina exposici\u00f3n a la luz azul sin sacrificar la precisi\u00f3n de color con la funci\u00f3n integrada y siempre activa ComfortView Plus de Dell.  Comprueba la diferencia: ComfortView Plus ayuda a reducir los tonos amarillos para garantizar una mejor fidelidad del color en comparaci\u00f3n con los resultados de la tecnolog\u00eda de reducci\u00f3n de luz azul habilitada por software. <\/p>\n<p class=\"aplus-p2\"> Im\u00e1genes en pantalla simuladas. <\/p>\n<p>The video showcases the product in use.The video guides you through product setup.The video compares multiple products.The video shows the product being unpacked. Ganpati Bappa Morya Merchant video<\/p>\n<p>                                                                                                                                                                                                                   <img decoding=\"async\" alt=\"aplus content image\" src=\"https:\/\/m.media-amazon.com\/images\/S\/aplus-media-library-service-media\/ea436dc4-6be2-49e7-b28d-a246035502f3.__CR0,0,800,600_PT0_SX800_V1___.jpg\">                                                                                Conectividad sencilla    <\/p>\n<p class=\"aplus-p2\"> Mant\u00e9n tu escritorio organizado y ordenado con un solo cable USB-C (modo de alimentaci\u00f3n de hasta 90 W). <\/p>\n<p>                                                              <img decoding=\"async\" alt=\"aplus content image\" src=\"https:\/\/m.media-amazon.com\/images\/S\/aplus-media-library-service-media\/afb1f5b1-a0dc-47de-add2-42d00ddae133.__CR0,0,800,600_PT0_SX800_V1___.jpg\">                                                                                Dell Display and Peripheral Manager    <\/p>\n<p class=\"aplus-p2\"> Maximizar la productividad : EasyArrange organiza las aplicaciones en las pantallas con particiones preestablecidas y permite personalizar hasta cinco ventanas, lo que mejora el trabajo multitarea. <\/p>\n<p class=\"aplus-p2\"> Personalizaci\u00f3n de las vistas : Trabaja c\u00f3modamente d\u00eda y noche. Automatiza los ajustes de brillo y contraste seg\u00fan tus horarios. <\/p>\n<p class=\"aplus-p2\"> La primera imagen tiene solo fines ilustrativos. El modelo de monitor puede variar. <\/p>\n<p class=\"aplus-p2\"> Datos basados en an\u00e1lisis internos de Dell de diciembre de 2024. <\/p>\n<p>                                                              <img decoding=\"async\" alt=\"aplus content image\" src=\"https:\/\/m.media-amazon.com\/images\/S\/aplus-media-library-service-media\/252b5370-1125-47af-b5a5-10ade0d5602c.__CR0,0,800,600_PT0_SX800_V1___.jpg\">                                                                                Conmutaci\u00f3n sin complicaciones    <\/p>\n<p class=\"aplus-p2\"> Accede a tus configuraciones de entretenimiento y juegos con facilidad cambiando entre USB-C y HDMI. <\/p>\n<p>                                                              <img decoding=\"async\" alt=\"aplus content image\" src=\"https:\/\/m.media-amazon.com\/images\/S\/aplus-media-library-service-media\/245616de-5d4f-47ba-8087-569eb6b85344.__CR0,0,800,600_PT0_SX800_V1___.jpg\">                                                                                Dell Display and Peripheral Manager    <\/p>\n<p class=\"aplus-p2\"> Maximizar la productividad : EasyArrange organiza las aplicaciones en las pantallas con particiones preestablecidas y permite personalizar hasta cinco ventanas, lo que mejora el trabajo multitarea. <\/p>\n<p class=\"aplus-p2\"> Personalizaci\u00f3n de las vistas : Trabaja c\u00f3modamente d\u00eda y noche. Automatiza los ajustes de brillo y contraste seg\u00fan tus horarios. <\/p>\n<p class=\"aplus-p2\"> La primera imagen tiene solo fines ilustrativos. El modelo de monitor puede variar. <\/p>\n<p class=\"aplus-p2\"> Datos basados en an\u00e1lisis internos de Dell de diciembre de 2024. <\/p>\n<p>                                                              <img decoding=\"async\" alt=\"aplus content image\" src=\"https:\/\/m.media-amazon.com\/images\/S\/aplus-media-library-service-media\/e131798e-6936-4c70-89b5-c4b600cbb363.__CR0,0,800,600_PT0_SX800_V1___.jpg\">                                                                                Hecho para ti, de forma sostenible    <\/p>\n<p class=\"aplus-p2\"> Est\u00e1ndares medioambientales : Este monitor cuenta con la certificaci\u00f3n ENERGY STAR, que indica que cumple altos est\u00e1ndares de eficiencia energ\u00e9tica. <\/p>\n<p class=\"aplus-p2\"> Moderniza tu tecnolog\u00eda sin complicaciones : Podemos ayudarte a retirar de manera responsable y segura tus equipos de TI heredados, sin importar la marca, mientras se abordan tus objetivos de sostenibilidad. <\/p>\n<p class=\"aplus-p2\"> Embalaje con un prop\u00f3sito espec\u00edfico : Este monitor se env\u00eda en una caja fabricada con un 100 % de materiales renovables. <\/p>\n<p>                                                            Comodidad desde cualquier \u00e1ngulo                                            <img decoding=\"async\" alt=\"Monitor de computadora o soporte de pantalla blanco minimalista que se muestra en la vista de perfil sobre un fondo blanco.\" src=\"https:\/\/images-na.ssl-images-amazon.com\/images\/G\/01\/x-locale\/common\/grey-pixel.gif\" class=\"a-lazy-loaded\" data-src=\"https:\/\/m.media-amazon.com\/images\/S\/aplus-media-library-service-media\/16ae9585-c0be-4691-9c92-3d4f50031379.__CR0,0,300,225_PT0_SX300_V1___.jpg\"><img decoding=\"async\" alt=\"Monitor de computadora o soporte de pantalla blanco minimalista que se muestra en la vista de perfil sobre un fondo blanco.\" src=\"https:\/\/m.media-amazon.com\/images\/S\/aplus-media-library-service-media\/16ae9585-c0be-4691-9c92-3d4f50031379.__CR0,0,300,225_PT0_SX300_V1___.jpg\">                                            Inclinaci\u00f3n                                         <\/p>\n<p class=\"aplus-p3\"> Ajuste de -5\u00b0\/+21\u00b0. <\/p>\n<p>                                           <img decoding=\"async\" alt=\"Diagrama t\u00e9cnico que muestra las instrucciones de montaje o instalaci\u00f3n de un portaherramientas de limpieza montado en la pared, con vistas desde varios \u00e1ngulos de los componentes.\" src=\"https:\/\/images-na.ssl-images-amazon.com\/images\/G\/01\/x-locale\/common\/grey-pixel.gif\" class=\"a-lazy-loaded\" data-src=\"https:\/\/m.media-amazon.com\/images\/S\/aplus-media-library-service-media\/90ac1d13-03ca-4ff3-8c18-62932a32e033.__CR0,0,300,225_PT0_SX300_V1___.jpg\"><img decoding=\"async\" alt=\"Diagrama t\u00e9cnico que muestra las instrucciones de montaje o instalaci\u00f3n de un portaherramientas de limpieza montado en la pared, con vistas desde varios \u00e1ngulos de los componentes.\" src=\"https:\/\/m.media-amazon.com\/images\/S\/aplus-media-library-service-media\/90ac1d13-03ca-4ff3-8c18-62932a32e033.__CR0,0,300,225_PT0_SX300_V1___.jpg\">                                            Basculaci\u00f3n                                         <\/p>\n<p class=\"aplus-p3\"> Ajuste bidireccional de hasta 30\u00b0. <\/p>\n<p>                                           <img decoding=\"async\" alt=\"Monitor de computadora moderno que muestra vibrantes remolinos abstractos de colores rojo, azul y naranja sobre un fondo negro.\" src=\"https:\/\/images-na.ssl-images-amazon.com\/images\/G\/01\/x-locale\/common\/grey-pixel.gif\" class=\"a-lazy-loaded\" data-src=\"https:\/\/m.media-amazon.com\/images\/S\/aplus-media-library-service-media\/36dcff7b-a340-4531-80f1-cf1805f90bd5.__CR0,0,300,225_PT0_SX300_V1___.jpg\"><img decoding=\"async\" alt=\"Monitor de computadora moderno que muestra vibrantes remolinos abstractos de colores rojo, azul y naranja sobre un fondo negro.\" src=\"https:\/\/m.media-amazon.com\/images\/S\/aplus-media-library-service-media\/36dcff7b-a340-4531-80f1-cf1805f90bd5.__CR0,0,300,225_PT0_SX300_V1___.jpg\">                                            Inclinaci\u00f3n                                         <\/p>\n<p class=\"aplus-p3\"> Ajuste bidireccional de -4\u00b0\/+4\u00b0. <\/p>\n<p>                                           <img decoding=\"async\" alt=\"Pantalla electr\u00f3nica rectangular blanca o monitor con dise\u00f1o de bisel delgado, que se muestra sobre un fondo blanco.\" src=\"https:\/\/images-na.ssl-images-amazon.com\/images\/G\/01\/x-locale\/common\/grey-pixel.gif\" class=\"a-lazy-loaded\" data-src=\"https:\/\/m.media-amazon.com\/images\/S\/aplus-media-library-service-media\/ed6e5fb0-394c-40de-b975-a4a66312b187.__CR0,0,300,225_PT0_SX300_V1___.jpg\"><img decoding=\"async\" alt=\"Pantalla electr\u00f3nica rectangular blanca o monitor con dise\u00f1o de bisel delgado, que se muestra sobre un fondo blanco.\" src=\"https:\/\/m.media-amazon.com\/images\/S\/aplus-media-library-service-media\/ed6e5fb0-394c-40de-b975-a4a66312b187.__CR0,0,300,225_PT0_SX300_V1___.jpg\">                                            Altura                                         <\/p>\n<p class=\"aplus-p3\"> Capacidad de ajuste de hasta 110 mm. <\/p>\n<p>                                                                     Puertos y ranuras                                            <img decoding=\"async\" alt=\"aplus content image\" src=\"https:\/\/images-na.ssl-images-amazon.com\/images\/G\/01\/x-locale\/common\/grey-pixel.gif\" class=\"a-lazy-loaded\" data-src=\"https:\/\/m.media-amazon.com\/images\/S\/aplus-media-library-service-media\/f75bd657-62e9-4ead-ae94-3f05221f8ae2.__CR0,0,1464,600_PT0_SX1464_V1___.jpg\"><img decoding=\"async\" alt=\"aplus content image\" src=\"https:\/\/m.media-amazon.com\/images\/S\/aplus-media-library-service-media\/f75bd657-62e9-4ead-ae94-3f05221f8ae2.__CR0,0,1464,600_PT0_SX1464_V1___.jpg\">                                                  <\/p>\n<p class=\"description\"> 1. Ranura de bloqueo de seguridad (basada en Kensington Security Slot) | 2. Conector de alimentaci\u00f3n | 3. HDMI | 4. Puerto USB tipo C de 5 Gbit\/s ascendente (modo alternativo DisplayPort 1.4, suministro de alimentaci\u00f3n de 90 W) | 5. Puerto USB tipo C de 5 Gbit\/s descendente con carga de alimentaci\u00f3n (15 W) | 6. Bloqueo de la base | 7. Puerto USB tipo C de 5 Gbit\/s descendente con carga de alimentaci\u00f3n (15 W) <\/p>\n<p> Product Dimensions                                            \u200f                                            :                                            \u200e                                            71.88 x 22.35 x 61.47 cm; 10 kg   <br \/> Manufacturer                                            \u200f                                            :                                            \u200e                                            Dell   <br \/> ASIN                                            \u200f                                            :                                            \u200e                                            B0F8NSBK82   <br \/> Item model number                                            \u200f                                            :                                            \u200e                                            S3225QC   <br \/> Guaranteed software updates until                                            \u200f                                            :                                            \u200e                                            unknown   <br \/>  Customer reviews:                                                                                            4.4               4.4 out of 5 stars                                  (1,827)                                              var dpAcrHasRegisteredArcLinkClickAction;                    P.when(&#8216;A&#8217;, &#8216;ready&#8217;).execute(function(A) {                        if (dpAcrHasRegisteredArcLinkClickAction !== true) {                            dpAcrHasRegisteredArcLinkClickAction = true;                            A.declarative(                                &#8216;acrLink-click-metrics&#8217;, &#8216;click&#8217;,                                { \u00aballowLinkDefault\u00bb: true },                                function (event) {                                    if (window.ue) {                                        ue.count(\u00abacrLinkClickCount\u00bb, (ue.count(\u00abacrLinkClickCount\u00bb) || 0) + 1);                                    }                                }                            );                        }                    });                                             P.when(&#8216;A&#8217;, &#8216;cf&#8217;).execute(function(A) {                A.declarative(&#8216;acrStarsLink-click-metrics&#8217;, &#8216;click&#8217;, { \u00aballowLinkDefault\u00bb : true },  function(event){                    if(window.ue) {                        ue.count(\u00abacrStarsLinkWithPopoverClickCount\u00bb, (ue.count(\u00abacrStarsLinkWithPopoverClickCount\u00bb) || 0) + 1);                    }                });            });                          <\/p>\n<p>SURROUND DISPLAY &#038; ULTRA FAST PERFORMANCE: 31.6&#8243; QD-OLED panel with 4K UHD resolution, 120Hz refresh rate and 0.03ms. 16:9 ratio with AMD FreeSync Premium Pro for smooth, seamless visuals.<br \/>AI 3D SPACE AUDIO: Five built-in 5W speakers with head tracking generate immersive and accurate sound. Beamforming technology for an immersive listening experience.<br \/>Realistic image and accurate color: Dolby Vision, VESA DisplayHDR True Black 400 and 99% DCI-P3 for vibrant colors, deep blacks and great contrast. Ideal for content creation.<br \/>EFFICIENT AND MULTI TASK CONNECTIVITY: USB-C 90W, second USB-C 15W and HDMI. PiP and PbP features for easy productivity with multiple devices.<br \/>COMFORT AND CUSTOM ADJUSTMENTS: Ergonomic stand adjustable in height, tilt, swivel and rotation. ComfortView Plus reduces blue light without compromising color accuracy.<br \/>SUSTAINABLE DESIGN &#038; PREMIUM SUPPORT: Made with 46% recycled materials and renewable packaging. Includes 3 year warranty<\/p>\n\n","protected":false},"excerpt":{"rendered":"<p> From the manufacturer Sum\u00e9rgete de verdad Si\u00e9ntete cautivado por el sonido y las im\u00e1genes como<\/p>","protected":false},"featured_media":37272,"comment_status":"open","ping_status":"closed","template":"","meta":[],"product_brand":[],"product_cat":[53],"product_tag":[1299,1634,1804,3145,1801,1802,1805,1803,1799,1807,530,1806,307,1567,809,4408,1922,544,1813,844,884,1035,163,1808,11025,1039,685,684,1800,188,686,725,1128],"class_list":{"0":"post-37271","1":"product","2":"type-product","3":"status-publish","4":"has-post-thumbnail","6":"product_cat-4k-monitors","7":"product_tag-0-03ms","8":"product_tag-120hz","9":"product_tag-32-inch-4k-monitor","10":"product_tag-3840x2160","11":"product_tag-3840x2160-monitor","12":"product_tag-4k-gaming-monitor","13":"product_tag-4k-hdr-monitor","14":"product_tag-4k-ips-monitor","15":"product_tag-4k-monitor","16":"product_tag-4k-monitor-price","17":"product_tag-amd","18":"product_tag-best-4k-monitor","19":"product_tag-black","20":"product_tag-builtin","21":"product_tag-dell","22":"product_tag-dolby","23":"product_tag-freesync","24":"product_tag-hdmi","25":"product_tag-hdr","26":"product_tag-monitor","27":"product_tag-oled","28":"product_tag-premium","29":"product_tag-pro","30":"product_tag-professional-4k-monitor","31":"product_tag-s3225qc","32":"product_tag-speakers","33":"product_tag-true","34":"product_tag-uhd","35":"product_tag-uhd-monitor","36":"product_tag-usbc","37":"product_tag-vision","38":"product_tag-warranty","39":"product_tag-year","41":"first","42":"instock","43":"shipping-taxable","44":"product-type-external"},"_links":{"self":[{"href":"https:\/\/comprasyconsejos.store\/en\/wp-json\/wp\/v2\/product\/37271","targetHints":{"allow":["GET"]}}],"collection":[{"href":"https:\/\/comprasyconsejos.store\/en\/wp-json\/wp\/v2\/product"}],"about":[{"href":"https:\/\/comprasyconsejos.store\/en\/wp-json\/wp\/v2\/types\/product"}],"replies":[{"embeddable":true,"href":"https:\/\/comprasyconsejos.store\/en\/wp-json\/wp\/v2\/comments?post=37271"}],"version-history":[{"count":0,"href":"https:\/\/comprasyconsejos.store\/en\/wp-json\/wp\/v2\/product\/37271\/revisions"}],"wp:featuredmedia":[{"embeddable":true,"href":"https:\/\/comprasyconsejos.store\/en\/wp-json\/wp\/v2\/media\/37272"}],"wp:attachment":[{"href":"https:\/\/comprasyconsejos.store\/en\/wp-json\/wp\/v2\/media?parent=37271"}],"wp:term":[{"taxonomy":"product_brand","embeddable":true,"href":"https:\/\/comprasyconsejos.store\/en\/wp-json\/wp\/v2\/product_brand?post=37271"},{"taxonomy":"product_cat","embeddable":true,"href":"https:\/\/comprasyconsejos.store\/en\/wp-json\/wp\/v2\/product_cat?post=37271"},{"taxonomy":"product_tag","embeddable":true,"href":"https:\/\/comprasyconsejos.store\/en\/wp-json\/wp\/v2\/product_tag?post=37271"}],"curies":[{"name":"wp","href":"https:\/\/api.w.org\/{rel}","templated":true}]}}