{"id":37280,"date":"2026-03-03T21:40:42","date_gmt":"2026-03-03T21:40:42","guid":{"rendered":"https:\/\/comprasyconsejos.store\/product\/gxtrust-419-rayne-lightweight-gaming-headset-for-pc-console-usb-powered-led-lighting-50mm-drivers-3-5mm-connection-foldable-microphone-over-ear-wired-headphones-black\/"},"modified":"2026-03-03T21:40:50","modified_gmt":"2026-03-03T21:40:50","slug":"gxtrust-419-rayne-lightweight-gaming-headset-for-pc-console-usb-powered-led-lighting-50mm-drivers-3-5mm-connection-foldable-microphone-over-ear-wired-headphones-black","status":"publish","type":"product","link":"https:\/\/comprasyconsejos.store\/en\/product\/gxtrust-419-rayne-lightweight-gaming-headset-for-pc-console-usb-powered-led-lighting-50mm-drivers-3-5mm-connection-foldable-microphone-over-ear-wired-headphones-black\/","title":{"rendered":"GXTrust 419 Rayne Lightweight Gaming Headset for PC\/Console, USB Powered LED Lighting, 50mm Drivers, 3.5mm Connection, Foldable Microphone, Over-Ear Wired Headphones, Black"},"content":{"rendered":"<p>Price: <span style=\"color:#b12704\"><del>\u20ac27.99<\/del> - \u20ac21.99<\/span><br \/><i><small>(as of Mar 03, 2026 21:40:42 UTC &#8211; <span class=\"wp_automatic_amazon_disclaimer\" title=\"Product prices and availability are accurate as of the date\/time indicated and are subject to change. Any price and availability information displayed on [relevant Amazon Site(s), as applicable] at the time of purchase will apply to the purchase of this product.\">Details<\/span>)<\/small><\/i><\/p>\n<p><a href=\"https:\/\/amazon.es\/dp\/B0DGTDBSJ2?tag=man008-21\"><img decoding=\"async\" src=\"https:\/\/valvepress.s3.amazonaws.com\/imgs\/buy_now.png\"><\/a><br \/>\n<\/p>\n<p>                                             From the manufacturer   <\/p>\n<p>The video showcases the product in use.The video guides you through product setup.The video compares multiple products.The video shows the product being unpacked.<\/p>\n<p class=\"aplus-description aplus-container-3 aplus-p1\"> El gaming gana en atractivo. Los auriculares gaming Rayne LED incluyen iluminaci\u00f3n LED, un potente sonido y un dise\u00f1o ligero ultrac\u00f3modo para que el gaming sea m\u00e1s asombroso que nunca <\/p>\n<p>                                                                                     <img decoding=\"async\" alt=\"Rayne\" src=\"https:\/\/m.media-amazon.com\/images\/S\/aplus-media-library-service-media\/e9105a27-78e6-4d77-9d67-3486b8a1aead.__CR0,0,5000,2049_PT0_SX1464_V1___.png\">                                                    No pesan                                         <\/p>\n<p class=\"aplus-p3\"> Gracias a su dise\u00f1o liviano, los auriculares Rayne garantizan una sensaci\u00f3n de ligereza y libertad incluso en las sesiones de gaming m\u00e1s intensas <\/p>\n<p>                                                                                     <img decoding=\"async\" alt=\"Rayne\" src=\"https:\/\/m.media-amazon.com\/images\/S\/aplus-media-library-service-media\/e1db9197-24c8-44ad-9ed6-44709da8c6b4.__CR0,0,5000,2049_PT0_SX1464_V1___.jpg\">                                                    Enciende la luz                                         <\/p>\n<p class=\"aplus-p3\"> La iluminaci\u00f3n LED multicolor alimentada por USB da vida a tu entorno y set-up para disfrutar del gaming m\u00e1s avanzado <\/p>\n<p>                                                                                     <img decoding=\"async\" alt=\"Rayne\" src=\"https:\/\/m.media-amazon.com\/images\/S\/aplus-media-library-service-media\/ff14b37a-d8af-4900-a63f-81d6f855503b.__CR0,0,5000,2049_PT0_SX1464_V1___.jpg\">                                                    El mejor sonido                                         <\/p>\n<p class=\"aplus-p3\"> Explosiones, disparos, susurros o pasos que se acercan\u2026 Los potentes controladores de 50 mm de los auriculares Rayne lo captan todo para ofrecer una experiencia ac\u00fastica excepcional <\/p>\n<p>                                                                                     <img decoding=\"async\" alt=\"Rayne\" src=\"https:\/\/m.media-amazon.com\/images\/S\/aplus-media-library-service-media\/16982eb5-7dc8-4af3-986c-254d8d035c95.__CR0,0,5000,2049_PT0_SX1464_V1___.jpg\">                                                    Funciona en todas las plataformas                                         <\/p>\n<p class=\"aplus-p3\"> No importa si prefieres PC o PlayStation, Xbox o cualquier otra plataforma: la vers\u00e1til conexi\u00f3n de 3,5 mm de estos auriculares, \u00a1te permite conectarte f\u00e1cilmente a la que prefieras! <\/p>\n<p>                                                                <img decoding=\"async\" alt=\"\" src=\"https:\/\/images-na.ssl-images-amazon.com\/images\/G\/01\/x-locale\/common\/grey-pixel.gif\" class=\"a-lazy-loaded\" data-src=\"https:\/\/m.media-amazon.com\/images\/S\/aplus-media-library-service-media\/674f69e3-c3d4-4b9c-a7fd-c10e03139f85.__CR0,0,5000,2049_PT0_SX1464_V1___.jpg\"><img decoding=\"async\" alt=\"\" src=\"https:\/\/m.media-amazon.com\/images\/S\/aplus-media-library-service-media\/674f69e3-c3d4-4b9c-a7fd-c10e03139f85.__CR0,0,5000,2049_PT0_SX1464_V1___.jpg\">        <\/p>\n<p>                        GXT 419 Rayne   <\/p>\n<h3 class=\"a-text-center aplus-h3 a-text-bold\"> Nuestros auriculares <\/h3>\n<h3 class=\"a-text-center aplus-p3\"> 3.5mm \/ USB <\/h3>\n<h3 class=\"a-text-center aplus-p2\"> Conexi\u00f3n <\/h3>\n<h3 class=\"a-text-center aplus-p3\"> 3.5mm <\/h3>\n<h3 class=\"a-text-center aplus-p3\"> Plegable <\/h3>\n<h3 class=\"a-text-center aplus-p2\"> Micr\u00f3fono <\/h3>\n<h3 class=\"a-text-center aplus-p3\"> Plegable <\/h3>\n<h3 class=\"a-text-center aplus-p3\"> 50mm <\/h3>\n<h3 class=\"a-text-center aplus-p2\"> Tama\u00f1o controlador <\/h3>\n<h3 class=\"a-text-center aplus-p3\"> 50mm <\/h3>\n<h3 class=\"a-text-center aplus-p2\"> Iluminaci\u00f3n RGB <\/h3>\n<h3 class=\"a-text-center aplus-p3\"> &#8211; <\/h3>\n<h3 class=\"a-text-center aplus-p2\"> Vida de la bater\u00eda <\/h3>\n<h3 class=\"a-text-center aplus-p3\"> &#8211; <\/h3>\n<h3 class=\"a-text-center aplus-p2\"> Con licencia <\/h3>\n<h3 class=\"a-text-center aplus-p3\"> PC PS Xbox Switch <\/h3>\n<h3 class=\"a-text-center aplus-p2\"> Plataforma <\/h3>\n<h3 class=\"a-text-center aplus-p3\"> PC PS Xbox Switch <\/h3>\n<h3 class=\"a-text-center aplus-p3\"> 3.5mm \/ USB <\/h3>\n<h3 class=\"a-text-center aplus-p2\"> Conexi\u00f3n <\/h3>\n<h3 class=\"a-text-center aplus-p3\"> 2.4GHz + Bluetooth <\/h3>\n<h3 class=\"a-text-center aplus-p3\"> Plegable <\/h3>\n<h3 class=\"a-text-center aplus-p2\"> Micr\u00f3fono <\/h3>\n<h3 class=\"a-text-center aplus-p3\"> Extra\u00edble <\/h3>\n<h3 class=\"a-text-center aplus-p3\"> 50mm <\/h3>\n<h3 class=\"a-text-center aplus-p2\"> Tama\u00f1o controlador <\/h3>\n<h3 class=\"a-text-center aplus-p3\"> 50mm <\/h3>\n<h3 class=\"a-text-center aplus-p2\"> Iluminaci\u00f3n RGB <\/h3>\n<h3 class=\"a-text-center aplus-p3\"> &#8211; <\/h3>\n<h3 class=\"a-text-center aplus-p2\"> Vida de la bater\u00eda <\/h3>\n<h3 class=\"a-text-center aplus-p3\"> 22h <\/h3>\n<h3 class=\"a-text-center aplus-p2\"> Con licencia <\/h3>\n<h3 class=\"a-text-center aplus-p3\"> PC PS Xbox Switch <\/h3>\n<h3 class=\"a-text-center aplus-p2\"> Plataforma <\/h3>\n<h3 class=\"a-text-center aplus-p3\"> PC PS Switch <\/h3>\n<h3 class=\"a-text-center aplus-p3\"> 3.5mm \/ USB <\/h3>\n<h3 class=\"a-text-center aplus-p2\"> Conexi\u00f3n <\/h3>\n<h3 class=\"a-text-center aplus-p3\"> 3.5mm <\/h3>\n<h3 class=\"a-text-center aplus-p3\"> Plegable <\/h3>\n<h3 class=\"a-text-center aplus-p2\"> Micr\u00f3fono <\/h3>\n<h3 class=\"a-text-center aplus-p3\"> Extra\u00edble <\/h3>\n<h3 class=\"a-text-center aplus-p3\"> 50mm <\/h3>\n<h3 class=\"a-text-center aplus-p2\"> Tama\u00f1o controlador <\/h3>\n<h3 class=\"a-text-center aplus-p3\"> 50mm <\/h3>\n<h3 class=\"a-text-center aplus-p2\"> Iluminaci\u00f3n RGB <\/h3>\n<h3 class=\"a-text-center aplus-p3\"> &#8211; <\/h3>\n<h3 class=\"a-text-center aplus-p2\"> Vida de la bater\u00eda <\/h3>\n<h3 class=\"a-text-center aplus-p3\"> &#8211; <\/h3>\n<h3 class=\"a-text-center aplus-p2\"> Con licencia <\/h3>\n<h3 class=\"a-text-center aplus-p3\"> PC PS Xbox Switch <\/h3>\n<h3 class=\"a-text-center aplus-p2\"> Plataforma <\/h3>\n<h3 class=\"a-text-center aplus-p3\"> PS5 PS4 PC <\/h3>\n<h3 class=\"a-text-center aplus-p3\"> 3.5mm \/ USB <\/h3>\n<h3 class=\"a-text-center aplus-p2\"> Conexi\u00f3n <\/h3>\n<h3 class=\"a-text-center aplus-p3\"> 5.8GHz <\/h3>\n<h3 class=\"a-text-center aplus-p3\"> Plegable <\/h3>\n<h3 class=\"a-text-center aplus-p2\"> Micr\u00f3fono <\/h3>\n<h3 class=\"a-text-center aplus-p3\"> Plegable <\/h3>\n<h3 class=\"a-text-center aplus-p3\"> 50mm <\/h3>\n<h3 class=\"a-text-center aplus-p2\"> Tama\u00f1o controlador <\/h3>\n<h3 class=\"a-text-center aplus-p3\"> 40mm <\/h3>\n<h3 class=\"a-text-center aplus-p2\"> Iluminaci\u00f3n RGB <\/h3>\n<h3 class=\"a-text-center aplus-p3\"> &#8211; <\/h3>\n<h3 class=\"a-text-center aplus-p2\"> Vida de la bater\u00eda <\/h3>\n<h3 class=\"a-text-center aplus-p3\"> 13h <\/h3>\n<h3 class=\"a-text-center aplus-p2\"> Con licencia <\/h3>\n<h3 class=\"a-text-center aplus-p3\"> PC PS Xbox Switch <\/h3>\n<h3 class=\"a-text-center aplus-p2\"> Plataforma <\/h3>\n<h3 class=\"a-text-center aplus-p3\"> PS5 PS4 PC <\/h3>\n<p>                                          GXT 418 Rayne                                        <img decoding=\"async\" alt=\"Zirox\" src=\"https:\/\/m.media-amazon.com\/images\/S\/aplus-media-library-service-media\/e252a54b-2218-4dde-a192-5ceefb99f1de.__CR0,24,2000,2869_PT0_SX488_V1___.jpg\">    <\/p>\n<p>                                                       GXT 491 Fayzo                                       <img decoding=\"async\" alt=\"Fayzo\" src=\"https:\/\/m.media-amazon.com\/images\/S\/aplus-media-library-service-media\/e2a64470-640f-4c78-8223-3d8055370629.__CR0,24,2000,2869_PT0_SX488_V1___.jpg\">    <\/p>\n<p>                                                       GXT 498W Forta                                       <img decoding=\"async\" alt=\"Forta\" src=\"https:\/\/m.media-amazon.com\/images\/S\/aplus-media-library-service-media\/0522cd30-643f-4e2a-95d3-32476dcef144.__CR0,24,2000,2869_PT0_SX488_V1___.jpg\">    <\/p>\n<p>                                                       GXT 391 Thian                                       <img decoding=\"async\" alt=\"Thian\" src=\"https:\/\/m.media-amazon.com\/images\/S\/aplus-media-library-service-media\/bf278e78-3192-4331-8f84-c300eb98afc2.__CR0,24,2000,2869_PT0_SX488_V1___.jpg\">    <\/p>\n<p> Product Dimensions                                            \u200f                                            :                                            \u200e                                            8.5 x 17 x 20 cm; 290 g   <br \/> Manufacturer                                            \u200f                                            :                                            \u200e                                            Trust   <br \/> ASIN                                            \u200f                                            :                                            \u200e                                            B0DGTDBSJ2   <br \/> Item model number                                            \u200f                                            :                                            \u200e                                            25574   <br \/> Country\/Region of Origin                                            \u200f                                            :                                            \u200e                                            China   <br \/> Guaranteed software updates until                                            \u200f                                            :                                            \u200e                                            unknown   <br \/>  Customer reviews:                                                                                            4.0               4.0 out of 5 stars                                  (815)                                              var dpAcrHasRegisteredArcLinkClickAction;                    P.when(&#8216;A&#8217;, &#8216;ready&#8217;).execute(function(A) {                        if (dpAcrHasRegisteredArcLinkClickAction !== true) {                            dpAcrHasRegisteredArcLinkClickAction = true;                            A.declarative(                                &#8216;acrLink-click-metrics&#8217;, &#8216;click&#8217;,                                { \u00aballowLinkDefault\u00bb: true },                                function (event) {                                    if (window.ue) {                                        ue.count(\u00abacrLinkClickCount\u00bb, (ue.count(\u00abacrLinkClickCount\u00bb) || 0) + 1);                                    }                                }                            );                        }                    });                                             P.when(&#8216;A&#8217;, &#8216;cf&#8217;).execute(function(A) {                A.declarative(&#8216;acrStarsLink-click-metrics&#8217;, &#8216;click&#8217;, { \u00aballowLinkDefault\u00bb : true },  function(event){                    if(window.ue) {                        ue.count(\u00abacrStarsLinkWithPopoverClickCount\u00bb, (ue.count(\u00abacrStarsLinkWithPopoverClickCount\u00bb) || 0) + 1);                    }                });            });                          <\/p>\n<p>WELL THOUGHT &#8211; The lightweight design of the Rayne headset set ensures comfort and movement. With its soft over-ear ear pads and adjustable headband, it fits all users<br \/>PURE MAGIC \u2013 Earn points in style with the USB powered multi-color LED lighting of these headphones. Simply plug them into the device to dress up the multi-color set-up<br \/>AT CONTROL \u2013 Immerse yourself in sound with the powerful 50mm speaker units of this set of headphones. Thanks to its high quality audio, you will be the absolute protagonist of all games<br \/>ON OR OFF &#8211; Have the microphone ready if you need it and turn it off if you don&#8217;t need it. Rayne&#8217;s microphone folds neatly into the headset set to prevent intrusion<br \/>MULTIPLATFORM \u2013 Whether you&#8217;re PC gamer, laptop, mobile or console, the Rayne headset set is ideal &#8211; works with any device that has 3.5mm audio connection<\/p>\n\n","protected":false},"excerpt":{"rendered":"<p> From the manufacturer The video showcases the product in use.The video guides you through product<\/p>","protected":false},"featured_media":37281,"comment_status":"open","ping_status":"closed","template":"","meta":[],"product_brand":[],"product_cat":[61],"product_tag":[546,3694,307,2203,1880,865,239,617,1881,1875,1883,11031,928,711,1884,428,316,956,1071,1878,938,11033,1876,1422,11032,133,1879,1882,750,1877],"class_list":{"0":"post-37280","1":"product","2":"type-product","3":"status-publish","4":"has-post-thumbnail","6":"product_cat-games-entertainment","7":"product_tag-3-5mm","8":"product_tag-50mm","9":"product_tag-black","10":"product_tag-connection","11":"product_tag-console-games","12":"product_tag-drivers","13":"product_tag-foldable","14":"product_tag-gaming","15":"product_tag-gaming-accessories","16":"product_tag-gaming-consoles","17":"product_tag-gaming-controllers","18":"product_tag-gxtrust","19":"product_tag-headphones","20":"product_tag-headset","21":"product_tag-home-gaming-system","22":"product_tag-led","23":"product_tag-lighting","24":"product_tag-lightweight","25":"product_tag-microphone","26":"product_tag-nintendo-console","27":"product_tag-overear","28":"product_tag-pcconsole","29":"product_tag-playstation-console","30":"product_tag-powered","31":"product_tag-rayne","32":"product_tag-usb","33":"product_tag-video-games","34":"product_tag-vr-headset","35":"product_tag-wired","36":"product_tag-xbox-console","38":"first","39":"instock","40":"sale","41":"shipping-taxable","42":"product-type-external"},"_links":{"self":[{"href":"https:\/\/comprasyconsejos.store\/en\/wp-json\/wp\/v2\/product\/37280","targetHints":{"allow":["GET"]}}],"collection":[{"href":"https:\/\/comprasyconsejos.store\/en\/wp-json\/wp\/v2\/product"}],"about":[{"href":"https:\/\/comprasyconsejos.store\/en\/wp-json\/wp\/v2\/types\/product"}],"replies":[{"embeddable":true,"href":"https:\/\/comprasyconsejos.store\/en\/wp-json\/wp\/v2\/comments?post=37280"}],"version-history":[{"count":0,"href":"https:\/\/comprasyconsejos.store\/en\/wp-json\/wp\/v2\/product\/37280\/revisions"}],"wp:featuredmedia":[{"embeddable":true,"href":"https:\/\/comprasyconsejos.store\/en\/wp-json\/wp\/v2\/media\/37281"}],"wp:attachment":[{"href":"https:\/\/comprasyconsejos.store\/en\/wp-json\/wp\/v2\/media?parent=37280"}],"wp:term":[{"taxonomy":"product_brand","embeddable":true,"href":"https:\/\/comprasyconsejos.store\/en\/wp-json\/wp\/v2\/product_brand?post=37280"},{"taxonomy":"product_cat","embeddable":true,"href":"https:\/\/comprasyconsejos.store\/en\/wp-json\/wp\/v2\/product_cat?post=37280"},{"taxonomy":"product_tag","embeddable":true,"href":"https:\/\/comprasyconsejos.store\/en\/wp-json\/wp\/v2\/product_tag?post=37280"}],"curies":[{"name":"wp","href":"https:\/\/api.w.org\/{rel}","templated":true}]}}