{"id":37289,"date":"2026-03-03T21:44:59","date_gmt":"2026-03-03T21:44:59","guid":{"rendered":"https:\/\/comprasyconsejos.store\/product\/fanxiang-external-ssd-1tb-external-ssd-portable-1tb-external-hard-drive-up-to-2000mb-s-type-3-2-gen2x2-20gbps-type-c-for-desktop-and-laptop-pc-xs-windows\/"},"modified":"2026-03-03T21:45:04","modified_gmt":"2026-03-03T21:45:04","slug":"fanxiang-external-ssd-1tb-external-ssd-portable-1tb-external-hard-drive-up-to-2000mb-s-type-3-2-gen2x2-20gbps-type-c-for-desktop-and-laptop-pc-xs-windows","status":"publish","type":"product","link":"https:\/\/comprasyconsejos.store\/en\/product\/fanxiang-external-ssd-1tb-external-ssd-portable-1tb-external-hard-drive-up-to-2000mb-s-type-3-2-gen2x2-20gbps-type-c-for-desktop-and-laptop-pc-xs-windows\/","title":{"rendered":"fanxiang External SSD 1TB, External SSD Portable 1TB External Hard Drive Up to 2000MB\/s Type 3.2 Gen2x2 20Gbps Type C for Desktop and Laptop, PC, XS, Windows"},"content":{"rendered":"<p>Price: <span style=\"color:#b12704\">\u20ac129.99<\/span><br \/><i><small>(as of Mar 03, 2026 21:44:59 UTC &#8211; <span class=\"wp_automatic_amazon_disclaimer\" title=\"Product prices and availability are accurate as of the date\/time indicated and are subject to change. Any price and availability information displayed on [relevant Amazon Site(s), as applicable] at the time of purchase will apply to the purchase of this product.\">Details<\/span>)<\/small><\/i><\/p>\n<p><a href=\"https:\/\/amazon.es\/dp\/B0CM8WL1ZM?tag=man008-21\"><img decoding=\"async\" src=\"https:\/\/valvepress.s3.amazonaws.com\/imgs\/buy_now.png\"><\/a><br \/>\n<\/p>\n<p>                                             Product Description   <\/p>\n<p>                                                                     Fanxiang PS2000W SSD Externo Port\u00e1til USB 3.2 Gen2x2, Hasta 2000 Mo\/s en Lectura                                            <img decoding=\"async\" alt=\"Infograf\u00eda en la que se comparan las velocidades de las SSD. Muestra un SSD port\u00e1til con una velocidad de 2050 MB\/s, 3,5 veces m\u00e1s r\u00e1pido que otros SSD port\u00e1tiles y 12 veces m\u00e1s r\u00e1pido\" src=\"https:\/\/images-na.ssl-images-amazon.com\/images\/G\/01\/x-locale\/common\/grey-pixel.gif\" class=\"a-lazy-loaded\" data-src=\"https:\/\/m.media-amazon.com\/images\/S\/aplus-media-library-service-media\/ca77f3cf-3408-4e3b-a61f-bc65ced1743f.__CR0,0,1464,600_PT0_SX1464_V1___.png\"><img decoding=\"async\" alt=\"Infograf\u00eda en la que se comparan las velocidades de las SSD. Muestra un SSD port\u00e1til con una velocidad de 2050 MB\/s, 3,5 veces m\u00e1s r\u00e1pido que otros SSD port\u00e1tiles y 12 veces m\u00e1s r\u00e1pido\" src=\"https:\/\/m.media-amazon.com\/images\/S\/aplus-media-library-service-media\/ca77f3cf-3408-4e3b-a61f-bc65ced1743f.__CR0,0,1464,600_PT0_SX1464_V1___.png\">                                               <\/p>\n<p>                                                                                                       <img decoding=\"async\" alt=\"aplus content image\" src=\"https:\/\/images-na.ssl-images-amazon.com\/images\/G\/01\/x-locale\/common\/grey-pixel.gif\" class=\"a-lazy-loaded\" data-src=\"https:\/\/m.media-amazon.com\/images\/S\/aplus-media-library-service-media\/516c66c2-0952-4c19-8cc8-59ffad36344e.__CR0,0,1464,600_PT0_SX1464_V1___.jpg\"><img decoding=\"async\" alt=\"aplus content image\" src=\"https:\/\/m.media-amazon.com\/images\/S\/aplus-media-library-service-media\/516c66c2-0952-4c19-8cc8-59ffad36344e.__CR0,0,1464,600_PT0_SX1464_V1___.jpg\">                                               <\/p>\n<p>                                                                                                       <img decoding=\"async\" alt=\"Cable de datos con conectores USB-C y USB-A. Las especificaciones muestran 10 Gbps para conexiones USB-C a USB-A y 20 Gbps para conexiones USB-C a USB-C\" src=\"https:\/\/images-na.ssl-images-amazon.com\/images\/G\/01\/x-locale\/common\/grey-pixel.gif\" class=\"a-lazy-loaded\" data-src=\"https:\/\/m.media-amazon.com\/images\/S\/aplus-media-library-service-media\/3ed072ab-e670-4ccb-8234-c89b0f278a4a.__CR0,0,1464,600_PT0_SX1464_V1___.png\"><img decoding=\"async\" alt=\"Cable de datos con conectores USB-C y USB-A. Las especificaciones muestran 10 Gbps para conexiones USB-C a USB-A y 20 Gbps para conexiones USB-C a USB-C\" src=\"https:\/\/m.media-amazon.com\/images\/S\/aplus-media-library-service-media\/3ed072ab-e670-4ccb-8234-c89b0f278a4a.__CR0,0,1464,600_PT0_SX1464_V1___.png\">                                               <\/p>\n<p>                                                                                                       <img decoding=\"async\" alt=\"Dispositivo rectangular negro con patr\u00f3n de ranuras diagonales en la superficie. El texto indica una funci\u00f3n de disipaci\u00f3n de calor eficiente para mejorar la conductividad t\u00e9rmica y acelerar\" src=\"https:\/\/images-na.ssl-images-amazon.com\/images\/G\/01\/x-locale\/common\/grey-pixel.gif\" class=\"a-lazy-loaded\" data-src=\"https:\/\/m.media-amazon.com\/images\/S\/aplus-media-library-service-media\/67df4576-7654-4111-ba64-ef05b5c31523.__CR0,0,1464,600_PT0_SX1464_V1___.png\"><img decoding=\"async\" alt=\"Dispositivo rectangular negro con patr\u00f3n de ranuras diagonales en la superficie. El texto indica una funci\u00f3n de disipaci\u00f3n de calor eficiente para mejorar la conductividad t\u00e9rmica y acelerar\" src=\"https:\/\/m.media-amazon.com\/images\/S\/aplus-media-library-service-media\/67df4576-7654-4111-ba64-ef05b5c31523.__CR0,0,1464,600_PT0_SX1464_V1___.png\">                                               <\/p>\n<p>                                                                                                       <img decoding=\"async\" alt=\"con dimensiones de 85 mm x 50 mm x 8,6 mm. Dispositivo rectangular negro con superficie texturizada. Pesa alrededor de 45 g. Se muestra a mano para comparar tallas\" src=\"https:\/\/images-na.ssl-images-amazon.com\/images\/G\/01\/x-locale\/common\/grey-pixel.gif\" class=\"a-lazy-loaded\" data-src=\"https:\/\/m.media-amazon.com\/images\/S\/aplus-media-library-service-media\/97bf163a-d61a-401b-bca9-86c889bf4b28.__CR0,0,1464,600_PT0_SX1464_V1___.png\"><img decoding=\"async\" alt=\"con dimensiones de 85 mm x 50 mm x 8,6 mm. Dispositivo rectangular negro con superficie texturizada. Pesa alrededor de 45 g. Se muestra a mano para comparar tallas\" src=\"https:\/\/m.media-amazon.com\/images\/S\/aplus-media-library-service-media\/97bf163a-d61a-401b-bca9-86c889bf4b28.__CR0,0,1464,600_PT0_SX1464_V1___.png\">                                               <\/p>\n<p>                                                                                                       <img decoding=\"async\" alt=\"ssd,ssd externo 2tb,disco duro externo ssd,disco duro ssd 2tb,disco externo ssd\" src=\"https:\/\/images-na.ssl-images-amazon.com\/images\/G\/01\/x-locale\/common\/grey-pixel.gif\" class=\"a-lazy-loaded\" data-src=\"https:\/\/m.media-amazon.com\/images\/S\/aplus-media-library-service-media\/09b21d74-b6e7-4314-b38e-b3341f953cc6.__CR0,0,1464,600_PT0_SX1464_V1___.png\"><img decoding=\"async\" alt=\"ssd,ssd externo 2tb,disco duro externo ssd,disco duro ssd 2tb,disco externo ssd\" src=\"https:\/\/m.media-amazon.com\/images\/S\/aplus-media-library-service-media\/09b21d74-b6e7-4314-b38e-b3341f953cc6.__CR0,0,1464,600_PT0_SX1464_V1___.png\">                                               <\/p>\n<p>                                                                                                       <img decoding=\"async\" alt=\"Ordenador port\u00e1til con unidad SSD externa conectada, que muestra la funci\u00f3n \u00abWindows To Go\u00bb. Compatible con las versiones Enterprise y Education de Windows 10\" src=\"https:\/\/images-na.ssl-images-amazon.com\/images\/G\/01\/x-locale\/common\/grey-pixel.gif\" class=\"a-lazy-loaded\" data-src=\"https:\/\/m.media-amazon.com\/images\/S\/aplus-media-library-service-media\/bdee9d55-d0cc-4917-bd3b-4bbb79fd916b.__CR0,0,1464,600_PT0_SX1464_V1___.png\"><img decoding=\"async\" alt=\"Ordenador port\u00e1til con unidad SSD externa conectada, que muestra la funci\u00f3n \u00abWindows To Go\u00bb. Compatible con las versiones Enterprise y Education de Windows 10\" src=\"https:\/\/m.media-amazon.com\/images\/S\/aplus-media-library-service-media\/bdee9d55-d0cc-4917-bd3b-4bbb79fd916b.__CR0,0,1464,600_PT0_SX1464_V1___.png\">                                               <\/p>\n<p> Product Dimensions                                            \u200f                                            :                                            \u200e                                            10.01 x 0.71 x 7.01 cm; 45 g   <br \/> Manufacturer                                            \u200f                                            :                                            \u200e                                            fanxiang   <br \/> ASIN                                            \u200f                                            :                                            \u200e                                            B0CM8WL1ZM   <br \/> Item model number                                            \u200f                                            :                                            \u200e                                            PS2000W-1To   <br \/> Country of origin                                            \u200f                                            :                                            \u200e                                            China   <br \/> Guaranteed software updates until                                            \u200f                                            :                                            \u200e                                            unknown   <br \/>  Customer reviews:                                                                                            4.2               4.2 out of 5 stars                                  (909)                                              var dpAcrHasRegisteredArcLinkClickAction;                    P.when(&#8216;A&#8217;, &#8216;ready&#8217;).execute(function(A) {                        if (dpAcrHasRegisteredArcLinkClickAction !== true) {                            dpAcrHasRegisteredArcLinkClickAction = true;                            A.declarative(                                &#8216;acrLink-click-metrics&#8217;, &#8216;click&#8217;,                                { \u00aballowLinkDefault\u00bb: true },                                function (event) {                                    if (window.ue) {                                        ue.count(\u00abacrLinkClickCount\u00bb, (ue.count(\u00abacrLinkClickCount\u00bb) || 0) + 1);                                    }                                }                            );                        }                    });                                             P.when(&#8216;A&#8217;, &#8216;cf&#8217;).execute(function(A) {                A.declarative(&#8216;acrStarsLink-click-metrics&#8217;, &#8216;click&#8217;, { \u00aballowLinkDefault\u00bb : true },  function(event){                    if(window.ue) {                        ue.count(\u00abacrStarsLinkWithPopoverClickCount\u00bb, (ue.count(\u00abacrStarsLinkWithPopoverClickCount\u00bb) || 0) + 1);                    }                });            });                          <\/p>\n<p>Fast Transfer Speeds: fanxiang External SSD 1TB External Hard Drive adopts the high speed transmission standard type 3.2 Gen2x2 20Gbps and NAND TLC SSD, with sequential read speeds up to 2000MB\/s and write speed up to 1800MB\/s, and 2GB data transferred in one second, external 1tb ssd making your copy security and recovery of Data is faster and more efficient. (Note: Only when using a Type-C cable to write C, the read speed can reach 2000MB\/S when using a Type-C cable to write a cable, the reading speed can only reach 1000MB\/s.<br \/>Lightweight and Portable External SSD: The dimension of this External Portable SSD 1TB is 8.5*5.1*0.8cm and the weight is only 45g, and it can be easily carried everywhere.<br \/>HIGH QUALITY: This external 1TB SSD has a high strength aluminum alloy shell, sturdy and durable, shockproof and drop to 2 meters, features IP55 waterproof and dustproof. The high-quality aluminum alloy housing also provides excellent heat dissipation and ensures the long lasting and reliable of the portable SSD.<br \/>Wide Compatibility: This 1TB external hard drive is plug and play, and not only compatible with laptops and desktops, but also with Smart TVs, PS4(Pro) game conso, Xbox Series, Mac, Win 7 and above, and some Android phones with OTG enabled.<br \/>Long Term Service: This external ssd SSD features up to 512TBW (total octets written) and we offer 5-year after-sale service for it.<\/p>\n\n","protected":false},"excerpt":{"rendered":"<p> Product Description Fanxiang PS2000W SSD Externo Port\u00e1til USB 3.2 Gen2x2, Hasta 2000 Mo\/s en Lectura<\/p>","protected":false},"featured_media":37290,"comment_status":"open","ping_status":"closed","template":"","meta":[],"product_brand":[],"product_cat":[81],"product_tag":[602,1455,5562,5248,1457,1468,787,795,1476,4260,1461,6283,794,159,1459,1452,290,1465,1463,513,1466,168,537],"class_list":{"0":"post-37289","1":"product","2":"type-product","3":"status-publish","4":"has-post-thumbnail","6":"product_cat-ssd-drive","7":"product_tag-1tb","8":"product_tag-1tb-ssd","9":"product_tag-2000mbs","10":"product_tag-20gbps","11":"product_tag-512gb-ssd","12":"product_tag-best-ssd","13":"product_tag-desktop","14":"product_tag-drive","15":"product_tag-external","16":"product_tag-fanxiang","17":"product_tag-gaming-ssd","18":"product_tag-gen2x2","19":"product_tag-hard","20":"product_tag-laptop","21":"product_tag-m-2-ssd","22":"product_tag-nvme-ssd","23":"product_tag-portable","24":"product_tag-portable-ssd","25":"product_tag-sata-ssd","26":"product_tag-ssd","27":"product_tag-ssd-price","28":"product_tag-type","29":"product_tag-windows","31":"first","32":"instock","33":"shipping-taxable","34":"product-type-external"},"_links":{"self":[{"href":"https:\/\/comprasyconsejos.store\/en\/wp-json\/wp\/v2\/product\/37289","targetHints":{"allow":["GET"]}}],"collection":[{"href":"https:\/\/comprasyconsejos.store\/en\/wp-json\/wp\/v2\/product"}],"about":[{"href":"https:\/\/comprasyconsejos.store\/en\/wp-json\/wp\/v2\/types\/product"}],"replies":[{"embeddable":true,"href":"https:\/\/comprasyconsejos.store\/en\/wp-json\/wp\/v2\/comments?post=37289"}],"version-history":[{"count":0,"href":"https:\/\/comprasyconsejos.store\/en\/wp-json\/wp\/v2\/product\/37289\/revisions"}],"wp:featuredmedia":[{"embeddable":true,"href":"https:\/\/comprasyconsejos.store\/en\/wp-json\/wp\/v2\/media\/37290"}],"wp:attachment":[{"href":"https:\/\/comprasyconsejos.store\/en\/wp-json\/wp\/v2\/media?parent=37289"}],"wp:term":[{"taxonomy":"product_brand","embeddable":true,"href":"https:\/\/comprasyconsejos.store\/en\/wp-json\/wp\/v2\/product_brand?post=37289"},{"taxonomy":"product_cat","embeddable":true,"href":"https:\/\/comprasyconsejos.store\/en\/wp-json\/wp\/v2\/product_cat?post=37289"},{"taxonomy":"product_tag","embeddable":true,"href":"https:\/\/comprasyconsejos.store\/en\/wp-json\/wp\/v2\/product_tag?post=37289"}],"curies":[{"name":"wp","href":"https:\/\/api.w.org\/{rel}","templated":true}]}}