{"id":37310,"date":"2026-03-03T21:57:58","date_gmt":"2026-03-03T21:57:58","guid":{"rendered":"https:\/\/comprasyconsejos.store\/product\/lector-de-tarjetas-de-memorialector-de-tarjetas-compact-flash-adaptador-portatil-con-rapida-transferencia-de-datos-para-pc-portatil-hogar-oficina-uso-interior-y-exterior\/"},"modified":"2026-03-03T21:58:02","modified_gmt":"2026-03-03T21:58:02","slug":"lector-de-tarjetas-de-memorialector-de-tarjetas-compact-flash-adaptador-portatil-con-rapida-transferencia-de-datos-para-pc-portatil-hogar-oficina-uso-interior-y-exterior","status":"publish","type":"product","link":"https:\/\/comprasyconsejos.store\/en\/product\/lector-de-tarjetas-de-memorialector-de-tarjetas-compact-flash-adaptador-portatil-con-rapida-transferencia-de-datos-para-pc-portatil-hogar-oficina-uso-interior-y-exterior\/","title":{"rendered":"Lector de Tarjetas de Memoria,Lector de Tarjetas Compact Flash &#8211; Adaptador Port\u00e1til con R\u00e1pida Transferencia de Datos para PC, Port\u00e1til, Hogar, Oficina, Uso Interior y Exterior"},"content":{"rendered":"<p>Price: <span style=\"color:#b12704\">\u20ac5.39<\/span><br \/><i><small>(as of Mar 03, 2026 21:57:58 UTC &#8211; <span class=\"wp_automatic_amazon_disclaimer\" title=\"Product prices and availability are accurate as of the date\/time indicated and are subject to change. Any price and availability information displayed on [relevant Amazon Site(s), as applicable] at the time of purchase will apply to the purchase of this product.\">Details<\/span>)<\/small><\/i><\/p>\n<p><a href=\"https:\/\/amazon.es\/dp\/B0FLWXHXR1?tag=man008-21\"><img decoding=\"async\" src=\"https:\/\/valvepress.s3.amazonaws.com\/imgs\/buy_now.png\"><\/a><br \/>\n<\/p>\n<p>                                             Product Description   <\/p>\n<h3 class=\"a-spacing-small\"> Lector de Tarjetas <\/h3>\n<p class=\"apm-text-center\">\n                                                      <img decoding=\"async\" alt=\"Dise\u00f1o S\u00f3lido\" src=\"https:\/\/images-na.ssl-images-amazon.com\/images\/G\/01\/x-locale\/common\/grey-pixel.gif\" class=\"a-spacing-mini a-lazy-loaded\" data-src=\"https:\/\/m.media-amazon.com\/images\/S\/aplus-media-library-service-media\/da38c027-974f-4c89-b143-ed81b02e5c39.__CR0,0,1600,1600_PT0_SX300_V1___.jpg\"><img decoding=\"async\" alt=\"Dise\u00f1o S\u00f3lido\" src=\"https:\/\/m.media-amazon.com\/images\/S\/aplus-media-library-service-media\/da38c027-974f-4c89-b143-ed81b02e5c39.__CR0,0,1600,1600_PT0_SX300_V1___.jpg\">  <\/p>\n<p>                                                    Dise\u00f1o S\u00f3lido                                       <\/p>\n<p> Construcci\u00f3n robusta en aluminio y ABS. La ranura integrada minimiza el desgaste, asegurando un rendimiento constante del lector de tarjetas USB. <\/p>\n<p class=\"apm-text-center\">\n                                                      <img decoding=\"async\" alt=\"Compatibilidad con llaveros\" src=\"https:\/\/images-na.ssl-images-amazon.com\/images\/G\/01\/x-locale\/common\/grey-pixel.gif\" class=\"a-spacing-mini a-lazy-loaded\" data-src=\"https:\/\/m.media-amazon.com\/images\/S\/aplus-media-library-service-media\/070e3be6-5562-414e-baf8-e8ee112d3930.__CR0,0,1600,1600_PT0_SX300_V1___.jpg\"><img decoding=\"async\" alt=\"Compatibilidad con llaveros\" src=\"https:\/\/m.media-amazon.com\/images\/S\/aplus-media-library-service-media\/070e3be6-5562-414e-baf8-e8ee112d3930.__CR0,0,1600,1600_PT0_SX300_V1___.jpg\">  <\/p>\n<p>                                                    Compatibilidad con llaveros                                       <\/p>\n<p> Con su anilla para llavero, este lector de tarjetas USB ofrece una soluci\u00f3n port\u00e1til y f\u00e1cil de usar, garantizando un transporte sin problemas y un acceso r\u00e1pido a los datos. <\/p>\n<p class=\"apm-text-center\">\n                                                      <img decoding=\"async\" alt=\"Ligero para viajes\" src=\"https:\/\/images-na.ssl-images-amazon.com\/images\/G\/01\/x-locale\/common\/grey-pixel.gif\" class=\"a-spacing-mini a-lazy-loaded\" data-src=\"https:\/\/m.media-amazon.com\/images\/S\/aplus-media-library-service-media\/d0b9aa16-e1fb-4b9a-9c78-6f741e5c2745.__CR0,0,1600,1600_PT0_SX300_V1___.jpg\"><img decoding=\"async\" alt=\"Ligero para viajes\" src=\"https:\/\/m.media-amazon.com\/images\/S\/aplus-media-library-service-media\/d0b9aa16-e1fb-4b9a-9c78-6f741e5c2745.__CR0,0,1600,1600_PT0_SX300_V1___.jpg\">  <\/p>\n<p>                                                    Ligero para viajes                                       <\/p>\n<p> Con altura compacta de 25 mm y dise\u00f1o centrado en portabilidad, ofrece soluci\u00f3n pr\u00e1ctica que ahorra espacio, f\u00e1cil de transportar y almacenar sin comprometer rendimiento <\/p>\n<p> Este lector de tarjetas USB es port\u00e1til y viene con llaveros, lo que facilita su transporte para realizar transferencias r\u00e1pidas de datos. Ideal para laptops, PC y otros dispositivos, funciona tanto en interiores como en exteriores. Ya sea en casa, en un veh\u00edculo o durante actividades al aire libre, disfrute de un acceso fluido a su m\u00fasica y archivos. Este lector de tarjetas USB ofrece una experiencia pr\u00e1ctica y eficiente para usuarios que buscan compatibilidad y movilidad. Adecuado para diversas situaciones, este accesorio mejora la conectividad entre dispositivos. <\/p>\n<p> Especificaci\u00f3n: <\/p>\n<p> Nombre del producto: lector de tarjetas USB <\/p>\n<p> Material: aleaci\u00f3n de aluminio + abdominales <\/p>\n<p> Interfaz de entrada: USB 2.0 <\/p>\n<p> Colores: negro, dorado, , rojo <\/p>\n<p> Funci\u00f3n: ranura para tarjeta TF <\/p>\n<p> Aplicable a: computadoras, autom\u00f3viles, altavoces, etc. <\/p>\n<p> Lista de embalaje: <\/p>\n<p> 1* lector de tarjetas inteligentes <\/p>\n<p> 1* Keyring <\/p>\n<p> Nota: <\/p>\n<p> Debido a diferentes configuraciones de iluminaci\u00f3n y pantalla, el color del elemento puede ser ligeramente diferente de la imagen. <\/p>\n<p> Debido a diferentes mediciones manuales, permita una diferencia de 1-2 cm de tama\u00f1o. <\/p>\n<p> Package Dimensions                                            \u200f                                            :                                            \u200e                                            17.2 x 17 x 1.2 cm; 13 g   <br \/> Manufacturer                                            \u200f                                            :                                            \u200e                                            Mwqpgyh   <br \/> ASIN                                            \u200f                                            :                                            \u200e                                            B0FLWXHXR1   <br \/> Item model number                                            \u200f                                            :                                            \u200e                                            NM97Q77Y66E74IVWQPB   <br \/> Country\/Region of Origin                                            \u200f                                            :                                            \u200e                                            China   <br \/> Guaranteed software updates until                                            \u200f                                            :                                            \u200e                                            unknown   <\/p>\n<p>Dise\u00f1o S\u00f3lido: Construcci\u00f3n robusta en aluminio y ABS. La ranura integrada minimiza el desgaste, asegurando un rendimiento constante del lector de tarjetas USB.<br \/>Incluye anilla para llavero: Equipado con una anilla para llavero, este lector de tarjetas USB proporciona una forma pr\u00e1ctica y sin esfuerzo de llevar tu dispositivo, manteni\u00e9ndolo seguro y accesible para el uso diario.<br \/>Ligero para viajes: Con altura compacta de 25 mm y dise\u00f1o centrado en portabilidad, ofrece soluci\u00f3n pr\u00e1ctica que ahorra espacio, f\u00e1cil de transportar y almacenar sin comprometer rendimiento<br \/>Transferencia Eficiente: Experimente movimientos de datos r\u00e1pidos y confiables con el est\u00e1ndar USB 2.0, alcanzando velocidades de hasta 480Mbps para acceder f\u00e1cilmente a los archivos en su lector de tarjetas USB.<br \/>Compatibilidad multientorno: Ideal para viajes y autom\u00f3viles, este lector USB funciona en m\u00faltiples escenarios dom\u00e9sticos y proporciona compatibilidad musical para coche sin interrupciones, manteniendo un rendimiento estable en diferentes condiciones<\/p>\n\n","protected":false},"excerpt":{"rendered":"<p> Product Description Lector de Tarjetas Dise\u00f1o S\u00f3lido Construcci\u00f3n robusta en aluminio y ABS. La ranura<\/p>","protected":false},"featured_media":37311,"comment_status":"open","ping_status":"closed","template":"","meta":[],"product_brand":[],"product_cat":[47],"product_tag":[4152,1399,1004,3994,7951,7952,1411,2598,5549,5052,1413,5321,11047,1407,1409,1415,7048,1416,3954,1417,4217,5328,1405,5322,5327,1403,4265],"class_list":{"0":"post-37310","1":"product","2":"type-product","3":"status-publish","4":"has-post-thumbnail","6":"product_cat-card-readers","7":"product_tag-adaptador","8":"product_tag-card-reader","9":"product_tag-compact","10":"product_tag-con","11":"product_tag-datos","12":"product_tag-exterior","13":"product_tag-fast-card-reader","14":"product_tag-flash","15":"product_tag-hogar","16":"product_tag-interior","17":"product_tag-laptop-card-reader","18":"product_tag-lector","19":"product_tag-memorialector","20":"product_tag-memory-card-reader","21":"product_tag-micro-sd-card-reader","22":"product_tag-multi-card-reader","23":"product_tag-oficina","24":"product_tag-otg-card-reader","25":"product_tag-para","26":"product_tag-portable-card-reader","27":"product_tag-portatil","28":"product_tag-rapida","29":"product_tag-sd-card-reader","30":"product_tag-tarjetas","31":"product_tag-transferencia","32":"product_tag-usb-card-reader","33":"product_tag-uso","35":"first","36":"instock","37":"shipping-taxable","38":"product-type-external"},"_links":{"self":[{"href":"https:\/\/comprasyconsejos.store\/en\/wp-json\/wp\/v2\/product\/37310","targetHints":{"allow":["GET"]}}],"collection":[{"href":"https:\/\/comprasyconsejos.store\/en\/wp-json\/wp\/v2\/product"}],"about":[{"href":"https:\/\/comprasyconsejos.store\/en\/wp-json\/wp\/v2\/types\/product"}],"replies":[{"embeddable":true,"href":"https:\/\/comprasyconsejos.store\/en\/wp-json\/wp\/v2\/comments?post=37310"}],"version-history":[{"count":0,"href":"https:\/\/comprasyconsejos.store\/en\/wp-json\/wp\/v2\/product\/37310\/revisions"}],"wp:featuredmedia":[{"embeddable":true,"href":"https:\/\/comprasyconsejos.store\/en\/wp-json\/wp\/v2\/media\/37311"}],"wp:attachment":[{"href":"https:\/\/comprasyconsejos.store\/en\/wp-json\/wp\/v2\/media?parent=37310"}],"wp:term":[{"taxonomy":"product_brand","embeddable":true,"href":"https:\/\/comprasyconsejos.store\/en\/wp-json\/wp\/v2\/product_brand?post=37310"},{"taxonomy":"product_cat","embeddable":true,"href":"https:\/\/comprasyconsejos.store\/en\/wp-json\/wp\/v2\/product_cat?post=37310"},{"taxonomy":"product_tag","embeddable":true,"href":"https:\/\/comprasyconsejos.store\/en\/wp-json\/wp\/v2\/product_tag?post=37310"}],"curies":[{"name":"wp","href":"https:\/\/api.w.org\/{rel}","templated":true}]}}