{"id":37316,"date":"2026-03-03T22:00:38","date_gmt":"2026-03-03T22:00:38","guid":{"rendered":"https:\/\/comprasyconsejos.store\/product\/kemove-k61se-mechanical-gaming-keyboard-60-compact-61-keys-rgb-backlit-n-key-rollover-usb-cable-office-keyboard-with-blue-switch-for-mac-windows-us-layout-white\/"},"modified":"2026-03-03T22:00:39","modified_gmt":"2026-03-03T22:00:39","slug":"kemove-k61se-mechanical-gaming-keyboard-60-compact-61-keys-rgb-backlit-n-key-rollover-usb-cable-office-keyboard-with-blue-switch-for-mac-windows-us-layout-white","status":"publish","type":"product","link":"https:\/\/comprasyconsejos.store\/en\/product\/kemove-k61se-mechanical-gaming-keyboard-60-compact-61-keys-rgb-backlit-n-key-rollover-usb-cable-office-keyboard-with-blue-switch-for-mac-windows-us-layout-white\/","title":{"rendered":"KEMOVE K61SE Mechanical Gaming Keyboard, 60% Compact 61 Keys RGB Backlit N-Key Rollover USB Cable Office Keyboard with Blue Switch for Mac Windows-US Layout, White"},"content":{"rendered":"<p>Price: <span style=\"color:#b12704\">\u20ac19.99<\/span><br \/><i><small>(as of Mar 03, 2026 22:00:38 UTC &#8211; <span class=\"wp_automatic_amazon_disclaimer\" title=\"Product prices and availability are accurate as of the date\/time indicated and are subject to change. Any price and availability information displayed on [relevant Amazon Site(s), as applicable] at the time of purchase will apply to the purchase of this product.\">Details<\/span>)<\/small><\/i><\/p>\n<p><a href=\"https:\/\/amazon.es\/dp\/B0D9M539ZL?tag=man008-21\"><img decoding=\"async\" src=\"https:\/\/valvepress.s3.amazonaws.com\/imgs\/buy_now.png\"><\/a><br \/>\n<\/p>\n<p>                                             Product Description   <\/p>\n<p>                                                                                                       <img decoding=\"async\" alt=\"Teclado mec\u00e1nico compacto con teclas retroiluminadas RGB. Cuenta con un dise\u00f1o de 61 teclas, conexi\u00f3n USB-C y efectos de iluminaci\u00f3n personalizables\" src=\"https:\/\/images-na.ssl-images-amazon.com\/images\/G\/01\/x-locale\/common\/grey-pixel.gif\" class=\"a-lazy-loaded\" data-src=\"https:\/\/m.media-amazon.com\/images\/S\/aplus-media-library-service-media\/7a36fae4-2f13-479e-8b84-6bb9d1074574.__CR0,0,4392,1800_PT0_SX1464_V1___.jpg\"><img decoding=\"async\" alt=\"Teclado mec\u00e1nico compacto con teclas retroiluminadas RGB. Cuenta con un dise\u00f1o de 61 teclas, conexi\u00f3n USB-C y efectos de iluminaci\u00f3n personalizables\" src=\"https:\/\/m.media-amazon.com\/images\/S\/aplus-media-library-service-media\/7a36fae4-2f13-479e-8b84-6bb9d1074574.__CR0,0,4392,1800_PT0_SX1464_V1___.jpg\">                                               <\/p>\n<p>                                                                                     <img decoding=\"async\" alt=\"Teclado mec\u00e1nico blanco sobre una superficie azul, con una vista ampliada de un interruptor de una sola tecla en la esquina superior derecha\" src=\"https:\/\/m.media-amazon.com\/images\/S\/aplus-media-library-service-media\/f66f0e9e-aadb-4f3d-bdb5-586b843f32f5.__CR0,0,4392,1800_PT0_SX1464_V1___.jpg\">                                                    Patas plegables inclinables                                         <\/p>\n<p class=\"aplus-p3\"> Utiliza el soporte plegable para encontrar el \u00e1ngulo perfecto para un uso preciso y c\u00f3modo del teclado. <\/p>\n<p>                                                                                        <img decoding=\"async\" alt=\"Escribiendo con las manos en un teclado inal\u00e1mbrico blanco con un teclado num\u00e9rico independiente. Superficie de escritorio te\u00f1ida de azul con\" src=\"https:\/\/m.media-amazon.com\/images\/S\/aplus-media-library-service-media\/be6961ef-1fe4-43d3-82cf-f14a6bfab70e.__CR0,0,4392,1800_PT0_SX1464_V1___.jpg\">                                                    N-KEY ROLLOVER (NKRO)                                         <\/p>\n<p class=\"aplus-p3\"> Incluso cuando se presionan varias teclas a la vez, <\/p>\n<p class=\"aplus-p3\"> cada pulsaci\u00f3n de tecla quedar\u00e1 registrada, lo que mejora la eficiencia en el trabajo y en los juegos. <\/p>\n<p>                                                                                     <img decoding=\"async\" alt=\"Anuncio publicitario con teclas retroiluminadas de doble toma que muestra las teclas del teclado iluminadas con leyendas blancas sobre fondo\" src=\"https:\/\/m.media-amazon.com\/images\/S\/aplus-media-library-service-media\/df1113f6-447f-48fd-b4dd-5445269a6dff.__CR0,0,4377,1794_PT0_SX1464_V1___.jpg\">                                                    TECLAS RETROILUMINADAS DE DOBLE DISPARO                                         <\/p>\n<p class=\"aplus-p3\"> Visibilidad y legibilidad mejoradas en entornos con poca o ninguna luz (perfil OEM) <\/p>\n<p>                                                                                     <img decoding=\"async\" alt=\"teclado gaming\" src=\"https:\/\/m.media-amazon.com\/images\/S\/aplus-media-library-service-media\/07744a65-b20a-4bba-88f7-67a6102ad71b.__CR0,0,4392,1800_PT0_SX1464_V1___.jpg\">                                                    Cable de alimentaci\u00f3n desmontable                                         <\/p>\n<p class=\"aplus-p3\"> Conectar y listo, ampliamente compatible con dispositivos de PC. F\u00e1cil de guardar, simplificando tu espacio de trabajo. <\/p>\n<p>                                                                                              <img decoding=\"async\" alt=\"teclado mec\u00e1nico\" src=\"https:\/\/images-na.ssl-images-amazon.com\/images\/G\/01\/x-locale\/common\/grey-pixel.gif\" class=\"a-lazy-loaded\" data-src=\"https:\/\/m.media-amazon.com\/images\/S\/aplus-media-library-service-media\/19e5cd78-fa40-446f-9f65-e106eefcd9ce.__CR0,0,1950,1050_PT0_SX650_V1___.jpg\"><img decoding=\"async\" alt=\"teclado mec\u00e1nico\" src=\"https:\/\/m.media-amazon.com\/images\/S\/aplus-media-library-service-media\/19e5cd78-fa40-446f-9f65-e106eefcd9ce.__CR0,0,1950,1050_PT0_SX650_V1___.jpg\">                                            Teclado mec\u00e1nico con interruptor rojo                                         <\/p>\n<p class=\"aplus-p3\">\n<p>Sonido lineal y silencioso, acci\u00f3n r\u00e1pida con resistencia m\u00ednimasin sensaci\u00f3n t\u00e1ctil, para un rendimiento de juego \u00f3ptimoFuerza de actuaci\u00f3n: 45gf +\/- 15gfRecorrido de pulsaci\u00f3n: 2.0mm +\/- 0.6mm                                            <img decoding=\"async\" alt=\"teclado mec\u00e1nico\" src=\"https:\/\/images-na.ssl-images-amazon.com\/images\/G\/01\/x-locale\/common\/grey-pixel.gif\" class=\"a-lazy-loaded\" data-src=\"https:\/\/m.media-amazon.com\/images\/S\/aplus-media-library-service-media\/019cada2-4332-469b-a4ac-4d73f7b14f5a.__CR0,0,1950,1050_PT0_SX650_V1___.jpg\"><img decoding=\"async\" alt=\"teclado mec\u00e1nico\" src=\"https:\/\/m.media-amazon.com\/images\/S\/aplus-media-library-service-media\/019cada2-4332-469b-a4ac-4d73f7b14f5a.__CR0,0,1950,1050_PT0_SX650_V1___.jpg\">                                            Teclado mec\u00e1nico con interruptor azul                                         <\/p>\n<p class=\"aplus-p3\">\n<p>Sonido clic distintivo, resistencia media, sonido de clic fuerte y claroretroalimentaci\u00f3n t\u00e1ctil precisa, adecuada para personas que escriben muchoFuerza de actuaci\u00f3n: 60gf +\/- 15gfRecorrido de pulsaci\u00f3n: 2.3mm +\/- 0.6mm             <\/p>\n<p>                                                                                                       <img decoding=\"async\" alt=\"Configuraci\u00f3n de juego con teclado, rat\u00f3n y auriculares iluminados sobre un escritorio. La pantalla de estilo hologr\u00e1fico muestra notas musicales y barras de ecualizaci\u00f3n en un\" src=\"https:\/\/images-na.ssl-images-amazon.com\/images\/G\/01\/x-locale\/common\/grey-pixel.gif\" class=\"a-lazy-loaded\" data-src=\"https:\/\/m.media-amazon.com\/images\/S\/aplus-media-library-service-media\/141fea76-e65c-43ec-ab03-9cfe6fbfb3c6.__CR0,0,4392,1800_PT0_SX1464_V1___.jpg\"><img decoding=\"async\" alt=\"Configuraci\u00f3n de juego con teclado, rat\u00f3n y auriculares iluminados sobre un escritorio. La pantalla de estilo hologr\u00e1fico muestra notas musicales y barras de ecualizaci\u00f3n en un\" src=\"https:\/\/m.media-amazon.com\/images\/S\/aplus-media-library-service-media\/141fea76-e65c-43ec-ab03-9cfe6fbfb3c6.__CR0,0,4392,1800_PT0_SX1464_V1___.jpg\">                                                 Solo compatible con Windows actualmente                                             Ritmo musical                                        <\/p>\n<p class=\"aplus-p2 aplus-module-2-description\"> Activa &#8216;Ritmo musical&#8217; con KEMOVE y observa c\u00f3mo el LED baila al ritmo de la m\u00fasica en tu Windows. <\/p>\n<p class=\"aplus-p2 aplus-module-2-description\"> Nota: Si la tarjeta de sonido listada en &#8216;Informaci\u00f3n del dispositivo&#8217; no coincide con la de tu PC, esta funci\u00f3n no estar\u00e1 disponible. <\/p>\n<p>                                                                                                       <img decoding=\"async\" alt=\"teclado mecanico\" src=\"https:\/\/images-na.ssl-images-amazon.com\/images\/G\/01\/x-locale\/common\/grey-pixel.gif\" class=\"a-lazy-loaded\" data-src=\"https:\/\/m.media-amazon.com\/images\/S\/aplus-media-library-service-media\/b59b7d94-dcce-42d7-abf6-52158b62496c.__CR0,0,4392,1800_PT0_SX1464_V1___.jpg\"><img decoding=\"async\" alt=\"teclado mecanico\" src=\"https:\/\/m.media-amazon.com\/images\/S\/aplus-media-library-service-media\/b59b7d94-dcce-42d7-abf6-52158b62496c.__CR0,0,4392,1800_PT0_SX1464_V1___.jpg\">                                               <\/p>\n<p>                                                                                                       <img decoding=\"async\" alt=\"Teclado mec\u00e1nico compacto con teclas blancas y detalles en azul. Las im\u00e1genes muestran los accesorios incluidos: cable tipo C, extractor de teclas y manual\" src=\"https:\/\/images-na.ssl-images-amazon.com\/images\/G\/01\/x-locale\/common\/grey-pixel.gif\" class=\"a-lazy-loaded\" data-src=\"https:\/\/m.media-amazon.com\/images\/S\/aplus-media-library-service-media\/26c4b4f0-195c-475b-ae93-8a490f5f6347.__CR0,0,4392,1800_PT0_SX1464_V1___.jpg\"><img decoding=\"async\" alt=\"Teclado mec\u00e1nico compacto con teclas blancas y detalles en azul. Las im\u00e1genes muestran los accesorios incluidos: cable tipo C, extractor de teclas y manual\" src=\"https:\/\/m.media-amazon.com\/images\/S\/aplus-media-library-service-media\/26c4b4f0-195c-475b-ae93-8a490f5f6347.__CR0,0,4392,1800_PT0_SX1464_V1___.jpg\">                                               <\/p>\n<p> Product Dimensions                                            \u200f                                            :                                            \u200e                                            29.5 x 10.6 x 4 cm; 750 g   <br \/> Manufacturer                                            \u200f                                            :                                            \u200e                                            KEMOVE   <br \/> ASIN                                            \u200f                                            :                                            \u200e                                            B0D9M539ZL   <br \/> Item model number                                            \u200f                                            :                                            \u200e                                            K61SE   <br \/> Country\/Region of Origin                                            \u200f                                            :                                            \u200e                                            China   <br \/> Guaranteed software updates until                                            \u200f                                            :                                            \u200e                                            unknown   <br \/>  Customer reviews:                                                                                            4.3               4.3 out of 5 stars                                  (375)                                              var dpAcrHasRegisteredArcLinkClickAction;                    P.when(&#8216;A&#8217;, &#8216;ready&#8217;).execute(function(A) {                        if (dpAcrHasRegisteredArcLinkClickAction !== true) {                            dpAcrHasRegisteredArcLinkClickAction = true;                            A.declarative(                                &#8216;acrLink-click-metrics&#8217;, &#8216;click&#8217;,                                { \u00aballowLinkDefault\u00bb: true },                                function (event) {                                    if (window.ue) {                                        ue.count(\u00abacrLinkClickCount\u00bb, (ue.count(\u00abacrLinkClickCount\u00bb) || 0) + 1);                                    }                                }                            );                        }                    });                                             P.when(&#8216;A&#8217;, &#8216;cf&#8217;).execute(function(A) {                A.declarative(&#8216;acrStarsLink-click-metrics&#8217;, &#8216;click&#8217;, { \u00aballowLinkDefault\u00bb : true },  function(event){                    if(window.ue) {                        ue.count(\u00abacrStarsLinkWithPopoverClickCount\u00bb, (ue.count(\u00abacrStarsLinkWithPopoverClickCount\u00bb) || 0) + 1);                    }                });            });                          <\/p>\n<p>60% Compact, 100% Portable: The KEMOVE K61SE 60% mechanical keyboard is perfectly sized and suitable for any environment, whether for business trips, gaming in the office or at home. No numeric keypad, it is especially practical for gamers and writers, and provides more space on your desk.<br \/>Blue Switch Mechanical Keyboard: For typing and gaming, Blue Clicky Switch switches accurate and quick response. For all those who love the click and click sound of a keyboard, generate a loud click and tactile response when a key is pressed, giving you a fully immersive experience.<br \/>Customizable Lighting Effects &#8211; This 61-key mechanical gaming keyboard offers 15 RGB lighting modes and supports over 16 million color combinations so you can customize the look of your keyboard.<br \/>N-Key Rollover: Allows simultaneous pressing of several keys at high speed. Each key is controlled by an independent switch, allowing you to enjoy high-quality games with quick responses.<br \/>\u3010Wide Compatibility\u3011High quality, knot-resistant nylon USB cables are durable. The detachable cable is portable and compatible with plug and play. With just a Type-C cable, you can plug and play this keyboard on Windows\/Linux\/Mac\/PC.<\/p>\n\n","protected":false},"excerpt":{"rendered":"<p> Product Description Patas plegables inclinables Utiliza el soporte plegable para encontrar el \u00e1ngulo perfecto para<\/p>","protected":false},"featured_media":37317,"comment_status":"open","ping_status":"closed","template":"","meta":[],"product_brand":[],"product_cat":[49],"product_tag":[830,746,367,743,182,1004,747,617,740,11049,11048,518,1007,4013,774,1227,739,11050,585,744,885,742,11051,745,1062,133,205,11052,741],"class_list":{"0":"post-37316","1":"product","2":"type-product","3":"status-publish","4":"has-post-thumbnail","6":"product_cat-keyboards","7":"product_tag-backlit","8":"product_tag-backlit-keyboard","9":"product_tag-blue","10":"product_tag-bluetooth-keyboard","11":"product_tag-cable","12":"product_tag-compact","13":"product_tag-compact-keyboard","14":"product_tag-gaming","15":"product_tag-gaming-keyboard","16":"product_tag-k61se","17":"product_tag-kemove","18":"product_tag-keyboard","19":"product_tag-keys","20":"product_tag-layout","21":"product_tag-mac","22":"product_tag-mechanical","23":"product_tag-mechanical-keyboard","24":"product_tag-nkey","25":"product_tag-office","26":"product_tag-office-keyboard","27":"product_tag-rgb","28":"product_tag-rgb-keyboard","29":"product_tag-rollover","30":"product_tag-silent-keyboard","31":"product_tag-switch","32":"product_tag-usb","33":"product_tag-white","34":"product_tag-windowsus","35":"product_tag-wireless-keyboard","37":"first","38":"instock","39":"shipping-taxable","40":"product-type-external"},"_links":{"self":[{"href":"https:\/\/comprasyconsejos.store\/en\/wp-json\/wp\/v2\/product\/37316","targetHints":{"allow":["GET"]}}],"collection":[{"href":"https:\/\/comprasyconsejos.store\/en\/wp-json\/wp\/v2\/product"}],"about":[{"href":"https:\/\/comprasyconsejos.store\/en\/wp-json\/wp\/v2\/types\/product"}],"replies":[{"embeddable":true,"href":"https:\/\/comprasyconsejos.store\/en\/wp-json\/wp\/v2\/comments?post=37316"}],"version-history":[{"count":0,"href":"https:\/\/comprasyconsejos.store\/en\/wp-json\/wp\/v2\/product\/37316\/revisions"}],"wp:featuredmedia":[{"embeddable":true,"href":"https:\/\/comprasyconsejos.store\/en\/wp-json\/wp\/v2\/media\/37317"}],"wp:attachment":[{"href":"https:\/\/comprasyconsejos.store\/en\/wp-json\/wp\/v2\/media?parent=37316"}],"wp:term":[{"taxonomy":"product_brand","embeddable":true,"href":"https:\/\/comprasyconsejos.store\/en\/wp-json\/wp\/v2\/product_brand?post=37316"},{"taxonomy":"product_cat","embeddable":true,"href":"https:\/\/comprasyconsejos.store\/en\/wp-json\/wp\/v2\/product_cat?post=37316"},{"taxonomy":"product_tag","embeddable":true,"href":"https:\/\/comprasyconsejos.store\/en\/wp-json\/wp\/v2\/product_tag?post=37316"}],"curies":[{"name":"wp","href":"https:\/\/api.w.org\/{rel}","templated":true}]}}