{"id":37322,"date":"2026-03-03T22:03:05","date_gmt":"2026-03-03T22:03:05","guid":{"rendered":"https:\/\/comprasyconsejos.store\/product\/nipogi-pinova-p1-mini-pc-ryzen-%ce%b1c-d-4300u4c-4tup-to-3-7ghz-better-than-3500u-n150-n9716gb-ddr4-256gb-ssd-triple-display-4kdp-1-4hdmi-2-0usb-3-2-type-c-4k60hz-wifi-5-bt-4-2\/"},"modified":"2026-03-03T22:03:06","modified_gmt":"2026-03-03T22:03:06","slug":"nipogi-pinova-p1-mini-pc-ryzen-%ce%b1c-d-4300u4c-4tup-to-3-7ghz-better-than-3500u-n150-n9716gb-ddr4-256gb-ssd-triple-display-4kdp-1-4hdmi-2-0usb-3-2-type-c-4k60hz-wifi-5-bt-4-2","status":"publish","type":"product","link":"https:\/\/comprasyconsejos.store\/en\/product\/nipogi-pinova-p1-mini-pc-ryzen-%ce%b1c-d-4300u4c-4tup-to-3-7ghz-better-than-3500u-n150-n9716gb-ddr4-256gb-ssd-triple-display-4kdp-1-4hdmi-2-0usb-3-2-type-c-4k60hz-wifi-5-bt-4-2\/","title":{"rendered":"NiPoGi Pinova P1 Mini PC Ryzen \u0391C\/D\/4300U(4C\/4T,up to 3.7GHz, Better Than 3500U\/N150\/N97),16GB DDR4 256GB SSD Triple Display 4K(DP 1.4+HDMI 2.0+USB 3.2 Type-C) 4K@60Hz\/WiFi 5\/BT 4.2"},"content":{"rendered":"<p>Price: <span style=\"color:#b12704\">\u20ac299.00<\/span><br \/><i><small>(as of Mar 03, 2026 22:03:05 UTC &#8211; <span class=\"wp_automatic_amazon_disclaimer\" title=\"Product prices and availability are accurate as of the date\/time indicated and are subject to change. Any price and availability information displayed on [relevant Amazon Site(s), as applicable] at the time of purchase will apply to the purchase of this product.\">Details<\/span>)<\/small><\/i><\/p>\n<p><a href=\"https:\/\/amazon.es\/dp\/B0GJ5HS2GC?tag=man008-21\"><img decoding=\"async\" src=\"https:\/\/valvepress.s3.amazonaws.com\/imgs\/buy_now.png\"><\/a><br \/>\n<\/p>\n<p>                                             From the brand   <\/p>\n<p>                                              <img decoding=\"async\" alt=\"Exhibici\u00f3n de productos tecnol\u00f3gicos en un entorno azul con m\u00faltiples dispositivos o componentes electr\u00f3nicos con elementos gr\u00e1ficos flotantes e ilustraciones t\u00e9cnicas.\" src=\"https:\/\/images-na.ssl-images-amazon.com\/images\/G\/01\/x-locale\/common\/grey-pixel.gif\" class=\"a-lazy-loaded\" data-src=\"https:\/\/m.media-amazon.com\/images\/S\/aplus-media-library-service-media\/b4ef4544-5824-4df0-a0d1-111f0276de99.__CR0,0,1464,625_PT0_SX1464_V1___.jpg\"><img decoding=\"async\" alt=\"Exhibici\u00f3n de productos tecnol\u00f3gicos en un entorno azul con m\u00faltiples dispositivos o componentes electr\u00f3nicos con elementos gr\u00e1ficos flotantes e ilustraciones t\u00e9cnicas.\" src=\"https:\/\/m.media-amazon.com\/images\/S\/aplus-media-library-service-media\/b4ef4544-5824-4df0-a0d1-111f0276de99.__CR0,0,1464,625_PT0_SX1464_V1___.jpg\">  <\/p>\n<p>                                              <img decoding=\"async\" alt=\"aplus content image\" src=\"https:\/\/images-na.ssl-images-amazon.com\/images\/G\/01\/x-locale\/common\/grey-pixel.gif\" class=\"a-lazy-loaded\" data-src=\"https:\/\/m.media-amazon.com\/images\/S\/aplus-media-library-service-media\/6bc184b3-281b-46dc-ba14-3a3ac99d7930.__CR0,0,362,453_PT0_SX362_V1___.jpg\"><img decoding=\"async\" alt=\"aplus content image\" src=\"https:\/\/m.media-amazon.com\/images\/S\/aplus-media-library-service-media\/6bc184b3-281b-46dc-ba14-3a3ac99d7930.__CR0,0,362,453_PT0_SX362_V1___.jpg\">  <\/p>\n<h3> Nueva serie P1 <\/h3>\n<p class=\"apm-brand-story-stores-link\">\n<h3> Mini PC para oficina <\/h3>\n<p class=\"apm-brand-story-stores-link\">\n<h3> Mini PC de escritorio <\/h3>\n<p class=\"apm-brand-story-stores-link\">\n<p>                                              <img decoding=\"async\" alt=\"Vistas m\u00faltiples de una persona que usa un monitor o dispositivo de computadora montado en un escritorio se encuentran en un entorno de oficina con fondo blanco.\" src=\"https:\/\/images-na.ssl-images-amazon.com\/images\/G\/01\/x-locale\/common\/grey-pixel.gif\" class=\"a-lazy-loaded\" data-src=\"https:\/\/m.media-amazon.com\/images\/S\/aplus-media-library-service-media\/556b7a0d-28d7-4282-9930-5c7820502f41.__CR0,0,362,453_PT0_SX362_V1___.jpg\"><img decoding=\"async\" alt=\"Vistas m\u00faltiples de una persona que usa un monitor o dispositivo de computadora montado en un escritorio se encuentran en un entorno de oficina con fondo blanco.\" src=\"https:\/\/m.media-amazon.com\/images\/S\/aplus-media-library-service-media\/556b7a0d-28d7-4282-9930-5c7820502f41.__CR0,0,362,453_PT0_SX362_V1___.jpg\">  <\/p>\n<p>                                              <img decoding=\"async\" alt=\"Editor de video que trabaja en el escritorio con un monitor grande que muestra la interfaz del software de edici\u00f3n, usa auriculares y usa el teclado y el mouse.\" src=\"https:\/\/images-na.ssl-images-amazon.com\/images\/G\/01\/x-locale\/common\/grey-pixel.gif\" class=\"a-lazy-loaded\" data-src=\"https:\/\/m.media-amazon.com\/images\/S\/aplus-media-library-service-media\/fc180b7b-a8c8-4af1-863e-c9d8950aead0.__CR0,0,362,453_PT0_SX362_V1___.jpg\"><img decoding=\"async\" alt=\"Editor de video que trabaja en el escritorio con un monitor grande que muestra la interfaz del software de edici\u00f3n, usa auriculares y usa el teclado y el mouse.\" src=\"https:\/\/m.media-amazon.com\/images\/S\/aplus-media-library-service-media\/fc180b7b-a8c8-4af1-863e-c9d8950aead0.__CR0,0,362,453_PT0_SX362_V1___.jpg\">  <\/p>\n<p>                                              <img decoding=\"async\" alt=\"Configuraci\u00f3n moderna para juegos con monitores duales, teclado RGB, silla para juegos y escritorio limpio en una habitaci\u00f3n bien iluminada con decoraci\u00f3n vegetal.\" src=\"https:\/\/images-na.ssl-images-amazon.com\/images\/G\/01\/x-locale\/common\/grey-pixel.gif\" class=\"a-lazy-loaded\" data-src=\"https:\/\/m.media-amazon.com\/images\/S\/aplus-media-library-service-media\/1cde4a4a-3f00-41f6-aa8a-3a9b202dd311.__CR0,0,362,453_PT0_SX362_V1___.jpg\"><img decoding=\"async\" alt=\"Configuraci\u00f3n moderna para juegos con monitores duales, teclado RGB, silla para juegos y escritorio limpio en una habitaci\u00f3n bien iluminada con decoraci\u00f3n vegetal.\" src=\"https:\/\/m.media-amazon.com\/images\/S\/aplus-media-library-service-media\/1cde4a4a-3f00-41f6-aa8a-3a9b202dd311.__CR0,0,362,453_PT0_SX362_V1___.jpg\">  <\/p>\n<p>                                              <img decoding=\"async\" alt=\"Varias vistas de una configuraci\u00f3n de espacio de trabajo con una disposici\u00f3n de ordenadores de dos monitores, que muestran diferentes \u00e1ngulos de la configuraci\u00f3n del escritorio con monitores, teclado y rat\u00f3n.\" src=\"https:\/\/images-na.ssl-images-amazon.com\/images\/G\/01\/x-locale\/common\/grey-pixel.gif\" class=\"a-lazy-loaded\" data-src=\"https:\/\/m.media-amazon.com\/images\/S\/aplus-media-library-service-media\/3cff71a3-2518-4092-a396-d401837e1242.__CR0,0,362,453_PT0_SX362_V1___.jpg\"><img decoding=\"async\" alt=\"Varias vistas de una configuraci\u00f3n de espacio de trabajo con una disposici\u00f3n de ordenadores de dos monitores, que muestran diferentes \u00e1ngulos de la configuraci\u00f3n del escritorio con monitores, teclado y rat\u00f3n.\" src=\"https:\/\/m.media-amazon.com\/images\/S\/aplus-media-library-service-media\/3cff71a3-2518-4092-a396-d401837e1242.__CR0,0,362,453_PT0_SX362_V1___.jpg\">  <\/p>\n<p>                                              <img decoding=\"async\" alt=\"Configuraci\u00f3n para juegos o espacio de trabajo con un monitor ultra ancho, un teclado RGB y una tira de iluminaci\u00f3n LED que crea un brillo ambiental azul. Se muestran varios \u00e1ngulos de la misma configuraci\u00f3n de escritorio.\" src=\"https:\/\/images-na.ssl-images-amazon.com\/images\/G\/01\/x-locale\/common\/grey-pixel.gif\" class=\"a-lazy-loaded\" data-src=\"https:\/\/m.media-amazon.com\/images\/S\/aplus-media-library-service-media\/7943fc2f-0ecf-4e2e-9d86-c27c0ada6101.__CR0,0,362,453_PT0_SX362_V1___.jpg\"><img decoding=\"async\" alt=\"Configuraci\u00f3n para juegos o espacio de trabajo con un monitor ultra ancho, un teclado RGB y una tira de iluminaci\u00f3n LED que crea un brillo ambiental azul. Se muestran varios \u00e1ngulos de la misma configuraci\u00f3n de escritorio.\" src=\"https:\/\/m.media-amazon.com\/images\/S\/aplus-media-library-service-media\/7943fc2f-0ecf-4e2e-9d86-c27c0ada6101.__CR0,0,362,453_PT0_SX362_V1___.jpg\">  <\/p>\n<p>                                              <img decoding=\"async\" alt=\"Informaci\u00f3n de atenci\u00f3n al cliente para el servicio de Rundumschutz, que muestra los datos de contacto por correo electr\u00f3nico y tel\u00e9fono, y menciona la cobertura de la garant\u00eda para\" src=\"https:\/\/images-na.ssl-images-amazon.com\/images\/G\/01\/x-locale\/common\/grey-pixel.gif\" class=\"a-lazy-loaded\" data-src=\"https:\/\/m.media-amazon.com\/images\/S\/aplus-media-library-service-media\/60c0465c-f58a-4d4e-8f8f-7d1ee38f2f38.__CR0,0,362,453_PT0_SX362_V1___.jpg\"><img decoding=\"async\" alt=\"Informaci\u00f3n de atenci\u00f3n al cliente para el servicio de Rundumschutz, que muestra los datos de contacto por correo electr\u00f3nico y tel\u00e9fono, y menciona la cobertura de la garant\u00eda para\" src=\"https:\/\/m.media-amazon.com\/images\/S\/aplus-media-library-service-media\/60c0465c-f58a-4d4e-8f8f-7d1ee38f2f38.__CR0,0,362,453_PT0_SX362_V1___.jpg\">  <\/p>\n<p>                                              <img decoding=\"async\" alt=\"El texto dice \u00abNiPogi Recycelt: Besteht aus mindestens 50% recycelten Materialien, Sicherer, Humanisierung\u00bb con tres iconos circulares que muestran s\u00edmbolos humanos, de reciclaje y de seguridad. Certificado seg\u00fan el est\u00e1ndar global de reciclaje.\" src=\"https:\/\/images-na.ssl-images-amazon.com\/images\/G\/01\/x-locale\/common\/grey-pixel.gif\" class=\"a-lazy-loaded\" data-src=\"https:\/\/m.media-amazon.com\/images\/S\/aplus-media-library-service-media\/1b46f362-1949-43b0-b592-8eecdc49e027.__CR0,0,362,453_PT0_SX362_V1___.jpg\"><img decoding=\"async\" alt=\"El texto dice \u00abNiPogi Recycelt: Besteht aus mindestens 50% recycelten Materialien, Sicherer, Humanisierung\u00bb con tres iconos circulares que muestran s\u00edmbolos humanos, de reciclaje y de seguridad. Certificado seg\u00fan el est\u00e1ndar global de reciclaje.\" src=\"https:\/\/m.media-amazon.com\/images\/S\/aplus-media-library-service-media\/1b46f362-1949-43b0-b592-8eecdc49e027.__CR0,0,362,453_PT0_SX362_V1___.jpg\">  <\/p>\n<p> Product Dimensions                                            \u200f                                            :                                            \u200e                                            12.8 x 12.8 x 5.1 cm; 500 g   <br \/> Manufacturer                                            \u200f                                            :                                            \u200e                                            NiPoGi   <br \/> ASIN                                            \u200f                                            :                                            \u200e                                            B0GJ5HS2GC   <br \/> Item model number                                            \u200f                                            :                                            \u200e                                            P1   <br \/> Country of origin                                            \u200f                                            :                                            \u200e                                            China   <br \/> Guaranteed software updates until                                            \u200f                                            :                                            \u200e                                            unknown   <br \/>  Customer reviews:                                                                                            4.5               4.5 out of 5 stars                                  (339)                                              var dpAcrHasRegisteredArcLinkClickAction;                    P.when(&#8216;A&#8217;, &#8216;ready&#8217;).execute(function(A) {                        if (dpAcrHasRegisteredArcLinkClickAction !== true) {                            dpAcrHasRegisteredArcLinkClickAction = true;                            A.declarative(                                &#8216;acrLink-click-metrics&#8217;, &#8216;click&#8217;,                                { \u00aballowLinkDefault\u00bb: true },                                function (event) {                                    if (window.ue) {                                        ue.count(\u00abacrLinkClickCount\u00bb, (ue.count(\u00abacrLinkClickCount\u00bb) || 0) + 1);                                    }                                }                            );                        }                    });                                             P.when(&#8216;A&#8217;, &#8216;cf&#8217;).execute(function(A) {                A.declarative(&#8216;acrStarsLink-click-metrics&#8217;, &#8216;click&#8217;, { \u00aballowLinkDefault\u00bb : true },  function(event){                    if(window.ue) {                        ue.count(\u00abacrStarsLinkWithPopoverClickCount\u00bb, (ue.count(\u00abacrStarsLinkWithPopoverClickCount\u00bb) || 0) + 1);                    }                });            });                          <\/p>\n<p>WORKING FROM HOME OR MANAGING A BIG LOAD OF WORK IN THE OFFICE? The NiPoGi P1 features a Ryzen AED 4300U processor (4 cores\/4 threads, up to 3.7 GHz), faster than a Ryzen 5 3500U\/N150\/N97! With 7nm FinFET technology, Zen 2 architecture and 4MB cache, easily run spreadsheets, video conferencing, document editing and even lightweight design software.<br \/>TIRED OF DELETING FILES TO FREE UP SPACE? The P1 includes 16GB of DDR4 RAM and a 256GB M.2 2280 SSD &#8211; Boot up in seconds, load software instantly and store all your work documents, photos and videos. Need more power? Extend RAM to 64GB using two SO-DIMM slots (perfect for professional software such as Photoshop or video editors) and storage to 4TB using two M.2 2280 slots (one compatible with NVMe PCIe 3.0\/SATA SSD and the other with SATA SSD).<br \/>LOOKING FOR AN IDEAL MINI PC FOR WORK AND PLAY? It features a 5-core (1400 MHz) Radeon graphics card that delivers stunning 4K images at 60 Hz. Support for three monitors (HDMI 2.0 + DP 1.4 + USB 3.2 Gen2 Type-C) enables multitasking. A 28W cooling system with quiet fan and two air outlets keeps it cool and quiet even during prolonged use, without distracting annoying noises.<br \/>STAY CONNECTED ANYTIME AND PLACE! Dual-band WiFi 5 provides a stable and fast wireless connection &#8211; download large files or join video calls without interruption. Bluetooth 4.2 connects seamlessly with mice, keyboards, headphones or wireless printers, keeping your desktop tidy. Wide range of ports: 1 x HDMI 2.0, 1 x USB 3.2 Type-C, 1 x DP 1.4, 1 x RJ45 LAN, 2 x USB 3.2 Gen2, 1 x Audio Jack and 1 x DC port.<br \/>The NiPoGi P1 MINI PC COMBINES POWERFUL FUNCTIONALITY, EXPANSION CAPACITY AND PORTABILITY. At just 5 x 5 x 2 inches, the P1 is perfect for placing on a shelf or behind a monitor and includes a VESA mount (for a clean and tidy workspace). Whether it&#8217;s a home office, media center or classroom workstation, its compact size and portability make it ideal for telecommuters, students, content creators, and occasional gamers<\/p>\n\n","protected":false},"excerpt":{"rendered":"<p> From the brand Nueva serie P1 Mini PC para oficina Mini PC de escritorio Product<\/p>","protected":false},"featured_media":37323,"comment_status":"open","ping_status":"closed","template":"","meta":[],"product_brand":[],"product_cat":[89],"product_tag":[11057,11058,512,5127,11055,11059,11056,6014,777,776,785,778,782,784,535,561,783,215,9007,780,1213,531,779,513,781,904,381,11054],"class_list":{"0":"post-37322","1":"product","2":"type-product","3":"status-publish","4":"has-post-thumbnail","6":"product_cat-all-in-one-pcs","7":"product_tag-1-4hdmi","8":"product_tag-2-0usb","9":"product_tag-256gb","10":"product_tag-3-7ghz","11":"product_tag-3500un150n9716gb","12":"product_tag-4k60hzwifi","13":"product_tag-4kdp","14":"product_tag-5bt","15":"product_tag-all-in-one-desktop","16":"product_tag-all-in-one-pc","17":"product_tag-all-in-one-pc-price","18":"product_tag-apple-imac","19":"product_tag-best-all-in-one-computer","20":"product_tag-compact-pc","21":"product_tag-ddr4","22":"product_tag-display","23":"product_tag-gaming-all-in-one-pc","24":"product_tag-mini","25":"product_tag-nipogi","26":"product_tag-office-all-in-one-pc","27":"product_tag-pinova","28":"product_tag-ryzen","29":"product_tag-slim-all-in-one-pc","30":"product_tag-ssd","31":"product_tag-touchscreen-all-in-one-pc","32":"product_tag-triple","33":"product_tag-typec","34":"product_tag-cd4300u4c4tup","36":"first","37":"instock","38":"shipping-taxable","39":"product-type-external"},"_links":{"self":[{"href":"https:\/\/comprasyconsejos.store\/en\/wp-json\/wp\/v2\/product\/37322","targetHints":{"allow":["GET"]}}],"collection":[{"href":"https:\/\/comprasyconsejos.store\/en\/wp-json\/wp\/v2\/product"}],"about":[{"href":"https:\/\/comprasyconsejos.store\/en\/wp-json\/wp\/v2\/types\/product"}],"replies":[{"embeddable":true,"href":"https:\/\/comprasyconsejos.store\/en\/wp-json\/wp\/v2\/comments?post=37322"}],"version-history":[{"count":0,"href":"https:\/\/comprasyconsejos.store\/en\/wp-json\/wp\/v2\/product\/37322\/revisions"}],"wp:featuredmedia":[{"embeddable":true,"href":"https:\/\/comprasyconsejos.store\/en\/wp-json\/wp\/v2\/media\/37323"}],"wp:attachment":[{"href":"https:\/\/comprasyconsejos.store\/en\/wp-json\/wp\/v2\/media?parent=37322"}],"wp:term":[{"taxonomy":"product_brand","embeddable":true,"href":"https:\/\/comprasyconsejos.store\/en\/wp-json\/wp\/v2\/product_brand?post=37322"},{"taxonomy":"product_cat","embeddable":true,"href":"https:\/\/comprasyconsejos.store\/en\/wp-json\/wp\/v2\/product_cat?post=37322"},{"taxonomy":"product_tag","embeddable":true,"href":"https:\/\/comprasyconsejos.store\/en\/wp-json\/wp\/v2\/product_tag?post=37322"}],"curies":[{"name":"wp","href":"https:\/\/api.w.org\/{rel}","templated":true}]}}