{"id":37325,"date":"2026-03-03T22:04:22","date_gmt":"2026-03-03T22:04:22","guid":{"rendered":"https:\/\/comprasyconsejos.store\/product\/pcs-gaming-computer-pc-gaming-desktop-gamer-cpu-ryzen-3-4-4n-x-4-0ghz-t-amd-vega-8-graphics-ssd-hdd-500gb-ram-8gb-wifi-gift-pc-gamer-pc-gaming-gaming-computer-windows-11\/"},"modified":"2026-03-03T22:04:23","modified_gmt":"2026-03-03T22:04:23","slug":"pcs-gaming-computer-pc-gaming-desktop-gamer-cpu-ryzen-3-4-4n-x-4-0ghz-t-amd-vega-8-graphics-ssd-hdd-500gb-ram-8gb-wifi-gift-pc-gamer-pc-gaming-gaming-computer-windows-11","status":"publish","type":"product","link":"https:\/\/comprasyconsejos.store\/en\/product\/pcs-gaming-computer-pc-gaming-desktop-gamer-cpu-ryzen-3-4-4n-x-4-0ghz-t-amd-vega-8-graphics-ssd-hdd-500gb-ram-8gb-wifi-gift-pc-gamer-pc-gaming-gaming-computer-windows-11\/","title":{"rendered":"PC&#8217;S Gaming Computer PC Gaming Desktop Gamer CPU Ryzen 3 4\/4N x 4.0GHz T. AMD Vega 8 Graphics, SSD HDD 500GB, Ram 8GB + WiFi Gift. PC Gamer, PC Gaming, Gaming Computer Windows 11"},"content":{"rendered":"<p>Price: <span style=\"color:#b12704\">\u20ac425.00<\/span><br \/><i><small>(as of Mar 03, 2026 22:04:22 UTC &#8211; <span class=\"wp_automatic_amazon_disclaimer\" title=\"Product prices and availability are accurate as of the date\/time indicated and are subject to change. Any price and availability information displayed on [relevant Amazon Site(s), as applicable] at the time of purchase will apply to the purchase of this product.\">Details<\/span>)<\/small><\/i><\/p>\n<p><a href=\"https:\/\/amazon.es\/dp\/B09JP7F4SM?tag=man008-21\"><img decoding=\"async\" src=\"https:\/\/valvepress.s3.amazonaws.com\/imgs\/buy_now.png\"><\/a><br \/>\n<\/p>\n<p>                                             Product Description   <\/p>\n<p>                                                                             <img decoding=\"async\" alt=\"el logo del juego de dinosaurios\" src=\"https:\/\/images-na.ssl-images-amazon.com\/images\/G\/01\/x-locale\/common\/grey-pixel.gif\" class=\"a-spacing-base a-lazy-loaded\" data-src=\"https:\/\/m.media-amazon.com\/images\/S\/aplus-media-library-service-media\/9fd4baf5-c8b6-42c0-ac27-9b8b5c264c9f.__CR70,0,1051,650_PT0_SX970_V1___.png\"><img decoding=\"async\" alt=\"el logo del juego de dinosaurios\" src=\"https:\/\/m.media-amazon.com\/images\/S\/aplus-media-library-service-media\/9fd4baf5-c8b6-42c0-ac27-9b8b5c264c9f.__CR70,0,1051,650_PT0_SX970_V1___.png\">                                                                    <\/p>\n<p>                                                                             <img decoding=\"async\" alt=\"con iluminaci\u00f3n RGB y panel lateral transparente. Anuncio de una gama econ\u00f3mica de ordenadores para juegos, adecuados para juegos en la nube.\" src=\"https:\/\/images-na.ssl-images-amazon.com\/images\/G\/01\/x-locale\/common\/grey-pixel.gif\" class=\"a-spacing-base a-lazy-loaded\" data-src=\"https:\/\/m.media-amazon.com\/images\/S\/aplus-media-library-service-media\/0c0d2bc5-b1b9-454c-9e22-b72c766f85e5.__CR0,0,970,600_PT0_SX970_V1___.jpg\"><img decoding=\"async\" alt=\"con iluminaci\u00f3n RGB y panel lateral transparente. Anuncio de una gama econ\u00f3mica de ordenadores para juegos, adecuados para juegos en la nube.\" src=\"https:\/\/m.media-amazon.com\/images\/S\/aplus-media-library-service-media\/0c0d2bc5-b1b9-454c-9e22-b72c766f85e5.__CR0,0,970,600_PT0_SX970_V1___.jpg\">                                                                    <\/p>\n<p>                                                                             <img decoding=\"async\" alt=\"con 4 a 6 n\u00facleos, velocidad de reloj de 3,4 GHz a 4,2 GHz y conector AM4. Dise\u00f1ado para PC para juegos de alto rendimiento\" src=\"https:\/\/images-na.ssl-images-amazon.com\/images\/G\/01\/x-locale\/common\/grey-pixel.gif\" class=\"a-spacing-base a-lazy-loaded\" data-src=\"https:\/\/m.media-amazon.com\/images\/S\/aplus-media-library-service-media\/ca2240ae-03f9-4834-9d1e-47449225d282.__CR0,0,970,600_PT0_SX970_V1___.jpg\"><img decoding=\"async\" alt=\"con 4 a 6 n\u00facleos, velocidad de reloj de 3,4 GHz a 4,2 GHz y conector AM4. Dise\u00f1ado para PC para juegos de alto rendimiento\" src=\"https:\/\/m.media-amazon.com\/images\/S\/aplus-media-library-service-media\/ca2240ae-03f9-4834-9d1e-47449225d282.__CR0,0,970,600_PT0_SX970_V1___.jpg\">                                                                    <\/p>\n<p>                                                                             <img decoding=\"async\" alt=\"Publicidad de tarjetas gr\u00e1ficas. Muestra AMD Radeon Vega y NVIDIA GeForce GT con 2 GB. La imagen incluye un gr\u00e1fico de dinosaurio y una tarjeta GPU con un solo ventilador\" src=\"https:\/\/images-na.ssl-images-amazon.com\/images\/G\/01\/x-locale\/common\/grey-pixel.gif\" class=\"a-spacing-base a-lazy-loaded\" data-src=\"https:\/\/m.media-amazon.com\/images\/S\/aplus-media-library-service-media\/53d30be4-eaca-4b32-a91f-666cdd0c3bd0.__CR0,0,970,600_PT0_SX970_V1___.jpg\"><img decoding=\"async\" alt=\"Publicidad de tarjetas gr\u00e1ficas. Muestra AMD Radeon Vega y NVIDIA GeForce GT con 2 GB. La imagen incluye un gr\u00e1fico de dinosaurio y una tarjeta GPU con un solo ventilador\" src=\"https:\/\/m.media-amazon.com\/images\/S\/aplus-media-library-service-media\/53d30be4-eaca-4b32-a91f-666cdd0c3bd0.__CR0,0,970,600_PT0_SX970_V1___.jpg\">                                                                    <\/p>\n<p>                                                                             <img decoding=\"async\" alt=\"con iluminaci\u00f3n RGB. Cuenta con un panel lateral transparente, un dise\u00f1o angular y componentes interiores iluminados. El texto resalta la iluminaci\u00f3n ARGB y la ventana lateral.\" src=\"https:\/\/images-na.ssl-images-amazon.com\/images\/G\/01\/x-locale\/common\/grey-pixel.gif\" class=\"a-spacing-base a-lazy-loaded\" data-src=\"https:\/\/m.media-amazon.com\/images\/S\/aplus-media-library-service-media\/8ce11b7a-7975-46c9-8ebd-4e16f63c6d6c.__CR0,0,970,600_PT0_SX970_V1___.jpg\"><img decoding=\"async\" alt=\"con iluminaci\u00f3n RGB. Cuenta con un panel lateral transparente, un dise\u00f1o angular y componentes interiores iluminados. El texto resalta la iluminaci\u00f3n ARGB y la ventana lateral.\" src=\"https:\/\/m.media-amazon.com\/images\/S\/aplus-media-library-service-media\/8ce11b7a-7975-46c9-8ebd-4e16f63c6d6c.__CR0,0,970,600_PT0_SX970_V1___.jpg\">                                                                    <\/p>\n<p> Language                                            \u200f                                            :                                            \u200e                                            Spanish   <br \/> Product Dimensions                                            \u200f                                            :                                            \u200e                                            19 x 38 x 37 cm; 5.39 kg   <br \/> Manufacturer                                            \u200f                                            :                                            \u200e                                            PC&#8217;S GAMING   <br \/> ASIN                                            \u200f                                            :                                            \u200e                                            B09JP7F4SM   <br \/> Item model number                                            \u200f                                            :                                            \u200e                                            3200G   <br \/> Country of origin                                            \u200f                                            :                                            \u200e                                            Spain   <br \/> Guaranteed software updates until                                            \u200f                                            :                                            \u200e                                            unknown   <br \/>  Customer reviews:                                                                                            4.1               4.1 out of 5 stars                                  (23)                                              var dpAcrHasRegisteredArcLinkClickAction;                    P.when(&#8216;A&#8217;, &#8216;ready&#8217;).execute(function(A) {                        if (dpAcrHasRegisteredArcLinkClickAction !== true) {                            dpAcrHasRegisteredArcLinkClickAction = true;                            A.declarative(                                &#8216;acrLink-click-metrics&#8217;, &#8216;click&#8217;,                                { \u00aballowLinkDefault\u00bb: true },                                function (event) {                                    if (window.ue) {                                        ue.count(\u00abacrLinkClickCount\u00bb, (ue.count(\u00abacrLinkClickCount\u00bb) || 0) + 1);                                    }                                }                            );                        }                    });                                             P.when(&#8216;A&#8217;, &#8216;cf&#8217;).execute(function(A) {                A.declarative(&#8216;acrStarsLink-click-metrics&#8217;, &#8216;click&#8217;, { \u00aballowLinkDefault\u00bb : true },  function(event){                    if(window.ue) {                        ue.count(\u00abacrStarsLinkWithPopoverClickCount\u00bb, (ue.count(\u00abacrStarsLinkWithPopoverClickCount\u00bb) || 0) + 1);                    }                });            });                          <\/p>\n<p>CPU: Ryzen 3 3200G 4GHZ (Turbo) x 4\/4 Core\/ AM4 A320 DDR4 Chip Motherboard Superior Performance: Experience unparalleled gaming performance with our state-of-the-art gaming PC. Designed to deliver fast speeds and instant response for intensive gaming. Stunning graphics: Enjoy stunning graphics and realism in every detail. Our PC Gaming features high-end graphics cards that will immerse you in stunning virtual worlds.<br \/>RAM: 8GB DDR4 3200MHZ \/ Graphics: AMD VEGA 8 (Integrated CPU) Experience unparalleled gaming performance with our state-of-the-art Gaming PC. Designed to deliver fast speeds and instant response for intensive gaming.<br \/>SSD HDD: 500GB SATA 6GB\/S SPACIOUS STORAGE: Store all your games, media files, and apps without worrying about space. With ample SSD\/HDD storage, you&#8217;ll have enough space for your gaming library and more.<br \/>ERGONOMIC DESIGN: Our gaming PC is designed with comfort and ergonomics in mind. With a compact and sleek design that fits perfectly into any gaming setup. Advanced connectivity: Easily connect to the Internet and other peripheral devices. Our Gaming PC comes with multiple USB, HDMI, and wireless connectivity options so you can enjoy a seamless experience.<br \/>* 100% Spanish product* Windows 11 PRO 64 bit ORIGINAL, 100% tested, 2 years Premium warranty included.<\/p>\n\n","protected":false},"excerpt":{"rendered":"<p> Product Description Language \u200f : \u200e Spanish Product Dimensions \u200f : \u200e 19 x 38<\/p>","protected":false},"featured_media":37326,"comment_status":"open","ping_status":"closed","template":"","meta":[],"product_brand":[],"product_cat":[91],"product_tag":[5707,11060,1348,622,530,803,801,805,539,598,787,800,615,617,2236,644,1513,808,799,806,2676,587,807,531,802,513,643,543,537,804],"class_list":{"0":"post-37325","1":"product","2":"type-product","3":"status-publish","4":"has-post-thumbnail","6":"product_cat-office-pcs","7":"product_tag-4-0ghz","8":"product_tag-44n","9":"product_tag-500gb","10":"product_tag-8gb","11":"product_tag-amd","12":"product_tag-budget-office-pc","13":"product_tag-business-desktop-pc","14":"product_tag-compact-desktop-pc","15":"product_tag-computer","16":"product_tag-cpu","17":"product_tag-desktop","18":"product_tag-desktop-computer-for-office","19":"product_tag-gamer","20":"product_tag-gaming","21":"product_tag-gift","22":"product_tag-graphics","23":"product_tag-hdd","24":"product_tag-office-computer-setup","25":"product_tag-office-pc","26":"product_tag-office-pc-ssd","27":"product_tag-pcs","28":"product_tag-ram","29":"product_tag-reliable-office-pc","30":"product_tag-ryzen","31":"product_tag-small-office-pc","32":"product_tag-ssd","33":"product_tag-vega","34":"product_tag-wifi","35":"product_tag-windows","36":"product_tag-windows-office-pc","38":"first","39":"instock","40":"shipping-taxable","41":"product-type-external"},"_links":{"self":[{"href":"https:\/\/comprasyconsejos.store\/en\/wp-json\/wp\/v2\/product\/37325","targetHints":{"allow":["GET"]}}],"collection":[{"href":"https:\/\/comprasyconsejos.store\/en\/wp-json\/wp\/v2\/product"}],"about":[{"href":"https:\/\/comprasyconsejos.store\/en\/wp-json\/wp\/v2\/types\/product"}],"replies":[{"embeddable":true,"href":"https:\/\/comprasyconsejos.store\/en\/wp-json\/wp\/v2\/comments?post=37325"}],"version-history":[{"count":0,"href":"https:\/\/comprasyconsejos.store\/en\/wp-json\/wp\/v2\/product\/37325\/revisions"}],"wp:featuredmedia":[{"embeddable":true,"href":"https:\/\/comprasyconsejos.store\/en\/wp-json\/wp\/v2\/media\/37326"}],"wp:attachment":[{"href":"https:\/\/comprasyconsejos.store\/en\/wp-json\/wp\/v2\/media?parent=37325"}],"wp:term":[{"taxonomy":"product_brand","embeddable":true,"href":"https:\/\/comprasyconsejos.store\/en\/wp-json\/wp\/v2\/product_brand?post=37325"},{"taxonomy":"product_cat","embeddable":true,"href":"https:\/\/comprasyconsejos.store\/en\/wp-json\/wp\/v2\/product_cat?post=37325"},{"taxonomy":"product_tag","embeddable":true,"href":"https:\/\/comprasyconsejos.store\/en\/wp-json\/wp\/v2\/product_tag?post=37325"}],"curies":[{"name":"wp","href":"https:\/\/api.w.org\/{rel}","templated":true}]}}