{"id":37331,"date":"2026-03-03T22:06:53","date_gmt":"2026-03-03T22:06:53","guid":{"rendered":"https:\/\/comprasyconsejos.store\/product\/microsoft-surface-pro-copilot-pc-for-business-12-inch-tablet-snapdragon-x-plus-x1p-42-100-3-2-ghz-win-11-pro-qualcomm-adreno-16-gb-ram-512-gb-ssd-30-5-cm-12\/"},"modified":"2026-03-03T22:06:54","modified_gmt":"2026-03-03T22:06:54","slug":"microsoft-surface-pro-copilot-pc-for-business-12-inch-tablet-snapdragon-x-plus-x1p-42-100-3-2-ghz-win-11-pro-qualcomm-adreno-16-gb-ram-512-gb-ssd-30-5-cm-12","status":"publish","type":"product","link":"https:\/\/comprasyconsejos.store\/en\/product\/microsoft-surface-pro-copilot-pc-for-business-12-inch-tablet-snapdragon-x-plus-x1p-42-100-3-2-ghz-win-11-pro-qualcomm-adreno-16-gb-ram-512-gb-ssd-30-5-cm-12\/","title":{"rendered":"Microsoft Surface Pro Copilot+ PC for Business &#8211; 12-inch &#8211; Tablet &#8211; Snapdragon X Plus X1P-42-100 \/ 3.2 GHz &#8211; Win 11 Pro &#8211; Qualcomm Adreno &#8211; 16 GB RAM &#8211; 512 GB SSD &#8211; 30.5 cm (12&#8243;)"},"content":{"rendered":"<p>Price: <span style=\"color:#b12704\">\u20ac1,279.00<\/span><br \/><i><small>(as of Mar 03, 2026 22:06:53 UTC &#8211; <span class=\"wp_automatic_amazon_disclaimer\" title=\"Product prices and availability are accurate as of the date\/time indicated and are subject to change. Any price and availability information displayed on [relevant Amazon Site(s), as applicable] at the time of purchase will apply to the purchase of this product.\">Details<\/span>)<\/small><\/i><\/p>\n<p><a href=\"https:\/\/amazon.es\/dp\/B0FR2JHW42?tag=man008-21\"><img decoding=\"async\" src=\"https:\/\/valvepress.s3.amazonaws.com\/imgs\/buy_now.png\"><\/a><br \/>\n<br \/>\n    <span>Microsoft Surface Pro Copilot+ PC for Business &#8211; Tablet &#8211; SnapdragonxPlus X1P-42-100 \/ 3.2 GHz &#8211; Win11Pro &#8211; Qualcomm Adreno &#8211; 16GB RAM &#8211; 512GB &#8211; 12&#8243; Touch 2196&#215;1464 &#8211; NFC, WiFi7, Bluetooth &#8211; Platinum<\/span>    <br \/> Product Dimensions                                            \u200f                                            :                                            \u200e                                            6.8 x 23.5 x 33.8 cm; 1.39 kg   <br \/> ASIN                                            \u200f                                            :                                            \u200e                                            B0FR2JHW42   <br \/> Item model number                                            \u200f                                            :                                            \u200e                                            EP2-27204   <br \/> Guaranteed software updates until                                            \u200f                                            :                                            \u200e                                            unknown   <\/p>\n<p>Marca original<br \/>Garant\u00eda de tres a\u00f1os contra defectos de fabricaci\u00f3n.<\/p>\n\n","protected":false},"excerpt":{"rendered":"<p> Microsoft Surface Pro Copilot+ PC for Business &#8211; Tablet &#8211; SnapdragonxPlus X1P-42-100 \/ 3.2 GHz<\/p>","protected":false},"featured_media":37332,"comment_status":"open","ping_status":"closed","template":"","meta":[],"product_brand":[],"product_cat":[95],"product_tag":[1242,631,6972,595,632,983,818,825,629,637,163,6971,587,1697,513,826,157,636,635,586,628,634,633,630,6970],"class_list":{"0":"post-37331","1":"product","2":"type-product","3":"status-publish","4":"has-post-thumbnail","6":"product_cat-windows-tablets","7":"product_tag-12inch","8":"product_tag-2-in-1-tablet","9":"product_tag-adreno","10":"product_tag-business","11":"product_tag-business-tablet-windows","12":"product_tag-copilot","13":"product_tag-ghz","14":"product_tag-microsoft","15":"product_tag-microsoft-surface-tablet","16":"product_tag-portable-windows-tablet","17":"product_tag-pro","18":"product_tag-qualcomm","19":"product_tag-ram","20":"product_tag-snapdragon","21":"product_tag-ssd","22":"product_tag-surface","23":"product_tag-tablet","24":"product_tag-tablet-laptop-combo","25":"product_tag-touchscreen-windows-tablet","26":"product_tag-win","27":"product_tag-windows-tablet","28":"product_tag-windows-tablet-for-work","29":"product_tag-windows-tablet-price","30":"product_tag-windows-tablet-with-keyboard","31":"product_tag-x1p42100","33":"first","34":"instock","35":"shipping-taxable","36":"product-type-external"},"_links":{"self":[{"href":"https:\/\/comprasyconsejos.store\/en\/wp-json\/wp\/v2\/product\/37331","targetHints":{"allow":["GET"]}}],"collection":[{"href":"https:\/\/comprasyconsejos.store\/en\/wp-json\/wp\/v2\/product"}],"about":[{"href":"https:\/\/comprasyconsejos.store\/en\/wp-json\/wp\/v2\/types\/product"}],"replies":[{"embeddable":true,"href":"https:\/\/comprasyconsejos.store\/en\/wp-json\/wp\/v2\/comments?post=37331"}],"version-history":[{"count":0,"href":"https:\/\/comprasyconsejos.store\/en\/wp-json\/wp\/v2\/product\/37331\/revisions"}],"wp:featuredmedia":[{"embeddable":true,"href":"https:\/\/comprasyconsejos.store\/en\/wp-json\/wp\/v2\/media\/37332"}],"wp:attachment":[{"href":"https:\/\/comprasyconsejos.store\/en\/wp-json\/wp\/v2\/media?parent=37331"}],"wp:term":[{"taxonomy":"product_brand","embeddable":true,"href":"https:\/\/comprasyconsejos.store\/en\/wp-json\/wp\/v2\/product_brand?post=37331"},{"taxonomy":"product_cat","embeddable":true,"href":"https:\/\/comprasyconsejos.store\/en\/wp-json\/wp\/v2\/product_cat?post=37331"},{"taxonomy":"product_tag","embeddable":true,"href":"https:\/\/comprasyconsejos.store\/en\/wp-json\/wp\/v2\/product_tag?post=37331"}],"curies":[{"name":"wp","href":"https:\/\/api.w.org\/{rel}","templated":true}]}}