{"id":37349,"date":"2026-03-03T22:19:46","date_gmt":"2026-03-03T22:19:46","guid":{"rendered":"https:\/\/comprasyconsejos.store\/product\/wireless-charger-wireless-charger-with-18-w-adapter-charging-station-compatible-with-iphone-17-16-15-14-13-12-pro-pro-max-apple-watch-ultra-10-9-8-7-se-se2-6-5-4-airpods321-pro1-black\/"},"modified":"2026-03-03T22:19:52","modified_gmt":"2026-03-03T22:19:52","slug":"wireless-charger-wireless-charger-with-18-w-adapter-charging-station-compatible-with-iphone-17-16-15-14-13-12-pro-pro-max-apple-watch-ultra-10-9-8-7-se-se2-6-5-4-airpods321-pro1-black","status":"publish","type":"product","link":"https:\/\/comprasyconsejos.store\/en\/product\/wireless-charger-wireless-charger-with-18-w-adapter-charging-station-compatible-with-iphone-17-16-15-14-13-12-pro-pro-max-apple-watch-ultra-10-9-8-7-se-se2-6-5-4-airpods321-pro1-black\/","title":{"rendered":"Wireless Charger, Wireless Charger with 18 W Adapter, Charging Station Compatible with iPhone 17\/16\/15\/14\/13\/12 Pro\/Pro Max, Apple Watch Ultra\/10\/9\/8\/7\/SE\/SE2\/6\/5\/4 AirPods321\/Pro1 Black"},"content":{"rendered":"<p>Price: <span style=\"color:#b12704\">\u20ac29.99<\/span><br \/><i><small>(as of Mar 03, 2026 22:19:46 UTC &#8211; <span class=\"wp_automatic_amazon_disclaimer\" title=\"Product prices and availability are accurate as of the date\/time indicated and are subject to change. Any price and availability information displayed on [relevant Amazon Site(s), as applicable] at the time of purchase will apply to the purchase of this product.\">Details<\/span>)<\/small><\/i><\/p>\n<p><a href=\"https:\/\/amazon.es\/dp\/B0BG3SH3LJ?tag=man008-21\"><img decoding=\"async\" src=\"https:\/\/valvepress.s3.amazonaws.com\/imgs\/buy_now.png\"><\/a><br \/>\n<\/p>\n<p>                                             Product Description   <\/p>\n<p>                                                                             <img decoding=\"async\" alt=\"para iPhone, Apple Watch y AirPods. Cuenta con un soporte negro con m\u00faltiples superficies de carga y una luz indicadora verde\" src=\"https:\/\/images-na.ssl-images-amazon.com\/images\/G\/01\/x-locale\/common\/grey-pixel.gif\" class=\"a-spacing-base a-lazy-loaded\" data-src=\"https:\/\/m.media-amazon.com\/images\/S\/aplus-media-library-service-media\/fe7223b3-89ee-4be8-a2ff-f376c52b15a5.__CR0,0,970,600_PT0_SX970_V1___.jpg\"><img decoding=\"async\" alt=\"para iPhone, Apple Watch y AirPods. Cuenta con un soporte negro con m\u00faltiples superficies de carga y una luz indicadora verde\" src=\"https:\/\/m.media-amazon.com\/images\/S\/aplus-media-library-service-media\/fe7223b3-89ee-4be8-a2ff-f376c52b15a5.__CR0,0,970,600_PT0_SX970_V1___.jpg\">                                                                    <\/p>\n<p>                                                                             <img decoding=\"async\" alt=\"Diagrama de la estaci\u00f3n de carga 3 en 1 que muestra la compatibilidad con iPhone, AirPods y Apple Watch. Incluye un soporte de carga inal\u00e1mbrico y un adaptador de alimentaci\u00f3n USB\" src=\"https:\/\/images-na.ssl-images-amazon.com\/images\/G\/01\/x-locale\/common\/grey-pixel.gif\" class=\"a-spacing-base a-lazy-loaded\" data-src=\"https:\/\/m.media-amazon.com\/images\/S\/aplus-media-library-service-media\/0ba42340-e42f-4fb9-bb56-7347bdab72d8.__CR0,0,970,600_PT0_SX970_V1___.jpg\"><img decoding=\"async\" alt=\"Diagrama de la estaci\u00f3n de carga 3 en 1 que muestra la compatibilidad con iPhone, AirPods y Apple Watch. Incluye un soporte de carga inal\u00e1mbrico y un adaptador de alimentaci\u00f3n USB\" src=\"https:\/\/m.media-amazon.com\/images\/S\/aplus-media-library-service-media\/0ba42340-e42f-4fb9-bb56-7347bdab72d8.__CR0,0,970,600_PT0_SX970_V1___.jpg\">                                                                    <\/p>\n<p>                                                                             <img decoding=\"async\" alt=\"Escena de escritorio con una persona usando un tel\u00e9fono inteligente junto a una computadora port\u00e1til. El soporte de carga negro sostiene el reloj inteligente. El texto menciona ahorrar espacio y ordenar el escritorio\" src=\"https:\/\/images-na.ssl-images-amazon.com\/images\/G\/01\/x-locale\/common\/grey-pixel.gif\" class=\"a-spacing-base a-lazy-loaded\" data-src=\"https:\/\/m.media-amazon.com\/images\/S\/aplus-media-library-service-media\/6bcfbfb2-dc26-4870-b982-cfd2c83ed1be.__CR0,0,970,600_PT0_SX970_V1___.jpg\"><img decoding=\"async\" alt=\"Escena de escritorio con una persona usando un tel\u00e9fono inteligente junto a una computadora port\u00e1til. El soporte de carga negro sostiene el reloj inteligente. El texto menciona ahorrar espacio y ordenar el escritorio\" src=\"https:\/\/m.media-amazon.com\/images\/S\/aplus-media-library-service-media\/6bcfbfb2-dc26-4870-b982-cfd2c83ed1be.__CR0,0,970,600_PT0_SX970_V1___.jpg\">                                                                    <\/p>\n<p>                                                                             <img decoding=\"async\" alt=\"con un colorido patr\u00f3n radial en la pantalla, junto a un tel\u00e9fono inteligente en un soporte de carga, libros y otros art\u00edculos de escritorio sobre una superficie de madera.\" src=\"https:\/\/images-na.ssl-images-amazon.com\/images\/G\/01\/x-locale\/common\/grey-pixel.gif\" class=\"a-spacing-base a-lazy-loaded\" data-src=\"https:\/\/m.media-amazon.com\/images\/S\/aplus-media-library-service-media\/f64313db-cfc2-400b-9d9a-0f791d0ddc99.__CR0,0,970,600_PT0_SX970_V1___.jpg\"><img decoding=\"async\" alt=\"con un colorido patr\u00f3n radial en la pantalla, junto a un tel\u00e9fono inteligente en un soporte de carga, libros y otros art\u00edculos de escritorio sobre una superficie de madera.\" src=\"https:\/\/m.media-amazon.com\/images\/S\/aplus-media-library-service-media\/f64313db-cfc2-400b-9d9a-0f791d0ddc99.__CR0,0,970,600_PT0_SX970_V1___.jpg\">                                                                    <\/p>\n<p>                                                                             <img decoding=\"async\" alt=\"con varios monitores, ordenadores port\u00e1tiles y soportes de carga para dispositivos electr\u00f3nicos, que muestra un entorno de trabajo moderno\" src=\"https:\/\/images-na.ssl-images-amazon.com\/images\/G\/01\/x-locale\/common\/grey-pixel.gif\" class=\"a-spacing-base a-lazy-loaded\" data-src=\"https:\/\/m.media-amazon.com\/images\/S\/aplus-media-library-service-media\/f2a665ee-411a-47d9-aa92-4ff685750a02.__CR0,0,970,600_PT0_SX970_V1___.jpg\"><img decoding=\"async\" alt=\"con varios monitores, ordenadores port\u00e1tiles y soportes de carga para dispositivos electr\u00f3nicos, que muestra un entorno de trabajo moderno\" src=\"https:\/\/m.media-amazon.com\/images\/S\/aplus-media-library-service-media\/f2a665ee-411a-47d9-aa92-4ff685750a02.__CR0,0,970,600_PT0_SX970_V1___.jpg\">                                                                    <\/p>\n<p>                                                                             <img decoding=\"async\" alt=\"con luz tenue apta para dormir. Persona que duerme tranquilamente cerca, lo que demuestra su naturaleza no molesta\" src=\"https:\/\/images-na.ssl-images-amazon.com\/images\/G\/01\/x-locale\/common\/grey-pixel.gif\" class=\"a-spacing-base a-lazy-loaded\" data-src=\"https:\/\/m.media-amazon.com\/images\/S\/aplus-media-library-service-media\/6c15456d-1e4b-4ab5-af16-bad3378b715f.__CR0,0,970,600_PT0_SX970_V1___.jpg\"><img decoding=\"async\" alt=\"con luz tenue apta para dormir. Persona que duerme tranquilamente cerca, lo que demuestra su naturaleza no molesta\" src=\"https:\/\/m.media-amazon.com\/images\/S\/aplus-media-library-service-media\/6c15456d-1e4b-4ab5-af16-bad3378b715f.__CR0,0,970,600_PT0_SX970_V1___.jpg\">                                         <\/p>\n<h3 class=\"a-spacing-mini\"> Dispositivos compatibles <\/h3>\n<p class=\"a-spacing-base\">\n<p>iPhone 16, iPhone 16 Pro, iPhone 16 Pro Max, iPhone 16 PlusiPhone 15, iPhone 15 Pro, iPhone 15 Pro Max, iPhone 15 PlusiPhone 14, iPhone 14 Pro, iPhone 14 Pro Max, iPhone 14 PlusiPhone 13, iPhone 13 Pro, iPhone 13 Pro Max, iPhone 13 MiniiPhone 12, iPhone 12 Pro, iPhone 12 Pro Max, iPhone 12 MiniCompatible con la serie iPhone 11 Pro\/11 Pro Max\/11\/XS\/XS Max\/XR\/X\/8\/8 Plus\/SE.Compatible con Apple Watch Ultra\u3001Apple Watch 10\u3001Apple Watch SE 2\u3001Apple Watch 9\u3001Apple Watch 8\u3001Watch SE 1\u3001Apple Watch 7\u3001Apple Watch 6\u3001Apple Watch 5\u3001Apple Watch 4\u3001Apple Watch 3\u3001Apple Watch 2Compatible con AirPods 3\/AirPods 2\/AirPods 1,Compatible con AirPods Pro 1 Generaci\u00f3nNota: No compatible con AirPods Pro 2 y posteriores, no compatible con AirPods 4 y posteriores.     <\/p>\n<p class=\"apm-text-center\">\n                                                      <img decoding=\"async\" alt=\"Auriculares de realidad virtual con sistema de ventilaci\u00f3n visible que muestran un patr\u00f3n de flujo de aire sobre un fondo oscuro\" src=\"https:\/\/images-na.ssl-images-amazon.com\/images\/G\/01\/x-locale\/common\/grey-pixel.gif\" class=\"a-spacing-mini a-lazy-loaded\" data-src=\"https:\/\/m.media-amazon.com\/images\/S\/aplus-media-library-service-media\/da1caa04-c90a-459a-a1c2-ab39e6649723.__CR0,0,300,300_PT0_SX300_V1___.jpg\"><img decoding=\"async\" alt=\"Auriculares de realidad virtual con sistema de ventilaci\u00f3n visible que muestran un patr\u00f3n de flujo de aire sobre un fondo oscuro\" src=\"https:\/\/m.media-amazon.com\/images\/S\/aplus-media-library-service-media\/da1caa04-c90a-459a-a1c2-ab39e6649723.__CR0,0,300,300_PT0_SX300_V1___.jpg\">  <\/p>\n<p>                                                    Dise\u00f1o antideslizante.                                       <\/p>\n<p> El soporte de carga inal\u00e1mbrico ha integrado una gran cantidad de orificios de disipaci\u00f3n de calor y almohadillas de silicona antideslizantes, el cargador no se mover\u00e1 ni se voltear\u00e1, y tambi\u00e9n hay silicona antideslizante en la parte inferior del soporte de carga del tel\u00e9fono para garantizar que su tel\u00e9fono est\u00e9 Protegido durante la carga <\/p>\n<p class=\"apm-text-center\">\n                                                      <img decoding=\"async\" alt=\"blanca que se coloca sobre una base de carga negra o un soporte con una luz indicadora sutil\" src=\"https:\/\/images-na.ssl-images-amazon.com\/images\/G\/01\/x-locale\/common\/grey-pixel.gif\" class=\"a-spacing-mini a-lazy-loaded\" data-src=\"https:\/\/m.media-amazon.com\/images\/S\/aplus-media-library-service-media\/df043472-7996-4c0c-a5df-3d5a82a19cf7.__CR0,0,300,300_PT0_SX300_V1___.jpg\"><img decoding=\"async\" alt=\"blanca que se coloca sobre una base de carga negra o un soporte con una luz indicadora sutil\" src=\"https:\/\/m.media-amazon.com\/images\/S\/aplus-media-library-service-media\/df043472-7996-4c0c-a5df-3d5a82a19cf7.__CR0,0,300,300_PT0_SX300_V1___.jpg\">  <\/p>\n<p>                                                    Soporte de carga inal\u00e1mbrico f\u00e1cil de usar y vers\u00e1til                                       <\/p>\n<p> En comparaci\u00f3n con el modo de carga de auriculares Magsafe, el modo de puerto de carga de Airpods es m\u00e1s conveniente, admite todos los dispositivos Airpods y evita la molestia de quitar la cubierta protectora al cargar. <\/p>\n<p class=\"apm-text-center\">\n                                                      <img decoding=\"async\" alt=\"Soporte de carga inal\u00e1mbrico negro con dise\u00f1o angular, que se muestra con el adaptador de corriente y los accesorios del cable USB incluidos en el paquete\" src=\"https:\/\/images-na.ssl-images-amazon.com\/images\/G\/01\/x-locale\/common\/grey-pixel.gif\" class=\"a-spacing-mini a-lazy-loaded\" data-src=\"https:\/\/m.media-amazon.com\/images\/S\/aplus-media-library-service-media\/5bea9ba2-8804-407e-8f4d-d0b03eb40678.__CR0,0,300,300_PT0_SX300_V1___.jpg\"><img decoding=\"async\" alt=\"Soporte de carga inal\u00e1mbrico negro con dise\u00f1o angular, que se muestra con el adaptador de corriente y los accesorios del cable USB incluidos en el paquete\" src=\"https:\/\/m.media-amazon.com\/images\/S\/aplus-media-library-service-media\/5bea9ba2-8804-407e-8f4d-d0b03eb40678.__CR0,0,300,300_PT0_SX300_V1___.jpg\">  <\/p>\n<p>                                                    Lo que obtendr\u00e1                                       <\/p>\n<p> 1 * estaci\u00f3n de carga inal\u00e1mbrica <\/p>\n<p> 1 enchufe de carga r\u00e1pida de 18 W. <\/p>\n<p> 1 cable de alimentaci\u00f3n tipo C de 3,3 pies. <\/p>\n<p> 1 * gu\u00eda del usuario <\/p>\n<p> Package Dimensions                                            \u200f                                            :                                            \u200e                                            13.9 x 11.7 x 7.9 cm; 280 g   <br \/> Manufacturer                                            \u200f                                            :                                            \u200e                                            SHENZHEN GTL TECHNOLOGY Co., Ltd.   <br \/> ASIN                                            \u200f                                            :                                            \u200e                                            B0BG3SH3LJ   <br \/> Item model number                                            \u200f                                            :                                            \u200e                                            G618   <br \/> Country\/Region of Origin                                            \u200f                                            :                                            \u200e                                            China   <br \/> Guaranteed software updates until                                            \u200f                                            :                                            \u200e                                            unknown   <br \/>  Customer reviews:                                                                                            4.3               4.3 out of 5 stars                                  (4,081)                                              var dpAcrHasRegisteredArcLinkClickAction;                    P.when(&#8216;A&#8217;, &#8216;ready&#8217;).execute(function(A) {                        if (dpAcrHasRegisteredArcLinkClickAction !== true) {                            dpAcrHasRegisteredArcLinkClickAction = true;                            A.declarative(                                &#8216;acrLink-click-metrics&#8217;, &#8216;click&#8217;,                                { \u00aballowLinkDefault\u00bb: true },                                function (event) {                                    if (window.ue) {                                        ue.count(\u00abacrLinkClickCount\u00bb, (ue.count(\u00abacrLinkClickCount\u00bb) || 0) + 1);                                    }                                }                            );                        }                    });                                             P.when(&#8216;A&#8217;, &#8216;cf&#8217;).execute(function(A) {                A.declarative(&#8216;acrStarsLink-click-metrics&#8217;, &#8216;click&#8217;, { \u00aballowLinkDefault\u00bb : true },  function(event){                    if(window.ue) {                        ue.count(\u00abacrStarsLinkWithPopoverClickCount\u00bb, (ue.count(\u00abacrStarsLinkWithPopoverClickCount\u00bb) || 0) + 1);                    }                });            });                          <\/p>\n<p>Upgrade the wireless charger: You can use this 3 in 1 wireless charger to charge your products at the same time. You can charge your i Phone, Apple Watch and AirPods at the same time. Powered by the included 18W QC 3.0 adapter. Equivalent to an iWatch charging stand, mobile phone charging stand, AirPods charging stand. Broad compatibility, which covers all Qi-enabled Android and IOS phones, is a must for Apple fans.<br \/>Safe and Fast Charging: With a high quality 18W fast charging head and 3.3ft type c charging cable, it is 30% faster than other wireless charger for i Phone.This fast wireless charger has over-current protection, over-voltage protection and overcharge protection. The base has air vents and the cargo becomes cooler and safer.Coated with a layer of skin-friendly silicone to resist bumps or scratches.<br \/>Design charging headphone jack independent universal compatibility: wireless charger compatible with i phone 17\/i phone 17 Pro\/i phone 17 pro max\/i phone 17 plus\/i phone 16\/16 pro\/16 pro max\/16 plus\/i phone 15\/15 pro\/15 pro max\/15plus\/i phone14\/13\/13 pro max\/i phone 12\/12 Pro Max\/Series 1 1\/XS Series\/XR\/X\/8\/8 Plus,AirPods 3\/2\/1\/Pro 1 (Not Compatible with Pro 2nd Gen and New Models), Apple Watch Charging Station Compatible with Apple Watch Ultra\/10\/9\/8\/7\/SE\/SE2\/6\/5\/4\/3\/ 2<br \/>SLEEP FRIENDLY NON-SLIP BASE: Charging dock charges directly through phone cases up to 0.2&#8243;, saving you the hassle of removing the case. Wireless fast charging charger has a non-slip design, wireless charging base will not move or flip, there is also a blue LED indicator when charging. If you put it on the bedside table, the blue light is soft and not dazzling, so you don&#8217;t have to worry about affecting your sleep.<br \/>What you will get: wireless charger The package includes a 3 in 1 wireless charging station, a USB Type-C cable, a 18W power adapter, a user manual, 24 months worry-free warranty and friendly customer service. Every product we send to you is thoroughly inspected, if you have any problems with this apple watch and i phone charger, please feel free to contact us, we will provide you with the best solution within 24 hours.<\/p>\n\n","protected":false},"excerpt":{"rendered":"<p> Product Description Dispositivos compatibles iPhone 16, iPhone 16 Pro, iPhone 16 Pro Max, iPhone 16<\/p>","protected":false},"featured_media":37350,"comment_status":"open","ping_status":"closed","template":"","meta":[],"product_brand":[],"product_cat":[104],"product_tag":[144,11074,175,307,152,138,201,147,3004,3003,3015,3008,3007,3010,3011,3000,3001,3013,3016,3014,3005,3002,3009,3017,3006,164,278,3012,156,11073,229,226],"class_list":{"0":"post-37349","1":"product","2":"type-product","3":"status-publish","4":"has-post-thumbnail","6":"product_cat-apple-iphone","7":"product_tag-adapter","8":"product_tag-airpods321pro1","9":"product_tag-apple","10":"product_tag-black","11":"product_tag-charger","12":"product_tag-charging","13":"product_tag-compatible","14":"product_tag-iphone","15":"product_tag-iphone-13-accessories","16":"product_tag-iphone-14-case","17":"product_tag-iphone-adapter","18":"product_tag-iphone-battery-pack","19":"product_tag-iphone-cable","20":"product_tag-iphone-camera-lens","21":"product_tag-iphone-car-mount","22":"product_tag-iphone-case","23":"product_tag-iphone-charger","24":"product_tag-iphone-earbuds","25":"product_tag-iphone-gaming-controller","26":"product_tag-iphone-magsafe","27":"product_tag-iphone-pro-max-case","28":"product_tag-iphone-screen-protector","29":"product_tag-iphone-tempered-glass","30":"product_tag-iphone-tripod","31":"product_tag-iphone-wireless-charger","32":"product_tag-max","33":"product_tag-propro","34":"product_tag-refurbished-iphone","35":"product_tag-station","36":"product_tag-ultra10987sese2654","37":"product_tag-watch","38":"product_tag-wireless","40":"first","41":"instock","42":"shipping-taxable","43":"product-type-external"},"_links":{"self":[{"href":"https:\/\/comprasyconsejos.store\/en\/wp-json\/wp\/v2\/product\/37349","targetHints":{"allow":["GET"]}}],"collection":[{"href":"https:\/\/comprasyconsejos.store\/en\/wp-json\/wp\/v2\/product"}],"about":[{"href":"https:\/\/comprasyconsejos.store\/en\/wp-json\/wp\/v2\/types\/product"}],"replies":[{"embeddable":true,"href":"https:\/\/comprasyconsejos.store\/en\/wp-json\/wp\/v2\/comments?post=37349"}],"version-history":[{"count":0,"href":"https:\/\/comprasyconsejos.store\/en\/wp-json\/wp\/v2\/product\/37349\/revisions"}],"wp:featuredmedia":[{"embeddable":true,"href":"https:\/\/comprasyconsejos.store\/en\/wp-json\/wp\/v2\/media\/37350"}],"wp:attachment":[{"href":"https:\/\/comprasyconsejos.store\/en\/wp-json\/wp\/v2\/media?parent=37349"}],"wp:term":[{"taxonomy":"product_brand","embeddable":true,"href":"https:\/\/comprasyconsejos.store\/en\/wp-json\/wp\/v2\/product_brand?post=37349"},{"taxonomy":"product_cat","embeddable":true,"href":"https:\/\/comprasyconsejos.store\/en\/wp-json\/wp\/v2\/product_cat?post=37349"},{"taxonomy":"product_tag","embeddable":true,"href":"https:\/\/comprasyconsejos.store\/en\/wp-json\/wp\/v2\/product_tag?post=37349"}],"curies":[{"name":"wp","href":"https:\/\/api.w.org\/{rel}","templated":true}]}}