{"id":37359,"date":"2026-03-03T22:26:12","date_gmt":"2026-03-03T22:26:12","guid":{"rendered":"https:\/\/comprasyconsejos.store\/product\/4g-lte-usb-wifi-internet-key-with-sim-link-key-cat4-150mbps-wreless-modem-alternative-for-adsl-do-not-browse-modification-apn-apply-for-shop-home-camper\/"},"modified":"2026-03-03T22:26:15","modified_gmt":"2026-03-03T22:26:15","slug":"4g-lte-usb-wifi-internet-key-with-sim-link-key-cat4-150mbps-wreless-modem-alternative-for-adsl-do-not-browse-modification-apn-apply-for-shop-home-camper","status":"publish","type":"product","link":"https:\/\/comprasyconsejos.store\/en\/product\/4g-lte-usb-wifi-internet-key-with-sim-link-key-cat4-150mbps-wreless-modem-alternative-for-adsl-do-not-browse-modification-apn-apply-for-shop-home-camper\/","title":{"rendered":"4G LTE USB WiFi Internet Key with SIM Link Key cat4 150mbps Wreless Modem, Alternative for ADSL, Do Not Browse Modification APN Apply for Shop\/Home\/Camper"},"content":{"rendered":"<p>Price: <span style=\"color:#b12704\">\u20ac37.99<\/span><br \/><i><small>(as of Mar 03, 2026 22:26:12 UTC &#8211; <span class=\"wp_automatic_amazon_disclaimer\" title=\"Product prices and availability are accurate as of the date\/time indicated and are subject to change. Any price and availability information displayed on [relevant Amazon Site(s), as applicable] at the time of purchase will apply to the purchase of this product.\">Details<\/span>)<\/small><\/i><\/p>\n<p><a href=\"https:\/\/amazon.es\/dp\/B0B6238M28?tag=man008-21\"><img decoding=\"async\" src=\"https:\/\/valvepress.s3.amazonaws.com\/imgs\/buy_now.png\"><\/a><br \/>\n<\/p>\n<p>                                             Product Description   <\/p>\n<p>                                                         <img decoding=\"async\" alt=\"pour Calonny, en forme de c\u0153ur stylis\u00e9 bleu et bleu sarcelle avec le nom de l&amp;#39;entreprise en\" src=\"https:\/\/images-na.ssl-images-amazon.com\/images\/G\/01\/x-locale\/common\/grey-pixel.gif\" class=\"a-lazy-loaded\" data-src=\"https:\/\/m.media-amazon.com\/images\/S\/aplus-media-library-service-media\/9da89999-8fe4-4849-a4da-0124df516af5.__CR0,0,600,180_PT0_SX600_V1___.png\"><img decoding=\"async\" alt=\"pour Calonny, en forme de c\u0153ur stylis\u00e9 bleu et bleu sarcelle avec le nom de l&amp;#39;entreprise en\" src=\"https:\/\/m.media-amazon.com\/images\/S\/aplus-media-library-service-media\/9da89999-8fe4-4849-a4da-0124df516af5.__CR0,0,600,180_PT0_SX600_V1___.png\">      <\/p>\n<h3 class=\"a-spacing-mini\"> Portable Hotspot 4G LTE Sim <\/h3>\n<p>                                          <img decoding=\"async\" alt=\"Modem USB blanc branch\u00e9 sur un ordinateur portable. Le texte ci-dessous indique \u00ab Facile \u00e0 utiliser \u00bb et d\u00e9crit la fonctionnalit\u00e9 pr\u00eate \u00e0 l&amp;#39;emploi pour l&amp;#39;acc\u00e8s en ligne\" src=\"https:\/\/images-na.ssl-images-amazon.com\/images\/G\/01\/x-locale\/common\/grey-pixel.gif\" class=\"a-spacing-base a-lazy-loaded\" data-src=\"https:\/\/m.media-amazon.com\/images\/S\/aplus-media-library-service-media\/299b48f2-b5fb-4a30-b646-8b521d446e9b.__CR0,191,1001,619_PT0_SX970_V1___.jpg\"><img decoding=\"async\" alt=\"Modem USB blanc branch\u00e9 sur un ordinateur portable. Le texte ci-dessous indique \u00ab Facile \u00e0 utiliser \u00bb et d\u00e9crit la fonctionnalit\u00e9 pr\u00eate \u00e0 l&amp;#39;emploi pour l&amp;#39;acc\u00e8s en ligne\" src=\"https:\/\/m.media-amazon.com\/images\/S\/aplus-media-library-service-media\/299b48f2-b5fb-4a30-b646-8b521d446e9b.__CR0,191,1001,619_PT0_SX970_V1___.jpg\">                                         <\/p>\n<h3 class=\"a-spacing-mini\"> Jusqu&#8217;\u00e0 12 utilisateurs connect\u00e9s au Wi-Fi <\/h3>\n<p class=\"a-spacing-base\"> Prend en charge jusqu&#8217;\u00e0 12 utilisateurs connect\u00e9s en m\u00eame temps, l&#8217;id\u00e9al pour r\u00e9pondre \u00e0 vos besoins en voyage et au bureau, partager les co\u00fbts de navigation et dans de nombreuses autres situations. <\/p>\n<p>                                                  <img decoding=\"async\" alt=\"Personne utilisant un ordinateur portable pour une vid\u00e9oconf\u00e9rence avec quatre personnes. Le bureau contient une souris, des plantes et des fournitures de bureau. Le texte mentionne la vitesse de connexion sans fil.\" src=\"https:\/\/images-na.ssl-images-amazon.com\/images\/G\/01\/x-locale\/common\/grey-pixel.gif\" class=\"a-spacing-mini a-lazy-loaded\" data-src=\"https:\/\/m.media-amazon.com\/images\/S\/aplus-media-library-service-media\/54d1e8b5-27c6-44eb-bf84-9a2bffedcd38.__CR0,0,1001,1001_PT0_SX300_V1___.jpg\"><img decoding=\"async\" alt=\"Personne utilisant un ordinateur portable pour une vid\u00e9oconf\u00e9rence avec quatre personnes. Le bureau contient une souris, des plantes et des fournitures de bureau. Le texte mentionne la vitesse de connexion sans fil.\" src=\"https:\/\/m.media-amazon.com\/images\/S\/aplus-media-library-service-media\/54d1e8b5-27c6-44eb-bf84-9a2bffedcd38.__CR0,0,1001,1001_PT0_SX300_V1___.jpg\">  <\/p>\n<h3 class=\"a-spacing-mini\"> Portable Hotspot Wi-Fi Savon pratique <\/h3>\n<p> Calonny D200 est un hotspot Wi-Fi portable pratique, portable et puissant. Vous permet de profiter d&#8217;une vitesse de t\u00e9l\u00e9chargement de 4G de 150Mbps et d&#8217;une vitesse de chargement de 50Mbps. Profitez du travail des connexions r\u00e9seau sans fil sur le mouvement pour plus longtemps, gardez vous connect\u00e9 n&#8217;importe o\u00f9 et n&#8217;importe o\u00f9. Produit une connexion s\u00fbre Wi-Fi hotspot jusqu&#8217;\u00e0 12 appareils compatibles Wi-Fi, en vous assurant \u00e0 tous vos amis et coll\u00e8gues sans probl\u00e8me. Prend en charge les normes 4G FDD\/TDD-LTE et est compatible avec les cartes SIM des principaux op\u00e9rateurs t\u00e9l\u00e9phoniques dans le monde. Convient pour voyage\/travail\/bureau\/studio\/camping-car\/magasin\/conf\u00e9rences, etc. Si vous ne pouvez pas naviguer, modifier apn <\/p>\n<p>                                                  <img decoding=\"async\" alt=\"Dongle USB blanc ins\u00e9r\u00e9 dans le port d&amp;#39;un ordinateur portable ou d&amp;#39;un appareil. Le dongle poss\u00e8de une antenne visible et semble \u00eatre un adaptateur sans fil\" src=\"https:\/\/images-na.ssl-images-amazon.com\/images\/G\/01\/x-locale\/common\/grey-pixel.gif\" class=\"a-spacing-mini a-lazy-loaded\" data-src=\"https:\/\/m.media-amazon.com\/images\/S\/aplus-media-library-service-media\/9423ec78-2015-46e6-94d3-931a7bf3ccf2.__CR101,0,588,588_PT0_SX300_V1___.jpg\"><img decoding=\"async\" alt=\"Dongle USB blanc ins\u00e9r\u00e9 dans le port d&amp;#39;un ordinateur portable ou d&amp;#39;un appareil. Le dongle poss\u00e8de une antenne visible et semble \u00eatre un adaptateur sans fil\" src=\"https:\/\/m.media-amazon.com\/images\/S\/aplus-media-library-service-media\/9423ec78-2015-46e6-94d3-931a7bf3ccf2.__CR101,0,588,588_PT0_SX300_V1___.jpg\">  <\/p>\n<h3 class=\"a-spacing-mini\"> Connexion Wi-Fi en hotspot haute performance <\/h3>\n<p> Calonny Mobile Wi-Fi fournit une connexion Wi-Fi LTE haute vitesse en 4G de 150 Mbps, il vous suffit d&#8217;appuyer sur un bouton pour regarder des films et des photos. Emmenez ce bijou toujours avec vous et le Wi-Fi deviendra un jeu d&#8217;enfant. <\/p>\n<p>                                                      <img decoding=\"async\" alt=\"routeur 4g SIM wifi\" src=\"https:\/\/images-na.ssl-images-amazon.com\/images\/G\/01\/x-locale\/common\/grey-pixel.gif\" class=\"a-spacing-mini a-lazy-loaded\" data-src=\"https:\/\/m.media-amazon.com\/images\/S\/aplus-media-library-service-media\/63a797a1-d124-468b-a63c-85c4dc9e4d66.__CR100,0,600,800_PT0_SX300_V1___.jpg\"><img decoding=\"async\" alt=\"routeur 4g SIM wifi\" src=\"https:\/\/m.media-amazon.com\/images\/S\/aplus-media-library-service-media\/63a797a1-d124-468b-a63c-85c4dc9e4d66.__CR100,0,600,800_PT0_SX300_V1___.jpg\">  <\/p>\n<p>                           Croyez en votre choix  <\/p>\n<p>                                                              <img decoding=\"async\" alt=\"Adaptateur USB blanc pour Internet CAT4, affichant une vitesse de 300\/150 Mbps, avec un graphique de compteur\" src=\"https:\/\/images-na.ssl-images-amazon.com\/images\/G\/01\/x-locale\/common\/grey-pixel.gif\" class=\"a-spacing-mini a-lazy-loaded\" data-src=\"https:\/\/m.media-amazon.com\/images\/S\/aplus-media-library-service-media\/b0348a9e-bb3e-41c5-9a24-3f57585b830f.__CR0,200,800,400_PT0_SX350_V1___.jpg\"><img decoding=\"async\" alt=\"Adaptateur USB blanc pour Internet CAT4, affichant une vitesse de 300\/150 Mbps, avec un graphique de compteur\" src=\"https:\/\/m.media-amazon.com\/images\/S\/aplus-media-library-service-media\/b0348a9e-bb3e-41c5-9a24-3f57585b830f.__CR0,200,800,400_PT0_SX350_V1___.jpg\">                                          travailler ou \u00e9tudier                                 <\/p>\n<p class=\"a-spacing-small a-size-small a-color-secondary\"> Connectez votre smartphone, ordinateur portable er tablette pour vos activit\u00e9s de smartworking ou en d\u00e9placement. <\/p>\n<p>                                       Un r\u00e9seau Wi-Fi \u00e0 votre disposition pour suivre les cours et rester connect\u00e9 n&#8217;importe o\u00f9 et n&#8217;importe o\u00f9.       <\/p>\n<h3 class=\"a-spacing-mini\"> Voyage ou maison <\/h3>\n<p>                                          Avec D200, vous disposez d&#8217;un r\u00e9seau Wi-Fi d\u00e9di\u00e9 \u00e0 vos activit\u00e9s quotidiennes.                                     <\/p>\n<p class=\"a-spacing-base\"> Emportez le D200 avec vous partout dans le monde et partagez l&#8217;acc\u00e8s au r\u00e9seau avec qui vous voulez. <\/p>\n<p>                                                          Micro SIM      <\/p>\n<h3 class=\"a-spacing-small\"> Prend en charge la reconnaissance automatique de la plupart des SIM, wind tim vodafone ho iliad fastweb poste kena lyca. Utilisable apr\u00e8s avoir ins\u00e9r\u00e9 la SIM. Certains n\u00e9cessitent de modifier APN <\/h3>\n<p class=\"apm-text-center\">\n                                                      <img decoding=\"async\" alt=\"Appareil adaptateur Wi-Fi USB \u00e0 c\u00f4t\u00e9 de l&amp;#39;\u00e9cran de connexion affichant les informations d&amp;#39;identification \u00ab administrateur \u00bb. L&amp;#39;appareil poss\u00e8de des circuits visibles et une \u00e9tiquette \u00ab Password Wi-Fi \u00bb\" src=\"https:\/\/images-na.ssl-images-amazon.com\/images\/G\/01\/x-locale\/common\/grey-pixel.gif\" class=\"a-spacing-mini a-lazy-loaded\" data-src=\"https:\/\/m.media-amazon.com\/images\/S\/aplus-media-library-service-media\/1e05f8af-69d0-41e5-b2a4-e005866a2e40.__CR0,0,616,616_PT0_SX300_V1___.jpg\"><img decoding=\"async\" alt=\"Appareil adaptateur Wi-Fi USB \u00e0 c\u00f4t\u00e9 de l&amp;#39;\u00e9cran de connexion affichant les informations d&amp;#39;identification \u00ab administrateur \u00bb. L&amp;#39;appareil poss\u00e8de des circuits visibles et une \u00e9tiquette \u00ab Password Wi-Fi \u00bb\" src=\"https:\/\/m.media-amazon.com\/images\/S\/aplus-media-library-service-media\/1e05f8af-69d0-41e5-b2a4-e005866a2e40.__CR0,0,616,616_PT0_SX300_V1___.jpg\">  <\/p>\n<p>                                                    Modifier apn                                       <\/p>\n<p> Tout d&#8217;abord, effacez la broche de la SIM, ins\u00e9rez la carte SIM dans l&#8217;appareil, allumez-la et attendez un instant. Le voyant du signal est bleu ou vert, ce qui indique que la carte SIM a \u00e9t\u00e9 lue avec succ\u00e8s et peut \u00eatre utilis\u00e9e directement. S&#8217;il est rouge, il est n\u00e9cessaire de modifier l&#8217;apn correspondant \u00e0 la carte SIM, connectez-vous au navigateur de l&#8217;ordinateur ou de votre t\u00e9l\u00e9phone portable et ins\u00e9rez 192.168.0.1 <\/p>\n<p class=\"apm-text-center\">\n                                                      <img decoding=\"async\" alt=\"Interface de configuration du routeur affichant les informations sur l&amp;#39;appareil, les param\u00e8tres r\u00e9seau et les param\u00e8tres sans fil. Affiche l&amp;#39;adresse IP, l&amp;#39;adresse MAC et les d\u00e9tails du microprogramme.\" src=\"https:\/\/images-na.ssl-images-amazon.com\/images\/G\/01\/x-locale\/common\/grey-pixel.gif\" class=\"a-spacing-mini a-lazy-loaded\" data-src=\"https:\/\/m.media-amazon.com\/images\/S\/aplus-media-library-service-media\/67b1f333-9236-4ef3-b346-66b06ad65f21.__CR0,0,648,648_PT0_SX300_V1___.jpg\"><img decoding=\"async\" alt=\"Interface de configuration du routeur affichant les informations sur l&amp;#39;appareil, les param\u00e8tres r\u00e9seau et les param\u00e8tres sans fil. Affiche l&amp;#39;adresse IP, l&amp;#39;adresse MAC et les d\u00e9tails du microprogramme.\" src=\"https:\/\/m.media-amazon.com\/images\/S\/aplus-media-library-service-media\/67b1f333-9236-4ef3-b346-66b06ad65f21.__CR0,0,648,648_PT0_SX300_V1___.jpg\">  <\/p>\n<p>                                                    Trouvez l&#8217;option APN                                       <\/p>\n<p> Saisissez le mot de passe du compte. Il se trouve derri\u00e8re l&#8217;appareil. La page contient des informations d\u00e9taill\u00e9es sur tous les appareils. <\/p>\n<p class=\"apm-text-center\">\n                                                      <img decoding=\"async\" alt=\"5 g routeur mobile wifi\" src=\"https:\/\/images-na.ssl-images-amazon.com\/images\/G\/01\/x-locale\/common\/grey-pixel.gif\" class=\"a-spacing-mini a-lazy-loaded\" data-src=\"https:\/\/m.media-amazon.com\/images\/S\/aplus-media-library-service-media\/f77951f5-9900-4a34-a9a2-f498428d4993.__CR0,0,604,604_PT0_SX300_V1___.jpg\"><img decoding=\"async\" alt=\"5 g routeur mobile wifi\" src=\"https:\/\/m.media-amazon.com\/images\/S\/aplus-media-library-service-media\/f77951f5-9900-4a34-a9a2-f498428d4993.__CR0,0,604,604_PT0_SX300_V1___.jpg\">  <\/p>\n<p>                                                    Modifiez uniquement l&#8217;APN correspondant \u00e0 la carte SIM                                       <\/p>\n<p> Le plus important. Modifiez ici seulement l&#8217;APN correspondant \u00e0 votre SIM. Pour les autres, il n&#8217;est pas n\u00e9cessaire de modifier, les pays diff\u00e9rents d&#8217;Italie doivent l&#8217;interrupteur de l&#8217;itin\u00e9rance. <\/p>\n<p> Batteries                                            \u200f                                            :                                            \u200e                                            1 Lithium Ion batteries required.   <br \/> Product Dimensions                                            \u200f                                            :                                            \u200e                                            3.08 x 1 x 9.9 cm; 40 g   <br \/> Manufacturer                                            \u200f                                            :                                            \u200e                                            calonny   <br \/> ASIN                                            \u200f                                            :                                            \u200e                                            B0B6238M28   <br \/> Item model number                                            \u200f                                            :                                            \u200e                                            D200   <br \/> Country\/Region of Origin                                            \u200f                                            :                                            \u200e                                            China   <br \/> Guaranteed software updates until                                            \u200f                                            :                                            \u200e                                            unknown   <br \/>  Customer reviews:                                                                                            3.7               3.7 out of 5 stars                                  (943)                                              var dpAcrHasRegisteredArcLinkClickAction;                    P.when(&#8216;A&#8217;, &#8216;ready&#8217;).execute(function(A) {                        if (dpAcrHasRegisteredArcLinkClickAction !== true) {                            dpAcrHasRegisteredArcLinkClickAction = true;                            A.declarative(                                &#8216;acrLink-click-metrics&#8217;, &#8216;click&#8217;,                                { \u00aballowLinkDefault\u00bb: true },                                function (event) {                                    if (window.ue) {                                        ue.count(\u00abacrLinkClickCount\u00bb, (ue.count(\u00abacrLinkClickCount\u00bb) || 0) + 1);                                    }                                }                            );                        }                    });                                             P.when(&#8216;A&#8217;, &#8216;cf&#8217;).execute(function(A) {                A.declarative(&#8216;acrStarsLink-click-metrics&#8217;, &#8216;click&#8217;, { \u00aballowLinkDefault\u00bb : true },  function(event){                    if(window.ue) {                        ue.count(\u00abacrStarsLinkWithPopoverClickCount\u00bb, (ue.count(\u00abacrStarsLinkWithPopoverClickCount\u00bb) || 0) + 1);                    }                });            });                          <\/p>\n<p>Portable USB wifi connection. Plug and play. It can be connected to a power bank, computer\/USB car charger, etc. Alternative to ADSL. No phone line needed. You only need a sim \u00abhas 4g signal\u00bb Complete your web browsing Save living costs Covering a wide range of 10 meters.<\/p>\n\n","protected":false},"excerpt":{"rendered":"<p> Product Description Portable Hotspot 4G LTE Sim Jusqu&#8217;\u00e0 12 utilisateurs connect\u00e9s au Wi-Fi Prend en<\/p>","protected":false},"featured_media":37360,"comment_status":"open","ping_status":"closed","template":"","meta":[],"product_brand":[],"product_cat":[72],"product_tag":[6789,11078,11077,11081,4165,11079,8797,2110,2116,2436,984,2114,4083,1043,2118,2877,11080,2112,11082,2827,133,2108,543,2104,2120,2102,2106,11076],"class_list":{"0":"post-37359","1":"product","2":"type-product","3":"status-publish","4":"has-post-thumbnail","6":"product_cat-wifi-sticks","7":"product_tag-150mbps","8":"product_tag-adsl","9":"product_tag-alternative","10":"product_tag-apn","11":"product_tag-apply","12":"product_tag-browse","13":"product_tag-cat4","14":"product_tag-dual-band-wifi-adapter","15":"product_tag-high-speed-wifi-usb","16":"product_tag-internet","17":"product_tag-key","18":"product_tag-laptop-wifi-adapter","19":"product_tag-link","20":"product_tag-lte","21":"product_tag-mini-wifi-adapter","22":"product_tag-modem","23":"product_tag-modification","24":"product_tag-pc-wifi-adapter","25":"product_tag-shophomecamper","26":"product_tag-sim","27":"product_tag-usb","28":"product_tag-usb-wifi-dongle","29":"product_tag-wifi","30":"product_tag-wifi-stick","31":"product_tag-wifi-stick-price","32":"product_tag-wifi-usb-adapter","33":"product_tag-wireless-usb-adapter","34":"product_tag-wreless","36":"first","37":"instock","38":"shipping-taxable","39":"product-type-external"},"_links":{"self":[{"href":"https:\/\/comprasyconsejos.store\/en\/wp-json\/wp\/v2\/product\/37359","targetHints":{"allow":["GET"]}}],"collection":[{"href":"https:\/\/comprasyconsejos.store\/en\/wp-json\/wp\/v2\/product"}],"about":[{"href":"https:\/\/comprasyconsejos.store\/en\/wp-json\/wp\/v2\/types\/product"}],"replies":[{"embeddable":true,"href":"https:\/\/comprasyconsejos.store\/en\/wp-json\/wp\/v2\/comments?post=37359"}],"version-history":[{"count":0,"href":"https:\/\/comprasyconsejos.store\/en\/wp-json\/wp\/v2\/product\/37359\/revisions"}],"wp:featuredmedia":[{"embeddable":true,"href":"https:\/\/comprasyconsejos.store\/en\/wp-json\/wp\/v2\/media\/37360"}],"wp:attachment":[{"href":"https:\/\/comprasyconsejos.store\/en\/wp-json\/wp\/v2\/media?parent=37359"}],"wp:term":[{"taxonomy":"product_brand","embeddable":true,"href":"https:\/\/comprasyconsejos.store\/en\/wp-json\/wp\/v2\/product_brand?post=37359"},{"taxonomy":"product_cat","embeddable":true,"href":"https:\/\/comprasyconsejos.store\/en\/wp-json\/wp\/v2\/product_cat?post=37359"},{"taxonomy":"product_tag","embeddable":true,"href":"https:\/\/comprasyconsejos.store\/en\/wp-json\/wp\/v2\/product_tag?post=37359"}],"curies":[{"name":"wp","href":"https:\/\/api.w.org\/{rel}","templated":true}]}}