{"id":37365,"date":"2026-03-03T22:28:56","date_gmt":"2026-03-03T22:28:56","guid":{"rendered":"https:\/\/comprasyconsejos.store\/product\/usb-type-c-cable-2pack-1m-3-1a-charger-type-c-nylon-braided-fast-charging-and-synchronization-usb-c-cable-for-samsung-s10-s9-s8-note-10-note-9-huawei-p30-p20-mate-20-xperia-xz\/"},"modified":"2026-03-03T22:28:57","modified_gmt":"2026-03-03T22:28:57","slug":"usb-type-c-cable-2pack-1m-3-1a-charger-type-c-nylon-braided-fast-charging-and-synchronization-usb-c-cable-for-samsung-s10-s9-s8-note-10-note-9-huawei-p30-p20-mate-20-xperia-xz","status":"publish","type":"product","link":"https:\/\/comprasyconsejos.store\/en\/product\/usb-type-c-cable-2pack-1m-3-1a-charger-type-c-nylon-braided-fast-charging-and-synchronization-usb-c-cable-for-samsung-s10-s9-s8-note-10-note-9-huawei-p30-p20-mate-20-xperia-xz\/","title":{"rendered":"USB Type C Cable, [2Pack 1M] 3.1A Charger Type C Nylon Braided Fast Charging and Synchronization USB C Cable for Samsung S10\/S9\/S8\/Note 10\/Note 9, Huawei P30\/P20\/Mate 20, Xperia XZ"},"content":{"rendered":"<p>Price: <span style=\"color:#b12704\"><del>\u20ac7.99<\/del> - \u20ac5.58<\/span><br \/><i><small>(as of Mar 03, 2026 22:28:56 UTC &#8211; <span class=\"wp_automatic_amazon_disclaimer\" title=\"Product prices and availability are accurate as of the date\/time indicated and are subject to change. Any price and availability information displayed on [relevant Amazon Site(s), as applicable] at the time of purchase will apply to the purchase of this product.\">Details<\/span>)<\/small><\/i><\/p>\n<p><a href=\"https:\/\/amazon.es\/dp\/B07BNF842T?tag=man008-21\"><img decoding=\"async\" src=\"https:\/\/valvepress.s3.amazonaws.com\/imgs\/buy_now.png\"><\/a><br \/>\n<\/p>\n<p>                                             Product Description   <\/p>\n<p>                                                                             <img decoding=\"async\" alt=\"un cable de carga USB para un smartphone\" src=\"https:\/\/images-na.ssl-images-amazon.com\/images\/G\/01\/x-locale\/common\/grey-pixel.gif\" class=\"a-spacing-base a-lazy-loaded\" data-src=\"https:\/\/m.media-amazon.com\/images\/S\/aplus-media-library-service-media\/ac81bdc9-5d46-4bf8-a609-61154adae88a.__CR0,0,2750,1701_PT0_SX970_V1___.jpg\"><img decoding=\"async\" alt=\"un cable de carga USB para un smartphone\" src=\"https:\/\/m.media-amazon.com\/images\/S\/aplus-media-library-service-media\/ac81bdc9-5d46-4bf8-a609-61154adae88a.__CR0,0,2750,1701_PT0_SX970_V1___.jpg\">                                                                    <\/p>\n<p>                                                  <img decoding=\"async\" alt=\"3. Cable de carga USB de 11 pulgadas con cargador de tel\u00e9fono\" src=\"https:\/\/images-na.ssl-images-amazon.com\/images\/G\/01\/x-locale\/common\/grey-pixel.gif\" class=\"a-lazy-loaded\" data-src=\"https:\/\/m.media-amazon.com\/images\/S\/aplus-media-library-service-media\/bddc26c5-f37b-497e-a2c8-41abc2a7ee5a.__CR0,0,1500,1500_PT0_SX300_V1___.jpg\"><img decoding=\"async\" alt=\"3. Cable de carga USB de 11 pulgadas con cargador de tel\u00e9fono\" src=\"https:\/\/m.media-amazon.com\/images\/S\/aplus-media-library-service-media\/bddc26c5-f37b-497e-a2c8-41abc2a7ee5a.__CR0,0,1500,1500_PT0_SX300_V1___.jpg\">  <\/p>\n<p> Sincronizaci\u00f3n y carga\uff1a <\/p>\n<p> soportan la carga r\u00e1pida m\u00e1xima de 3.1A y la velocidad de sincronizaci\u00f3n de datos de hasta 480 Mbps. <\/p>\n<p>                                                  <img decoding=\"async\" alt=\"cable usb tipo c\" src=\"https:\/\/images-na.ssl-images-amazon.com\/images\/G\/01\/x-locale\/common\/grey-pixel.gif\" class=\"a-spacing-mini a-lazy-loaded\" data-src=\"https:\/\/m.media-amazon.com\/images\/S\/aplus-media-library-service-media\/c248d2a6-45cc-45b7-ab44-2ce5311680ec.__CR0,0,2835,2835_PT0_SX300_V1___.jpg\"><img decoding=\"async\" alt=\"cable usb tipo c\" src=\"https:\/\/m.media-amazon.com\/images\/S\/aplus-media-library-service-media\/c248d2a6-45cc-45b7-ab44-2ce5311680ec.__CR0,0,2835,2835_PT0_SX300_V1___.jpg\">  <\/p>\n<p> Comp Compatibilidad perfecta\uff1a <\/p>\n<p> Samsung Galaxy S10+\/ S10e \/S10 \/ S9+\/ S9 \/ S8 Plus \/ S8 \/ Note 9\/ Note 8\/ A3 A5 A7(2017) <\/p>\n<p> Huawei  P20\/ P20 Lite\/ P30\/ P30 Pro \/Mate 20 lite\/ Mate 10 Pro\/ Mate9\/ P30\/ P20\/ P10 <\/p>\n<p> Xiaomi Mi A1 \/ Mi Mix 2 \/ Mi 6 \/ Mi 5 \/ Mi 5s \/ Mi 5s Plus \/ Mi Note2 <\/p>\n<p> Sony Xperia XCompact \/ XZ1 \/ XZs \/ XZ Premium <\/p>\n<p> Honor View 20\/ View 10\/ 10\/ 9\/ 8 <\/p>\n<p> LG G6 \/ G5 \/ V30 \/ V20 <\/p>\n<p> OnePlus 6T\/ 6 \/ 5T \/ 5 <\/p>\n<p> Nexus 5X \/ 6P <\/p>\n<p>                                                                             <img decoding=\"async\" alt=\"usb c\" src=\"https:\/\/images-na.ssl-images-amazon.com\/images\/G\/01\/x-locale\/common\/grey-pixel.gif\" class=\"a-spacing-base a-lazy-loaded\" data-src=\"https:\/\/m.media-amazon.com\/images\/S\/aplus-media-library-service-media\/dbe75d51-0ef6-42cc-98a9-8687a77b27d7.__CR0,400,1500,928_PT0_SX970_V1___.jpg\"><img decoding=\"async\" alt=\"usb c\" src=\"https:\/\/m.media-amazon.com\/images\/S\/aplus-media-library-service-media\/dbe75d51-0ef6-42cc-98a9-8687a77b27d7.__CR0,400,1500,928_PT0_SX970_V1___.jpg\">                                                                    <\/p>\n<p> Is discontinued by manufacturer                                            \u200f                                            :                                            \u200e                                            No   <br \/> Package Dimensions                                            \u200f                                            :                                            \u200e                                            23.5 x 8.4 x 1.5 cm; 50 g   <br \/> Date First Available                                            \u200f                                            :                                            \u200e                                            22 Mar. 2018   <br \/> Manufacturer                                            \u200f                                            :                                            \u200e                                            GIANAC   <br \/> ASIN                                            \u200f                                            :                                            \u200e                                            B07BNF842T   <br \/> Item model number                                            \u200f                                            :                                            \u200e                                            GIA-E5   <br \/> Country of origin                                            \u200f                                            :                                            \u200e                                            China   <br \/>       Best Sellers Rank:  5 in USB Cables       <br \/>  Customer reviews:                                                                                            4.5               4.5 out of 5 stars                                  (19,886)                                              var dpAcrHasRegisteredArcLinkClickAction;                    P.when(&#8216;A&#8217;, &#8216;ready&#8217;).execute(function(A) {                        if (dpAcrHasRegisteredArcLinkClickAction !== true) {                            dpAcrHasRegisteredArcLinkClickAction = true;                            A.declarative(                                &#8216;acrLink-click-metrics&#8217;, &#8216;click&#8217;,                                { \u00aballowLinkDefault\u00bb: true },                                function (event) {                                    if (window.ue) {                                        ue.count(\u00abacrLinkClickCount\u00bb, (ue.count(\u00abacrLinkClickCount\u00bb) || 0) + 1);                                    }                                }                            );                        }                    });                                             P.when(&#8216;A&#8217;, &#8216;cf&#8217;).execute(function(A) {                A.declarative(&#8216;acrStarsLink-click-metrics&#8217;, &#8216;click&#8217;, { \u00aballowLinkDefault\u00bb : true },  function(event){                    if(window.ue) {                        ue.count(\u00abacrStarsLinkWithPopoverClickCount\u00bb, (ue.count(\u00abacrStarsLinkWithPopoverClickCount\u00bb) || 0) + 1);                    }                });            });                          <\/p>\n<p>\u3010High Quality Standard\u3011USB Type C Cable The robust aluminium connector offers a long service life and ensures a perfect connection. The cables are braided from high-quality nylon, which are anti-twisting and abrasion resistance. After testing, bent to 90 degrees and bent to 9000 times.<br \/>\u3010Sync &#038; Charge\u3011Our cables meet USB specifications according to Type C version 1.1, 56KG, and 22AWG.<br \/>\u3010Perfect 1M+1M\u30112 Pack (1m+1m) USB Type C Charger Cable is perfect for any occasion, at home, office, car and all outdoor activities; One order contains 2 cables. \u3010Durability\u3011Longer than original cables; High-quality nylon GIANAC cable, at least 10,000 times 90 degrees tilt.<br \/>\u3010Perfect Compatibility\u3011Perfectly compatible with all currently available USB-C devices &#8211; New MacBook, ChromeBook Google Pixel 2xl, Pixel C, Nexus 5X \/ 6P, OnePlus 2 \/ 3T, Samsung Galaxy S10 \/ S9 \/ S8 \/ S8+ \/ Note 8 \/ A5 2017 \/ A7 2017, Huawei P30 \/ P9. \/ P10 \/ P20, HTC 10 \/ U11, Sony Xperia XZ, LG G5 \/ G6, Zuk Z1, HP Pavilion X2 (Not fit Huawei SuperCharge, OnePlus Dash Charge and Moto TurboPower)<br \/>\u3010What You Will Receive\u3011If you have any questions or concerns, please contact us, we will solve your problem as soon as possible.<\/p>\n\n","protected":false},"excerpt":{"rendered":"<p> Product Description Sincronizaci\u00f3n y carga\uff1a soportan la carga r\u00e1pida m\u00e1xima de 3.1A y la velocidad<\/p>","protected":false},"featured_media":37366,"comment_status":"open","ping_status":"closed","template":"","meta":[],"product_brand":[],"product_cat":[69],"product_tag":[11086,206,3565,220,182,152,138,2047,2044,137,2052,2037,7057,2054,2046,219,11087,2049,11085,249,11084,168,133,2050,2042,2040,11088],"class_list":{"0":"post-37365","1":"product","2":"type-product","3":"status-publish","4":"has-post-thumbnail","6":"product_cat-cables-adapters","7":"product_tag-10note","8":"product_tag-2pack","9":"product_tag-3-1a","10":"product_tag-braided","11":"product_tag-cable","12":"product_tag-charger","13":"product_tag-charging","14":"product_tag-charging-cable","15":"product_tag-displayport-cable","16":"product_tag-fast","17":"product_tag-hdmi-adapter","18":"product_tag-hdmi-cable","19":"product_tag-huawei","20":"product_tag-multiport-adapter","21":"product_tag-network-cable","22":"product_tag-nylon","23":"product_tag-p30p20mate","24":"product_tag-power-cable","25":"product_tag-s10s9s8note","26":"product_tag-samsung","27":"product_tag-synchronization","28":"product_tag-type","29":"product_tag-usb","30":"product_tag-usb-adapter","31":"product_tag-usb-c-cable","32":"product_tag-usb-cable","33":"product_tag-xperia","35":"first","36":"instock","37":"sale","38":"shipping-taxable","39":"product-type-external"},"_links":{"self":[{"href":"https:\/\/comprasyconsejos.store\/en\/wp-json\/wp\/v2\/product\/37365","targetHints":{"allow":["GET"]}}],"collection":[{"href":"https:\/\/comprasyconsejos.store\/en\/wp-json\/wp\/v2\/product"}],"about":[{"href":"https:\/\/comprasyconsejos.store\/en\/wp-json\/wp\/v2\/types\/product"}],"replies":[{"embeddable":true,"href":"https:\/\/comprasyconsejos.store\/en\/wp-json\/wp\/v2\/comments?post=37365"}],"version-history":[{"count":0,"href":"https:\/\/comprasyconsejos.store\/en\/wp-json\/wp\/v2\/product\/37365\/revisions"}],"wp:featuredmedia":[{"embeddable":true,"href":"https:\/\/comprasyconsejos.store\/en\/wp-json\/wp\/v2\/media\/37366"}],"wp:attachment":[{"href":"https:\/\/comprasyconsejos.store\/en\/wp-json\/wp\/v2\/media?parent=37365"}],"wp:term":[{"taxonomy":"product_brand","embeddable":true,"href":"https:\/\/comprasyconsejos.store\/en\/wp-json\/wp\/v2\/product_brand?post=37365"},{"taxonomy":"product_cat","embeddable":true,"href":"https:\/\/comprasyconsejos.store\/en\/wp-json\/wp\/v2\/product_cat?post=37365"},{"taxonomy":"product_tag","embeddable":true,"href":"https:\/\/comprasyconsejos.store\/en\/wp-json\/wp\/v2\/product_tag?post=37365"}],"curies":[{"name":"wp","href":"https:\/\/api.w.org\/{rel}","templated":true}]}}