{"id":37382,"date":"2026-03-03T22:47:49","date_gmt":"2026-03-03T22:47:49","guid":{"rendered":"https:\/\/comprasyconsejos.store\/product\/canon-pixma-ts4150i-all-in-one-printer-with-wi-fi-connectivity-wireless-for-easy-printing-from-your-smartphone-pixma-print-plan\/"},"modified":"2026-03-03T22:47:50","modified_gmt":"2026-03-03T22:47:50","slug":"canon-pixma-ts4150i-all-in-one-printer-with-wi-fi-connectivity-wireless-for-easy-printing-from-your-smartphone-pixma-print-plan","status":"publish","type":"product","link":"https:\/\/comprasyconsejos.store\/en\/product\/canon-pixma-ts4150i-all-in-one-printer-with-wi-fi-connectivity-wireless-for-easy-printing-from-your-smartphone-pixma-print-plan\/","title":{"rendered":"Canon PIXMA TS4150I &#8211; All-in-One Printer with Wi-Fi Connectivity | Wireless for Easy Printing from Your Smartphone PIXMA Print Plan"},"content":{"rendered":"<p>Price: <span style=\"color:#b12704\"><del>\u20ac65.45<\/del> - \u20ac66.39<\/span><br \/><i><small>(as of Mar 03, 2026 22:47:49 UTC &#8211; <span class=\"wp_automatic_amazon_disclaimer\" title=\"Product prices and availability are accurate as of the date\/time indicated and are subject to change. Any price and availability information displayed on [relevant Amazon Site(s), as applicable] at the time of purchase will apply to the purchase of this product.\">Details<\/span>)<\/small><\/i><\/p>\n<p><a href=\"https:\/\/amazon.es\/dp\/B0FPDCMBDS?tag=man008-21\"><img decoding=\"async\" src=\"https:\/\/valvepress.s3.amazonaws.com\/imgs\/buy_now.png\"><\/a><br \/>\n<\/p>\n<p>                                             From the manufacturer   <\/p>\n<p>                                                                                                       <img decoding=\"async\" alt=\"El texto incluye \u00abCanon\u00bb. Serie de im\u00e1genes de productos que muestran equipos y materiales de impresi\u00f3n o publicaci\u00f3n dispuestos en un dise\u00f1o promocional.\" src=\"https:\/\/images-na.ssl-images-amazon.com\/images\/G\/01\/x-locale\/common\/grey-pixel.gif\" class=\"a-lazy-loaded\" data-src=\"https:\/\/m.media-amazon.com\/images\/S\/aplus-media-library-service-media\/aea489fb-5980-499a-9961-902befb30d63.__CR0,0,3000,1230_PT0_SX1464_V1___.jpg\"><img decoding=\"async\" alt=\"El texto incluye \u00abCanon\u00bb. Serie de im\u00e1genes de productos que muestran equipos y materiales de impresi\u00f3n o publicaci\u00f3n dispuestos en un dise\u00f1o promocional.\" src=\"https:\/\/m.media-amazon.com\/images\/S\/aplus-media-library-service-media\/aea489fb-5980-499a-9961-902befb30d63.__CR0,0,3000,1230_PT0_SX1464_V1___.jpg\">                                               <\/p>\n<p>                                                                                                       <img decoding=\"async\" alt=\"El texto dice \u00abPIXMA\u00bb. LO NECESITO. IMPR\u00cdMELO. &amp;#39; El dispositivo de impresi\u00f3n blanco se muestra sobre un fondo blanco con elementos de acento rojo.\" src=\"https:\/\/images-na.ssl-images-amazon.com\/images\/G\/01\/x-locale\/common\/grey-pixel.gif\" class=\"a-lazy-loaded\" data-src=\"https:\/\/m.media-amazon.com\/images\/S\/aplus-media-library-service-media\/75f2328d-3739-4ad4-b2a9-0ca297b1d9fc.__CR0,0,3000,1230_PT0_SX1464_V1___.jpg\"><img decoding=\"async\" alt=\"El texto dice \u00abPIXMA\u00bb. LO NECESITO. IMPR\u00cdMELO. &amp;#39; El dispositivo de impresi\u00f3n blanco se muestra sobre un fondo blanco con elementos de acento rojo.\" src=\"https:\/\/m.media-amazon.com\/images\/S\/aplus-media-library-service-media\/75f2328d-3739-4ad4-b2a9-0ca297b1d9fc.__CR0,0,3000,1230_PT0_SX1464_V1___.jpg\">                                               <\/p>\n<p>                                                                                                       <img decoding=\"async\" alt=\"El texto dice \u00abOpci\u00f3n de muestreo PS de alta transparencia, caja de aspecto profesional\u00bb. Ideal para almacenar o transportar galletas y otros objetos delicados, f\u00e1cil de mantener\u00bb. El producto que se muestra es un recipiente de pl\u00e1stico transparente.\" src=\"https:\/\/images-na.ssl-images-amazon.com\/images\/G\/01\/x-locale\/common\/grey-pixel.gif\" class=\"a-lazy-loaded\" data-src=\"https:\/\/m.media-amazon.com\/images\/S\/aplus-media-library-service-media\/c19f3720-9a77-4f68-8dd8-83c9823737c9.__CR0,0,3000,1230_PT0_SX1464_V1___.jpg\"><img decoding=\"async\" alt=\"El texto dice \u00abOpci\u00f3n de muestreo PS de alta transparencia, caja de aspecto profesional\u00bb. Ideal para almacenar o transportar galletas y otros objetos delicados, f\u00e1cil de mantener\u00bb. El producto que se muestra es un recipiente de pl\u00e1stico transparente.\" src=\"https:\/\/m.media-amazon.com\/images\/S\/aplus-media-library-service-media\/c19f3720-9a77-4f68-8dd8-83c9823737c9.__CR0,0,3000,1230_PT0_SX1464_V1___.jpg\">                                               <\/p>\n<p>                                                                                  <img decoding=\"async\" alt=\"El texto dice \u00abIMPRESI\u00d3N R\u00c1PIDA PARA VIDAS OCUPADAS\u00bb. Muestra la m\u00e1quina de impresi\u00f3n o el esc\u00e1ner en funcionamiento sobre un escritorio.\" src=\"https:\/\/m.media-amazon.com\/images\/S\/aplus-media-library-service-media\/e97d8845-5479-4ef8-8e47-308df3165277.__CR0,0,3000,1230_PT0_SX1464_V1___.jpg\">       <\/p>\n<p>                                                                                  <img decoding=\"async\" alt=\"aplus content image\" src=\"https:\/\/m.media-amazon.com\/images\/S\/aplus-media-library-service-media\/afec5319-e6c7-4bb3-aed2-217dc73a1cea.__CR0,0,3000,1230_PT0_SX1464_V1___.jpg\">       <\/p>\n<p>                                                                                  <img decoding=\"async\" alt=\"El texto dice \u00abCONECTIVIDAD MEJORADA\u00bb. Ilustraci\u00f3n t\u00e9cnica que muestra un escritorio o una mesa con puntos de conexi\u00f3n y detalles de instalaci\u00f3n.\" src=\"https:\/\/m.media-amazon.com\/images\/S\/aplus-media-library-service-media\/1da9e1f6-9528-4a1d-864e-3eef2f83f5c5.__CR0,0,3000,1230_PT0_SX1464_V1___.jpg\">       <\/p>\n<p>                                                                                  <img decoding=\"async\" alt=\"El texto dice \u00abIMPRESI\u00d3N INTELIGENTE PARA SMARTPHONES\u00bb. La impresora se muestra sobre un escritorio de madera con una iluminaci\u00f3n c\u00e1lida de la l\u00e1mpara.\" src=\"https:\/\/m.media-amazon.com\/images\/S\/aplus-media-library-service-media\/58c837ff-2293-49bd-9d1f-aafdfc61df9f.__CR0,0,3000,1230_PT0_SX1464_V1___.png\">       <\/p>\n<p>                                                                                  <img decoding=\"async\" alt=\"El texto dice \u00abDISE\u00d1O C\u00d3MODO Y COMPACTO\u00bb. Interior de ba\u00f1o con lavabo flotante y armario de almacenamiento contra una pared decorativa de azulejos estampados en azul y blanco. Est\u00e9tica de dise\u00f1o minimalista moderno.\" src=\"https:\/\/m.media-amazon.com\/images\/S\/aplus-media-library-service-media\/c25e6bf0-4938-4d7c-849e-018f84cc2748.__CR0,0,3000,1230_PT0_SX1464_V1___.jpg\">       <\/p>\n<p>                                                                                                       <img decoding=\"async\" alt=\"El texto dice \u00abPLAN DE IMPRESI\u00d3N PYME ECON\u00d3MICO\u00bb. Materiales de marketing que muestran cajas y empaques de cart\u00f3n marr\u00f3n junto con un texto sobre un plan de impresi\u00f3n empresarial.\" src=\"https:\/\/images-na.ssl-images-amazon.com\/images\/G\/01\/x-locale\/common\/grey-pixel.gif\" class=\"a-lazy-loaded\" data-src=\"https:\/\/m.media-amazon.com\/images\/S\/aplus-media-library-service-media\/b61d64be-5053-4d64-a755-f8edbe5cb4cd.__CR0,0,3000,1230_PT0_SX1464_V1___.jpg\"><img decoding=\"async\" alt=\"El texto dice \u00abPLAN DE IMPRESI\u00d3N PYME ECON\u00d3MICO\u00bb. Materiales de marketing que muestran cajas y empaques de cart\u00f3n marr\u00f3n junto con un texto sobre un plan de impresi\u00f3n empresarial.\" src=\"https:\/\/m.media-amazon.com\/images\/S\/aplus-media-library-service-media\/b61d64be-5053-4d64-a755-f8edbe5cb4cd.__CR0,0,3000,1230_PT0_SX1464_V1___.jpg\">                                               <\/p>\n<p> Batteries                                            \u200f                                            :                                            \u200e                                            1 AAAA batteries required.   <br \/> Language                                            \u200f                                            :                                            \u200e                                            German, German, German, German, German   <br \/> Product Dimensions                                            \u200f                                            :                                            \u200e                                            49.8 x 23.9 x 44.6 cm; 5.2 kg   <br \/> Manufacturer                                            \u200f                                            :                                            \u200e                                            Canon   <br \/> ASIN                                            \u200f                                            :                                            \u200e                                            B0FPDCMBDS   <br \/> Item model number                                            \u200f                                            :                                            \u200e                                            TS4150I   <br \/> Country of origin                                            \u200f                                            :                                            \u200e                                            Vietnam   <br \/> Guaranteed software updates until                                            \u200f                                            :                                            \u200e                                            unknown   <br \/>  Customer reviews:                                                                                            4.5               4.5 out of 5 stars                                  (107)                                              var dpAcrHasRegisteredArcLinkClickAction;                    P.when(&#8216;A&#8217;, &#8216;ready&#8217;).execute(function(A) {                        if (dpAcrHasRegisteredArcLinkClickAction !== true) {                            dpAcrHasRegisteredArcLinkClickAction = true;                            A.declarative(                                &#8216;acrLink-click-metrics&#8217;, &#8216;click&#8217;,                                { \u00aballowLinkDefault\u00bb: true },                                function (event) {                                    if (window.ue) {                                        ue.count(\u00abacrLinkClickCount\u00bb, (ue.count(\u00abacrLinkClickCount\u00bb) || 0) + 1);                                    }                                }                            );                        }                    });                                             P.when(&#8216;A&#8217;, &#8216;cf&#8217;).execute(function(A) {                A.declarative(&#8216;acrStarsLink-click-metrics&#8217;, &#8216;click&#8217;, { \u00aballowLinkDefault\u00bb : true },  function(event){                    if(window.ue) {                        ue.count(\u00abacrStarsLinkWithPopoverClickCount\u00bb, (ue.count(\u00abacrStarsLinkWithPopoverClickCount\u00bb) || 0) + 1);                    }                });            });                          <\/p>\n<p>Compact Printer: Canon PIXMA TS4150 is a high speed, high-quality wireless printer with compact design and seamless connectivity with smartphones &#8211; the perfect all-terrain home printer<br \/>FINE Ink: With new FINE ink optimization technology for faster, more detailed results &#8211; print QR codes, maps, colorful diagrams and other detailed documents<br \/>Connectivity: Connect your smartphone or tablet &#8211; print, scan and copy vibrant documents or photos with ease<br \/>COMPACT PRINTER: Optimized and space-saving design perfect for your home office &#8211; quick and easy to use, ideal for schoolwork, photos and creative projects<br \/>PIXMA PRINT PLAN: Receive ink automatically sent to your home when your printer runs out of ink with PIXMA Print Plan. Choose from several flexible monthly plans that suit you<\/p>\n\n","protected":false},"excerpt":{"rendered":"<p> From the manufacturer Batteries \u200f : \u200e 1 AAAA batteries required. Language \u200f : \u200e<\/p>","protected":false},"featured_media":37383,"comment_status":"open","ping_status":"closed","template":"","meta":[],"product_brand":[],"product_cat":[57],"product_tag":[895,2140,2184,2134,2126,1143,1142,2129,1953,2145,2142,2143,2132,2185,5374,1958,1962,2276,1897,11093,543,226,2136],"class_list":{"0":"post-37382","1":"product","2":"type-product","3":"status-publish","4":"has-post-thumbnail","6":"product_cat-inkjet-printers","7":"product_tag-allinone","8":"product_tag-best-inkjet-printer","9":"product_tag-canon","10":"product_tag-cheap-inkjet-printer","11":"product_tag-color-inkjet-printer","12":"product_tag-connectivity","13":"product_tag-easy","14":"product_tag-home-inkjet-printer","15":"product_tag-ink-tank-printer","16":"product_tag-inkjet-printer","17":"product_tag-inkjet-printer-price","18":"product_tag-office-inkjet-printer","19":"product_tag-photo-inkjet-printer","20":"product_tag-pixma","21":"product_tag-plan","22":"product_tag-print","23":"product_tag-printer","24":"product_tag-printing","25":"product_tag-smartphone","26":"product_tag-ts4150i","27":"product_tag-wifi","28":"product_tag-wireless","29":"product_tag-wireless-inkjet-printer","31":"first","32":"instock","33":"shipping-taxable","34":"product-type-external"},"_links":{"self":[{"href":"https:\/\/comprasyconsejos.store\/en\/wp-json\/wp\/v2\/product\/37382","targetHints":{"allow":["GET"]}}],"collection":[{"href":"https:\/\/comprasyconsejos.store\/en\/wp-json\/wp\/v2\/product"}],"about":[{"href":"https:\/\/comprasyconsejos.store\/en\/wp-json\/wp\/v2\/types\/product"}],"replies":[{"embeddable":true,"href":"https:\/\/comprasyconsejos.store\/en\/wp-json\/wp\/v2\/comments?post=37382"}],"version-history":[{"count":0,"href":"https:\/\/comprasyconsejos.store\/en\/wp-json\/wp\/v2\/product\/37382\/revisions"}],"wp:featuredmedia":[{"embeddable":true,"href":"https:\/\/comprasyconsejos.store\/en\/wp-json\/wp\/v2\/media\/37383"}],"wp:attachment":[{"href":"https:\/\/comprasyconsejos.store\/en\/wp-json\/wp\/v2\/media?parent=37382"}],"wp:term":[{"taxonomy":"product_brand","embeddable":true,"href":"https:\/\/comprasyconsejos.store\/en\/wp-json\/wp\/v2\/product_brand?post=37382"},{"taxonomy":"product_cat","embeddable":true,"href":"https:\/\/comprasyconsejos.store\/en\/wp-json\/wp\/v2\/product_cat?post=37382"},{"taxonomy":"product_tag","embeddable":true,"href":"https:\/\/comprasyconsejos.store\/en\/wp-json\/wp\/v2\/product_tag?post=37382"}],"curies":[{"name":"wp","href":"https:\/\/api.w.org\/{rel}","templated":true}]}}