{"id":37399,"date":"2026-03-04T00:01:58","date_gmt":"2026-03-04T00:01:58","guid":{"rendered":"https:\/\/comprasyconsejos.store\/product\/neewer-litetrip-lt07-61-tripod-camera-travel-with-spherical-head-low-profile-with-swivel-and-tilt-arca-qr-plate-compatible-with-peak-design-v3-plate-tripod-central-shaft-double-mobile-bracketmax\/"},"modified":"2026-03-04T00:01:59","modified_gmt":"2026-03-04T00:01:59","slug":"neewer-litetrip-lt07-61-tripod-camera-travel-with-spherical-head-low-profile-with-swivel-and-tilt-arca-qr-plate-compatible-with-peak-design-v3-plate-tripod-central-shaft-double-mobile-bracketmax","status":"publish","type":"product","link":"https:\/\/comprasyconsejos.store\/en\/product\/neewer-litetrip-lt07-61-tripod-camera-travel-with-spherical-head-low-profile-with-swivel-and-tilt-arca-qr-plate-compatible-with-peak-design-v3-plate-tripod-central-shaft-double-mobile-bracketmax\/","title":{"rendered":"NEEWER LITETRIP LT07 61&#8243; Tripod Camera Travel with Spherical Head Low Profile with Swivel and Tilt Arca QR Plate Compatible with Peak Design V3 Plate Tripod Central Shaft Double Mobile Bracket,Max"},"content":{"rendered":"<p>Price: <span style=\"color:#b12704\">\u20ac61.49<\/span><br \/><i><small>(as of Mar 04, 2026 00:01:58 UTC &#8211; <span class=\"wp_automatic_amazon_disclaimer\" title=\"Product prices and availability are accurate as of the date\/time indicated and are subject to change. Any price and availability information displayed on [relevant Amazon Site(s), as applicable] at the time of purchase will apply to the purchase of this product.\">Details<\/span>)<\/small><\/i><\/p>\n<p><a href=\"https:\/\/amazon.es\/dp\/B0D1V6YF98?tag=man008-21\"><img decoding=\"async\" src=\"https:\/\/valvepress.s3.amazonaws.com\/imgs\/buy_now.png\"><\/a><br \/>\n<\/p>\n<p>                                             From the brand   <\/p>\n<p>                                              <img decoding=\"async\" alt=\"\" src=\"https:\/\/images-na.ssl-images-amazon.com\/images\/G\/01\/x-locale\/common\/grey-pixel.gif\" class=\"a-lazy-loaded\" data-src=\"https:\/\/m.media-amazon.com\/images\/S\/aplus-media-library-service-media\/9986c2f2-d250-47ec-ba5b-32df0bd522fa.__CR0,1,1469,627_PT0_SX1464_V1___.jpg\"><img decoding=\"async\" alt=\"\" src=\"https:\/\/m.media-amazon.com\/images\/S\/aplus-media-library-service-media\/9986c2f2-d250-47ec-ba5b-32df0bd522fa.__CR0,1,1469,627_PT0_SX1464_V1___.jpg\">  <\/p>\n<p>                                              <img decoding=\"async\" alt=\"\" src=\"https:\/\/images-na.ssl-images-amazon.com\/images\/G\/01\/x-locale\/common\/grey-pixel.gif\" class=\"a-lazy-loaded\" data-src=\"https:\/\/m.media-amazon.com\/images\/S\/aplus-media-library-service-media\/18ea66d9-0d03-437c-ae0b-aad9918e1290.__CR0,0,315,145_PT0_SX315_V1___.jpg\"><img decoding=\"async\" alt=\"\" src=\"https:\/\/m.media-amazon.com\/images\/S\/aplus-media-library-service-media\/18ea66d9-0d03-437c-ae0b-aad9918e1290.__CR0,0,315,145_PT0_SX315_V1___.jpg\">  <\/p>\n<p> NEEWER-Un equipo que se dedica a ofrecerte equipos fotogr\u00e1ficos <\/p>\n<p> Compartimos un entendimiento com\u00fan de los detalles y la practicidad de los productos de calidad y siempre respaldamos cada producto que fabricamos,Dada la tendencia de los medios de comunicaci\u00f3n social, NEEWER pretende ofrecer a todos los clientes equipos de mejora de v\u00eddeo y audio rentables, que permitan crear estudios profesionales por menos dinero <\/p>\n<h3> AI Iluminaci\u00f3n Inteligente  <\/h3>\n<p class=\"apm-brand-story-stores-link\">\n<h3> para Live Streaming <\/h3>\n<p class=\"apm-brand-story-stores-link\">\n<h3> Vlog Accessorios <\/h3>\n<p class=\"apm-brand-story-stores-link\">\n<h3> Iluminaci\u00f3n de salida continua <\/h3>\n<p class=\"apm-brand-story-stores-link\">\n<h3> RGB Video Luces <\/h3>\n<p class=\"apm-brand-story-stores-link\">\n<h3> Flashes C\u00e1mara <\/h3>\n<p class=\"apm-brand-story-stores-link\">\n<h3> Strobe Flash <\/h3>\n<p class=\"apm-brand-story-stores-link\">\n<h3> Filtros Objetivos Cc\u00e1mara <\/h3>\n<p class=\"apm-brand-story-stores-link\">\n<h3> Smartphone Cages <\/h3>\n<p class=\"apm-brand-story-stores-link\">\n<h3> Camera Cage <\/h3>\n<p class=\"apm-brand-story-stores-link\">\n<h3> Accesorios para GoPro <\/h3>\n<p class=\"apm-brand-story-stores-link\">\n<h3> Comatible con DJI <\/h3>\n<p class=\"apm-brand-story-stores-link\">\n<h3> Asas C\u00e1mara &amp; Soportes Monitor <\/h3>\n<p class=\"apm-brand-story-stores-link\">\n<h3> Tr\u00edpodes profesionales <\/h3>\n<p class=\"apm-brand-story-stores-link\">\n<h3> Softbox &amp; Paraguas <\/h3>\n<p class=\"apm-brand-story-stores-link\">\n<h3> Pro Soportes Luz <\/h3>\n<p class=\"apm-brand-story-stores-link\">\n<h3> Soporte C\u00e1mara Escritorio <\/h3>\n<p class=\"apm-brand-story-stores-link\">\n<h3> C\u00e1mara &amp; Videoc\u00e1mara Bater\u00eda <\/h3>\n<p class=\"apm-brand-story-stores-link\">\n<p> Language                                            \u200f                                            :                                            \u200e                                            German, German, German, German, German   <br \/> Package Dimensions                                            \u200f                                            :                                            \u200e                                            55.79 x 11 x 10.4 cm; 1.58 kg   <br \/> Date First Available                                            \u200f                                            :                                            \u200e                                            25 April 2024   <br \/> Manufacturer                                            \u200f                                            :                                            \u200e                                            NEEWER   <br \/> ASIN                                            \u200f                                            :                                            \u200e                                            B0D1V6YF98   <br \/> Item model number                                            \u200f                                            :                                            \u200e                                            LT07 w\/Clip   <br \/> Country of origin                                            \u200f                                            :                                            \u200e                                            China   <br \/> Guaranteed software updates until                                            \u200f                                            :                                            \u200e                                            unknown   <br \/>       Best Sellers Rank:  20,392 in Electronics (See Top 100 in Electronics)    201 in Complete Photography Tripod Units      <br \/>  Customer reviews:                                                                                            4.6               4.6 out of 5 stars                                  (368)                                              var dpAcrHasRegisteredArcLinkClickAction;                    P.when(&#8216;A&#8217;, &#8216;ready&#8217;).execute(function(A) {                        if (dpAcrHasRegisteredArcLinkClickAction !== true) {                            dpAcrHasRegisteredArcLinkClickAction = true;                            A.declarative(                                &#8216;acrLink-click-metrics&#8217;, &#8216;click&#8217;,                                { \u00aballowLinkDefault\u00bb: true },                                function (event) {                                    if (window.ue) {                                        ue.count(\u00abacrLinkClickCount\u00bb, (ue.count(\u00abacrLinkClickCount\u00bb) || 0) + 1);                                    }                                }                            );                        }                    });                                             P.when(&#8216;A&#8217;, &#8216;cf&#8217;).execute(function(A) {                A.declarative(&#8216;acrStarsLink-click-metrics&#8217;, &#8216;click&#8217;, { \u00aballowLinkDefault\u00bb : true },  function(event){                    if(window.ue) {                        ue.count(\u00abacrStarsLinkWithPopoverClickCount\u00bb, (ue.count(\u00abacrStarsLinkWithPopoverClickCount\u00bb) || 0) + 1);                    }                });            });                          <\/p>\n<p>\u3010Superior Stability Compact Travel Tripod\u3011Made of aluminum alloy, this LT07 portable camera tripod weighs only 2.9lb\/1.33kg and sturdy to support up to 22lb\/10kg. Adjusted legs fold to a diameter of 2.2&#8243;\/5.7cm and a length of 20.5&#8243;\/52cm for easy one-handed grip, with 4-section tube legs for adjustable height (from 19&#8243;\/48.5cm to 61.6&#8243;\/156.5cm) and 3 fixed opening angles (22\u00b0, 55\u00b0 and 85\u00b0). Rubber feet ensure stability.<br \/>\u3010Arca-Type Dual Compatibility QR System\u3011 The versatile Arca-type QR plate and clamp base are also compatible with Peak Design Capture Camera Clip V3 Backpack Strap Clip Mounts and other Arca-type plates. Top 1\/4&#8243; screw is compatible with mini DV camcorders, DSLR, mirrorless cameras, binoculars, sliders, smartphones and more<br \/>\u3010Low Profile Detachable Panoramic Ball Joint\u3011Improved stability with a lower center of gravity, \u03c640mm scaled panoramic base and U-shaped groove for smooth panning and 90\u00b0vertical shots. It is detachable to mount on other tripod stands, monopods and sliders via a 3\/8&#8243; thread. A 1\/4&#8243; thread on the QR clamp allows for more flexible accessory mounting<br \/>\u3010Convertible 2-in-1 Phone Holder &#038; Grip Handle\u3011Easily mounted on the tripod spider via a 1\/4&#8243; locating screw hole, this phone holder doubles as a handle grip for greater portability. With a 180\u00b0 tilt bracket and an adjustable opening (2&#8243;~3.5&#8243; \/ 5.2~9cm), it is compatible with iPhone 16 15 14 13 Pro Max Samsung Galaxy S24 S23 S22 Ultra Huawei Pixel 8 7 Pro etc, and duplicates the installed phone as a mobile teleprompter.<br \/>\u3010Versatile Interchangeable Center Columns\u3011 This LITETRIP 07 professional camera tripod offers versatility with a long center column and an extra short column, both inverted for macro or lower angle shots, with the short column allowing for low level shooting from as low as 2.75&#8243;\/7cm. Manual adjustment knobs improve safety and stability. The longer column incorporates a convenient hook to increase weight and balance.<\/p>\n\n","protected":false},"excerpt":{"rendered":"<p> From the brand NEEWER-Un equipo que se dedica a ofrecerte equipos fotogr\u00e1ficos Compartimos un entendimiento<\/p>","protected":false},"featured_media":37400,"comment_status":"open","ping_status":"closed","template":"","meta":[],"product_brand":[],"product_cat":[96],"product_tag":[1858,11104,11107,681,1859,1861,11105,201,939,1854,3984,1855,11102,11103,1856,1275,4278,3498,1863,4804,1860,3411,11106,7020,4763,1183,240,2511,1862,1857],"class_list":{"0":"post-37399","1":"product","2":"type-product","3":"status-publish","4":"has-post-thumbnail","6":"product_cat-photo-video","7":"product_tag-action-cameras","8":"product_tag-arca","9":"product_tag-bracketmax","10":"product_tag-camera","11":"product_tag-camera-accessories","12":"product_tag-camera-lenses","13":"product_tag-central","14":"product_tag-compatible","15":"product_tag-design","16":"product_tag-digital-cameras","17":"product_tag-double","18":"product_tag-dslr-cameras","19":"product_tag-litetrip","20":"product_tag-lt07","21":"product_tag-mirrorless-cameras","22":"product_tag-mobile","23":"product_tag-neewer","24":"product_tag-peak","25":"product_tag-photo-equipment","26":"product_tag-plate","27":"product_tag-professional-camera","28":"product_tag-profile","29":"product_tag-shaft","30":"product_tag-spherical","31":"product_tag-swivel","32":"product_tag-tilt","33":"product_tag-travel","34":"product_tag-tripod","35":"product_tag-tripods","36":"product_tag-video-cameras","38":"first","39":"instock","40":"shipping-taxable","41":"product-type-external"},"_links":{"self":[{"href":"https:\/\/comprasyconsejos.store\/en\/wp-json\/wp\/v2\/product\/37399","targetHints":{"allow":["GET"]}}],"collection":[{"href":"https:\/\/comprasyconsejos.store\/en\/wp-json\/wp\/v2\/product"}],"about":[{"href":"https:\/\/comprasyconsejos.store\/en\/wp-json\/wp\/v2\/types\/product"}],"replies":[{"embeddable":true,"href":"https:\/\/comprasyconsejos.store\/en\/wp-json\/wp\/v2\/comments?post=37399"}],"version-history":[{"count":0,"href":"https:\/\/comprasyconsejos.store\/en\/wp-json\/wp\/v2\/product\/37399\/revisions"}],"wp:featuredmedia":[{"embeddable":true,"href":"https:\/\/comprasyconsejos.store\/en\/wp-json\/wp\/v2\/media\/37400"}],"wp:attachment":[{"href":"https:\/\/comprasyconsejos.store\/en\/wp-json\/wp\/v2\/media?parent=37399"}],"wp:term":[{"taxonomy":"product_brand","embeddable":true,"href":"https:\/\/comprasyconsejos.store\/en\/wp-json\/wp\/v2\/product_brand?post=37399"},{"taxonomy":"product_cat","embeddable":true,"href":"https:\/\/comprasyconsejos.store\/en\/wp-json\/wp\/v2\/product_cat?post=37399"},{"taxonomy":"product_tag","embeddable":true,"href":"https:\/\/comprasyconsejos.store\/en\/wp-json\/wp\/v2\/product_tag?post=37399"}],"curies":[{"name":"wp","href":"https:\/\/api.w.org\/{rel}","templated":true}]}}