{"id":37408,"date":"2026-03-04T00:28:52","date_gmt":"2026-03-04T00:28:52","guid":{"rendered":"https:\/\/comprasyconsejos.store\/product\/seagate-barracuda-24tb-internal-hard-drive-7200-u-min-512mb-cache-sata-6gb-s-3-5-st24000dm001\/"},"modified":"2026-03-04T00:28:54","modified_gmt":"2026-03-04T00:28:54","slug":"seagate-barracuda-24tb-internal-hard-drive-7200-u-min-512mb-cache-sata-6gb-s-3-5-st24000dm001","status":"publish","type":"product","link":"https:\/\/comprasyconsejos.store\/en\/product\/seagate-barracuda-24tb-internal-hard-drive-7200-u-min-512mb-cache-sata-6gb-s-3-5-st24000dm001\/","title":{"rendered":"Seagate Barracuda 24TB Internal Hard Drive, 7200 U\/Min, 512MB Cache, SATA 6Gb\/s, 3.5&#8243; (ST24000DM001)"},"content":{"rendered":"<p>Price: <span style=\"color:#b12704\">\u20ac559.90<\/span><br \/><i><small>(as of Mar 04, 2026 00:28:52 UTC &#8211; <span class=\"wp_automatic_amazon_disclaimer\" title=\"Product prices and availability are accurate as of the date\/time indicated and are subject to change. Any price and availability information displayed on [relevant Amazon Site(s), as applicable] at the time of purchase will apply to the purchase of this product.\">Details<\/span>)<\/small><\/i><\/p>\n<p><a href=\"https:\/\/amazon.es\/dp\/B0F1NLJF8C?tag=man008-21\"><img decoding=\"async\" src=\"https:\/\/valvepress.s3.amazonaws.com\/imgs\/buy_now.png\"><\/a><br \/>\n<\/p>\n<p>                                             From the manufacturer   <\/p>\n<p>                                                  <img decoding=\"async\" alt=\"BarraCuda\" src=\"https:\/\/images-na.ssl-images-amazon.com\/images\/G\/01\/x-locale\/common\/grey-pixel.gif\" class=\"a-lazy-loaded\" data-src=\"https:\/\/m.media-amazon.com\/images\/S\/aplus-media-library-service-media\/2ddd6d85-4a11-4478-a0f6-0220b1e5f5d0.__CR0,0,970,300_PT0_SX970_V1___.jpg\"><img decoding=\"async\" alt=\"BarraCuda\" src=\"https:\/\/m.media-amazon.com\/images\/S\/aplus-media-library-service-media\/2ddd6d85-4a11-4478-a0f6-0220b1e5f5d0.__CR0,0,970,300_PT0_SX970_V1___.jpg\">  <\/p>\n<h3> Asombrosa versatilidad. Fiabilidad sin rival.     <\/h3>\n<p> Actualice el almacenamiento de su PC con el disco duro BarraCuda de 3,5 pulgadas, una opci\u00f3n fiable y duradera para ordenadores de sobremesa, configuraciones de juegos y estaciones de trabajo creativas. <\/p>\n<h3 class=\"a-spacing-small\"> \u00bfPor qu\u00e9 elegir discos duros BarraCuda?     <\/h3>\n<p class=\"apm-text-center\">\n                                                      <img decoding=\"async\" alt=\"BarraCuda\" src=\"https:\/\/images-na.ssl-images-amazon.com\/images\/G\/01\/x-locale\/common\/grey-pixel.gif\" class=\"a-lazy-loaded\" data-src=\"https:\/\/m.media-amazon.com\/images\/S\/aplus-media-library-service-media\/7405fb97-2098-4136-8f81-69c58a2e807a.__CR0,0,220,220_PT0_SX220_V1___.jpg\"><img decoding=\"async\" alt=\"BarraCuda\" src=\"https:\/\/m.media-amazon.com\/images\/S\/aplus-media-library-service-media\/7405fb97-2098-4136-8f81-69c58a2e807a.__CR0,0,220,220_PT0_SX220_V1___.jpg\">  <\/p>\n<p>                                                    Versatilidad din\u00e1mica                                      <\/p>\n<p class=\"a-size-small\"> Los discos duros BarraCuda ofrecen una forma rentable de mejorar el rendimiento del ordenador. <\/p>\n<p class=\"apm-text-center\">\n                                                      <img decoding=\"async\" alt=\"BarraCuda\" src=\"https:\/\/images-na.ssl-images-amazon.com\/images\/G\/01\/x-locale\/common\/grey-pixel.gif\" class=\"a-lazy-loaded\" data-src=\"https:\/\/m.media-amazon.com\/images\/S\/aplus-media-library-service-media\/6b8ee73d-8c66-442a-80b2-3bfe1b75806f.__CR0,0,220,220_PT0_SX220_V1___.jpg\"><img decoding=\"async\" alt=\"BarraCuda\" src=\"https:\/\/m.media-amazon.com\/images\/S\/aplus-media-library-service-media\/6b8ee73d-8c66-442a-80b2-3bfe1b75806f.__CR0,0,220,220_PT0_SX220_V1___.jpg\">  <\/p>\n<p>                                                    Capacidad superior                                      <\/p>\n<p class=\"a-size-small\"> \u00a1Almac\u00e9nelo todo! Nuestras unidades lideran el mercado con la mayor gama de opciones de almacenamiento disponibles, desde 1 TB hasta 24 TB. Perfectos para ampliar la biblioteca multimedia en el futuro. <\/p>\n<p class=\"apm-text-center\">\n                                                      <img decoding=\"async\" alt=\"BarraCuda\" src=\"https:\/\/images-na.ssl-images-amazon.com\/images\/G\/01\/x-locale\/common\/grey-pixel.gif\" class=\"a-lazy-loaded\" data-src=\"https:\/\/m.media-amazon.com\/images\/S\/aplus-media-library-service-media\/e46f0ee8-3d7a-4e18-b8dc-859191114ca6.__CR0,0,220,220_PT0_SX220_V1___.jpg\"><img decoding=\"async\" alt=\"BarraCuda\" src=\"https:\/\/m.media-amazon.com\/images\/S\/aplus-media-library-service-media\/e46f0ee8-3d7a-4e18-b8dc-859191114ca6.__CR0,0,220,220_PT0_SX220_V1___.jpg\">  <\/p>\n<p>                                                    Durabilidad probada                                      <\/p>\n<p class=\"a-size-small\"> Basadas en una fiabilidad e innovaci\u00f3n demostradas, estas unidades est\u00e1n disponibles en una combinaci\u00f3n de capacidad y asequibilidad l\u00edder en el sector. <\/p>\n<p class=\"apm-text-center\">\n                                                      <img decoding=\"async\" alt=\"BarraCuda\" src=\"https:\/\/images-na.ssl-images-amazon.com\/images\/G\/01\/x-locale\/common\/grey-pixel.gif\" class=\"a-lazy-loaded\" data-src=\"https:\/\/m.media-amazon.com\/images\/S\/aplus-media-library-service-media\/e5a2f4f4-9e63-4598-a991-fb926d0be1ea.__CR0,0,220,220_PT0_SX220_V1___.jpg\"><img decoding=\"async\" alt=\"BarraCuda\" src=\"https:\/\/m.media-amazon.com\/images\/S\/aplus-media-library-service-media\/e5a2f4f4-9e63-4598-a991-fb926d0be1ea.__CR0,0,220,220_PT0_SX220_V1___.jpg\">  <\/p>\n<p>                                                    Cach\u00e9 multinivel                                      <\/p>\n<p class=\"a-size-small\"> BarraCuda drives with Multi-Tier Caching Technology (MTC) optimize data flow using NAND Flash, DRAM, and media cache for faster load times and improved read\/write performance. <\/p>\n<p class=\"apm-text-center\">\n                                                      <img decoding=\"async\" alt=\"BarraCuda\" src=\"https:\/\/images-na.ssl-images-amazon.com\/images\/G\/01\/x-locale\/common\/grey-pixel.gif\" class=\"a-lazy-loaded\" data-src=\"https:\/\/m.media-amazon.com\/images\/S\/aplus-media-library-service-media\/b113cd4a-0d0e-4cad-a4e7-82e4d7575eaa.__CR0,0,220,220_PT0_SX220_V1___.jpg\"><img decoding=\"async\" alt=\"BarraCuda\" src=\"https:\/\/m.media-amazon.com\/images\/S\/aplus-media-library-service-media\/b113cd4a-0d0e-4cad-a4e7-82e4d7575eaa.__CR0,0,220,220_PT0_SX220_V1___.jpg\">  <\/p>\n<p>                                                    A\u00f1ade nuevas unidades con facilidad                                     <\/p>\n<p class=\"a-size-small\"> El software DiscWizard facilita la incorporaci\u00f3n de nuevas unidades al ordenador: clonar la unidad actual en la nueva, crear particiones y formatearlas, transferir datos, realizar copias de seguridad y mucho m\u00e1s. <\/p>\n<p class=\"apm-text-center\">\n<p class=\"apm-text-center\">\n<p class=\"apm-text-center\">\n<p>                                                  <img decoding=\"async\" alt=\"BarraCuda\" src=\"https:\/\/images-na.ssl-images-amazon.com\/images\/G\/01\/x-locale\/common\/grey-pixel.gif\" class=\"a-lazy-loaded\" data-src=\"https:\/\/m.media-amazon.com\/images\/S\/aplus-media-library-service-media\/acc5fd85-0e88-41b8-a0ce-37601d5a2b08.__CR1,0,970,300_PT0_SX970_V1___.jpg\"><img decoding=\"async\" alt=\"BarraCuda\" src=\"https:\/\/m.media-amazon.com\/images\/S\/aplus-media-library-service-media\/acc5fd85-0e88-41b8-a0ce-37601d5a2b08.__CR1,0,970,300_PT0_SX970_V1___.jpg\">  <\/p>\n<h3> Qu\u00e9 incluye  <\/h3>\n<p> Unidad de disco duro interna de 3,5 pulgadas BarraCuda SATA 6 Gb\/s y 256 MB de cach\u00e9 de Seagate <\/p>\n<p>                         Add To Basket  <\/p>\n<p>                         Add To Basket  <\/p>\n<p>                             Customer Reviews  <\/p>\n<p>                    4.6 out of 5 stars  6,261  <\/p>\n<p>                    4.5 out of 5 stars  720  <\/p>\n<p>                    4.6 out of 5 stars  103,331  <\/p>\n<p>                    4.6 out of 5 stars  103,330  <\/p>\n<p>                    4.5 out of 5 stars  2,751  <\/p>\n<p>                             Price  <\/p>\n<p>                                    \u20ac154.99\u20ac154.99                  \u20ac299.99\u20ac299.99<br \/>\n                                            \u2014 no data<\/p>\n<p>                                            \u2014 no data<\/p>\n<p>                                            \u2014 no data<\/p>\n<p>                             Tipo<br \/>\n                                NAS               NAS               B\u00e1sico               Juegos               V\u00eddeo           <\/p>\n<p>                             Talla<br \/>\n                                1TB &#8211; 12TB               4TB &#8211; 30TB               1TB &#8211; 8TB               4TB, 8TB               2TB &#8211; 8TB           <\/p>\n<p>                             RPM<br \/>\n                                5400 &#8211; 7200               7200               7200               7200                 no data<\/p>\n<p>                             Tasa de carga de trabajo<br \/>\n                                180 TB\/a\u00f1o               Hasta 550 TB\/a\u00f1o               120 TB\/a\u00f1o               Hasta 300 TB\/a\u00f1o               180 TB\/a\u00f1o           <\/p>\n<p>                             Servicio de rescate  <\/p>\n<p>                                              \u2713<\/p>\n<p>                                              \u2713<\/p>\n<p>                                              \u2713<\/p>\n<p>                                              \u2713<\/p>\n<p>                                              \u2713<\/p>\n<p>                             Compatible con<br \/>\n                                Ordenador de sobremesa, PC, NAS               Ordenador de sobremesa, PC, NAS               Ordenador de sobremesa, PC               Ordenador de sobremesa, PC               Ordenador de sobremesa, PC, Drive Bays           <\/p>\n<p>                             Tecnolog\u00eda<br \/>\n                                CMR               CMR               CMR               CMR               CMR           <\/p>\n<p>                             Dise\u00f1ar disco duro<br \/>\n                                &lt;10TB Aire, &gt;10TB Helio               &lt;10TB Aire, &gt;10TB Helio               Aire               Aire               Aire           <\/p>\n<p>                             Cache (MB)<br \/>\n                                256               256               256 &#8211; 512               256               256           <\/p>\n<p> Language                                            \u200f                                            :                                            \u200e                                            English   <br \/> Product Dimensions                                            \u200f                                            :                                            \u200e                                            14.71 x 10.18 x 2.61 cm; 695 g   <br \/> Manufacturer                                            \u200f                                            :                                            \u200e                                            Seagate   <br \/> ASIN                                            \u200f                                            :                                            \u200e                                            B0F1NLJF8C   <br \/> Item model number                                            \u200f                                            :                                            \u200e                                            ST24000DM001   <br \/> Guaranteed software updates until                                            \u200f                                            :                                            \u200e                                            unknown   <br \/>  Customer reviews:                                                                                            4.1               4.1 out of 5 stars                                  (50)                                              var dpAcrHasRegisteredArcLinkClickAction;                    P.when(&#8216;A&#8217;, &#8216;ready&#8217;).execute(function(A) {                        if (dpAcrHasRegisteredArcLinkClickAction !== true) {                            dpAcrHasRegisteredArcLinkClickAction = true;                            A.declarative(                                &#8216;acrLink-click-metrics&#8217;, &#8216;click&#8217;,                                { \u00aballowLinkDefault\u00bb: true },                                function (event) {                                    if (window.ue) {                                        ue.count(\u00abacrLinkClickCount\u00bb, (ue.count(\u00abacrLinkClickCount\u00bb) || 0) + 1);                                    }                                }                            );                        }                    });                                             P.when(&#8216;A&#8217;, &#8216;cf&#8217;).execute(function(A) {                A.declarative(&#8216;acrStarsLink-click-metrics&#8217;, &#8216;click&#8217;, { \u00aballowLinkDefault\u00bb : true },  function(event){                    if(window.ue) {                        ue.count(\u00abacrStarsLinkWithPopoverClickCount\u00bb, (ue.count(\u00abacrStarsLinkWithPopoverClickCount\u00bb) || 0) + 1);                    }                });            });                          <\/p>\n<p>Store more, perform computational processes faster, and work more confidently with the reliability provided by BarraCuda internal hard drives.<br \/>Create a powerful laptop or gaming computer setup with a variety of capabilities and formats.<br \/>The SATA hard drive solution you can take anywhere for virtually any PC application: music, video, photo editing and PC gaming.<br \/>Rely on internal hard drive technology backed by 20 years of innovation.<br \/>Migrate and clone data from your old drives easily with our free Seagate DiscWizard software tool<\/p>\n\n","protected":false},"excerpt":{"rendered":"<p> From the manufacturer Asombrosa versatilidad. Fiabilidad sin rival. Actualice el almacenamiento de su PC con<\/p>","protected":false},"featured_media":37409,"comment_status":"open","ping_status":"closed","template":"","meta":[],"product_brand":[],"product_cat":[76],"product_tag":[1515,9139,1516,4229,1663,3879,1572,1519,795,1517,794,1514,1513,1522,1120,1518,1520,1646,1636,11110,1521,7115],"class_list":{"0":"post-37408","1":"product","2":"type-product","3":"status-publish","4":"has-post-thumbnail","6":"product_cat-hdd-drive","7":"product_tag-1tb-hard-drive","8":"product_tag-24tb","9":"product_tag-2tb-hdd","10":"product_tag-512mb","11":"product_tag-6gbs","12":"product_tag-barracuda","13":"product_tag-cache","14":"product_tag-desktop-hdd","15":"product_tag-drive","16":"product_tag-external-hard-drive","17":"product_tag-hard","18":"product_tag-hard-drive","19":"product_tag-hdd","20":"product_tag-hdd-price","21":"product_tag-internal","22":"product_tag-internal-hard-drive","23":"product_tag-laptop-hdd","24":"product_tag-sata","25":"product_tag-seagate","26":"product_tag-st24000dm001","27":"product_tag-storage-hard-drive","28":"product_tag-umin","30":"first","31":"instock","32":"shipping-taxable","33":"product-type-external"},"_links":{"self":[{"href":"https:\/\/comprasyconsejos.store\/en\/wp-json\/wp\/v2\/product\/37408","targetHints":{"allow":["GET"]}}],"collection":[{"href":"https:\/\/comprasyconsejos.store\/en\/wp-json\/wp\/v2\/product"}],"about":[{"href":"https:\/\/comprasyconsejos.store\/en\/wp-json\/wp\/v2\/types\/product"}],"replies":[{"embeddable":true,"href":"https:\/\/comprasyconsejos.store\/en\/wp-json\/wp\/v2\/comments?post=37408"}],"version-history":[{"count":0,"href":"https:\/\/comprasyconsejos.store\/en\/wp-json\/wp\/v2\/product\/37408\/revisions"}],"wp:featuredmedia":[{"embeddable":true,"href":"https:\/\/comprasyconsejos.store\/en\/wp-json\/wp\/v2\/media\/37409"}],"wp:attachment":[{"href":"https:\/\/comprasyconsejos.store\/en\/wp-json\/wp\/v2\/media?parent=37408"}],"wp:term":[{"taxonomy":"product_brand","embeddable":true,"href":"https:\/\/comprasyconsejos.store\/en\/wp-json\/wp\/v2\/product_brand?post=37408"},{"taxonomy":"product_cat","embeddable":true,"href":"https:\/\/comprasyconsejos.store\/en\/wp-json\/wp\/v2\/product_cat?post=37408"},{"taxonomy":"product_tag","embeddable":true,"href":"https:\/\/comprasyconsejos.store\/en\/wp-json\/wp\/v2\/product_tag?post=37408"}],"curies":[{"name":"wp","href":"https:\/\/api.w.org\/{rel}","templated":true}]}}