{"id":37418,"date":"2026-03-04T02:07:12","date_gmt":"2026-03-04T02:07:12","guid":{"rendered":"https:\/\/comprasyconsejos.store\/product\/gigabyte-b760-gaming-x-ddr4-gen5-placa-base-compatible-con-procesadores-intel-core-14%e1%b5%83-generacion-vrm-de-811-fases-hasta-5333-mhz-ddr4-oc-3xpcie-4-0-m-2-lan-2-5gbe-usb-3-2-g\/"},"modified":"2026-03-04T02:07:14","modified_gmt":"2026-03-04T02:07:14","slug":"gigabyte-b760-gaming-x-ddr4-gen5-placa-base-compatible-con-procesadores-intel-core-14%e1%b5%83-generacion-vrm-de-811-fases-hasta-5333-mhz-ddr4-oc-3xpcie-4-0-m-2-lan-2-5gbe-usb-3-2-g","status":"publish","type":"product","link":"https:\/\/comprasyconsejos.store\/en\/product\/gigabyte-b760-gaming-x-ddr4-gen5-placa-base-compatible-con-procesadores-intel-core-14%e1%b5%83-generacion-vrm-de-811-fases-hasta-5333-mhz-ddr4-oc-3xpcie-4-0-m-2-lan-2-5gbe-usb-3-2-g\/","title":{"rendered":"GIGABYTE B760 Gaming X DDR4 GEN5 Placa Base \u2013 Compatible con procesadores Intel Core 14\u1d43 generaci\u00f3n, VRM de 8+1+1 Fases, hasta 5333 MHz DDR4 (OC), 3xPCIe 4.0 M.2, LAN 2.5GbE, USB 3.2 Gen 2"},"content":{"rendered":"<p>Price: <span style=\"color:#b12704\"><del>\u20ac130.57<\/del> - \u20ac124.98<\/span><br \/><i><small>(as of Mar 04, 2026 02:07:13 UTC &#8211; <span class=\"wp_automatic_amazon_disclaimer\" title=\"Product prices and availability are accurate as of the date\/time indicated and are subject to change. Any price and availability information displayed on [relevant Amazon Site(s), as applicable] at the time of purchase will apply to the purchase of this product.\">Details<\/span>)<\/small><\/i><\/p>\n<p><a href=\"https:\/\/amazon.es\/dp\/B0FBLS93BQ?tag=man008-21\"><img decoding=\"async\" src=\"https:\/\/valvepress.s3.amazonaws.com\/imgs\/buy_now.png\"><\/a><br \/>\n<br \/>\n    <span>Mejora tu experiencia inform\u00e1tica con las reconocidas series de placas base de GIGABYTE: AORUS, AERO y GIGABYTE. Con dise\u00f1os innovadores y caracter\u00edsticas avanzadas, estas placas ofrecen un rendimiento y confiabilidad excepcionales. Ya seas un jugador, un creador de contenido o un profesional, nuestra serie satisface tus necesidades y garantiza una calidad sin concesiones y tecnolog\u00eda de vanguardia.<\/span>    <br \/> Batteries                                            \u200f                                            :                                            \u200e                                            1 AAAA batteries required. (included)   <br \/> Language                                            \u200f                                            :                                            \u200e                                            Italian   <br \/> Product Dimensions                                            \u200f                                            :                                            \u200e                                            24.4 x 30.5 x 3.5 cm; 1.59 kg   <br \/> Manufacturer                                            \u200f                                            :                                            \u200e                                            Gigabyte   <br \/> ASIN                                            \u200f                                            :                                            \u200e                                            B0FBLS93BQ   <br \/> Item model number                                            \u200f                                            :                                            \u200e                                            B760 GAMING X D4 GEN5   <br \/> Country of origin                                            \u200f                                            :                                            \u200e                                            China   <br \/> Guaranteed software updates until                                            \u200f                                            :                                            \u200e                                            unknown   <br \/>  Customer reviews:                                                                                            4.0               4.0 out of 5 stars                                  (5)                                              var dpAcrHasRegisteredArcLinkClickAction;                    P.when(&#8216;A&#8217;, &#8216;ready&#8217;).execute(function(A) {                        if (dpAcrHasRegisteredArcLinkClickAction !== true) {                            dpAcrHasRegisteredArcLinkClickAction = true;                            A.declarative(                                &#8216;acrLink-click-metrics&#8217;, &#8216;click&#8217;,                                { \u00aballowLinkDefault\u00bb: true },                                function (event) {                                    if (window.ue) {                                        ue.count(\u00abacrLinkClickCount\u00bb, (ue.count(\u00abacrLinkClickCount\u00bb) || 0) + 1);                                    }                                }                            );                        }                    });                                             P.when(&#8216;A&#8217;, &#8216;cf&#8217;).execute(function(A) {                A.declarative(&#8216;acrStarsLink-click-metrics&#8217;, &#8216;click&#8217;, { \u00aballowLinkDefault\u00bb : true },  function(event){                    if(window.ue) {                        ue.count(\u00abacrStarsLinkWithPopoverClickCount\u00bb, (ue.count(\u00abacrStarsLinkWithPopoverClickCount\u00bb) || 0) + 1);                    }                });            });                          <\/p>\n<p>Rendimiento PCIe Gen5: Sincronizaci\u00f3n Perfecta para Ganar<br \/>Soporta procesadores Intel Core de 14\u00aa\/ 13\u00aa\/12 generaciones<br \/>T\u00e9rmico Eficiente: Armadura T\u00e9rmica VRM Avanzada &#038; Guardi\u00e1n T\u00e9rmico M.2<br \/>EZ-Latch: Slot PCIe 5.0&#215;16 con Dise\u00f1o de Liberaci\u00f3n R\u00e1pida<br \/>Slot UD PCIe: Armadura SMD PCIe 5.0 para un mejor soporte de tarjetas gr\u00e1ficas<br \/>Rendimiento Inigualable: Soluci\u00f3n VRM H\u00edbrida de 8+1+1 Fases<br \/>Doble Canal DDR4: 4DIMMs con Soporte para M\u00f3dulo de Memoria XMP<br \/>Redes R\u00e1pidas: LAN 2.5GbE<br \/>Conectividad Ampliada: USB-C Frontal 10Gb\/s, DP, HDMI<br \/>Almacenamiento de Nueva Generaci\u00f3n: 3Conectores PCIe 4.0 x4 M.2<\/p>\n\n","protected":false},"excerpt":{"rendered":"<p> Mejora tu experiencia inform\u00e1tica con las reconocidas series de placas base de GIGABYTE: AORUS, AERO<\/p>","protected":false},"featured_media":37419,"comment_status":"open","ping_status":"closed","template":"","meta":[],"product_brand":[],"product_cat":[78],"product_tag":[11113,792,7943,1447,1444,1445,4392,4186,1451,201,3994,698,535,1449,8350,617,1443,855,3377,3997,1581,4108,562,1448,791,1119,2223,1442,8349,3995,133,5311,1450,1446],"class_list":{"0":"post-37418","1":"product","2":"type-product","3":"status-publish","4":"has-post-thumbnail","6":"product_cat-motherboards","7":"product_tag-11113","8":"product_tag-2-5gbe","9":"product_tag-3xpcie","10":"product_tag-amd-motherboard","11":"product_tag-atx-motherboard","12":"product_tag-b550-motherboard","13":"product_tag-b760","14":"product_tag-base","15":"product_tag-best-motherboard","16":"product_tag-compatible","17":"product_tag-con","18":"product_tag-core","19":"product_tag-ddr4","20":"product_tag-ddr5-motherboard","21":"product_tag-fases","22":"product_tag-gaming","23":"product_tag-gaming-motherboard","24":"product_tag-gen","25":"product_tag-gen5","26":"product_tag-generacion","27":"product_tag-gigabyte","28":"product_tag-hasta","29":"product_tag-intel","30":"product_tag-intel-motherboard","31":"product_tag-lan","32":"product_tag-m-2","33":"product_tag-mhz","34":"product_tag-motherboard","35":"product_tag-placa","36":"product_tag-procesadores","37":"product_tag-usb","38":"product_tag-vrm","39":"product_tag-wifi-motherboard","40":"product_tag-z790-motherboard","42":"first","43":"instock","44":"sale","45":"shipping-taxable","46":"product-type-external"},"_links":{"self":[{"href":"https:\/\/comprasyconsejos.store\/en\/wp-json\/wp\/v2\/product\/37418","targetHints":{"allow":["GET"]}}],"collection":[{"href":"https:\/\/comprasyconsejos.store\/en\/wp-json\/wp\/v2\/product"}],"about":[{"href":"https:\/\/comprasyconsejos.store\/en\/wp-json\/wp\/v2\/types\/product"}],"replies":[{"embeddable":true,"href":"https:\/\/comprasyconsejos.store\/en\/wp-json\/wp\/v2\/comments?post=37418"}],"version-history":[{"count":0,"href":"https:\/\/comprasyconsejos.store\/en\/wp-json\/wp\/v2\/product\/37418\/revisions"}],"wp:featuredmedia":[{"embeddable":true,"href":"https:\/\/comprasyconsejos.store\/en\/wp-json\/wp\/v2\/media\/37419"}],"wp:attachment":[{"href":"https:\/\/comprasyconsejos.store\/en\/wp-json\/wp\/v2\/media?parent=37418"}],"wp:term":[{"taxonomy":"product_brand","embeddable":true,"href":"https:\/\/comprasyconsejos.store\/en\/wp-json\/wp\/v2\/product_brand?post=37418"},{"taxonomy":"product_cat","embeddable":true,"href":"https:\/\/comprasyconsejos.store\/en\/wp-json\/wp\/v2\/product_cat?post=37418"},{"taxonomy":"product_tag","embeddable":true,"href":"https:\/\/comprasyconsejos.store\/en\/wp-json\/wp\/v2\/product_tag?post=37418"}],"curies":[{"name":"wp","href":"https:\/\/api.w.org\/{rel}","templated":true}]}}