{"id":37424,"date":"2026-03-04T02:27:42","date_gmt":"2026-03-04T02:27:42","guid":{"rendered":"https:\/\/comprasyconsejos.store\/product\/intel-core-i5-14600kf-14-core-6-p-cores-8-e-cores-desktop-processor-up-to-5-3-ghz\/"},"modified":"2026-03-04T02:27:43","modified_gmt":"2026-03-04T02:27:43","slug":"intel-core-i5-14600kf-14-core-6-p-cores-8-e-cores-desktop-processor-up-to-5-3-ghz","status":"publish","type":"product","link":"https:\/\/comprasyconsejos.store\/en\/product\/intel-core-i5-14600kf-14-core-6-p-cores-8-e-cores-desktop-processor-up-to-5-3-ghz\/","title":{"rendered":"Intel\u00ae Core\u2122 i5-14600KF, 14-Core (6 P-Cores + 8 E-Cores) Desktop Processor up to 5.3 GHz"},"content":{"rendered":"<p>Price: <span style=\"color:#b12704\">\u20ac235.65<\/span><br \/><i><small>(as of Mar 04, 2026 02:27:42 UTC &#8211; <span class=\"wp_automatic_amazon_disclaimer\" title=\"Product prices and availability are accurate as of the date\/time indicated and are subject to change. Any price and availability information displayed on [relevant Amazon Site(s), as applicable] at the time of purchase will apply to the purchase of this product.\">Details<\/span>)<\/small><\/i><\/p>\n<p><a href=\"https:\/\/amazon.es\/dp\/B0CHBH63YX?tag=man008-21\"><img decoding=\"async\" src=\"https:\/\/valvepress.s3.amazonaws.com\/imgs\/buy_now.png\"><\/a><br \/>\n<\/p>\n<p>                                             From the manufacturer   <\/p>\n<p>                                                  <img decoding=\"async\" alt=\"intel core gaming\" src=\"https:\/\/images-na.ssl-images-amazon.com\/images\/G\/01\/x-locale\/common\/grey-pixel.gif\" class=\"a-lazy-loaded\" data-src=\"https:\/\/m.media-amazon.com\/images\/S\/aplus-media-library-service-media\/34257d1f-7dfe-49bb-9348-d596886cf4a1.__CR0,0,970,300_PT0_SX970_V1___.jpg\"><img decoding=\"async\" alt=\"intel core gaming\" src=\"https:\/\/m.media-amazon.com\/images\/S\/aplus-media-library-service-media\/34257d1f-7dfe-49bb-9348-d596886cf4a1.__CR0,0,970,300_PT0_SX970_V1___.jpg\">  <\/p>\n<h3> Rendimiento superior con los procesadores Intel Core <\/h3>\n<p> Cumple con todas tus ambiciones, en el juego y en el mundo real, aprovechando un rendimiento excepcional y funciones innovadoras. <\/p>\n<p>                                                  <img decoding=\"async\" alt=\"intel core gaming\" src=\"https:\/\/images-na.ssl-images-amazon.com\/images\/G\/01\/x-locale\/common\/grey-pixel.gif\" class=\"a-lazy-loaded\" data-src=\"https:\/\/m.media-amazon.com\/images\/S\/aplus-media-library-service-media\/c2a5874a-b832-4901-9016-6e4777b8a82c.__CR0,0,970,300_PT0_SX970_V1___.jpg\"><img decoding=\"async\" alt=\"intel core gaming\" src=\"https:\/\/m.media-amazon.com\/images\/S\/aplus-media-library-service-media\/c2a5874a-b832-4901-9016-6e4777b8a82c.__CR0,0,970,300_PT0_SX970_V1___.jpg\">  <\/p>\n<h3> Dise\u00f1ados para las necesidades de los gamers actuales <\/h3>\n<p> La arquitectura h\u00edbrida y la tecnolog\u00eda m\u00e1s avanzada de la industria te permiten llegar m\u00e1s lejos al jugar y crear contenido. Desde avanzar en el juego hasta progresar en el mundo real, alcanza tu m\u00e1ximo potencial con Intel. <\/p>\n<p>                                                  <img decoding=\"async\" alt=\"intel core gaming\" src=\"https:\/\/images-na.ssl-images-amazon.com\/images\/G\/01\/x-locale\/common\/grey-pixel.gif\" class=\"a-lazy-loaded\" data-src=\"https:\/\/m.media-amazon.com\/images\/S\/aplus-media-library-service-media\/f4d854b9-45ad-4413-a903-dfa619f3404e.__CR0,0,970,300_PT0_SX970_V1___.jpg\"><img decoding=\"async\" alt=\"intel core gaming\" src=\"https:\/\/m.media-amazon.com\/images\/S\/aplus-media-library-service-media\/f4d854b9-45ad-4413-a903-dfa619f3404e.__CR0,0,970,300_PT0_SX970_V1___.jpg\">  <\/p>\n<h3> Hacer overclocking nunca fue tan f\u00e1cil <\/h3>\n<p> El overclocking te permite personalizar el rendimiento de tu PC. Y gracias a Intel Extreme Tuning Utility, hacerlo nunca fue tan f\u00e1cil. <\/p>\n<p>                                                  <img decoding=\"async\" alt=\"intel core gaming\" src=\"https:\/\/images-na.ssl-images-amazon.com\/images\/G\/01\/x-locale\/common\/grey-pixel.gif\" class=\"a-lazy-loaded\" data-src=\"https:\/\/m.media-amazon.com\/images\/S\/aplus-media-library-service-media\/9f761b22-3364-435a-a1d2-2f9dfa1b2a83.__CR0,0,970,300_PT0_SX970_V1___.jpg\"><img decoding=\"async\" alt=\"intel core gaming\" src=\"https:\/\/m.media-amazon.com\/images\/S\/aplus-media-library-service-media\/9f761b22-3364-435a-a1d2-2f9dfa1b2a83.__CR0,0,970,300_PT0_SX970_V1___.jpg\">  <\/p>\n<h3> Intercambio din\u00e1mico de energ\u00eda <\/h3>\n<p> Optimiza de manera eficiente las cargas de trabajo entre el procesador Intel Core y la tarjeta gr\u00e1fica al asignar la energ\u00eda donde m\u00e1s se la necesita, para disfrutar de una experiencia de gaming m\u00e1s fluida y de alto desempe\u00f1o. <\/p>\n<p> Language                                            \u200f                                            :                                            \u200e                                            English   <br \/> Manufacturer                                            \u200f                                            :                                            \u200e                                            Intel   <br \/> ASIN                                            \u200f                                            :                                            \u200e                                            B0CHBH63YX   <br \/> Item model number                                            \u200f                                            :                                            \u200e                                            BX8071514600KF   <br \/> Guaranteed software updates until                                            \u200f                                            :                                            \u200e                                            unknown   <br \/>  Customer reviews:                                                                                            4.6               4.6 out of 5 stars                                  (1,719)                                              var dpAcrHasRegisteredArcLinkClickAction;                    P.when(&#8216;A&#8217;, &#8216;ready&#8217;).execute(function(A) {                        if (dpAcrHasRegisteredArcLinkClickAction !== true) {                            dpAcrHasRegisteredArcLinkClickAction = true;                            A.declarative(                                &#8216;acrLink-click-metrics&#8217;, &#8216;click&#8217;,                                { \u00aballowLinkDefault\u00bb: true },                                function (event) {                                    if (window.ue) {                                        ue.count(\u00abacrLinkClickCount\u00bb, (ue.count(\u00abacrLinkClickCount\u00bb) || 0) + 1);                                    }                                }                            );                        }                    });                                             P.when(&#8216;A&#8217;, &#8216;cf&#8217;).execute(function(A) {                A.declarative(&#8216;acrStarsLink-click-metrics&#8217;, &#8216;click&#8217;, { \u00aballowLinkDefault\u00bb : true },  function(event){                    if(window.ue) {                        ue.count(\u00abacrStarsLinkWithPopoverClickCount\u00bb, (ue.count(\u00abacrStarsLinkWithPopoverClickCount\u00bb) || 0) + 1);                    }                });            });                          <\/p>\n<p>Intel Core i5 Desktop Processor (14 Generation) 14600KF, no processor graphics.<br \/>With support for PCIe 5.0 and 4.0, DDR5 and DDR4, Intel Core i5 desktop unlocked processors (14th generation) are optimized for gamers and productivity and help deliver high performance.<br \/>Independent graphics needed. Compatible with Intel 700 series and Intel 600 series chipset motherboards. Processor base power: 125 W.<\/p>\n\n","protected":false},"excerpt":{"rendered":"<p> From the manufacturer Rendimiento superior con los procesadores Intel Core Cumple con todas tus ambiciones,<\/p>","protected":false},"featured_media":37425,"comment_status":"open","ping_status":"closed","template":"","meta":[],"product_brand":[],"product_cat":[80],"product_tag":[11116,1390,1397,698,1396,787,4120,1391,818,11115,1392,1393,562,1389,8913,565,1394,1395],"class_list":{"0":"post-37424","1":"product","2":"type-product","3":"status-publish","4":"has-post-thumbnail","6":"product_cat-processors","7":"product_tag-14core","8":"product_tag-amd-ryzen-processor","9":"product_tag-best-processor","10":"product_tag-core","11":"product_tag-cpu-price","12":"product_tag-desktop","13":"product_tag-ecores","14":"product_tag-gaming-cpu","15":"product_tag-ghz","16":"product_tag-i514600kf","17":"product_tag-i7-processor","18":"product_tag-i9-processor","19":"product_tag-intel","20":"product_tag-intel-processor","21":"product_tag-pcores","22":"product_tag-processor","23":"product_tag-ryzen-7","24":"product_tag-ryzen-9","26":"first","27":"instock","28":"shipping-taxable","29":"product-type-external"},"_links":{"self":[{"href":"https:\/\/comprasyconsejos.store\/en\/wp-json\/wp\/v2\/product\/37424","targetHints":{"allow":["GET"]}}],"collection":[{"href":"https:\/\/comprasyconsejos.store\/en\/wp-json\/wp\/v2\/product"}],"about":[{"href":"https:\/\/comprasyconsejos.store\/en\/wp-json\/wp\/v2\/types\/product"}],"replies":[{"embeddable":true,"href":"https:\/\/comprasyconsejos.store\/en\/wp-json\/wp\/v2\/comments?post=37424"}],"version-history":[{"count":0,"href":"https:\/\/comprasyconsejos.store\/en\/wp-json\/wp\/v2\/product\/37424\/revisions"}],"wp:featuredmedia":[{"embeddable":true,"href":"https:\/\/comprasyconsejos.store\/en\/wp-json\/wp\/v2\/media\/37425"}],"wp:attachment":[{"href":"https:\/\/comprasyconsejos.store\/en\/wp-json\/wp\/v2\/media?parent=37424"}],"wp:term":[{"taxonomy":"product_brand","embeddable":true,"href":"https:\/\/comprasyconsejos.store\/en\/wp-json\/wp\/v2\/product_brand?post=37424"},{"taxonomy":"product_cat","embeddable":true,"href":"https:\/\/comprasyconsejos.store\/en\/wp-json\/wp\/v2\/product_cat?post=37424"},{"taxonomy":"product_tag","embeddable":true,"href":"https:\/\/comprasyconsejos.store\/en\/wp-json\/wp\/v2\/product_tag?post=37424"}],"curies":[{"name":"wp","href":"https:\/\/api.w.org\/{rel}","templated":true}]}}