{"id":37450,"date":"2026-03-04T06:12:09","date_gmt":"2026-03-04T06:12:09","guid":{"rendered":"https:\/\/comprasyconsejos.store\/product\/doogee-t36-android-tablet-15-12-inch-2-4k-fhd-90hz-20gb256gb-2tb-octa-core-2-2-ghz-4g-lte-8800mah-widevine-l1-13mp8mp-dual-speaker-face-id-bt5-0-black\/"},"modified":"2026-03-04T06:12:15","modified_gmt":"2026-03-04T06:12:15","slug":"doogee-t36-android-tablet-15-12-inch-2-4k-fhd-90hz-20gb256gb-2tb-octa-core-2-2-ghz-4g-lte-8800mah-widevine-l1-13mp8mp-dual-speaker-face-id-bt5-0-black","status":"publish","type":"product","link":"https:\/\/comprasyconsejos.store\/en\/product\/doogee-t36-android-tablet-15-12-inch-2-4k-fhd-90hz-20gb256gb-2tb-octa-core-2-2-ghz-4g-lte-8800mah-widevine-l1-13mp8mp-dual-speaker-face-id-bt5-0-black\/","title":{"rendered":"DOOGEE T36 Android Tablet 15, 12 Inch 2.4K FHD+ 90Hz, 20GB+256GB\/2TB, Octa-Core 2.2 GHz, 4G LTE, 8800mAh, Widevine L1, 13MP+8MP, Dual Speaker, Face ID, BT5.0, Black"},"content":{"rendered":"<p>Price: <span style=\"color:#b12704\">\u20ac189.99<\/span><br \/><i><small>(as of Mar 04, 2026 06:12:10 UTC &#8211; <span class=\"wp_automatic_amazon_disclaimer\" title=\"Product prices and availability are accurate as of the date\/time indicated and are subject to change. Any price and availability information displayed on [relevant Amazon Site(s), as applicable] at the time of purchase will apply to the purchase of this product.\">Details<\/span>)<\/small><\/i><\/p>\n<p><a href=\"https:\/\/amazon.es\/dp\/B0DPHQZKQC?tag=man008-21\"><img decoding=\"async\" src=\"https:\/\/valvepress.s3.amazonaws.com\/imgs\/buy_now.png\"><\/a><br \/>\n<\/p>\n<p>                                             From the brand   <\/p>\n<p>                                              <img decoding=\"async\" alt=\"\" src=\"https:\/\/images-na.ssl-images-amazon.com\/images\/G\/01\/x-locale\/common\/grey-pixel.gif\" class=\"a-lazy-loaded\" data-src=\"https:\/\/m.media-amazon.com\/images\/S\/aplus-media-library-service-media\/b17793e4-12e0-456b-9dc9-622fe19b1c02.__CR0,0,1464,625_PT0_SX1464_V1___.jpg\"><img decoding=\"async\" alt=\"\" src=\"https:\/\/m.media-amazon.com\/images\/S\/aplus-media-library-service-media\/b17793e4-12e0-456b-9dc9-622fe19b1c02.__CR0,0,1464,625_PT0_SX1464_V1___.jpg\">  <\/p>\n<h3> DOOGEE Android Tablet <\/h3>\n<p>                                              <img decoding=\"async\" alt=\"aplus content image\" src=\"https:\/\/images-na.ssl-images-amazon.com\/images\/G\/01\/x-locale\/common\/grey-pixel.gif\" class=\"a-lazy-loaded\" data-src=\"https:\/\/m.media-amazon.com\/images\/S\/aplus-media-library-service-media\/a48ce180-cae6-4577-b795-7ce5e27e5d05.__CR0,0,362,453_PT0_SX362_V1___.jpg\"><img decoding=\"async\" alt=\"aplus content image\" src=\"https:\/\/m.media-amazon.com\/images\/S\/aplus-media-library-service-media\/a48ce180-cae6-4577-b795-7ce5e27e5d05.__CR0,0,362,453_PT0_SX362_V1___.jpg\">  <\/p>\n<p>                                              <img decoding=\"async\" alt=\"aplus content image\" src=\"https:\/\/images-na.ssl-images-amazon.com\/images\/G\/01\/x-locale\/common\/grey-pixel.gif\" class=\"a-lazy-loaded\" data-src=\"https:\/\/m.media-amazon.com\/images\/S\/aplus-media-library-service-media\/5f15604e-ab56-414f-8b8f-a4209c07ad82.__CR0,0,362,453_PT0_SX362_V1___.jpg\"><img decoding=\"async\" alt=\"aplus content image\" src=\"https:\/\/m.media-amazon.com\/images\/S\/aplus-media-library-service-media\/5f15604e-ab56-414f-8b8f-a4209c07ad82.__CR0,0,362,453_PT0_SX362_V1___.jpg\">  <\/p>\n<p>                                              <img decoding=\"async\" alt=\"aplus content image\" src=\"https:\/\/images-na.ssl-images-amazon.com\/images\/G\/01\/x-locale\/common\/grey-pixel.gif\" class=\"a-lazy-loaded\" data-src=\"https:\/\/m.media-amazon.com\/images\/S\/aplus-media-library-service-media\/b1e0da9e-63b0-469c-80a4-a59d7f90dc52.__CR0,0,362,453_PT0_SX362_V1___.jpg\"><img decoding=\"async\" alt=\"aplus content image\" src=\"https:\/\/m.media-amazon.com\/images\/S\/aplus-media-library-service-media\/b1e0da9e-63b0-469c-80a4-a59d7f90dc52.__CR0,0,362,453_PT0_SX362_V1___.jpg\">  <\/p>\n<p>                                              <img decoding=\"async\" alt=\"aplus content image\" src=\"https:\/\/images-na.ssl-images-amazon.com\/images\/G\/01\/x-locale\/common\/grey-pixel.gif\" class=\"a-lazy-loaded\" data-src=\"https:\/\/m.media-amazon.com\/images\/S\/aplus-media-library-service-media\/d31def0c-6811-4026-bf18-163afca90f94.__CR0,0,362,453_PT0_SX362_V1___.jpg\"><img decoding=\"async\" alt=\"aplus content image\" src=\"https:\/\/m.media-amazon.com\/images\/S\/aplus-media-library-service-media\/d31def0c-6811-4026-bf18-163afca90f94.__CR0,0,362,453_PT0_SX362_V1___.jpg\">  <\/p>\n<p>                                              <img decoding=\"async\" alt=\"El texto dice \u00abSerie UltraView\u00bb, \u00abTu Centro Perfecto para Aprendizaje\u00bb, \u00abVer en Grande, Vivir F\u00e1cil\u00bb. Im\u00e1genes de marketing que muestran elegantes pantallas electr\u00f3nicas negras o pantallas sobre fondo rojo.\" src=\"https:\/\/images-na.ssl-images-amazon.com\/images\/G\/01\/x-locale\/common\/grey-pixel.gif\" class=\"a-lazy-loaded\" data-src=\"https:\/\/m.media-amazon.com\/images\/S\/aplus-media-library-service-media\/342163cf-bf45-4174-a4a7-f49145260c95.__CR0,0,362,453_PT0_SX362_V1___.jpg\"><img decoding=\"async\" alt=\"El texto dice \u00abSerie UltraView\u00bb, \u00abTu Centro Perfecto para Aprendizaje\u00bb, \u00abVer en Grande, Vivir F\u00e1cil\u00bb. Im\u00e1genes de marketing que muestran elegantes pantallas electr\u00f3nicas negras o pantallas sobre fondo rojo.\" src=\"https:\/\/m.media-amazon.com\/images\/S\/aplus-media-library-service-media\/342163cf-bf45-4174-a4a7-f49145260c95.__CR0,0,362,453_PT0_SX362_V1___.jpg\">  <\/p>\n<p>                                              <img decoding=\"async\" alt=\"El texto dice \u00abSerie Enjoy\u00bb, \u00abRedefiniendo el Entretenimiento M\u00f3vil y la Productividad\u00bb, \u00abVer M\u00e1s, Disfrutar M\u00e1s\u00bb. Fondo rojo en el que se muestran las tabletas.\" src=\"https:\/\/images-na.ssl-images-amazon.com\/images\/G\/01\/x-locale\/common\/grey-pixel.gif\" class=\"a-lazy-loaded\" data-src=\"https:\/\/m.media-amazon.com\/images\/S\/aplus-media-library-service-media\/c7289220-110b-4406-a271-f1cc326c3edf.__CR0,0,362,453_PT0_SX362_V1___.jpg\"><img decoding=\"async\" alt=\"El texto dice \u00abSerie Enjoy\u00bb, \u00abRedefiniendo el Entretenimiento M\u00f3vil y la Productividad\u00bb, \u00abVer M\u00e1s, Disfrutar M\u00e1s\u00bb. Fondo rojo en el que se muestran las tabletas.\" src=\"https:\/\/m.media-amazon.com\/images\/S\/aplus-media-library-service-media\/c7289220-110b-4406-a271-f1cc326c3edf.__CR0,0,362,453_PT0_SX362_V1___.jpg\">  <\/p>\n<p>                                              <img decoding=\"async\" alt=\"aplus content image\" src=\"https:\/\/images-na.ssl-images-amazon.com\/images\/G\/01\/x-locale\/common\/grey-pixel.gif\" class=\"a-lazy-loaded\" data-src=\"https:\/\/m.media-amazon.com\/images\/S\/aplus-media-library-service-media\/eb54239c-5eb2-4937-bd7b-f61a535fe204.__CR0,0,362,453_PT0_SX362_V1___.jpg\"><img decoding=\"async\" alt=\"aplus content image\" src=\"https:\/\/m.media-amazon.com\/images\/S\/aplus-media-library-service-media\/eb54239c-5eb2-4937-bd7b-f61a535fe204.__CR0,0,362,453_PT0_SX362_V1___.jpg\">  <\/p>\n<p>                                              <img decoding=\"async\" alt=\"aplus content image\" src=\"https:\/\/images-na.ssl-images-amazon.com\/images\/G\/01\/x-locale\/common\/grey-pixel.gif\" class=\"a-lazy-loaded\" data-src=\"https:\/\/m.media-amazon.com\/images\/S\/aplus-media-library-service-media\/321dd2ee-6812-4f33-b8ad-90a358cfb900.__CR0,0,362,453_PT0_SX362_V1___.jpg\"><img decoding=\"async\" alt=\"aplus content image\" src=\"https:\/\/m.media-amazon.com\/images\/S\/aplus-media-library-service-media\/321dd2ee-6812-4f33-b8ad-90a358cfb900.__CR0,0,362,453_PT0_SX362_V1___.jpg\">  <\/p>\n<p>                                              <img decoding=\"async\" alt=\"El texto dice \u00abSerie Agile Compa\u00f1eros desde los libros, Elevaci\u00f3n Contable de los Padres, Compa\u00f1ero Integral de Estudio\u00bb. Se muestran tres tabletas\/dispositivos electr\u00f3nicos en colores negro, azul claro y gris oscuro.\" src=\"https:\/\/images-na.ssl-images-amazon.com\/images\/G\/01\/x-locale\/common\/grey-pixel.gif\" class=\"a-lazy-loaded\" data-src=\"https:\/\/m.media-amazon.com\/images\/S\/aplus-media-library-service-media\/37c9ba78-d55d-47e8-8779-d7241022628a.__CR0,0,362,453_PT0_SX362_V1___.jpg\"><img decoding=\"async\" alt=\"El texto dice \u00abSerie Agile Compa\u00f1eros desde los libros, Elevaci\u00f3n Contable de los Padres, Compa\u00f1ero Integral de Estudio\u00bb. Se muestran tres tabletas\/dispositivos electr\u00f3nicos en colores negro, azul claro y gris oscuro.\" src=\"https:\/\/m.media-amazon.com\/images\/S\/aplus-media-library-service-media\/37c9ba78-d55d-47e8-8779-d7241022628a.__CR0,0,362,453_PT0_SX362_V1___.jpg\">  <\/p>\n<p>                                              <img decoding=\"async\" alt=\"aplus content image\" src=\"https:\/\/images-na.ssl-images-amazon.com\/images\/G\/01\/x-locale\/common\/grey-pixel.gif\" class=\"a-lazy-loaded\" data-src=\"https:\/\/m.media-amazon.com\/images\/S\/aplus-media-library-service-media\/3b200bb0-e8e8-48ad-9599-e8ccfcd36ce6.__CR0,0,362,453_PT0_SX362_V1___.jpg\"><img decoding=\"async\" alt=\"aplus content image\" src=\"https:\/\/m.media-amazon.com\/images\/S\/aplus-media-library-service-media\/3b200bb0-e8e8-48ad-9599-e8ccfcd36ce6.__CR0,0,362,453_PT0_SX362_V1___.jpg\">  <\/p>\n<p>                                              <img decoding=\"async\" alt=\"aplus content image\" src=\"https:\/\/images-na.ssl-images-amazon.com\/images\/G\/01\/x-locale\/common\/grey-pixel.gif\" class=\"a-lazy-loaded\" data-src=\"https:\/\/m.media-amazon.com\/images\/S\/aplus-media-library-service-media\/69ee2e96-6cd1-41c0-83af-2bd610db39ec.__CR0,0,362,453_PT0_SX362_V1___.jpg\"><img decoding=\"async\" alt=\"aplus content image\" src=\"https:\/\/m.media-amazon.com\/images\/S\/aplus-media-library-service-media\/69ee2e96-6cd1-41c0-83af-2bd610db39ec.__CR0,0,362,453_PT0_SX362_V1___.jpg\">  <\/p>\n<p>                                              <img decoding=\"async\" alt=\"aplus content image\" src=\"https:\/\/images-na.ssl-images-amazon.com\/images\/G\/01\/x-locale\/common\/grey-pixel.gif\" class=\"a-lazy-loaded\" data-src=\"https:\/\/m.media-amazon.com\/images\/S\/aplus-media-library-service-media\/a92a8b2c-ba59-4bb5-9f19-cbb699c9d7b4.__CR0,0,362,453_PT0_SX362_V1___.jpg\"><img decoding=\"async\" alt=\"aplus content image\" src=\"https:\/\/m.media-amazon.com\/images\/S\/aplus-media-library-service-media\/a92a8b2c-ba59-4bb5-9f19-cbb699c9d7b4.__CR0,0,362,453_PT0_SX362_V1___.jpg\">  <\/p>\n<p>                                              <img decoding=\"async\" alt=\"aplus content image\" src=\"https:\/\/images-na.ssl-images-amazon.com\/images\/G\/01\/x-locale\/common\/grey-pixel.gif\" class=\"a-lazy-loaded\" data-src=\"https:\/\/m.media-amazon.com\/images\/S\/aplus-media-library-service-media\/79c156f4-2ae1-445e-aa47-54f99f03e8ba.__CR0,0,362,453_PT0_SX362_V1___.jpg\"><img decoding=\"async\" alt=\"aplus content image\" src=\"https:\/\/m.media-amazon.com\/images\/S\/aplus-media-library-service-media\/79c156f4-2ae1-445e-aa47-54f99f03e8ba.__CR0,0,362,453_PT0_SX362_V1___.jpg\">  <\/p>\n<p> Batteries                                            \u200f                                            :                                            \u200e                                            2 Lithium Polymer batteries required. (included)   <br \/> Product Dimensions                                            \u200f                                            :                                            \u200e                                            28.16 x 17.72 x 0.79 cm; 610 g   <br \/> Manufacturer                                            \u200f                                            :                                            \u200e                                            DOOGEE   <br \/> ASIN                                            \u200f                                            :                                            \u200e                                            B0DPHQZKQC   <br \/> Item model number                                            \u200f                                            :                                            \u200e                                            T36   <br \/> Guaranteed software updates until                                            \u200f                                            :                                            \u200e                                            unknown   <br \/>  Customer reviews:                                                                                            4.3               4.3 out of 5 stars                                  (131)                                              var dpAcrHasRegisteredArcLinkClickAction;                    P.when(&#8216;A&#8217;, &#8216;ready&#8217;).execute(function(A) {                        if (dpAcrHasRegisteredArcLinkClickAction !== true) {                            dpAcrHasRegisteredArcLinkClickAction = true;                            A.declarative(                                &#8216;acrLink-click-metrics&#8217;, &#8216;click&#8217;,                                { \u00aballowLinkDefault\u00bb: true },                                function (event) {                                    if (window.ue) {                                        ue.count(\u00abacrLinkClickCount\u00bb, (ue.count(\u00abacrLinkClickCount\u00bb) || 0) + 1);                                    }                                }                            );                        }                    });                                             P.when(&#8216;A&#8217;, &#8216;cf&#8217;).execute(function(A) {                A.declarative(&#8216;acrStarsLink-click-metrics&#8217;, &#8216;click&#8217;, { \u00aballowLinkDefault\u00bb : true },  function(event){                    if(window.ue) {                        ue.count(\u00abacrStarsLinkWithPopoverClickCount\u00bb, (ue.count(\u00abacrStarsLinkWithPopoverClickCount\u00bb) || 0) + 1);                    }                });            });                          <\/p>\n<p>\u3010Android 15 Tablet &#038; Octa-Core 2.2GHz Tablet\u3011DOOGEE T36 tablet is equipped with the latest Android 15 system, both privacy security and system performance are better.DOOGEE T36 12 inch tablet is equipped with Octa-core Unisoc T620 processor with up to 2.2GHz, using 12nm process technology. Whether for daily use or multitasking, Doogee T36 Android 15 tablet can handle with ease, making your operation more convenient and worry-free.<br \/>\u301012 Inch FHD+ 90Hz Tablet &#038; Widevine L1 Support\u3011DOOGEE T36 Tablet is equipped with a 12-inch FHD+ IPS screen, which has a resolution of up to 2000*1200, which can present detailed and rich images, and has a high refresh rate of 90Hz, so you can feel a smooth visual effect when scrolling through the pages. DOOGEE T36 Tablet 12 Inch also supports Widevine L1, allowing you to watch more video content from HD streaming platforms.<br \/>\u301020GB(8GB+12GB Expanded) RAM &#038; 256GB ROM &#038; 2TB \u3011DOOGEE T36 Tablet 12 inch comes with 20GB RAM (8GB+12GB Virtual), allowing you to run multiple programs smoothly at the same time. In addition, DOOGEE T36 Tablet doogee comes with 256GB of built-in UFS storage so you can launch apps quickly. With expandable memory support up to 2TB, DOOGEE T36 tablet with keyboard offers plenty of space and fluidity for everyday use and office needs.<br \/>\u3010Ultra-thin Metal Body &#038; 8800mAh Battery\u3011DOOGEE T36 Android 15 Tablet has a 7.9mm ultra-thin metal body, which is not only durable, but also improves grip comfort and is easy to carry. Doogee T36 Tablet 12 inch has a large 8800mAh battery, whether you are traveling or on a stressful work and study day, DOOGEE T36 Tablet with keyboard provides stable power support, so that you don&#8217;t need to charge it frequently.<br \/>\u3010Dual Speaker &#038; 13MP+8MP Camera\u3011DOOGEE T36 Android Tablet supports high quality dual stereo speakers and 3.5mm headphone jack, bringing you theater-level listening enjoyment. DOOGEE T36 Tablet 12 inch is equipped with a 13MP main camera and an 8MP front camera, allowing you to leave wonderful moments. In addition, T36 Tablet Android 15 also supports face unlock function to effectively protect your privacy and security.<br \/>\u30104G LTE\/5G WIFI\/BT5.0\/OTG\/GPS\u3011DOOGEE T36 tablet with keyboard supports 5G WIFI and 4G LTE to keep you connected at all times. Bluetooth 5.0 allows you to connect to other smart devices stably, and the OTG function supports reverse charging, turning your tablet into a portable power source. Accurate GPS positioning makes your travel more comfortable. This DOOGEE T36 Android 15 tablet satisfies your ultimate pursuit of speed and comfort.<br \/>\u30102-in-1 Tablet &#038; Tablet with Keyboard|Pencil|Mouse|Case|Case]DOOGEE T36 Tablet Android 15 Edition Accessories Includes Bluetooth Keyboard, Bluetooth Mouse, Case, Stylus Pen, Tempered Film. DOOGEE T36 Tablet 12 inch with matching accessories, so you can mount it on a mini laptop anytime and anywhere, convenient for you to start working and studying outside, thus can effectively improve your work and study efficiency.<\/p>\n\n","protected":false},"excerpt":{"rendered":"<p> From the brand DOOGEE Android Tablet Batteries \u200f : \u200e 2 Lithium Polymer batteries required.<\/p>","protected":false},"featured_media":37451,"comment_status":"open","ping_status":"closed","template":"","meta":[],"product_brand":[],"product_cat":[95],"product_tag":[6388,631,3914,11132,7065,833,391,307,695,632,6113,298,841,639,818,584,1043,629,659,637,1930,11131,157,636,635,916,628,634,633,630],"class_list":{"0":"post-37450","1":"product","2":"type-product","3":"status-publish","4":"has-post-thumbnail","6":"product_cat-windows-tablets","7":"product_tag-13mp8mp","8":"product_tag-2-in-1-tablet","9":"product_tag-2-4k","10":"product_tag-20gb256gb2tb","11":"product_tag-8800mah","12":"product_tag-90hz","13":"product_tag-android","14":"product_tag-black","15":"product_tag-bt5-0","16":"product_tag-business-tablet-windows","17":"product_tag-doogee","18":"product_tag-dual","19":"product_tag-face","20":"product_tag-fhd","21":"product_tag-ghz","22":"product_tag-inch","23":"product_tag-lte","24":"product_tag-microsoft-surface-tablet","25":"product_tag-octacore","26":"product_tag-portable-windows-tablet","27":"product_tag-speaker","28":"product_tag-t36","29":"product_tag-tablet","30":"product_tag-tablet-laptop-combo","31":"product_tag-touchscreen-windows-tablet","32":"product_tag-widevine","33":"product_tag-windows-tablet","34":"product_tag-windows-tablet-for-work","35":"product_tag-windows-tablet-price","36":"product_tag-windows-tablet-with-keyboard","38":"first","39":"instock","40":"shipping-taxable","41":"product-type-external"},"_links":{"self":[{"href":"https:\/\/comprasyconsejos.store\/en\/wp-json\/wp\/v2\/product\/37450","targetHints":{"allow":["GET"]}}],"collection":[{"href":"https:\/\/comprasyconsejos.store\/en\/wp-json\/wp\/v2\/product"}],"about":[{"href":"https:\/\/comprasyconsejos.store\/en\/wp-json\/wp\/v2\/types\/product"}],"replies":[{"embeddable":true,"href":"https:\/\/comprasyconsejos.store\/en\/wp-json\/wp\/v2\/comments?post=37450"}],"version-history":[{"count":0,"href":"https:\/\/comprasyconsejos.store\/en\/wp-json\/wp\/v2\/product\/37450\/revisions"}],"wp:featuredmedia":[{"embeddable":true,"href":"https:\/\/comprasyconsejos.store\/en\/wp-json\/wp\/v2\/media\/37451"}],"wp:attachment":[{"href":"https:\/\/comprasyconsejos.store\/en\/wp-json\/wp\/v2\/media?parent=37450"}],"wp:term":[{"taxonomy":"product_brand","embeddable":true,"href":"https:\/\/comprasyconsejos.store\/en\/wp-json\/wp\/v2\/product_brand?post=37450"},{"taxonomy":"product_cat","embeddable":true,"href":"https:\/\/comprasyconsejos.store\/en\/wp-json\/wp\/v2\/product_cat?post=37450"},{"taxonomy":"product_tag","embeddable":true,"href":"https:\/\/comprasyconsejos.store\/en\/wp-json\/wp\/v2\/product_tag?post=37450"}],"curies":[{"name":"wp","href":"https:\/\/api.w.org\/{rel}","templated":true}]}}