{"id":37471,"date":"2026-03-04T10:43:04","date_gmt":"2026-03-04T10:43:04","guid":{"rendered":"https:\/\/comprasyconsejos.store\/product\/camara-de-fotos-con-wifi-64mp-4k-autofocus-camara-digital-compacta-con-pantalla-flip-de-180-de-3-zoom-digital-16x-tarjeta-de-32-gb-estacion-de-carga-2-baterias-para-principiantes-adolescen\/"},"modified":"2026-03-04T10:43:04","modified_gmt":"2026-03-04T10:43:04","slug":"camara-de-fotos-con-wifi-64mp-4k-autofocus-camara-digital-compacta-con-pantalla-flip-de-180-de-3-zoom-digital-16x-tarjeta-de-32-gb-estacion-de-carga-2-baterias-para-principiantes-adolescen","status":"publish","type":"product","link":"https:\/\/comprasyconsejos.store\/en\/product\/camara-de-fotos-con-wifi-64mp-4k-autofocus-camara-digital-compacta-con-pantalla-flip-de-180-de-3-zoom-digital-16x-tarjeta-de-32-gb-estacion-de-carga-2-baterias-para-principiantes-adolescen\/","title":{"rendered":"Camara de Fotos con WiFi, 64MP 4K Autofocus Camara Digital Compacta con Pantalla Flip De 180\u00b0 De 3&#8243; Zoom Digital 16X, Tarjeta De 32 GB Estaci\u00f3n de Carga, 2 Bater\u00edas para Principiantes, Adolescentes"},"content":{"rendered":"<p>&#8211; \u3010C\u00e1mara digital UHD 4K con Transferencia WiFi \u3011Esta c\u00e1mara digital con funci\u00f3n de transferencia WiFi puede grabar v\u00eddeo 4K n\u00edtido para ayudarle a grabar momentos inolvidables de su vida y sus viajes. Despu\u00e9s de descargar la aplicaci\u00f3n \u00abViipulse\u00bb, puede transferir f\u00e1cilmente fotos y v\u00eddeos a su tel\u00e9fono inteligente o tableta a trav\u00e9s de conexi\u00f3n WiFi, y compartir su vida en Youtube, Instagram, Tiktok y otras plataformas en cualquier momento y en cualquier lugar. Tambi\u00e9n puede utilizar la aplicaci\u00f3n para controlar la camara digital 4k a distancia para tomar fotos.<br \/>\n&#8211; \u3010Enfoque Autom\u00e1tico de 64 MP y Zoom Digital 16x\u3011Gracias al sensor CMOS mejorado, esta c\u00e1mara fotogr\u00e1fica cuenta con una funci\u00f3n de enfoque autom\u00e1tico que permite capturar r\u00e1pidamente im\u00e1genes n\u00edtidas de 64 MP. Incluso los fot\u00f3grafos principiantes pueden tomar f\u00e1cilmente fotos claras y de buen aspecto. Esta c\u00e1mara digital compacta soporta hasta 16x zoom digital, permite acercar y alejar f\u00e1cilmente el objeto de destino para tomar fotos satisfactorias.<br \/>\n&#8211; \u3010F\u00e1cil de Usar y Pantalla Abatible 180\u00b0\u3011Dise\u00f1ada para principiantes, esta c\u00e1mara fotogr\u00e1fica es f\u00e1cil de usar y puede cambiar f\u00e1cilmente entre varios modos (imagen, v\u00eddeo, c\u00e1mara lenta, filtro y otros modos) con el dial giratorio situado en la parte superior de la c\u00e1mara fotogr\u00e1fica. Equipada con una pantalla giratoria de 3 pulgadas que se puede girar 180\u00b0, resulta muy pr\u00e1ctica para los selfies y adecuada para grabar vlogs y v\u00eddeos de YouTube. La funci\u00f3n de pausa permite detener la grabaci\u00f3n en cualquier momento, lo que ayuda a ahorrar tiempo de edici\u00f3n y espacio de almacenamiento.<br \/>\n&#8211; \u3010Funci\u00f3n de Webcam y 2 Modos de Carga \u3011Esta c\u00e1mara digital puede utilizarse como webcam. Puede conectarla a su PC a trav\u00e9s de cable USB, y seleccione \u00abModo Webcam\u00bb para transmitir en vivo, video chat y video blog en YouTube, Facebook o Tiktok. La c\u00e1mara digital tambi\u00e9n tiene dos modos de carga: usted puede cargar las bater\u00edas a trav\u00e9s de la base de carga incluida en el paquete o utilizar el USB para cargar las bater\u00edas. El paquete incluye dos bater\u00edas recargables, que proporcionan energ\u00eda de larga duraci\u00f3n para sesiones de filmaci\u00f3n prolongadas.<br \/>\n&#8211; \u3010M\u00faltiples Funciones y Servicio Post-venta al Cliente\u3011La c\u00e1mara fotogr\u00e1fica digital tiene 20 filtros y tambi\u00e9n cuenta con anti-vibraci\u00f3n, flash, pausa de grabaci\u00f3n de v\u00eddeo, disparo continuo, time-lapse, c\u00e1mara lenta, detecci\u00f3n de movimiento y mucho m\u00e1s. Esta c\u00e1mara puede satisfacer todas sus necesidades en cualquier situaci\u00f3n, usted puede llevar esta c\u00e1mara fotogr\u00e1fica para viajar, acampar, ir de excursi\u00f3n y otros tipos de actividades. Si tiene alguna pregunta, le ofreceremos la mejor soluci\u00f3n en 24 horas.<\/p>","protected":false},"excerpt":{"rendered":"<p>&#8211; \u3010C\u00e1mara digital UHD 4K con Transferencia WiFi \u3011Esta c\u00e1mara digital con funci\u00f3n de transferencia WiFi puede grabar v\u00eddeo 4K<\/p>","protected":false},"featured_media":0,"comment_status":"open","ping_status":"closed","template":"","meta":[],"product_brand":[],"product_cat":[101],"product_tag":[],"class_list":{"0":"post-37471","1":"product","2":"type-product","3":"status-publish","5":"product_cat-accessories","7":"first","8":"instock","9":"sale","10":"shipping-taxable","11":"product-type-external"},"_links":{"self":[{"href":"https:\/\/comprasyconsejos.store\/en\/wp-json\/wp\/v2\/product\/37471","targetHints":{"allow":["GET"]}}],"collection":[{"href":"https:\/\/comprasyconsejos.store\/en\/wp-json\/wp\/v2\/product"}],"about":[{"href":"https:\/\/comprasyconsejos.store\/en\/wp-json\/wp\/v2\/types\/product"}],"replies":[{"embeddable":true,"href":"https:\/\/comprasyconsejos.store\/en\/wp-json\/wp\/v2\/comments?post=37471"}],"version-history":[{"count":0,"href":"https:\/\/comprasyconsejos.store\/en\/wp-json\/wp\/v2\/product\/37471\/revisions"}],"wp:attachment":[{"href":"https:\/\/comprasyconsejos.store\/en\/wp-json\/wp\/v2\/media?parent=37471"}],"wp:term":[{"taxonomy":"product_brand","embeddable":true,"href":"https:\/\/comprasyconsejos.store\/en\/wp-json\/wp\/v2\/product_brand?post=37471"},{"taxonomy":"product_cat","embeddable":true,"href":"https:\/\/comprasyconsejos.store\/en\/wp-json\/wp\/v2\/product_cat?post=37471"},{"taxonomy":"product_tag","embeddable":true,"href":"https:\/\/comprasyconsejos.store\/en\/wp-json\/wp\/v2\/product_tag?post=37471"}],"curies":[{"name":"wp","href":"https:\/\/api.w.org\/{rel}","templated":true}]}}