{"id":37482,"date":"2026-03-04T11:29:43","date_gmt":"2026-03-04T11:29:43","guid":{"rendered":"https:\/\/comprasyconsejos.store\/product\/bluetooth-wifi-usb-2-0-adapter-ax900mbs-bluetooth-5-4-wlan-stick-wifi6-for-pc-dual-band-internet-stick-5-8ghz-2-4ghz-plug-and-play-for-pc-desktop-laptop-win10-11\/"},"modified":"2026-03-04T11:29:45","modified_gmt":"2026-03-04T11:29:45","slug":"bluetooth-wifi-usb-2-0-adapter-ax900mbs-bluetooth-5-4-wlan-stick-wifi6-for-pc-dual-band-internet-stick-5-8ghz-2-4ghz-plug-and-play-for-pc-desktop-laptop-win10-11","status":"publish","type":"product","link":"https:\/\/comprasyconsejos.store\/en\/product\/bluetooth-wifi-usb-2-0-adapter-ax900mbs-bluetooth-5-4-wlan-stick-wifi6-for-pc-dual-band-internet-stick-5-8ghz-2-4ghz-plug-and-play-for-pc-desktop-laptop-win10-11\/","title":{"rendered":"Bluetooth WiFi USB 2.0 Adapter AX900Mbs, Bluetooth 5.4 WLAN Stick WiFi6 for PC, Dual Band Internet Stick (5.8GHz\/2.4GHz), Plug and Play for PC\/Desktop\/Laptop Win10\/11"},"content":{"rendered":"<p>Price: <span style=\"color:#b12704\">\u20ac8.99<\/span><br \/><i><small>(as of Mar 04, 2026 11:29:43 UTC &#8211; <span class=\"wp_automatic_amazon_disclaimer\" title=\"Product prices and availability are accurate as of the date\/time indicated and are subject to change. Any price and availability information displayed on [relevant Amazon Site(s), as applicable] at the time of purchase will apply to the purchase of this product.\">Details<\/span>)<\/small><\/i><\/p>\n<p><a href=\"https:\/\/amazon.es\/dp\/B0DMN8R7W2?tag=man008-21\"><img decoding=\"async\" src=\"https:\/\/valvepress.s3.amazonaws.com\/imgs\/buy_now.png\"><\/a><br \/>\n<\/p>\n<p>                                             Product Description   <\/p>\n<p>                                                                             <img decoding=\"async\" alt=\"Adaptador Bluetooth WiFi USB 2.0 \" src=\"https:\/\/images-na.ssl-images-amazon.com\/images\/G\/01\/x-locale\/common\/grey-pixel.gif\" class=\"a-spacing-base a-lazy-loaded\" data-src=\"https:\/\/m.media-amazon.com\/images\/S\/aplus-media-library-service-media\/67a6a4c2-3fdd-4c72-ba12-28d3e21d325e.__CR0,0,970,600_PT0_SX970_V1___.jpg\"><img decoding=\"async\" alt=\"Adaptador Bluetooth WiFi USB 2.0 \" src=\"https:\/\/m.media-amazon.com\/images\/S\/aplus-media-library-service-media\/67a6a4c2-3fdd-4c72-ba12-28d3e21d325e.__CR0,0,970,600_PT0_SX970_V1___.jpg\">                                                                    <\/p>\n<p>                                                                             <img decoding=\"async\" alt=\"el nuevo sistema de memoria USB est\u00e1 dise\u00f1ado para ayudarte a trabajar con tu ordenador.\" src=\"https:\/\/images-na.ssl-images-amazon.com\/images\/G\/01\/x-locale\/common\/grey-pixel.gif\" class=\"a-spacing-base a-lazy-loaded\" data-src=\"https:\/\/m.media-amazon.com\/images\/S\/aplus-media-library-service-media\/0f014a8f-7d91-445e-89fe-a0f9d2a9d980.__CR0,0,970,600_PT0_SX970_V1___.jpg\"><img decoding=\"async\" alt=\"el nuevo sistema de memoria USB est\u00e1 dise\u00f1ado para ayudarte a trabajar con tu ordenador.\" src=\"https:\/\/m.media-amazon.com\/images\/S\/aplus-media-library-service-media\/0f014a8f-7d91-445e-89fe-a0f9d2a9d980.__CR0,0,970,600_PT0_SX970_V1___.jpg\">                                                                    <\/p>\n<p class=\"apm-text-center\">\n                                                      <img decoding=\"async\" alt=\"ordenadores port\u00e1tiles nuevos a la venta - ordenadores port\u00e1tiles nuevos a la venta - Ordenadores port\u00e1tiles nuevos a la venta - ordenadores port\u00e1tiles nuevos a la venta - ordenadores port\u00e1tiles nuevos a la venta - nuevos\" src=\"https:\/\/images-na.ssl-images-amazon.com\/images\/G\/01\/x-locale\/common\/grey-pixel.gif\" class=\"a-spacing-mini a-lazy-loaded\" data-src=\"https:\/\/m.media-amazon.com\/images\/S\/aplus-media-library-service-media\/224a2bbd-a7a9-495e-8908-dcb269f976dd.__CR0,0,300,300_PT0_SX300_V1___.jpg\"><img decoding=\"async\" alt=\"ordenadores port\u00e1tiles nuevos a la venta - ordenadores port\u00e1tiles nuevos a la venta - Ordenadores port\u00e1tiles nuevos a la venta - ordenadores port\u00e1tiles nuevos a la venta - ordenadores port\u00e1tiles nuevos a la venta - nuevos\" src=\"https:\/\/m.media-amazon.com\/images\/S\/aplus-media-library-service-media\/224a2bbd-a7a9-495e-8908-dcb269f976dd.__CR0,0,300,300_PT0_SX300_V1___.jpg\">  <\/p>\n<p class=\"apm-text-center\">\n                                                      <img decoding=\"async\" alt=\"Adaptador Bluetooth WiFi USB 2.0 \" src=\"https:\/\/images-na.ssl-images-amazon.com\/images\/G\/01\/x-locale\/common\/grey-pixel.gif\" class=\"a-spacing-mini a-lazy-loaded\" data-src=\"https:\/\/m.media-amazon.com\/images\/S\/aplus-media-library-service-media\/ea69b20b-3cfe-4c89-ab21-88643f4d80c5.__CR0,0,300,300_PT0_SX300_V1___.jpg\"><img decoding=\"async\" alt=\"Adaptador Bluetooth WiFi USB 2.0 \" src=\"https:\/\/m.media-amazon.com\/images\/S\/aplus-media-library-service-media\/ea69b20b-3cfe-4c89-ab21-88643f4d80c5.__CR0,0,300,300_PT0_SX300_V1___.jpg\">  <\/p>\n<p class=\"apm-text-center\">\n                                                      <img decoding=\"async\" alt=\"7 dispositivos diferentes para todos los smartphones\" src=\"https:\/\/images-na.ssl-images-amazon.com\/images\/G\/01\/x-locale\/common\/grey-pixel.gif\" class=\"a-spacing-mini a-lazy-loaded\" data-src=\"https:\/\/m.media-amazon.com\/images\/S\/aplus-media-library-service-media\/46536fa6-bb02-4b85-bdbb-df93b01832b7.__CR0,0,300,300_PT0_SX300_V1___.jpg\"><img decoding=\"async\" alt=\"7 dispositivos diferentes para todos los smartphones\" src=\"https:\/\/m.media-amazon.com\/images\/S\/aplus-media-library-service-media\/46536fa6-bb02-4b85-bdbb-df93b01832b7.__CR0,0,300,300_PT0_SX300_V1___.jpg\">  <\/p>\n<p class=\"apm-text-center\">\n                                                      <img decoding=\"async\" alt=\"Adaptador Bluetooth WiFi USB 2.0 \" src=\"https:\/\/images-na.ssl-images-amazon.com\/images\/G\/01\/x-locale\/common\/grey-pixel.gif\" class=\"a-spacing-mini a-lazy-loaded\" data-src=\"https:\/\/m.media-amazon.com\/images\/S\/aplus-media-library-service-media\/4365201d-31e5-4729-b230-ed7b1b98aed7.__CR0,0,300,300_PT0_SX300_V1___.jpg\"><img decoding=\"async\" alt=\"Adaptador Bluetooth WiFi USB 2.0 \" src=\"https:\/\/m.media-amazon.com\/images\/S\/aplus-media-library-service-media\/4365201d-31e5-4729-b230-ed7b1b98aed7.__CR0,0,300,300_PT0_SX300_V1___.jpg\">  <\/p>\n<p class=\"apm-text-center\">\n                                                      <img decoding=\"async\" alt=\"a usb 3.0 - dps con blindaje\" src=\"https:\/\/images-na.ssl-images-amazon.com\/images\/G\/01\/x-locale\/common\/grey-pixel.gif\" class=\"a-spacing-mini a-lazy-loaded\" data-src=\"https:\/\/m.media-amazon.com\/images\/S\/aplus-media-library-service-media\/3908a0e5-0f86-4f62-a4d2-da052ce5a880.__CR0,0,300,300_PT0_SX300_V1___.jpg\"><img decoding=\"async\" alt=\"a usb 3.0 - dps con blindaje\" src=\"https:\/\/m.media-amazon.com\/images\/S\/aplus-media-library-service-media\/3908a0e5-0f86-4f62-a4d2-da052ce5a880.__CR0,0,300,300_PT0_SX300_V1___.jpg\">  <\/p>\n<p class=\"apm-text-center\">\n                                                      <img decoding=\"async\" alt=\"el mejor enrutador inal\u00e1mbrico para enrutadores inal\u00e1mbricos\" src=\"https:\/\/images-na.ssl-images-amazon.com\/images\/G\/01\/x-locale\/common\/grey-pixel.gif\" class=\"a-spacing-mini a-lazy-loaded\" data-src=\"https:\/\/m.media-amazon.com\/images\/S\/aplus-media-library-service-media\/c115bf25-44e1-4ea5-a645-9fa0cd0ecaca.__CR0,0,300,300_PT0_SX300_V1___.jpg\"><img decoding=\"async\" alt=\"el mejor enrutador inal\u00e1mbrico para enrutadores inal\u00e1mbricos\" src=\"https:\/\/m.media-amazon.com\/images\/S\/aplus-media-library-service-media\/c115bf25-44e1-4ea5-a645-9fa0cd0ecaca.__CR0,0,300,300_PT0_SX300_V1___.jpg\">  <\/p>\n<p>                                                                             <img decoding=\"async\" alt=\"el dispositivo wifi inal\u00e1mbrico es un entorno de red inal\u00e1mbrico y conveniente.\" src=\"https:\/\/images-na.ssl-images-amazon.com\/images\/G\/01\/x-locale\/common\/grey-pixel.gif\" class=\"a-spacing-base a-lazy-loaded\" data-src=\"https:\/\/m.media-amazon.com\/images\/S\/aplus-media-library-service-media\/6bff7741-6091-4fc3-8d9a-fab52584a6fd.__CR0,0,970,600_PT0_SX970_V1___.jpg\"><img decoding=\"async\" alt=\"el dispositivo wifi inal\u00e1mbrico es un entorno de red inal\u00e1mbrico y conveniente.\" src=\"https:\/\/m.media-amazon.com\/images\/S\/aplus-media-library-service-media\/6bff7741-6091-4fc3-8d9a-fab52584a6fd.__CR0,0,970,600_PT0_SX970_V1___.jpg\">                                                                    <\/p>\n<p> Package Dimensions                                            \u200f                                            :                                            \u200e                                            10.9 x 9.1 x 1.7 cm; 20 g   <br \/> Manufacturer                                            \u200f                                            :                                            \u200e                                            Pixelure   <br \/> ASIN                                            \u200f                                            :                                            \u200e                                            B0DMN8R7W2   <br \/> Country\/Region of Origin                                            \u200f                                            :                                            \u200e                                            China   <br \/> Guaranteed software updates until                                            \u200f                                            :                                            \u200e                                            unknown   <br \/>  Customer reviews:                                                                                            4.1               4.1 out of 5 stars                                  (114)                                              var dpAcrHasRegisteredArcLinkClickAction;                    P.when(&#8216;A&#8217;, &#8216;ready&#8217;).execute(function(A) {                        if (dpAcrHasRegisteredArcLinkClickAction !== true) {                            dpAcrHasRegisteredArcLinkClickAction = true;                            A.declarative(                                &#8216;acrLink-click-metrics&#8217;, &#8216;click&#8217;,                                { \u00aballowLinkDefault\u00bb: true },                                function (event) {                                    if (window.ue) {                                        ue.count(\u00abacrLinkClickCount\u00bb, (ue.count(\u00abacrLinkClickCount\u00bb) || 0) + 1);                                    }                                }                            );                        }                    });                                             P.when(&#8216;A&#8217;, &#8216;cf&#8217;).execute(function(A) {                A.declarative(&#8216;acrStarsLink-click-metrics&#8217;, &#8216;click&#8217;, { \u00aballowLinkDefault\u00bb : true },  function(event){                    if(window.ue) {                        ue.count(\u00abacrStarsLinkWithPopoverClickCount\u00bb, (ue.count(\u00abacrStarsLinkWithPopoverClickCount\u00bb) || 0) + 1);                    }                });            });                          <\/p>\n<p>Dual Band Wireless Card: WIFI6 Non-Drive AX900M Dual Band (2.4G + 5.8G) Wireless Card + Bluetooth 5.4, Support Speed: 286Mbps + 600Mbps, Support WiFi6 protocol, Support 802.11b\/g\/n\/ac\/ax devices.<br \/>2 in 1 Adapter: Wifi Stick + Bluetooth Adapter 2 in 1, when using the WiFi function at the same time, you can also use the Bluetooth transmission function, if you use the WiFi + Bluetooth function at the same time, it is recommended to use the WiFi 5g, faster transfer speeds<br \/>Plug and Play: card without built-in flash drive, compatible with Windows 10\/11 operating system, built-in 2dBi gain antenna, can support up to 7 different devices to connect. Bluetooth is not compatible with Apple phones<br \/>Dual frequency low latency network card: WiFi effect range of approx. 60 meters, no obstacles up to 100-150 meters, 20 meters Bluetooth effective range can achieve stable transmission efficiency and low latency.<br \/>Features: Mu-mimo support, support wep\/wpa\/wpa2\/wpa3, better resist various attacks including brute force and offline dictionary attacks.<\/p>\n\n","protected":false},"excerpt":{"rendered":"<p> Product Description Package Dimensions \u200f : \u200e 10.9 x 9.1 x 1.7 cm; 20 g<\/p>","protected":false},"featured_media":37483,"comment_status":"open","ping_status":"closed","template":"","meta":[],"product_brand":[],"product_cat":[72],"product_tag":[8727,144,8726,2217,726,298,2110,2116,2436,2114,2118,2112,6992,1139,324,2131,133,2108,543,2104,2120,2102,5308,8728,2106,4782],"class_list":{"0":"post-37482","1":"product","2":"type-product","3":"status-publish","4":"has-post-thumbnail","6":"product_cat-wifi-sticks","7":"product_tag-5-8ghz2-4ghz","8":"product_tag-adapter","9":"product_tag-ax900mbs","10":"product_tag-band","11":"product_tag-bluetooth","12":"product_tag-dual","13":"product_tag-dual-band-wifi-adapter","14":"product_tag-high-speed-wifi-usb","15":"product_tag-internet","16":"product_tag-laptop-wifi-adapter","17":"product_tag-mini-wifi-adapter","18":"product_tag-pc-wifi-adapter","19":"product_tag-pcdesktoplaptop","20":"product_tag-play","21":"product_tag-plug","22":"product_tag-stick","23":"product_tag-usb","24":"product_tag-usb-wifi-dongle","25":"product_tag-wifi","26":"product_tag-wifi-stick","27":"product_tag-wifi-stick-price","28":"product_tag-wifi-usb-adapter","29":"product_tag-wifi6","30":"product_tag-win1011","31":"product_tag-wireless-usb-adapter","32":"product_tag-wlan","34":"first","35":"instock","36":"shipping-taxable","37":"product-type-external"},"_links":{"self":[{"href":"https:\/\/comprasyconsejos.store\/en\/wp-json\/wp\/v2\/product\/37482","targetHints":{"allow":["GET"]}}],"collection":[{"href":"https:\/\/comprasyconsejos.store\/en\/wp-json\/wp\/v2\/product"}],"about":[{"href":"https:\/\/comprasyconsejos.store\/en\/wp-json\/wp\/v2\/types\/product"}],"replies":[{"embeddable":true,"href":"https:\/\/comprasyconsejos.store\/en\/wp-json\/wp\/v2\/comments?post=37482"}],"version-history":[{"count":0,"href":"https:\/\/comprasyconsejos.store\/en\/wp-json\/wp\/v2\/product\/37482\/revisions"}],"wp:featuredmedia":[{"embeddable":true,"href":"https:\/\/comprasyconsejos.store\/en\/wp-json\/wp\/v2\/media\/37483"}],"wp:attachment":[{"href":"https:\/\/comprasyconsejos.store\/en\/wp-json\/wp\/v2\/media?parent=37482"}],"wp:term":[{"taxonomy":"product_brand","embeddable":true,"href":"https:\/\/comprasyconsejos.store\/en\/wp-json\/wp\/v2\/product_brand?post=37482"},{"taxonomy":"product_cat","embeddable":true,"href":"https:\/\/comprasyconsejos.store\/en\/wp-json\/wp\/v2\/product_cat?post=37482"},{"taxonomy":"product_tag","embeddable":true,"href":"https:\/\/comprasyconsejos.store\/en\/wp-json\/wp\/v2\/product_tag?post=37482"}],"curies":[{"name":"wp","href":"https:\/\/api.w.org\/{rel}","templated":true}]}}