{"id":37488,"date":"2026-03-04T11:45:33","date_gmt":"2026-03-04T11:45:33","guid":{"rendered":"https:\/\/comprasyconsejos.store\/product\/usb-c-cable-fast-charging-120w-to-usb-pack-2m-1m-3a-type-c-compatible-with-iphone-xiaomi-samsung-oppo-huawei-google-pixel-carplay-play-station-nintendo-switch-and-data-transfer-480mbps\/"},"modified":"2026-03-04T11:45:34","modified_gmt":"2026-03-04T11:45:34","slug":"usb-c-cable-fast-charging-120w-to-usb-pack-2m-1m-3a-type-c-compatible-with-iphone-xiaomi-samsung-oppo-huawei-google-pixel-carplay-play-station-nintendo-switch-and-data-transfer-480mbps","status":"publish","type":"product","link":"https:\/\/comprasyconsejos.store\/en\/product\/usb-c-cable-fast-charging-120w-to-usb-pack-2m-1m-3a-type-c-compatible-with-iphone-xiaomi-samsung-oppo-huawei-google-pixel-carplay-play-station-nintendo-switch-and-data-transfer-480mbps\/","title":{"rendered":"USB C Cable Fast Charging 120W to USB [Pack 2m + 1m] 3A Type C Compatible with iPhone, Xiaomi, Samsung, Oppo, Huawei, Google Pixel, Carplay, Play Station, Nintendo Switch and Data Transfer 480Mbps"},"content":{"rendered":"<p>Price: <span style=\"color:#b12704\">\u20ac9.99<\/span><br \/><i><small>(as of Mar 04, 2026 11:45:33 UTC &#8211; <span class=\"wp_automatic_amazon_disclaimer\" title=\"Product prices and availability are accurate as of the date\/time indicated and are subject to change. Any price and availability information displayed on [relevant Amazon Site(s), as applicable] at the time of purchase will apply to the purchase of this product.\">Details<\/span>)<\/small><\/i><\/p>\n<p><a href=\"https:\/\/amazon.es\/dp\/B0FG1MTMP2?tag=man008-21\"><img decoding=\"async\" src=\"https:\/\/valvepress.s3.amazonaws.com\/imgs\/buy_now.png\"><\/a><br \/>\n<\/p>\n<p>                                             Product Description   <\/p>\n<p>                                                                             <img decoding=\"async\" alt=\"El texto dice \u00abCABLE BPX\u00bb. Los m\u00faltiples \u00e1ngulos de un conector de cable USB blanco sobre un fondo oscuro muestran varias perspectivas de visualizaci\u00f3n.\" src=\"https:\/\/images-na.ssl-images-amazon.com\/images\/G\/01\/x-locale\/common\/grey-pixel.gif\" class=\"a-spacing-base a-lazy-loaded\" data-src=\"https:\/\/m.media-amazon.com\/images\/S\/aplus-media-library-service-media\/aa8d6dd6-79fc-4b42-8b9f-f6e5a0f8879a.__CR0,0,970,600_PT0_SX970_V1___.png\"><img decoding=\"async\" alt=\"El texto dice \u00abCABLE BPX\u00bb. Los m\u00faltiples \u00e1ngulos de un conector de cable USB blanco sobre un fondo oscuro muestran varias perspectivas de visualizaci\u00f3n.\" src=\"https:\/\/m.media-amazon.com\/images\/S\/aplus-media-library-service-media\/aa8d6dd6-79fc-4b42-8b9f-f6e5a0f8879a.__CR0,0,970,600_PT0_SX970_V1___.png\">                                                                    <\/p>\n<p>                                                                             <img decoding=\"async\" alt=\"aplus content image\" src=\"https:\/\/images-na.ssl-images-amazon.com\/images\/G\/01\/x-locale\/common\/grey-pixel.gif\" class=\"a-spacing-base a-lazy-loaded\" data-src=\"https:\/\/m.media-amazon.com\/images\/S\/aplus-media-library-service-media\/27c0bc77-d190-479c-bfd2-e850fc4551c6.__CR0,0,970,600_PT0_SX970_V1___.png\"><img decoding=\"async\" alt=\"aplus content image\" src=\"https:\/\/m.media-amazon.com\/images\/S\/aplus-media-library-service-media\/27c0bc77-d190-479c-bfd2-e850fc4551c6.__CR0,0,970,600_PT0_SX970_V1___.png\">                                                                    <\/p>\n<p class=\"apm-text-center\">\n                                                      <img decoding=\"async\" alt=\"Serie de im\u00e1genes de tem\u00e1tica c\u00f3smica o espacial que muestran franjas de luz azul brillante sobre un fondo oscuro con efectos de destello en la lente.\" src=\"https:\/\/images-na.ssl-images-amazon.com\/images\/G\/01\/x-locale\/common\/grey-pixel.gif\" class=\"a-lazy-loaded\" data-src=\"https:\/\/m.media-amazon.com\/images\/S\/aplus-media-library-service-media\/f67b73df-5dd7-4ecc-8dff-45ab7c5bd990.__CR0,0,220,220_PT0_SX220_V1___.png\"><img decoding=\"async\" alt=\"Serie de im\u00e1genes de tem\u00e1tica c\u00f3smica o espacial que muestran franjas de luz azul brillante sobre un fondo oscuro con efectos de destello en la lente.\" src=\"https:\/\/m.media-amazon.com\/images\/S\/aplus-media-library-service-media\/f67b73df-5dd7-4ecc-8dff-45ab7c5bd990.__CR0,0,220,220_PT0_SX220_V1___.png\">  <\/p>\n<p>                                                    120w Carga ultr\u00e1pida                                    <\/p>\n<p class=\"apm-text-center\">\n                                                      <img decoding=\"async\" alt=\"aplus content image\" src=\"https:\/\/images-na.ssl-images-amazon.com\/images\/G\/01\/x-locale\/common\/grey-pixel.gif\" class=\"a-lazy-loaded\" data-src=\"https:\/\/m.media-amazon.com\/images\/S\/aplus-media-library-service-media\/1b7df6f5-7f35-45b6-a61c-c5fb4faa0c5c.__CR0,0,220,220_PT0_SX220_V1___.png\"><img decoding=\"async\" alt=\"aplus content image\" src=\"https:\/\/m.media-amazon.com\/images\/S\/aplus-media-library-service-media\/1b7df6f5-7f35-45b6-a61c-c5fb4faa0c5c.__CR0,0,220,220_PT0_SX220_V1___.png\">  <\/p>\n<p>                                                    Compatible con todo tipo de dispositivos                                    <\/p>\n<p class=\"apm-text-center\">\n                                                      <img decoding=\"async\" alt=\"Serie de im\u00e1genes que muestran el uso de un soporte para smartphone en un autom\u00f3vil, que muestran la instalaci\u00f3n y la posici\u00f3n en el salpicadero o el parabrisas.\" src=\"https:\/\/images-na.ssl-images-amazon.com\/images\/G\/01\/x-locale\/common\/grey-pixel.gif\" class=\"a-lazy-loaded\" data-src=\"https:\/\/m.media-amazon.com\/images\/S\/aplus-media-library-service-media\/3bae5283-0195-4945-be3a-db1d3e45f68c.__CR0,0,220,220_PT0_SX220_V1___.png\"><img decoding=\"async\" alt=\"Serie de im\u00e1genes que muestran el uso de un soporte para smartphone en un autom\u00f3vil, que muestran la instalaci\u00f3n y la posici\u00f3n en el salpicadero o el parabrisas.\" src=\"https:\/\/m.media-amazon.com\/images\/S\/aplus-media-library-service-media\/3bae5283-0195-4945-be3a-db1d3e45f68c.__CR0,0,220,220_PT0_SX220_V1___.png\">  <\/p>\n<p>                                                    Apto para Car Play                                    <\/p>\n<p class=\"apm-text-center\">\n                                                      <img decoding=\"async\" alt=\"Un organizador o estuche de almacenamiento de pl\u00e1stico transparente con m\u00faltiples compartimentos. Aparece vac\u00edo y transparente, y se muestra desde diferentes \u00e1ngulos.\" src=\"https:\/\/images-na.ssl-images-amazon.com\/images\/G\/01\/x-locale\/common\/grey-pixel.gif\" class=\"a-lazy-loaded\" data-src=\"https:\/\/m.media-amazon.com\/images\/S\/aplus-media-library-service-media\/19c04d52-366f-4411-b54e-6d6ad977575e.__CR0,0,220,220_PT0_SX220_V1___.png\"><img decoding=\"async\" alt=\"Un organizador o estuche de almacenamiento de pl\u00e1stico transparente con m\u00faltiples compartimentos. Aparece vac\u00edo y transparente, y se muestra desde diferentes \u00e1ngulos.\" src=\"https:\/\/m.media-amazon.com\/images\/S\/aplus-media-library-service-media\/19c04d52-366f-4411-b54e-6d6ad977575e.__CR0,0,220,220_PT0_SX220_V1___.png\">  <\/p>\n<p>                                                    Transferenc\u00eda r\u00e1pida de datos                                    <\/p>\n<h3 class=\"a-size-extra-large a-spacing-base a-text-center\"> GRAN COMPATIBILIDAD <\/h3>\n<p>                                                        IPHONE                                    iPhone 17 \/iPhone 17 Pro \/iPhone 17 Pro Max\/iPhone 16 \/iPhone 16 Plus \/iPhone 16 Pro \/iPhone 16 Pro Max\/iPhone 15 \/iPhone 15 Plus \/iPhone 15 Pro \/iPhone 15 Pro Max                                        SAMSUNG S                                    S25 Ultra \/ S25+ \/ S25 \/ S24 Ultra \/ S24+ \/ S24 \/ S22 Ultra \/ S22+\/ S22 \/ S22fe \/ S21 Ultra \/ S21+ \/ S21s \/ S21 \/ S20 Ultra \/ S20+ \/ S20 \/ S10 \/ S10+ \/ S10e\/ S9(plus), S8 (plus)                                        SAMSUNG NOTE                                    Note 20 Ultra \/ Note 20 \/ Note 10+ \/ Note 10 \/ Note10 Lite \/ Note 9 \/ Note 8 \/ Note 7 \/ Note FE \/ Note Edge                                        SAMSUNG A                                    A90 \/ A80 \/ A72 \/ A71 \/ A70 \/ A54 \/ A53 \/ A52s \/ A52\/ A51 \/ A50s \/ A50 \/ A42 \/ A41 \/ A40\/ A34\/ A33 \/ A32 \/ A31 \/ A30s \/ A30 \/ A22 \/ A21s \/ A21 \/ A20s \/ A20 \/ A20e \/ A14\/ A12 \/ A11\/ A10 \/ A10s \/ A10e \/ A04 \/ A03                                        SAMSUNG FLIP                                    Z Flip5\/Z Fold5\/Z Flip4\/Z Fold4\/Z Flip3\/Z Fold3                                        SAMSUNG TAB                                    9 Ultra 5G\/ S9 Ultra\/Tab S9+\/Tab S9\/ Tab S8+ 5G\/Tab S8 5G\/Tab S7 FE\/Tab S6\/Tab A \/Tab A7 \/Tab S3\/Samsung Galaxy Book&#8230;                                        HUAWEI                                    Huawei Mate 60 Pro \/ P60 \/ P50 \/ P40 \/ P30 Pro \/ P20 \/ P20 Pro \/ P10 \/ P10 Plus \/ Mate 20 \/ Mate 10\/ Mate40\/ Mate40 Pro \/ Mate40 RS \/ Mate40E \/ Mate30 \/ Mate30 Pro \/ Mate30 RS \/ Mate20 \/ Mate20 Pro \/ Mate20 RS \/ Mate10 \/ Mate10 Pro \/ P50 \/ P50 Pro \/ P40 \/ P40 Pro \/ P30 \/ P30 Pro \/ P20 \/ P20 Pro \/ 9 \/ 9 Pro \/ 8 \/ 8 Pro \/ 7 \/ 7 Pro \/ 6 \/ 6 SE \/ Enjoy 20 \/ Enjoy 20 Plus \/ Enjoy 20 Pro \/ Enjoy Z \/ Enjoy 10 \/ Enjoy 10 Plus \/ Enjoy 9S \/ Enjoy 9e                                        XIAOMI                                    Mas de 470 m\u00f3viles entre los que destacan Xiaomi 15 \/ Xiaomi 15 Pro \/ Xiaomi 15 Ultra\/ Xiaomi 14 \/ Xiaomi 14 Pro \/ Xiaomi 14 Ultra\/ Redmi Note 15 \/ Redmi Note 15 Pro \/ Redmi Note 15 Pro+\/ Redmi Note 14 \/ Redmi Note 14 Pro\/ Redmi A series\/ Redmi Note 13 Pro\/ Redmi 15 \/ Redmi 15C\/Redmi 14\/ Xiaomi 13 \/ Xiaomi 13 Pro \/ Xiaomi 13 Ultra\/Xiaomi 12 \/ Xiaomi 12 Pro\/ Xiaomi 11T \/ Xiaomi 11T Pr                                        GOOGLE PIXEL                                    Pixel 7 \/ Pixel 7 Pro \/ Pixel 6 \/ Pixel 6 Pro \/ Pixel 5 \/ Pixel 4 \/ Pixel 4 XL \/ Pixel 3 \/ Pixel 3 XL \/ Pixel 2 \/ Pixel 2 XL \/ Pixel XL \/ Pixel C \/ Nexus 5X \/ Nexus 6P                                        PS\/XBOX\/NINTENDO                                    Playstation 5 \/ Series X \/ Series S Controllers \/ Xbox One \/ Nintendo Switch                                        IPAD                                    Mas de 100 versiones entre las que destacan iPad Pro 2022\/2021\/2020\/2018 (iPad Pro1th-11in\/2th-11in\/3th\/4th\/5th\/6th), iPad Air 2022\/2020(iPad Air 4th\/5th), iPad Mini 2021 (iPad Mini 6th), iPad 2022 (iPad 10th)                  <\/p>\n<p> Package Dimensions                                            \u200f                                            :                                            \u200e                                            20.3 x 14.3 x 1.5 cm; 70 g   <br \/> Date First Available                                            \u200f                                            :                                            \u200e                                            30 Dec. 2025   <br \/> Manufacturer                                            \u200f                                            :                                            \u200e                                            Bullpowex   <br \/> ASIN                                            \u200f                                            :                                            \u200e                                            B0FG1MTMP2   <br \/> Item model number                                            \u200f                                            :                                            \u200e                                            BPX-USBC-120W-2M1M   <br \/> Country of origin                                            \u200f                                            :                                            \u200e                                            China   <br \/>       Best Sellers Rank:  21 in USB Cables       <br \/>  Customer reviews:                                                                                            4.6               4.6 out of 5 stars                                  (71)                                              var dpAcrHasRegisteredArcLinkClickAction;                    P.when(&#8216;A&#8217;, &#8216;ready&#8217;).execute(function(A) {                        if (dpAcrHasRegisteredArcLinkClickAction !== true) {                            dpAcrHasRegisteredArcLinkClickAction = true;                            A.declarative(                                &#8216;acrLink-click-metrics&#8217;, &#8216;click&#8217;,                                { \u00aballowLinkDefault\u00bb: true },                                function (event) {                                    if (window.ue) {                                        ue.count(\u00abacrLinkClickCount\u00bb, (ue.count(\u00abacrLinkClickCount\u00bb) || 0) + 1);                                    }                                }                            );                        }                    });                                             P.when(&#8216;A&#8217;, &#8216;cf&#8217;).execute(function(A) {                A.declarative(&#8216;acrStarsLink-click-metrics&#8217;, &#8216;click&#8217;, { \u00aballowLinkDefault\u00bb : true },  function(event){                    if(window.ue) {                        ue.count(\u00abacrStarsLinkWithPopoverClickCount\u00bb, (ue.count(\u00abacrStarsLinkWithPopoverClickCount\u00bb) || 0) + 1);                    }                });            });                          <\/p>\n<p>Fast Charging: Our BPX cable allows for fast charging with devices up to 120W. With our Quick Charge 3.0 technology and with a maximum power of 3A charging, you won&#8217;t have to worry about your phone&#8217;s battery.<br \/>Includes 2 cables: 1 x 2m cable for longer distances and 1 x 1m cable for shorter distances.<br \/>Compatibility: BPX cable is compatible with iPhone, Xiaomi, Samsung, Huawei, Oppo, Google Pixel, Nintendo Switch, Play Station, Xbox One, Car Play, PCs, Laptops, Power Bank, Tablets, Hard Drives, etc.<br \/>Data Transmission: With USB 2.0 supports up to 480Mbps speed for data synchronization. It can stream photos, movies, songs, videos, files&#8230; in seconds.<br \/>Guarantee: Our products meet the highest quality standards and of course with European warranty. If you have any questions or problems, do not hesitate to contact us. Quality and service is our highest exponent. *Factory Warranty is only available through authorized sellers*<\/p>\n\n","protected":false},"excerpt":{"rendered":"<p> Product Description 120w Carga ultr\u00e1pida Compatible con todo tipo de dispositivos Apto para Car Play<\/p>","protected":false},"featured_media":37489,"comment_status":"open","ping_status":"closed","template":"","meta":[],"product_brand":[],"product_cat":[69],"product_tag":[5902,4881,182,370,138,2047,201,199,2044,137,254,2052,2037,7057,147,2054,2046,2685,11142,178,171,1139,2049,249,156,1062,336,168,133,2050,2042,2040,5338],"class_list":{"0":"post-37488","1":"product","2":"type-product","3":"status-publish","4":"has-post-thumbnail","6":"product_cat-cables-adapters","7":"product_tag-120w","8":"product_tag-480mbps","9":"product_tag-cable","10":"product_tag-carplay","11":"product_tag-charging","12":"product_tag-charging-cable","13":"product_tag-compatible","14":"product_tag-data","15":"product_tag-displayport-cable","16":"product_tag-fast","17":"product_tag-google","18":"product_tag-hdmi-adapter","19":"product_tag-hdmi-cable","20":"product_tag-huawei","21":"product_tag-iphone","22":"product_tag-multiport-adapter","23":"product_tag-network-cable","24":"product_tag-nintendo","25":"product_tag-oppo","26":"product_tag-pack","27":"product_tag-pixel","28":"product_tag-play","29":"product_tag-power-cable","30":"product_tag-samsung","31":"product_tag-station","32":"product_tag-switch","33":"product_tag-transfer","34":"product_tag-type","35":"product_tag-usb","36":"product_tag-usb-adapter","37":"product_tag-usb-c-cable","38":"product_tag-usb-cable","39":"product_tag-xiaomi","41":"first","42":"instock","43":"shipping-taxable","44":"product-type-external"},"_links":{"self":[{"href":"https:\/\/comprasyconsejos.store\/en\/wp-json\/wp\/v2\/product\/37488","targetHints":{"allow":["GET"]}}],"collection":[{"href":"https:\/\/comprasyconsejos.store\/en\/wp-json\/wp\/v2\/product"}],"about":[{"href":"https:\/\/comprasyconsejos.store\/en\/wp-json\/wp\/v2\/types\/product"}],"replies":[{"embeddable":true,"href":"https:\/\/comprasyconsejos.store\/en\/wp-json\/wp\/v2\/comments?post=37488"}],"version-history":[{"count":0,"href":"https:\/\/comprasyconsejos.store\/en\/wp-json\/wp\/v2\/product\/37488\/revisions"}],"wp:featuredmedia":[{"embeddable":true,"href":"https:\/\/comprasyconsejos.store\/en\/wp-json\/wp\/v2\/media\/37489"}],"wp:attachment":[{"href":"https:\/\/comprasyconsejos.store\/en\/wp-json\/wp\/v2\/media?parent=37488"}],"wp:term":[{"taxonomy":"product_brand","embeddable":true,"href":"https:\/\/comprasyconsejos.store\/en\/wp-json\/wp\/v2\/product_brand?post=37488"},{"taxonomy":"product_cat","embeddable":true,"href":"https:\/\/comprasyconsejos.store\/en\/wp-json\/wp\/v2\/product_cat?post=37488"},{"taxonomy":"product_tag","embeddable":true,"href":"https:\/\/comprasyconsejos.store\/en\/wp-json\/wp\/v2\/product_tag?post=37488"}],"curies":[{"name":"wp","href":"https:\/\/api.w.org\/{rel}","templated":true}]}}