{"id":37491,"date":"2026-03-04T11:51:29","date_gmt":"2026-03-04T11:51:29","guid":{"rendered":"https:\/\/comprasyconsejos.store\/product\/hikmicro-minie-thermal-camera-ios-android-superir-image-enhancement-25hz-for-mobile-tablet-usb-c-lightning-compatible-with-iphone-15-16\/"},"modified":"2026-03-04T11:51:32","modified_gmt":"2026-03-04T11:51:32","slug":"hikmicro-minie-thermal-camera-ios-android-superir-image-enhancement-25hz-for-mobile-tablet-usb-c-lightning-compatible-with-iphone-15-16","status":"publish","type":"product","link":"https:\/\/comprasyconsejos.store\/en\/product\/hikmicro-minie-thermal-camera-ios-android-superir-image-enhancement-25hz-for-mobile-tablet-usb-c-lightning-compatible-with-iphone-15-16\/","title":{"rendered":"HIKMICRO MiniE Thermal Camera &#8211; iOS\/Android, SuperIR Image Enhancement, 25Hz, for Mobile\/Tablet, USB-C\/Lightning (Compatible with iPhone 15\/16)"},"content":{"rendered":"<p>Price: <span style=\"color:#b12704\">\u20ac139.00<\/span><br \/><i><small>(as of Mar 04, 2026 11:51:29 UTC &#8211; <span class=\"wp_automatic_amazon_disclaimer\" title=\"Product prices and availability are accurate as of the date\/time indicated and are subject to change. Any price and availability information displayed on [relevant Amazon Site(s), as applicable] at the time of purchase will apply to the purchase of this product.\">Details<\/span>)<\/small><\/i><\/p>\n<p><a href=\"https:\/\/amazon.es\/dp\/B0DKNWDT66?tag=man008-21\"><img decoding=\"async\" src=\"https:\/\/valvepress.s3.amazonaws.com\/imgs\/buy_now.png\"><\/a><br \/>\n<\/p>\n<p>                                             From the brand   <\/p>\n<p>                                              <img decoding=\"async\" alt=\"Visualizaci\u00f3n de c\u00e1maras termogr\u00e1ficas port\u00e1tiles. Varias unidades con pantallas coloridas que muestran se\u00f1ales de calor. Montado sobre un soporte negro con una unidad adicional.\" src=\"https:\/\/images-na.ssl-images-amazon.com\/images\/G\/01\/x-locale\/common\/grey-pixel.gif\" class=\"a-lazy-loaded\" data-src=\"https:\/\/m.media-amazon.com\/images\/S\/aplus-media-library-service-media\/e8e1a07d-f17f-4363-940c-23ca9a06b7d5.__CR0,0,1464,625_PT0_SX1464_V1___.jpg\"><img decoding=\"async\" alt=\"Visualizaci\u00f3n de c\u00e1maras termogr\u00e1ficas port\u00e1tiles. Varias unidades con pantallas coloridas que muestran se\u00f1ales de calor. Montado sobre un soporte negro con una unidad adicional.\" src=\"https:\/\/m.media-amazon.com\/images\/S\/aplus-media-library-service-media\/e8e1a07d-f17f-4363-940c-23ca9a06b7d5.__CR0,0,1464,625_PT0_SX1464_V1___.jpg\">  <\/p>\n<p>                                              <img decoding=\"async\" alt=\"\" src=\"https:\/\/images-na.ssl-images-amazon.com\/images\/G\/01\/x-locale\/common\/grey-pixel.gif\" class=\"a-lazy-loaded\" data-src=\"https:\/\/m.media-amazon.com\/images\/S\/aplus-media-library-service-media\/5c54a816-33b7-49ac-948c-4c451a9e3410.__CR0,0,315,145_PT0_SX315_V1___.png\"><img decoding=\"async\" alt=\"\" src=\"https:\/\/m.media-amazon.com\/images\/S\/aplus-media-library-service-media\/5c54a816-33b7-49ac-948c-4c451a9e3410.__CR0,0,315,145_PT0_SX315_V1___.png\">  <\/p>\n<p> HIKMICRO invierte m\u00e1s del 15% de sus ventas anuales en investigaci\u00f3n y desarrollo y cuenta con un completo sistema interno de dise\u00f1o y fabricaci\u00f3n. Las instalaciones de producci\u00f3n de 10.000 m\u00b2 tienen una capacidad de producci\u00f3n anual de 10.000.000 sensores y 1.500.000 productos t\u00e9rmicos. <\/p>\n<p>                                              <img decoding=\"async\" alt=\"que muestra las estad\u00edsticas de ventas mundiales. El texto dice: \u00abEn marzo de 2025, se vendieron m\u00e1s de 1,7 millones de unidades en todo el mundo con fines de innovaci\u00f3n\u00bb. A continuaci\u00f3n, se muestran \u00abm\u00e1s de 110\u00bb pa\u00edses afectados, con banderas\" src=\"https:\/\/images-na.ssl-images-amazon.com\/images\/G\/01\/x-locale\/common\/grey-pixel.gif\" class=\"a-lazy-loaded\" data-src=\"https:\/\/m.media-amazon.com\/images\/S\/aplus-media-library-service-media\/559907df-ce15-4e30-be37-52843619c9fa.__CR0,0,362,453_PT0_SX362_V1___.jpg\"><img decoding=\"async\" alt=\"que muestra las estad\u00edsticas de ventas mundiales. El texto dice: \u00abEn marzo de 2025, se vendieron m\u00e1s de 1,7 millones de unidades en todo el mundo con fines de innovaci\u00f3n\u00bb. A continuaci\u00f3n, se muestran \u00abm\u00e1s de 110\u00bb pa\u00edses afectados, con banderas\" src=\"https:\/\/m.media-amazon.com\/images\/S\/aplus-media-library-service-media\/559907df-ce15-4e30-be37-52843619c9fa.__CR0,0,362,453_PT0_SX362_V1___.jpg\">  <\/p>\n<p>                                              <img decoding=\"async\" alt=\"Imagen compuesta que muestra logotipos de sitios web y publicaciones relacionados con la tecnolog\u00eda: T&amp;amp;D World, Structure Tech, Digital Camera World, The Gadgeteer\" src=\"https:\/\/images-na.ssl-images-amazon.com\/images\/G\/01\/x-locale\/common\/grey-pixel.gif\" class=\"a-lazy-loaded\" data-src=\"https:\/\/m.media-amazon.com\/images\/S\/aplus-media-library-service-media\/8082bacc-a572-4bb9-975c-8cc2e8d5d617.__CR0,0,362,453_PT0_SX362_V1___.jpg\"><img decoding=\"async\" alt=\"Imagen compuesta que muestra logotipos de sitios web y publicaciones relacionados con la tecnolog\u00eda: T&amp;amp;D World, Structure Tech, Digital Camera World, The Gadgeteer\" src=\"https:\/\/m.media-amazon.com\/images\/S\/aplus-media-library-service-media\/8082bacc-a572-4bb9-975c-8cc2e8d5d617.__CR0,0,362,453_PT0_SX362_V1___.jpg\">  <\/p>\n<h3> Eco Lite Term\u00f3metro <\/h3>\n<p class=\"apm-brand-story-stores-link\">\n<h3> MiniE <\/h3>\n<p>                                              <img decoding=\"async\" alt=\"\" src=\"https:\/\/images-na.ssl-images-amazon.com\/images\/G\/01\/x-locale\/common\/grey-pixel.gif\" class=\"a-lazy-loaded\" data-src=\"https:\/\/m.media-amazon.com\/images\/S\/aplus-media-library-service-media\/ed4c2e5d-c88a-40d7-8d16-2c1197f414ff.__CR50,0,400,500_PT0_SX362_V1___.jpg\"><img decoding=\"async\" alt=\"\" src=\"https:\/\/m.media-amazon.com\/images\/S\/aplus-media-library-service-media\/ed4c2e5d-c88a-40d7-8d16-2c1197f414ff.__CR50,0,400,500_PT0_SX362_V1___.jpg\">  <\/p>\n<h3> D01 <\/h3>\n<h3> SERIE PORT\u00c1TIL <\/h3>\n<p class=\"apm-brand-story-stores-link\">\n<h3> Mini2W <\/h3>\n<p class=\"apm-brand-story-stores-link\">\n<h3> SERIE MINI  <\/h3>\n<p class=\"apm-brand-story-stores-link\">\n<p>                                              <img decoding=\"async\" alt=\"\" src=\"https:\/\/images-na.ssl-images-amazon.com\/images\/G\/01\/x-locale\/common\/grey-pixel.gif\" class=\"a-lazy-loaded\" data-src=\"https:\/\/m.media-amazon.com\/images\/S\/aplus-media-library-service-media\/fb5d4650-519c-49c2-bfad-5b5331fc8c24.__CR0,23,463,579_PT0_SX362_V1___.jpg\"><img decoding=\"async\" alt=\"\" src=\"https:\/\/m.media-amazon.com\/images\/S\/aplus-media-library-service-media\/fb5d4650-519c-49c2-bfad-5b5331fc8c24.__CR0,23,463,579_PT0_SX362_V1___.jpg\">  <\/p>\n<h3> B10S <\/h3>\n<h3> SERIE PORT\u00c1TIL <\/h3>\n<p class=\"apm-brand-story-stores-link\">\n<p>                                              <img decoding=\"async\" alt=\"\" src=\"https:\/\/images-na.ssl-images-amazon.com\/images\/G\/01\/x-locale\/common\/grey-pixel.gif\" class=\"a-lazy-loaded\" data-src=\"https:\/\/m.media-amazon.com\/images\/S\/aplus-media-library-service-media\/cc7ea9ef-20a0-451b-b2e4-dde096236aa7.__CR108,0,863,1080_PT0_SX362_V1___.jpg\"><img decoding=\"async\" alt=\"\" src=\"https:\/\/m.media-amazon.com\/images\/S\/aplus-media-library-service-media\/cc7ea9ef-20a0-451b-b2e4-dde096236aa7.__CR108,0,863,1080_PT0_SX362_V1___.jpg\">  <\/p>\n<h3> PocketC <\/h3>\n<h3> SERIE POCKET <\/h3>\n<p class=\"apm-brand-story-stores-link\">\n<p> Batteries                                            \u200f                                            :                                            \u200e                                            9V batteries required.   <br \/> Package Dimensions                                            \u200f                                            :                                            \u200e                                            17.6 x 12.4 x 6.9 cm; 420 g   <br \/> Date First Available                                            \u200f                                            :                                            \u200e                                            20 Nov. 2024   <br \/> Manufacturer                                            \u200f                                            :                                            \u200e                                            HIKMICRO   <br \/> ASIN                                            \u200f                                            :                                            \u200e                                            B0DKNWDT66   <br \/> Item model number                                            \u200f                                            :                                            \u200e                                            Mini-E   <br \/> Country of origin                                            \u200f                                            :                                            \u200e                                            China   <br \/>       Best Sellers Rank:  21,875 in Industrial &#038; Scientific (See Top 100 in Industrial &#038; Scientific)    42 in Thermal Imagers      <br \/>  Customer reviews:                                                                                            4.2               4.2 out of 5 stars                                  (590)                                              var dpAcrHasRegisteredArcLinkClickAction;                    P.when(&#8216;A&#8217;, &#8216;ready&#8217;).execute(function(A) {                        if (dpAcrHasRegisteredArcLinkClickAction !== true) {                            dpAcrHasRegisteredArcLinkClickAction = true;                            A.declarative(                                &#8216;acrLink-click-metrics&#8217;, &#8216;click&#8217;,                                { \u00aballowLinkDefault\u00bb: true },                                function (event) {                                    if (window.ue) {                                        ue.count(\u00abacrLinkClickCount\u00bb, (ue.count(\u00abacrLinkClickCount\u00bb) || 0) + 1);                                    }                                }                            );                        }                    });                                             P.when(&#8216;A&#8217;, &#8216;cf&#8217;).execute(function(A) {                A.declarative(&#8216;acrStarsLink-click-metrics&#8217;, &#8216;click&#8217;, { \u00aballowLinkDefault\u00bb : true },  function(event){                    if(window.ue) {                        ue.count(\u00abacrStarsLinkWithPopoverClickCount\u00bb, (ue.count(\u00abacrStarsLinkWithPopoverClickCount\u00bb) || 0) + 1);                    }                });            });                          <\/p>\n<p>\u3010Visualize Heat Patterns, Enhanced Image Quality\u3011The MiniE thermal camera allows you to visualize heat patterns and measure temperatures at 9216 points, eliminating the need for guesswork. With an IR resolution of 96&#215;96 and advanced SuperIR image enhancement technology, it delivers real-time image enhancement at 25Hz. Not compatible with iPhone 17.<br \/>\u3010Accurate Temperature Reading\u3011The MiniE can detect temperature differences as small as 0.05\u2103 and delivers accurate readings with impressive accuracy up to \u00b12\u2103\/\u00b13.6\u2109. By adjusting the emissivity and distance of the object, you can achieve professional-level operation and improve the accuracy of temperature readings.<br \/>\u3010Flexible Measurement Settings\u3011(1) 3 measurement presets: 3 automatic spot trackers; 3 custom temperature points or 3 custom area measurements (max, minimum). (2) 15 flexible color palettes for your work. (3) Upper and lower limit of temperature measurement. (4) 3 units of temperature measurement: Celsius by default, with option to switch to Fahrenheit\/Kelvin.<br \/>\u3010No Battery, Low Consumption\u3011No battery design, never worry about charging the MiniE before using it. In addition, the power consumption is extremely low at only 0.31W and can work for 6-8 hours on smartphones and tablets. This makes it a plug and play ready, and safe for extended use on site.<br \/>\u3010Portable &#038; Easy to Use\u3011Weighing only 20g, the MiniE thermal camera is compact and lightweight. Plug and play from your smartphone or tablet (Android\/iOS). Automatic and manual rotation of \u00ab90\u00b0\u00bb allows flexible inspection. The package includes a 60cm (23.6&#8243;) extension cable, storage bag and USB adapter for convenience.<br \/>\u3010Hassle-free Warranty\u3011With a 3-year warranty for the entire device and 10 years for the sensor, lifetime firmware updates and technical support, the MiniE offers reliable performance for extended use on site, ensuring trouble-free operation.<\/p>\n\n","protected":false},"excerpt":{"rendered":"<p> From the brand HIKMICRO invierte m\u00e1s del 15% de sus ventas anuales en investigaci\u00f3n y<\/p>","protected":false},"featured_media":37492,"comment_status":"open","ping_status":"closed","template":"","meta":[],"product_brand":[],"product_cat":[67],"product_tag":[11144,2039,681,201,2045,2034,8118,2043,2038,4644,3128,10580,147,11143,11145,10498,2053,2035,2036,2033,2041,2048,11146],"class_list":{"0":"post-37491","1":"product","2":"type-product","3":"status-publish","4":"has-post-thumbnail","6":"product_cat-thermal-paste","7":"product_tag-25hz","8":"product_tag-best-thermal-paste","9":"product_tag-camera","10":"product_tag-compatible","11":"product_tag-cpu-cooling-paste","12":"product_tag-cpu-thermal-paste","13":"product_tag-enhancement","14":"product_tag-heat-sink-paste","15":"product_tag-high-performance-thermal-paste","16":"product_tag-hikmicro","17":"product_tag-image","18":"product_tag-iosandroid","19":"product_tag-iphone","20":"product_tag-minie","21":"product_tag-mobiletablet","22":"product_tag-superir","23":"product_tag-thermal","24":"product_tag-thermal-compound","25":"product_tag-thermal-grease","26":"product_tag-thermal-paste","27":"product_tag-thermal-paste-for-gaming-pc","28":"product_tag-thermal-paste-price","29":"product_tag-usbclightning","31":"first","32":"instock","33":"shipping-taxable","34":"product-type-external"},"_links":{"self":[{"href":"https:\/\/comprasyconsejos.store\/en\/wp-json\/wp\/v2\/product\/37491","targetHints":{"allow":["GET"]}}],"collection":[{"href":"https:\/\/comprasyconsejos.store\/en\/wp-json\/wp\/v2\/product"}],"about":[{"href":"https:\/\/comprasyconsejos.store\/en\/wp-json\/wp\/v2\/types\/product"}],"replies":[{"embeddable":true,"href":"https:\/\/comprasyconsejos.store\/en\/wp-json\/wp\/v2\/comments?post=37491"}],"version-history":[{"count":0,"href":"https:\/\/comprasyconsejos.store\/en\/wp-json\/wp\/v2\/product\/37491\/revisions"}],"wp:featuredmedia":[{"embeddable":true,"href":"https:\/\/comprasyconsejos.store\/en\/wp-json\/wp\/v2\/media\/37492"}],"wp:attachment":[{"href":"https:\/\/comprasyconsejos.store\/en\/wp-json\/wp\/v2\/media?parent=37491"}],"wp:term":[{"taxonomy":"product_brand","embeddable":true,"href":"https:\/\/comprasyconsejos.store\/en\/wp-json\/wp\/v2\/product_brand?post=37491"},{"taxonomy":"product_cat","embeddable":true,"href":"https:\/\/comprasyconsejos.store\/en\/wp-json\/wp\/v2\/product_cat?post=37491"},{"taxonomy":"product_tag","embeddable":true,"href":"https:\/\/comprasyconsejos.store\/en\/wp-json\/wp\/v2\/product_tag?post=37491"}],"curies":[{"name":"wp","href":"https:\/\/api.w.org\/{rel}","templated":true}]}}