{"id":37511,"date":"2026-03-04T12:21:51","date_gmt":"2026-03-04T12:21:51","guid":{"rendered":"https:\/\/comprasyconsejos.store\/product\/asus-rog-swift-oled-pg32ucdmr-32-gaming-monitor-4k-3840-x-2160-qd-oled-240hz-0-03ms-g-sync-heatsink-neo-proximity-sensor-99-dci-p3-care-pro-usb-type-c-dp-2-1a-hdmi-2-1\/"},"modified":"2026-03-04T12:21:55","modified_gmt":"2026-03-04T12:21:55","slug":"asus-rog-swift-oled-pg32ucdmr-32-gaming-monitor-4k-3840-x-2160-qd-oled-240hz-0-03ms-g-sync-heatsink-neo-proximity-sensor-99-dci-p3-care-pro-usb-type-c-dp-2-1a-hdmi-2-1","status":"publish","type":"product","link":"https:\/\/comprasyconsejos.store\/en\/product\/asus-rog-swift-oled-pg32ucdmr-32-gaming-monitor-4k-3840-x-2160-qd-oled-240hz-0-03ms-g-sync-heatsink-neo-proximity-sensor-99-dci-p3-care-pro-usb-type-c-dp-2-1a-hdmi-2-1\/","title":{"rendered":"ASUS ROG Swift OLED PG32UCDMR 32&#8243; Gaming Monitor, 4K (3840 x 2160), QD-OLED, 240Hz, 0.03ms, G-Sync, Heatsink, Neo Proximity Sensor, 99% DCI-P3, Care Pro, USB Type-C, DP 2.1a, HDMI 2.1"},"content":{"rendered":"<p>Price: <span style=\"color:#b12704\"><del>\u20ac1,100.00<\/del> - \u20ac1,014.99<\/span><br \/><i><small>(as of Mar 04, 2026 12:21:51 UTC &#8211; <span class=\"wp_automatic_amazon_disclaimer\" title=\"Product prices and availability are accurate as of the date\/time indicated and are subject to change. Any price and availability information displayed on [relevant Amazon Site(s), as applicable] at the time of purchase will apply to the purchase of this product.\">Details<\/span>)<\/small><\/i><\/p>\n<p><a href=\"https:\/\/amazon.es\/dp\/B0DS267F6V?tag=man008-21\"><img decoding=\"async\" src=\"https:\/\/valvepress.s3.amazonaws.com\/imgs\/buy_now.png\"><\/a><br \/>\n<\/p>\n<p>                                             From the manufacturer   <\/p>\n<p>                                                                             <img decoding=\"async\" alt=\"aplus content image\" src=\"https:\/\/images-na.ssl-images-amazon.com\/images\/G\/01\/x-locale\/common\/grey-pixel.gif\" class=\"a-spacing-base a-lazy-loaded\" data-src=\"https:\/\/m.media-amazon.com\/images\/S\/aplus-media-library-service-media\/9a0dca53-2f87-434b-a010-05cc4e08770e.__CR0,0,970,600_PT0_SX970_V1___.jpg\"><img decoding=\"async\" alt=\"aplus content image\" src=\"https:\/\/m.media-amazon.com\/images\/S\/aplus-media-library-service-media\/9a0dca53-2f87-434b-a010-05cc4e08770e.__CR0,0,970,600_PT0_SX970_V1___.jpg\">                                                                    <\/p>\n<p>                                                                             <img decoding=\"async\" alt=\"aplus content image\" src=\"https:\/\/images-na.ssl-images-amazon.com\/images\/G\/01\/x-locale\/common\/grey-pixel.gif\" class=\"a-spacing-base a-lazy-loaded\" data-src=\"https:\/\/m.media-amazon.com\/images\/S\/aplus-media-library-service-media\/0969b292-4267-469f-9120-b2835ad34ac9.__CR0,0,970,600_PT0_SX970_V1___.jpg\"><img decoding=\"async\" alt=\"aplus content image\" src=\"https:\/\/m.media-amazon.com\/images\/S\/aplus-media-library-service-media\/0969b292-4267-469f-9120-b2835ad34ac9.__CR0,0,970,600_PT0_SX970_V1___.jpg\">                                                                    <\/p>\n<p class=\"apm-text-center\">\n                                                      <img decoding=\"async\" alt=\"aplus content image\" src=\"https:\/\/images-na.ssl-images-amazon.com\/images\/G\/01\/x-locale\/common\/grey-pixel.gif\" class=\"a-spacing-mini a-lazy-loaded\" data-src=\"https:\/\/m.media-amazon.com\/images\/S\/aplus-media-library-service-media\/6da00be7-3cad-409e-bbfc-73ac60985079.__CR0,0,300,300_PT0_SX300_V1___.jpg\"><img decoding=\"async\" alt=\"aplus content image\" src=\"https:\/\/m.media-amazon.com\/images\/S\/aplus-media-library-service-media\/6da00be7-3cad-409e-bbfc-73ac60985079.__CR0,0,300,300_PT0_SX300_V1___.jpg\">  <\/p>\n<p>                                                    Experimenta lo \u00faltimo Cambio de juego                                       <\/p>\n<p> El panel QD-OLED 4K de 32 pulgadas del PG32UCDMR abre un mundo de experiencias de juego y entretenimiento incre\u00edblemente realistas. Adem\u00e1s, la frecuencia de refresco de 240 Hz garantiza unos efectos visuales suaves como la mantequilla y elimina el desenfoque por movimiento para darte ventaja en los juegos de ritmo r\u00e1pido. <\/p>\n<p class=\"apm-text-center\">\n                                                      <img decoding=\"async\" alt=\"Pantalla o interfaz digital que muestra filas de barras o indicadores de colores, que posiblemente representen mediciones t\u00e9cnicas o de audio.\" src=\"https:\/\/images-na.ssl-images-amazon.com\/images\/G\/01\/x-locale\/common\/grey-pixel.gif\" class=\"a-spacing-mini a-lazy-loaded\" data-src=\"https:\/\/m.media-amazon.com\/images\/S\/aplus-media-library-service-media\/90c63dca-bd18-417b-b754-76d71006d166.__CR0,0,300,300_PT0_SX300_V1___.jpg\"><img decoding=\"async\" alt=\"Pantalla o interfaz digital que muestra filas de barras o indicadores de colores, que posiblemente representen mediciones t\u00e9cnicas o de audio.\" src=\"https:\/\/m.media-amazon.com\/images\/S\/aplus-media-library-service-media\/90c63dca-bd18-417b-b754-76d71006d166.__CR0,0,300,300_PT0_SX300_V1___.jpg\">  <\/p>\n<p>                                                    Im\u00e1genes detalladas y texto claramente definido                                       <\/p>\n<p> Los paneles QD-OLED de \u00faltima generaci\u00f3n aprovechan una exclusiva disposici\u00f3n de subp\u00edxeles que proporciona im\u00e1genes m\u00e1s claras y detalladas y texto m\u00e1s n\u00edtido para mejorar la experiencia visual. <\/p>\n<p class=\"apm-text-center\">\n                                                      <img decoding=\"async\" alt=\"aplus content image\" src=\"https:\/\/images-na.ssl-images-amazon.com\/images\/G\/01\/x-locale\/common\/grey-pixel.gif\" class=\"a-spacing-mini a-lazy-loaded\" data-src=\"https:\/\/m.media-amazon.com\/images\/S\/aplus-media-library-service-media\/4fa3635f-fc21-4ec7-a261-be56ba132a55.__CR0,0,300,300_PT0_SX300_V1___.jpg\"><img decoding=\"async\" alt=\"aplus content image\" src=\"https:\/\/m.media-amazon.com\/images\/S\/aplus-media-library-service-media\/4fa3635f-fc21-4ec7-a261-be56ba132a55.__CR0,0,300,300_PT0_SX300_V1___.jpg\">  <\/p>\n<p>                                                    Ventajas de la tecnolog\u00eda QD-OLED                                       <\/p>\n<p> El panel QD-OLED del PG32UCDMR cuenta con una amplia gama crom\u00e1tica DCI-P3 del 99%, que ofrece una reproducci\u00f3n precisa del color para tareas profesionales. Su relaci\u00f3n de contraste infinita garantiza negros profundos y colores vibrantes, creando im\u00e1genes envolventes tanto para juegos como para tareas creativas. La latencia incre\u00edblemente baja aumenta a\u00fan m\u00e1s su atractivo, proporcionando un rendimiento fluido y sensible para aplicaciones exigentes. <\/p>\n<p class=\"apm-text-center\">\n                                                      <img decoding=\"async\" alt=\"aplus content image\" src=\"https:\/\/images-na.ssl-images-amazon.com\/images\/G\/01\/x-locale\/common\/grey-pixel.gif\" class=\"a-spacing-mini a-lazy-loaded\" data-src=\"https:\/\/m.media-amazon.com\/images\/S\/aplus-media-library-service-media\/f22c3409-f087-41e1-be2c-92d4de5fba86.__CR0,0,300,300_PT0_SX300_V1___.jpg\"><img decoding=\"async\" alt=\"aplus content image\" src=\"https:\/\/m.media-amazon.com\/images\/S\/aplus-media-library-service-media\/f22c3409-f087-41e1-be2c-92d4de5fba86.__CR0,0,300,300_PT0_SX300_V1___.jpg\">  <\/p>\n<p>                                                    A TU MONITOR A TU MANERA                                       <\/p>\n<p> El monitor PG32UCDMR es una potencia vers\u00e1til dise\u00f1ada para sobresalir en juegos, streaming y creaci\u00f3n de contenidos. Su alta frecuencia de actualizaci\u00f3n, bajo tiempo de respuesta y colores vivos ofrecen a los jugadores una experiencia envolvente y sin interrupciones. El amplio \u00e1ngulo de visi\u00f3n y la toma para tr\u00edpode incorporada lo hacen perfecto para el streaming, mientras que su reproducci\u00f3n fiel del color, con una precisi\u00f3n crom\u00e1tica excepcional y una amplia gama de colores, garantiza una calidad profesional creaci\u00f3n de contenidos. <\/p>\n<p class=\"apm-text-center\">\n                                                      <img decoding=\"async\" alt=\"Primeros planos de equipos de iluminaci\u00f3n iluminados para escenarios o conciertos con haces azules y morados sobre un fondo oscuro.\" src=\"https:\/\/images-na.ssl-images-amazon.com\/images\/G\/01\/x-locale\/common\/grey-pixel.gif\" class=\"a-spacing-mini a-lazy-loaded\" data-src=\"https:\/\/m.media-amazon.com\/images\/S\/aplus-media-library-service-media\/0297535b-73c6-4f4b-b362-07512c555dec.__CR0,0,300,300_PT0_SX300_V1___.jpg\"><img decoding=\"async\" alt=\"Primeros planos de equipos de iluminaci\u00f3n iluminados para escenarios o conciertos con haces azules y morados sobre un fondo oscuro.\" src=\"https:\/\/m.media-amazon.com\/images\/S\/aplus-media-library-service-media\/0297535b-73c6-4f4b-b362-07512c555dec.__CR0,0,300,300_PT0_SX300_V1___.jpg\">  <\/p>\n<p>                                                    Monitor OLED sin preocupaciones                                       <\/p>\n<p> Los monitores OLED de ROG est\u00e1n dise\u00f1ados para ofrecer im\u00e1genes impresionantes durante a\u00f1os. Un innovador disipador personalizado y un flujo de aire interno \u00fanico mejoran la refrigeraci\u00f3n y reducen el riesgo de quemado. <\/p>\n<p class=\"apm-text-center\">\n                                                      <img decoding=\"async\" alt=\"aplus content image\" src=\"https:\/\/images-na.ssl-images-amazon.com\/images\/G\/01\/x-locale\/common\/grey-pixel.gif\" class=\"a-spacing-mini a-lazy-loaded\" data-src=\"https:\/\/m.media-amazon.com\/images\/S\/aplus-media-library-service-media\/8ffec8b6-65a6-4ee7-afa1-52007cbe7175.__CR0,0,300,300_PT0_SX300_V1___.jpg\"><img decoding=\"async\" alt=\"aplus content image\" src=\"https:\/\/m.media-amazon.com\/images\/S\/aplus-media-library-service-media\/8ffec8b6-65a6-4ee7-afa1-52007cbe7175.__CR0,0,300,300_PT0_SX300_V1___.jpg\">  <\/p>\n<p>                                                    MostrarWidget Centro                                       <\/p>\n<p> Lleva tu monitor al siguiente nivel con DisplayWidget Center, un potente software de gesti\u00f3n de monitores dise\u00f1ado para ayudarte a optimizar, personalizar y aprovechar al m\u00e1ximo tu pantalla mediante un rat\u00f3n, sin necesidad de acceder al men\u00fa OSD. Adem\u00e1s, DisplayWidget Center te notifica las \u00faltimas actualizaciones de firmware e incluye una opci\u00f3n de actualizaci\u00f3n directa. Tambi\u00e9n puedes importar o exportar configuraciones de visualizaci\u00f3n para compartirlas. <\/p>\n<p class=\"apm-text-center\">\n                                                      <img decoding=\"async\" alt=\"aplus content image\" src=\"https:\/\/images-na.ssl-images-amazon.com\/images\/G\/01\/x-locale\/common\/grey-pixel.gif\" class=\"a-spacing-mini a-lazy-loaded\" data-src=\"https:\/\/m.media-amazon.com\/images\/S\/aplus-media-library-service-media\/c5277662-bbe6-43a6-8a97-2ff1fc48e303.__CR0,0,300,300_PT0_SX300_V1___.jpg\"><img decoding=\"async\" alt=\"aplus content image\" src=\"https:\/\/m.media-amazon.com\/images\/S\/aplus-media-library-service-media\/c5277662-bbe6-43a6-8a97-2ff1fc48e303.__CR0,0,300,300_PT0_SX300_V1___.jpg\">  <\/p>\n<p>                                                    Excelente suavidad y capacidad de respuesta                                       <\/p>\n<p> El PG32UCDMR incorpora la tecnolog\u00eda AMD FreeSync Premium Pro y la compatibilidad con NVIDIA G-SYNC, lo que garantiza unos visuales s\u00faper suaves, sin l\u00e1grimas y con baja latencia. <\/p>\n<p class=\"apm-text-center\">\n                                                      <img decoding=\"async\" alt=\"aplus content image\" src=\"https:\/\/images-na.ssl-images-amazon.com\/images\/G\/01\/x-locale\/common\/grey-pixel.gif\" class=\"a-spacing-mini a-lazy-loaded\" data-src=\"https:\/\/m.media-amazon.com\/images\/S\/aplus-media-library-service-media\/e7151d56-2fba-408b-8113-b489de2b404a.__CR0,0,300,300_PT0_SX300_V1___.jpg\"><img decoding=\"async\" alt=\"aplus content image\" src=\"https:\/\/m.media-amazon.com\/images\/S\/aplus-media-library-service-media\/e7151d56-2fba-408b-8113-b489de2b404a.__CR0,0,300,300_PT0_SX300_V1___.jpg\">  <\/p>\n<p>                                                    Est\u00e9tica futurista de inspiraci\u00f3n ciberpunk                                       <\/p>\n<p> El PG32UCDMR, con caracter\u00edsticas de dise\u00f1o que emanan un aspecto moderno y de primera calidad, tambi\u00e9n incluye una toma para tr\u00edpode. <\/p>\n<p class=\"apm-text-center\">\n                                                      <img decoding=\"async\" alt=\"aplus content image\" src=\"https:\/\/images-na.ssl-images-amazon.com\/images\/G\/01\/x-locale\/common\/grey-pixel.gif\" class=\"a-spacing-mini a-lazy-loaded\" data-src=\"https:\/\/m.media-amazon.com\/images\/S\/aplus-media-library-service-media\/33e4cd4d-398a-4ea0-9be4-3a24675e6180.__CR0,0,300,300_PT0_SX300_V1___.jpg\"><img decoding=\"async\" alt=\"aplus content image\" src=\"https:\/\/m.media-amazon.com\/images\/S\/aplus-media-library-service-media\/33e4cd4d-398a-4ea0-9be4-3a24675e6180.__CR0,0,300,300_PT0_SX300_V1___.jpg\">  <\/p>\n<p>                                                    DYNAMIC SHADOW BOOST                                       <\/p>\n<p> ASUS Dynamic Shadow Boost utiliza la tecnolog\u00eda ROG Gaming AI para realzar autom\u00e1ticamente las zonas oscuras de la pantalla, facilitando la detecci\u00f3n de enemigos escondidos en rincones poco iluminados del mapa. <\/p>\n<p> Product Dimensions                                            \u200f                                            :                                            \u200e                                            6.7 x 71.8 x 53.1 cm; 8.8 kg   <br \/> Manufacturer                                            \u200f                                            :                                            \u200e                                            ASUS   <br \/> ASIN                                            \u200f                                            :                                            \u200e                                            B0DS267F6V   <br \/> Item model number                                            \u200f                                            :                                            \u200e                                            90LM0C00-B01971   <br \/> Guaranteed software updates until                                            \u200f                                            :                                            \u200e                                            unknown   <br \/>  Customer reviews:                                                                                            4.6               4.6 out of 5 stars                                  (130)                                              var dpAcrHasRegisteredArcLinkClickAction;                    P.when(&#8216;A&#8217;, &#8216;ready&#8217;).execute(function(A) {                        if (dpAcrHasRegisteredArcLinkClickAction !== true) {                            dpAcrHasRegisteredArcLinkClickAction = true;                            A.declarative(                                &#8216;acrLink-click-metrics&#8217;, &#8216;click&#8217;,                                { \u00aballowLinkDefault\u00bb: true },                                function (event) {                                    if (window.ue) {                                        ue.count(\u00abacrLinkClickCount\u00bb, (ue.count(\u00abacrLinkClickCount\u00bb) || 0) + 1);                                    }                                }                            );                        }                    });                                             P.when(&#8216;A&#8217;, &#8216;cf&#8217;).execute(function(A) {                A.declarative(&#8216;acrStarsLink-click-metrics&#8217;, &#8216;click&#8217;, { \u00aballowLinkDefault\u00bb : true },  function(event){                    if(window.ue) {                        ue.count(\u00abacrStarsLinkWithPopoverClickCount\u00bb, (ue.count(\u00abacrStarsLinkWithPopoverClickCount\u00bb) || 0) + 1);                    }                });            });                          <\/p>\n<p>32-inch 4K (3840 x 2160) QD-OLED gaming monitor with a 240Hz refresh rate and 0.03ms (GTG) response time for an immersive gaming experience<br \/>New ASUS OLED Care Pro features with Neo Proximity Sensor, which accurately detects when the user is away and switches to a black screen to reduce the risk of burning<br \/>VESA DisplayHDR 400 True Black compliance, 99% DCI-P3 range, 10-bit true color, and Delta E<2 color difference for amazing HDR performance, making it perfect for photo and video editing<br \/>Optional uniform brightness adjustment ensures consistent luminance levels<br \/>DisplayWidget Center allows users to access OLED Care features as well as adjust monitor settings with a mouse<\/p>\n\n","protected":false},"excerpt":{"rendered":"<p> From the manufacturer Experimenta lo \u00faltimo Cambio de juego El panel QD-OLED 4K de 32<\/p>","protected":false},"featured_media":37512,"comment_status":"open","ping_status":"closed","template":"","meta":[],"product_brand":[],"product_cat":[55],"product_tag":[1299,1934,1936,2587,1298,1935,1939,1802,850,1940,2183,1784,1305,617,1933,1304,544,1301,1937,844,2856,884,11155,163,8660,4808,1938,1293,959,894,381,133],"class_list":{"0":"post-37511","1":"product","2":"type-product","3":"status-publish","4":"has-post-thumbnail","6":"product_cat-gaming-monitors","7":"product_tag-0-03ms","8":"product_tag-144hz-gaming-monitor","9":"product_tag-1ms-gaming-monitor","10":"product_tag-2-1a","11":"product_tag-240hz","12":"product_tag-240hz-gaming-monitor","13":"product_tag-27-inch-gaming-monitor","14":"product_tag-4k-gaming-monitor","15":"product_tag-asus","16":"product_tag-best-gaming-monitor","17":"product_tag-care","18":"product_tag-curved-gaming-monitor","19":"product_tag-dcip3","20":"product_tag-gaming","21":"product_tag-gaming-monitor","22":"product_tag-gsync","23":"product_tag-hdmi","24":"product_tag-heatsink","25":"product_tag-ips-gaming-monitor","26":"product_tag-monitor","27":"product_tag-neo","28":"product_tag-oled","29":"product_tag-pg32ucdmr","30":"product_tag-pro","31":"product_tag-proximity","32":"product_tag-qdoled","33":"product_tag-rgb-gaming-monitor","34":"product_tag-rog","35":"product_tag-sensor","36":"product_tag-swift","37":"product_tag-typec","38":"product_tag-usb","40":"first","41":"instock","42":"sale","43":"shipping-taxable","44":"product-type-external"},"_links":{"self":[{"href":"https:\/\/comprasyconsejos.store\/en\/wp-json\/wp\/v2\/product\/37511","targetHints":{"allow":["GET"]}}],"collection":[{"href":"https:\/\/comprasyconsejos.store\/en\/wp-json\/wp\/v2\/product"}],"about":[{"href":"https:\/\/comprasyconsejos.store\/en\/wp-json\/wp\/v2\/types\/product"}],"replies":[{"embeddable":true,"href":"https:\/\/comprasyconsejos.store\/en\/wp-json\/wp\/v2\/comments?post=37511"}],"version-history":[{"count":0,"href":"https:\/\/comprasyconsejos.store\/en\/wp-json\/wp\/v2\/product\/37511\/revisions"}],"wp:featuredmedia":[{"embeddable":true,"href":"https:\/\/comprasyconsejos.store\/en\/wp-json\/wp\/v2\/media\/37512"}],"wp:attachment":[{"href":"https:\/\/comprasyconsejos.store\/en\/wp-json\/wp\/v2\/media?parent=37511"}],"wp:term":[{"taxonomy":"product_brand","embeddable":true,"href":"https:\/\/comprasyconsejos.store\/en\/wp-json\/wp\/v2\/product_brand?post=37511"},{"taxonomy":"product_cat","embeddable":true,"href":"https:\/\/comprasyconsejos.store\/en\/wp-json\/wp\/v2\/product_cat?post=37511"},{"taxonomy":"product_tag","embeddable":true,"href":"https:\/\/comprasyconsejos.store\/en\/wp-json\/wp\/v2\/product_tag?post=37511"}],"curies":[{"name":"wp","href":"https:\/\/api.w.org\/{rel}","templated":true}]}}