{"id":37517,"date":"2026-03-04T13:09:43","date_gmt":"2026-03-04T13:09:43","guid":{"rendered":"https:\/\/comprasyconsejos.store\/product\/japannext-white-monitor-28-ips-4k-uhd-3840x2160-hdr-adjustable-tilt-integrated-speakers-vesa-compatibility-100-srgb-g-sync-freesync-jn-ips2802uhdr-w\/"},"modified":"2026-03-04T13:09:44","modified_gmt":"2026-03-04T13:09:44","slug":"japannext-white-monitor-28-ips-4k-uhd-3840x2160-hdr-adjustable-tilt-integrated-speakers-vesa-compatibility-100-srgb-g-sync-freesync-jn-ips2802uhdr-w","status":"publish","type":"product","link":"https:\/\/comprasyconsejos.store\/en\/product\/japannext-white-monitor-28-ips-4k-uhd-3840x2160-hdr-adjustable-tilt-integrated-speakers-vesa-compatibility-100-srgb-g-sync-freesync-jn-ips2802uhdr-w\/","title":{"rendered":"JapanNext White Monitor 28&#8243; IPS 4K UHD (3840&#215;2160) | HDR | Adjustable Tilt Integrated Speakers VESA Compatibility | 100% sRGB G-Sync\/FreeSync | JN-IPS2802UHDR-W"},"content":{"rendered":"<p>Price: <span style=\"color:#b12704\">\u20ac219.99<\/span><br \/><i><small>(as of Mar 04, 2026 13:09:43 UTC &#8211; <span class=\"wp_automatic_amazon_disclaimer\" title=\"Product prices and availability are accurate as of the date\/time indicated and are subject to change. Any price and availability information displayed on [relevant Amazon Site(s), as applicable] at the time of purchase will apply to the purchase of this product.\">Details<\/span>)<\/small><\/i><\/p>\n<p><a href=\"https:\/\/amazon.es\/dp\/B0FCG4R84B?tag=man008-21\"><img decoding=\"async\" src=\"https:\/\/valvepress.s3.amazonaws.com\/imgs\/buy_now.png\"><\/a><br \/>\n<\/p>\n<p>                                             Product Description   <\/p>\n<p>                                                         <img decoding=\"async\" alt=\"Japannext\" src=\"https:\/\/images-na.ssl-images-amazon.com\/images\/G\/01\/x-locale\/common\/grey-pixel.gif\" class=\"a-lazy-loaded\" data-src=\"https:\/\/m.media-amazon.com\/images\/S\/aplus-media-library-service-media\/a5b4f558-71a9-402c-a930-7502ab1886f0.__CR0,0,1800,540_PT0_SX600_V1___.png\"><img decoding=\"async\" alt=\"Japannext\" src=\"https:\/\/m.media-amazon.com\/images\/S\/aplus-media-library-service-media\/a5b4f558-71a9-402c-a930-7502ab1886f0.__CR0,0,1800,540_PT0_SX600_V1___.png\">      <\/p>\n<p>                                                  <img decoding=\"async\" alt=\"Dos peque\u00f1as miniaturas de vista previa que muestran lo que parece ser una foto de paisaje y una imagen de fondo blanco.\" src=\"https:\/\/images-na.ssl-images-amazon.com\/images\/G\/01\/x-locale\/common\/grey-pixel.gif\" class=\"a-lazy-loaded\" data-src=\"https:\/\/m.media-amazon.com\/images\/S\/aplus-media-library-service-media\/ae82cce7-9d1d-40f5-85a0-9874056673f0.__CR0,0,970,300_PT0_SX970_V1___.png\"><img decoding=\"async\" alt=\"Dos peque\u00f1as miniaturas de vista previa que muestran lo que parece ser una foto de paisaje y una imagen de fondo blanco.\" src=\"https:\/\/m.media-amazon.com\/images\/S\/aplus-media-library-service-media\/ae82cce7-9d1d-40f5-85a0-9874056673f0.__CR0,0,970,300_PT0_SX970_V1___.png\">  <\/p>\n<h3> Descubra nuestro monitor para oficina 4K <\/h3>\n<p> Este monitor de 28 pulgadas y 4K UHD combina calidad de imagen y funciones avanzadas, como multitarea PIP\/PBP y reducci\u00f3n de luz azul, para una experiencia visual \u00f3ptima. <\/p>\n<p>                                                      <img decoding=\"async\" alt=\"aplus content image\" src=\"https:\/\/images-na.ssl-images-amazon.com\/images\/G\/01\/x-locale\/common\/grey-pixel.gif\" class=\"a-spacing-mini a-lazy-loaded\" data-src=\"https:\/\/m.media-amazon.com\/images\/S\/aplus-media-library-service-media\/3225a155-c43b-481a-957a-13d1d596248b.__CR0,0,660,660_PT0_SX300_V1___.png\"><img decoding=\"async\" alt=\"aplus content image\" src=\"https:\/\/m.media-amazon.com\/images\/S\/aplus-media-library-service-media\/3225a155-c43b-481a-957a-13d1d596248b.__CR0,0,660,660_PT0_SX300_V1___.png\">  <\/p>\n<h3 class=\"a-spacing-mini\"> VERSATILIDAD y CALIDAD VISUAL <\/h3>\n<p>                                           \u00bfA qui\u00e9n va dirigido este monitor?                                     <\/p>\n<p class=\"a-spacing-base\"> Este monitor para oficina est\u00e1 dirigido principalmente a profesionales o usuarios exigentes que buscan una soluci\u00f3n de visualizaci\u00f3n de alta calidad para su espacio de trabajo. <\/p>\n<p>                                           \u00bfPara qu\u00e9 uso?                                     <\/p>\n<p class=\"a-spacing-base\"> Est\u00e1 dise\u00f1ado para un uso variado, desde la multitarea hasta el dise\u00f1o gr\u00e1fico, pasando por el an\u00e1lisis de datos, gracias a su resoluci\u00f3n 4K UHD y sus funciones avanzadas. <\/p>\n<p>                                           \u00bfCu\u00e1l es su principal ventaja?                                     <\/p>\n<p class=\"a-spacing-base\"> Su principal ventaja reside en su capacidad para ofrecer una experiencia visual excepcional, con una gran claridad de imagen, una reducci\u00f3n de la fatiga ocular y colores brillantes. <\/p>\n<p>                                                                                       28,0&#8243; (71,12 cm)       Resoluci\u00f3n : 4K UHD       Panel : IPS       Refresco : 60Hz       Colores : 1,07B       sRGB : 100%       Color: Blanco       <\/p>\n<p class=\"apm-text-center\">\n                                                      <img decoding=\"async\" alt=\"aplus content image\" src=\"https:\/\/images-na.ssl-images-amazon.com\/images\/G\/01\/x-locale\/common\/grey-pixel.gif\" class=\"a-lazy-loaded\" data-src=\"https:\/\/m.media-amazon.com\/images\/S\/aplus-media-library-service-media\/4d83aab2-3aa4-41ef-8471-058865694f45.__CR0,0,660,660_PT0_SX220_V1___.png\"><img decoding=\"async\" alt=\"aplus content image\" src=\"https:\/\/m.media-amazon.com\/images\/S\/aplus-media-library-service-media\/4d83aab2-3aa4-41ef-8471-058865694f45.__CR0,0,660,660_PT0_SX220_V1___.png\">  <\/p>\n<p>                                                    Resoluci\u00f3n 4K UHD                                     <\/p>\n<p class=\"a-size-small\"> La resoluci\u00f3n 4K UHD ofrece una nitidez de imagen cuatro veces mayor que la del Full HD, proporcionando una calidad de imagen excepcional. <\/p>\n<p class=\"apm-text-center\">\n                                                      <img decoding=\"async\" alt=\"aplus content image\" src=\"https:\/\/images-na.ssl-images-amazon.com\/images\/G\/01\/x-locale\/common\/grey-pixel.gif\" class=\"a-lazy-loaded\" data-src=\"https:\/\/m.media-amazon.com\/images\/S\/aplus-media-library-service-media\/b3b2e70e-226e-4149-bdbe-670709e066e2.__CR0,0,220,220_PT0_SX220_V1___.png\"><img decoding=\"async\" alt=\"aplus content image\" src=\"https:\/\/m.media-amazon.com\/images\/S\/aplus-media-library-service-media\/b3b2e70e-226e-4149-bdbe-670709e066e2.__CR0,0,220,220_PT0_SX220_V1___.png\">  <\/p>\n<p>                                                    HDR                                     <\/p>\n<p class=\"a-size-small\"> Mejora de la calidad de imagen a trav\u00e9s de un mayor contraste y profundidad de color. <\/p>\n<p class=\"apm-text-center\">\n                                                      <img decoding=\"async\" alt=\"aplus content image\" src=\"https:\/\/images-na.ssl-images-amazon.com\/images\/G\/01\/x-locale\/common\/grey-pixel.gif\" class=\"a-lazy-loaded\" data-src=\"https:\/\/m.media-amazon.com\/images\/S\/aplus-media-library-service-media\/5466e78f-d146-406b-b914-a8ae6c10300a.__CR0,0,660,660_PT0_SX220_V1___.png\"><img decoding=\"async\" alt=\"aplus content image\" src=\"https:\/\/m.media-amazon.com\/images\/S\/aplus-media-library-service-media\/5466e78f-d146-406b-b914-a8ae6c10300a.__CR0,0,660,660_PT0_SX220_V1___.png\">  <\/p>\n<p>                                                    Ajustes ergon\u00f3micos                                     <\/p>\n<p class=\"a-size-small\"> Personalice la configuraci\u00f3n de su monitor ajustando  la inclinaci\u00f3n de -5\u00b0 a +15\u00b0. <\/p>\n<p class=\"apm-text-center\">\n                                                      <img decoding=\"async\" alt=\"aplus content image\" src=\"https:\/\/images-na.ssl-images-amazon.com\/images\/G\/01\/x-locale\/common\/grey-pixel.gif\" class=\"a-lazy-loaded\" data-src=\"https:\/\/m.media-amazon.com\/images\/S\/aplus-media-library-service-media\/7dedbdc8-46e0-4d22-901e-19a0fe6e3df9.__CR0,0,660,660_PT0_SX220_V1___.png\"><img decoding=\"async\" alt=\"aplus content image\" src=\"https:\/\/m.media-amazon.com\/images\/S\/aplus-media-library-service-media\/7dedbdc8-46e0-4d22-901e-19a0fe6e3df9.__CR0,0,660,660_PT0_SX220_V1___.png\">  <\/p>\n<p>                                                    Colores impresionantes                                     <\/p>\n<p class=\"a-size-small\"> La pantalla es capaz de mostrar m\u00e1s de 1070 millones de colores y, con una cobertura del 100 % del espacio de color sRGB, es una soluci\u00f3n excepcional para quienes buscan una calidad de imagen superior. <\/p>\n<p class=\"apm-text-center\">\n                                                      <img decoding=\"async\" alt=\"aplus content image\" src=\"https:\/\/images-na.ssl-images-amazon.com\/images\/G\/01\/x-locale\/common\/grey-pixel.gif\" class=\"a-lazy-loaded\" data-src=\"https:\/\/m.media-amazon.com\/images\/S\/aplus-media-library-service-media\/a1392aa7-2e21-4ebb-bd7a-9530bc6d3b2d.__CR0,0,660,660_PT0_SX220_V1___.png\"><img decoding=\"async\" alt=\"aplus content image\" src=\"https:\/\/m.media-amazon.com\/images\/S\/aplus-media-library-service-media\/a1392aa7-2e21-4ebb-bd7a-9530bc6d3b2d.__CR0,0,660,660_PT0_SX220_V1___.png\">  <\/p>\n<p>                                                    FreeSync                                     <\/p>\n<p class=\"a-size-small\"> Disfruta de una experiencia de juego fluida y sin rasgaduras gracias a la compatibilidad con AMD FreeSync, que elimina las rasgaduras y los tirones <\/p>\n<p class=\"apm-text-center\">\n                                                      <img decoding=\"async\" alt=\"El texto dice \u00abConectividad\u00bb con iconos y etiquetas para: \u00abJack x1\u00bb, \u00abUSB-A x1\u00bb, \u00abDisplayPort 1.2 x1\u00bb y \u00abHDMI 2.0 x2\u00bb.\" src=\"https:\/\/images-na.ssl-images-amazon.com\/images\/G\/01\/x-locale\/common\/grey-pixel.gif\" class=\"a-lazy-loaded\" data-src=\"https:\/\/m.media-amazon.com\/images\/S\/aplus-media-library-service-media\/3bf2c1b7-169e-4711-8adb-d36a19d422c8.__CR0,0,660,660_PT0_SX220_V1___.png\"><img decoding=\"async\" alt=\"El texto dice \u00abConectividad\u00bb con iconos y etiquetas para: \u00abJack x1\u00bb, \u00abUSB-A x1\u00bb, \u00abDisplayPort 1.2 x1\u00bb y \u00abHDMI 2.0 x2\u00bb.\" src=\"https:\/\/m.media-amazon.com\/images\/S\/aplus-media-library-service-media\/3bf2c1b7-169e-4711-8adb-d36a19d422c8.__CR0,0,660,660_PT0_SX220_V1___.png\">  <\/p>\n<p>                                                    Conectividad                                     <\/p>\n<p class=\"a-size-small\"> Equipada con puertos (HDMI, DisplayPort, USB-A y toma jack), el monitor te garantiza una conectividad total en tu d\u00eda a d\u00eda. <\/p>\n<p class=\"apm-text-center\">\n                                                      <img decoding=\"async\" alt=\"El texto dice \u00abFLICKER FREE\u00bb. El monitor de la computadora muestra una imagen dividida de la silueta de un samur\u00e1i contra el cielo anaranjado al atardecer.\" src=\"https:\/\/images-na.ssl-images-amazon.com\/images\/G\/01\/x-locale\/common\/grey-pixel.gif\" class=\"a-lazy-loaded\" data-src=\"https:\/\/m.media-amazon.com\/images\/S\/aplus-media-library-service-media\/3c2179f2-dd8f-4681-91eb-bf0ffee5d68a.__CR0,0,660,660_PT0_SX220_V1___.png\"><img decoding=\"async\" alt=\"El texto dice \u00abFLICKER FREE\u00bb. El monitor de la computadora muestra una imagen dividida de la silueta de un samur\u00e1i contra el cielo anaranjado al atardecer.\" src=\"https:\/\/m.media-amazon.com\/images\/S\/aplus-media-library-service-media\/3c2179f2-dd8f-4681-91eb-bf0ffee5d68a.__CR0,0,660,660_PT0_SX220_V1___.png\">  <\/p>\n<p>                                                    Flicker-free                                     <\/p>\n<p class=\"a-size-small\"> La tecnolog\u00eda Flicker-Free, o anti-parpadeo, es esencial para aquellos que pasan largas horas delante de una pantalla, proporcionando una experiencia visual m\u00e1s c\u00f3moda y reduciendo la fatiga ocular. <\/p>\n<p class=\"apm-text-center\">\n                                                      <img decoding=\"async\" alt=\"aplus content image\" src=\"https:\/\/images-na.ssl-images-amazon.com\/images\/G\/01\/x-locale\/common\/grey-pixel.gif\" class=\"a-lazy-loaded\" data-src=\"https:\/\/m.media-amazon.com\/images\/S\/aplus-media-library-service-media\/e61359b4-cef8-486a-9ad7-6c9ac5e3c364.__CR0,0,660,660_PT0_SX220_V1___.png\"><img decoding=\"async\" alt=\"aplus content image\" src=\"https:\/\/m.media-amazon.com\/images\/S\/aplus-media-library-service-media\/e61359b4-cef8-486a-9ad7-6c9ac5e3c364.__CR0,0,660,660_PT0_SX220_V1___.png\">  <\/p>\n<p>                                                    Viene con                                     <\/p>\n<p class=\"a-size-small\">\n<p>Cable HDMICable de alimentaci\u00f3nFuente de alimentaci\u00f3nGu\u00eda de inicio r\u00e1pido     <\/p>\n<p>                                                      <img decoding=\"async\" alt=\"5K K5 5 K 5K2K 5120x2880 5120x2880p 5120 x 2880 Pixel WQHD QHD 16:9 16 9 UHD Monitor\" src=\"https:\/\/images-na.ssl-images-amazon.com\/images\/G\/01\/x-locale\/common\/grey-pixel.gif\" class=\"a-spacing-mini a-lazy-loaded\" data-src=\"https:\/\/m.media-amazon.com\/images\/S\/aplus-media-library-service-media\/9ec0e74f-ed68-494a-af50-27458816a57b.__CR0,0,900,1200_PT0_SX300_V1___.png\"><img decoding=\"async\" alt=\"5K K5 5 K 5K2K 5120x2880 5120x2880p 5120 x 2880 Pixel WQHD QHD 16:9 16 9 UHD Monitor\" src=\"https:\/\/m.media-amazon.com\/images\/S\/aplus-media-library-service-media\/9ec0e74f-ed68-494a-af50-27458816a57b.__CR0,0,900,1200_PT0_SX300_V1___.png\">  <\/p>\n<p>                                                              <img decoding=\"async\" alt=\"moniteur moniteurs pc-moniteur moniteur-pc \u00e9crans ecran dalle ips panel usb c usbc usb-c type-c\" src=\"https:\/\/images-na.ssl-images-amazon.com\/images\/G\/01\/x-locale\/common\/grey-pixel.gif\" class=\"a-spacing-mini a-lazy-loaded\" data-src=\"https:\/\/m.media-amazon.com\/images\/S\/aplus-media-library-service-media\/4bf8d819-2909-4b96-9915-2acdb8d1c37c.__CR0,0,1050,525_PT0_SX350_V1___.png\"><img decoding=\"async\" alt=\"moniteur moniteurs pc-moniteur moniteur-pc \u00e9crans ecran dalle ips panel usb c usbc usb-c type-c\" src=\"https:\/\/m.media-amazon.com\/images\/S\/aplus-media-library-service-media\/4bf8d819-2909-4b96-9915-2acdb8d1c37c.__CR0,0,1050,525_PT0_SX350_V1___.png\">                                                                 <\/p>\n<p class=\"a-spacing-small a-size-small a-color-secondary\"> Fundada en 2016 en Tokio por Samuel Becker, un franc\u00e9s enamorado de Jap\u00f3n, JAPANNEXT ha logrado imponerse en el mercado japon\u00e9s en solo unos pocos a\u00f1os. <\/p>\n<p class=\"a-spacing-small a-size-small a-color-secondary\"> El nombre de la marca JAPANNEXT refleja nuestra fuerte voluntad de lanzar la pr\u00f3xima generaci\u00f3n de fabricantes japoneses. <\/p>\n<p class=\"a-spacing-small a-size-small a-color-secondary\"> La empresa tiene su sede en Tokio, con oficinas en Akihabara. Nuestros centros de operaciones, desarrollo de productos y log\u00edstica est\u00e1n ubicados en Isumi. <\/p>\n<h3 class=\"a-spacing-mini\"> JAPANNEXT Europa <\/h3>\n<p>                                          Acerca de nosotros                                     <\/p>\n<p class=\"a-spacing-base\"> Seg\u00fan nosotros, la verdadera innovaci\u00f3n, la que realmente te resulta \u00fatil, se esconde en los detalles. No buscas un efecto Wow, nosotros tampoco. <\/p>\n<p class=\"a-spacing-base\"> Nuestros productos est\u00e1n inspirados en tus usos y necesidades, para que te acompa\u00f1en en tu d\u00eda a d\u00eda. <\/p>\n<p class=\"a-spacing-base\"> Y porque creemos que todos merecemos calidad, nuestros productos respetan nuestra l\u00f3gica de importe razonables. <\/p>\n<p>                                                          Env\u00edo expr\u00e9s SIN COSTO       Equipos basados en Francia      <\/p>\n<p> Product Dimensions                                            \u200f                                            :                                            \u200e                                            4.7 x 90.6 x 37 cm; 4.8 kg   <br \/> Manufacturer                                            \u200f                                            :                                            \u200e                                            JAPANNEXT   <br \/> ASIN                                            \u200f                                            :                                            \u200e                                            B0FCG4R84B   <br \/> Item model number                                            \u200f                                            :                                            \u200e                                            JN-IPS2802UHDR-W   <br \/> Guaranteed software updates until                                            \u200f                                            :                                            \u200e                                            unknown   <br \/>  Customer reviews:                                                                                            4.2               4.2 out of 5 stars                                  (222)                                              var dpAcrHasRegisteredArcLinkClickAction;                    P.when(&#8216;A&#8217;, &#8216;ready&#8217;).execute(function(A) {                        if (dpAcrHasRegisteredArcLinkClickAction !== true) {                            dpAcrHasRegisteredArcLinkClickAction = true;                            A.declarative(                                &#8216;acrLink-click-metrics&#8217;, &#8216;click&#8217;,                                { \u00aballowLinkDefault\u00bb: true },                                function (event) {                                    if (window.ue) {                                        ue.count(\u00abacrLinkClickCount\u00bb, (ue.count(\u00abacrLinkClickCount\u00bb) || 0) + 1);                                    }                                }                            );                        }                    });                                             P.when(&#8216;A&#8217;, &#8216;cf&#8217;).execute(function(A) {                A.declarative(&#8216;acrStarsLink-click-metrics&#8217;, &#8216;click&#8217;, { \u00aballowLinkDefault\u00bb : true },  function(event){                    if(window.ue) {                        ue.count(\u00abacrStarsLinkWithPopoverClickCount\u00bb, (ue.count(\u00abacrStarsLinkWithPopoverClickCount\u00bb) || 0) + 1);                    }                });            });                          <\/p>\n<p>ELEGANT 28\u00bb 4K UHD WHITE MONITOR: The JAPANNEXT JN-IPS2802UHDR-W stands out for its refined white design and its IPS panel with 4K UHD resolution (3840&#215;2160), ideal for demanding professionals, content creators or fans of HD visual entertainment.<br \/>PRECISE COLORS AND WIDE VIEW ANGLES: Thanks to IPS technology and 100% sRGB coverage, enjoy faithful color reproduction and wide viewing angles for optimal comfort, no matter your position.<br \/>HDR &#038; VISUAL FLUIDITY: HDR compatibility enriches your images with striking contrasts and brilliant details. G-Sync and FreeSync ensure a smooth, seamless image, even during intense graphics tasks or video playback.<br \/>COMFORT AND CONNECTIVITY: The monitor offers adjustable tilt to suit your posture. It incorporates speakers for clear sound without additional accessories, as well as an HDMI port. Its VESA (100&#215;100) compatibility allows easy wall or arm mounting.<br \/>QUALITY GUARANTEED: JAPANNEXT is committed to manufacturing very high quality monitors. Our products have a 3-year warranty. The withdrawal period is 14 days, in accordance with the applicable legislation on distance selling. If you have any questions, please feel free to contact us at contact@japannext.com.<\/p>\n\n","protected":false},"excerpt":{"rendered":"<p> Product Description Descubra nuestro monitor para oficina 4K Este monitor de 28 pulgadas y 4K<\/p>","protected":false},"featured_media":37518,"comment_status":"open","ping_status":"closed","template":"","meta":[],"product_brand":[],"product_cat":[53],"product_tag":[1804,3145,1801,1802,1805,1803,1799,1807,876,1806,2458,7193,1813,2258,703,7192,11159,844,1808,1039,1313,1183,684,1800,2342,205],"class_list":{"0":"post-37517","1":"product","2":"type-product","3":"status-publish","4":"has-post-thumbnail","6":"product_cat-4k-monitors","7":"product_tag-32-inch-4k-monitor","8":"product_tag-3840x2160","9":"product_tag-3840x2160-monitor","10":"product_tag-4k-gaming-monitor","11":"product_tag-4k-hdr-monitor","12":"product_tag-4k-ips-monitor","13":"product_tag-4k-monitor","14":"product_tag-4k-monitor-price","15":"product_tag-adjustable","16":"product_tag-best-4k-monitor","17":"product_tag-compatibility","18":"product_tag-gsyncfreesync","19":"product_tag-hdr","20":"product_tag-integrated","21":"product_tag-ips","22":"product_tag-japannext","23":"product_tag-jnips2802uhdrw","24":"product_tag-monitor","25":"product_tag-professional-4k-monitor","26":"product_tag-speakers","27":"product_tag-srgb","28":"product_tag-tilt","29":"product_tag-uhd","30":"product_tag-uhd-monitor","31":"product_tag-vesa","32":"product_tag-white","34":"first","35":"instock","36":"shipping-taxable","37":"product-type-external"},"_links":{"self":[{"href":"https:\/\/comprasyconsejos.store\/en\/wp-json\/wp\/v2\/product\/37517","targetHints":{"allow":["GET"]}}],"collection":[{"href":"https:\/\/comprasyconsejos.store\/en\/wp-json\/wp\/v2\/product"}],"about":[{"href":"https:\/\/comprasyconsejos.store\/en\/wp-json\/wp\/v2\/types\/product"}],"replies":[{"embeddable":true,"href":"https:\/\/comprasyconsejos.store\/en\/wp-json\/wp\/v2\/comments?post=37517"}],"version-history":[{"count":0,"href":"https:\/\/comprasyconsejos.store\/en\/wp-json\/wp\/v2\/product\/37517\/revisions"}],"wp:featuredmedia":[{"embeddable":true,"href":"https:\/\/comprasyconsejos.store\/en\/wp-json\/wp\/v2\/media\/37518"}],"wp:attachment":[{"href":"https:\/\/comprasyconsejos.store\/en\/wp-json\/wp\/v2\/media?parent=37517"}],"wp:term":[{"taxonomy":"product_brand","embeddable":true,"href":"https:\/\/comprasyconsejos.store\/en\/wp-json\/wp\/v2\/product_brand?post=37517"},{"taxonomy":"product_cat","embeddable":true,"href":"https:\/\/comprasyconsejos.store\/en\/wp-json\/wp\/v2\/product_cat?post=37517"},{"taxonomy":"product_tag","embeddable":true,"href":"https:\/\/comprasyconsejos.store\/en\/wp-json\/wp\/v2\/product_tag?post=37517"}],"curies":[{"name":"wp","href":"https:\/\/api.w.org\/{rel}","templated":true}]}}