{"id":37523,"date":"2026-03-04T13:41:38","date_gmt":"2026-03-04T13:41:38","guid":{"rendered":"https:\/\/comprasyconsejos.store\/product\/havox-photo-studio-hpb-80xd-portable-light-box-with-four-tilting-led-strips-80x80x80cm-lightbox-5500k-illumination-26000-lumens-anti-glare-system\/"},"modified":"2026-03-04T13:41:40","modified_gmt":"2026-03-04T13:41:40","slug":"havox-photo-studio-hpb-80xd-portable-light-box-with-four-tilting-led-strips-80x80x80cm-lightbox-5500k-illumination-26000-lumens-anti-glare-system","status":"publish","type":"product","link":"https:\/\/comprasyconsejos.store\/en\/product\/havox-photo-studio-hpb-80xd-portable-light-box-with-four-tilting-led-strips-80x80x80cm-lightbox-5500k-illumination-26000-lumens-anti-glare-system\/","title":{"rendered":"HAVOX &#8211; Photo studio HPB-80XD &#8211; Portable light box with four tilting LED strips &#8211; 80x80x80cm lightbox &#8211; 5500K illumination &#8211; 26,000 lumens &#8211; Anti-glare system"},"content":{"rendered":"<p>Price: <span style=\"color:#b12704\">\u20ac279.99<\/span><br \/><i><small>(as of Mar 04, 2026 13:41:39 UTC &#8211; <span class=\"wp_automatic_amazon_disclaimer\" title=\"Product prices and availability are accurate as of the date\/time indicated and are subject to change. Any price and availability information displayed on [relevant Amazon Site(s), as applicable] at the time of purchase will apply to the purchase of this product.\">Details<\/span>)<\/small><\/i><\/p>\n<p><a href=\"https:\/\/amazon.es\/dp\/B06XQ4Z5KY?tag=man008-21\"><img decoding=\"async\" src=\"https:\/\/valvepress.s3.amazonaws.com\/imgs\/buy_now.png\"><\/a><br \/>\n<\/p>\n<p>                                             Product Description   <\/p>\n<p>                                                         <img decoding=\"async\" alt=\"havox\" src=\"https:\/\/images-na.ssl-images-amazon.com\/images\/G\/01\/x-locale\/common\/grey-pixel.gif\" class=\"a-lazy-loaded\" data-src=\"https:\/\/m.media-amazon.com\/images\/S\/aplus-media-library-service-media\/06f24279-3f02-4f4e-ba5b-da0f32f9f3b7.__CR0,0,1200,360_PT0_SX600_V1___.jpg\"><img decoding=\"async\" alt=\"havox\" src=\"https:\/\/m.media-amazon.com\/images\/S\/aplus-media-library-service-media\/06f24279-3f02-4f4e-ba5b-da0f32f9f3b7.__CR0,0,1200,360_PT0_SX600_V1___.jpg\">      <\/p>\n<p>                                                                             <img decoding=\"async\" alt=\"HAVOX\" src=\"https:\/\/images-na.ssl-images-amazon.com\/images\/G\/01\/x-locale\/common\/grey-pixel.gif\" class=\"a-spacing-base a-lazy-loaded\" data-src=\"https:\/\/m.media-amazon.com\/images\/S\/aplus-media-library-service-media\/bfea3005-86af-4d2c-94cc-e36aeeaf4b6e.__CR0,0,970,600_PT0_SX970_V1___.jpg\"><img decoding=\"async\" alt=\"HAVOX\" src=\"https:\/\/m.media-amazon.com\/images\/S\/aplus-media-library-service-media\/bfea3005-86af-4d2c-94cc-e36aeeaf4b6e.__CR0,0,970,600_PT0_SX970_V1___.jpg\">                                                                     <\/p>\n<p class=\"a-spacing-base\"> Desde su creaci\u00f3n en Francia en 2015, HAVOX se ha consolidado como un actor importante en el dise\u00f1o de estudios fotogr\u00e1ficos port\u00e1tiles. Nuestra nueva gama pone el list\u00f3n a\u00fan m\u00e1s alto, con cajas de luz f\u00e1ciles de usar, duraderas y escalables. Fabricado s\u00f3lo con materiales y componentes que cumplen los m\u00e1s altos est\u00e1ndares de calidad y eficiencia. <\/p>\n<p class=\"a-spacing-base\"> Entre nuestras recientes mejoras se encuentra el sistema de iluminaci\u00f3n, que ahora permite colocar las tiras de LED en vertical, horizontal y en la direcci\u00f3n deseada. Tambi\u00e9n se han mejorado otros elementos de nuestros estudios fotogr\u00e1ficos para hacer frente a las tensiones del uso continuado. <\/p>\n<p class=\"apm-text-center\">\n                                                      <img decoding=\"async\" alt=\"HAVOX\" src=\"https:\/\/images-na.ssl-images-amazon.com\/images\/G\/01\/x-locale\/common\/grey-pixel.gif\" class=\"a-spacing-mini a-lazy-loaded\" data-src=\"https:\/\/m.media-amazon.com\/images\/S\/aplus-media-library-service-media\/fd93285c-5ac5-4f42-98d0-1108490ae1b1.__CR0,0,300,300_PT0_SX300_V1___.jpg\"><img decoding=\"async\" alt=\"HAVOX\" src=\"https:\/\/m.media-amazon.com\/images\/S\/aplus-media-library-service-media\/fd93285c-5ac5-4f42-98d0-1108490ae1b1.__CR0,0,300,300_PT0_SX300_V1___.jpg\">  <\/p>\n<p>                                                    LED de intensidad variable                                       <\/p>\n<p> Nueva generaci\u00f3n de tiras de luz LED regulables Gracias al regulador de intensidad integrado, es posible reducir o aumentar la intensidad de la luz de su estudio del 10 al 100%. <\/p>\n<p> Cubierto con una carcasa de aluminio galvanizado puro, elegido para una mejor disipaci\u00f3n del calor. Las barras pueden ser manipuladas para ajustar la direcci\u00f3n de la luz o para ser instaladas horizontal o verticalmente, incluso con alimentaci\u00f3n. <\/p>\n<p class=\"apm-text-center\">\n                                                      <img decoding=\"async\" alt=\"havox\" src=\"https:\/\/images-na.ssl-images-amazon.com\/images\/G\/01\/x-locale\/common\/grey-pixel.gif\" class=\"a-spacing-mini a-lazy-loaded\" data-src=\"https:\/\/m.media-amazon.com\/images\/S\/aplus-media-library-service-media\/0876cb2e-ae9c-4334-848c-9c6dca107a57.__CR0,0,300,300_PT0_SX300_V1___.jpg\"><img decoding=\"async\" alt=\"havox\" src=\"https:\/\/m.media-amazon.com\/images\/S\/aplus-media-library-service-media\/0876cb2e-ae9c-4334-848c-9c6dca107a57.__CR0,0,300,300_PT0_SX300_V1___.jpg\">  <\/p>\n<p>                                                    \u00a1Colores brillantes!                                       <\/p>\n<p> Desde 2015 HAVOX se compromete a ofrecerte los mejores equipos de iluminaci\u00f3n. Cuando otros utilizan iluminaci\u00f3n comercial para la fotograf\u00eda, Havox utiliza LEDs SMD de calidad profesional con un CRI Ra de m\u00e1s de 93 dedicados a la fotograf\u00eda y la videograf\u00eda. Espec\u00edficamente para revelar fielmente los colores. <\/p>\n<p> Muchos fot\u00f3grafos profesionales utilizan nuestros productos a diario por la calidad de los resultados. <\/p>\n<p class=\"apm-text-center\">\n                                                      <img decoding=\"async\" alt=\"\" src=\"https:\/\/images-na.ssl-images-amazon.com\/images\/G\/01\/x-locale\/common\/grey-pixel.gif\" class=\"a-spacing-mini a-lazy-loaded\" data-src=\"https:\/\/m.media-amazon.com\/images\/S\/aplus-seller-content-images-us-east-1\/A13V1IB3VIYZZH\/AYAI85OC95VWG\/B06XQ4Z5KY\/ANKIAtyRQkqS._UX300_TTW__.jpg\"><img decoding=\"async\" alt=\"\" src=\"https:\/\/m.media-amazon.com\/images\/S\/aplus-seller-content-images-us-east-1\/A13V1IB3VIYZZH\/AYAI85OC95VWG\/B06XQ4Z5KY\/ANKIAtyRQkqS._UX300_TTW__.jpg\">  <\/p>\n<p>                                                    Adem\u00e1s, la calidad                                       <\/p>\n<p> Revestimiento de mylar de alta densidad para reflejar hasta el 99% de la luz. Nuestros materiales permiten obtener una luz superficial homog\u00e9nea con un nivel de iluminaci\u00f3n muy elevado. Sus art\u00edculos se destacan al instante y sin esfuerzo desde su smartphone o c\u00e1mara (sin flash). <\/p>\n<p class=\"apm-text-center\">\n                                                      <img decoding=\"async\" alt=\"\" src=\"https:\/\/images-na.ssl-images-amazon.com\/images\/G\/01\/x-locale\/common\/grey-pixel.gif\" class=\"a-spacing-mini a-lazy-loaded\" data-src=\"https:\/\/m.media-amazon.com\/images\/S\/aplus-seller-content-images-us-east-1\/A13V1IB3VIYZZH\/AYAI85OC95VWG\/B06XQ4Z5KY\/voVqQbDrTICY._UX300_TTW__.jpg\"><img decoding=\"async\" alt=\"\" src=\"https:\/\/m.media-amazon.com\/images\/S\/aplus-seller-content-images-us-east-1\/A13V1IB3VIYZZH\/AYAI85OC95VWG\/B06XQ4Z5KY\/voVqQbDrTICY._UX300_TTW__.jpg\">  <\/p>\n<p>                                                    Facilidad de uso                                       <\/p>\n<p> Adecuados para usuarios de todos los niveles, nuestros estudios fotogr\u00e1ficos le ayudar\u00e1n a crear im\u00e1genes de calidad profesional desde su casa u oficina. Con una variedad de tama\u00f1os y opciones de iluminaci\u00f3n disponibles, le damos la oportunidad de elegir el estudio fotogr\u00e1fico perfecto que se adapte a sus necesidades. <\/p>\n<p class=\"apm-text-center\">\n                                                      <img decoding=\"async\" alt=\"HAVOX\" src=\"https:\/\/images-na.ssl-images-amazon.com\/images\/G\/01\/x-locale\/common\/grey-pixel.gif\" class=\"a-spacing-mini a-lazy-loaded\" data-src=\"https:\/\/m.media-amazon.com\/images\/S\/aplus-media-library-service-media\/4e2b06ea-e62e-4992-a373-f8914462cbfa.__CR0,0,300,300_PT0_SX300_V1___.jpg\"><img decoding=\"async\" alt=\"HAVOX\" src=\"https:\/\/m.media-amazon.com\/images\/S\/aplus-media-library-service-media\/4e2b06ea-e62e-4992-a373-f8914462cbfa.__CR0,0,300,300_PT0_SX300_V1___.jpg\">  <\/p>\n<p>                                                    Difusor ajustable                                       <\/p>\n<p> Gracias al tejido difusor de la luz, se beneficia de un perfecto sistema antirreflectante para evitar retoques fotogr\u00e1ficos adicionales. En funcionamiento, no se ven puntos de luz. La tela difusora puede colocarse encima o muy cerca del objeto a fotografiar para acentuar la difusi\u00f3n de la luz y aumentar la atenuaci\u00f3n de los reflejos (o simplemente retirarla si no la necesitas). <\/p>\n<p class=\"apm-text-center\">\n                                                      <img decoding=\"async\" alt=\"HAVOX\" src=\"https:\/\/images-na.ssl-images-amazon.com\/images\/G\/01\/x-locale\/common\/grey-pixel.gif\" class=\"a-spacing-mini a-lazy-loaded\" data-src=\"https:\/\/m.media-amazon.com\/images\/S\/aplus-media-library-service-media\/45210032-6567-4694-9a86-d378770ea4a0.__CR0,0,300,300_PT0_SX300_V1___.jpg\"><img decoding=\"async\" alt=\"HAVOX\" src=\"https:\/\/m.media-amazon.com\/images\/S\/aplus-media-library-service-media\/45210032-6567-4694-9a86-d378770ea4a0.__CR0,0,300,300_PT0_SX300_V1___.jpg\">  <\/p>\n<p>                                                    Contenido                                       <\/p>\n<p> 1 x Bolsa de transporte <\/p>\n<p> 1 x Tejido exterior <\/p>\n<p> 1 x Difusor de luz <\/p>\n<p> 4 x tira de LEDs <\/p>\n<p> 2 fuente de alimentaci\u00f3n de la UE <\/p>\n<p> 1 x Manual de montaje <\/p>\n<p> 1 x Juego de tel\u00f3n de fondo: blanco\/negro\/naranja <\/p>\n<p> 1 x Set estructura met\u00e1lica\/Tri-ejes <\/p>\n<p>                                                                             <img decoding=\"async\" alt=\"HAVOX\" src=\"https:\/\/images-na.ssl-images-amazon.com\/images\/G\/01\/x-locale\/common\/grey-pixel.gif\" class=\"a-spacing-base a-lazy-loaded\" data-src=\"https:\/\/m.media-amazon.com\/images\/S\/aplus-media-library-service-media\/bbd17c7d-d862-40a7-8c3a-2aed7980f405.__CR142,0,1617,1000_PT0_SX970_V1___.jpg\"><img decoding=\"async\" alt=\"HAVOX\" src=\"https:\/\/m.media-amazon.com\/images\/S\/aplus-media-library-service-media\/bbd17c7d-d862-40a7-8c3a-2aed7980f405.__CR142,0,1617,1000_PT0_SX970_V1___.jpg\">                                         <\/p>\n<h3 class=\"a-spacing-mini\"> Disparos m\u00faltiples <\/h3>\n<p class=\"a-spacing-base\"> Varias aberturas en la parte delantera y una en la superior permiten elegir el \u00e1ngulo deseado en funci\u00f3n del tama\u00f1o de los objetos fotografiados. <\/p>\n<p class=\"a-spacing-base\"> Para limitar al m\u00e1ximo los reflejos indeseados, el difusor tiene una solapa central que puede abrirse para las fotos tomadas desde arriba (la c\u00e1mara est\u00e1 situada por encima del sujeto, ilustraci\u00f3n N\u00b04) <\/p>\n<p>                                                      <img decoding=\"async\" alt=\"Havox HPB-series\" src=\"https:\/\/images-na.ssl-images-amazon.com\/images\/G\/01\/x-locale\/common\/grey-pixel.gif\" class=\"a-spacing-mini a-lazy-loaded\" data-src=\"https:\/\/m.media-amazon.com\/images\/S\/aplus-media-library-service-media\/bcb1f9c1-859d-45c7-87ea-efe743718a50.__CR0,0,300,400_PT0_SX300_V1___.jpg\"><img decoding=\"async\" alt=\"Havox HPB-series\" src=\"https:\/\/m.media-amazon.com\/images\/S\/aplus-media-library-service-media\/bcb1f9c1-859d-45c7-87ea-efe743718a50.__CR0,0,300,400_PT0_SX300_V1___.jpg\">  <\/p>\n<p>                                                              <img decoding=\"async\" alt=\"havox\" src=\"https:\/\/images-na.ssl-images-amazon.com\/images\/G\/01\/x-locale\/common\/grey-pixel.gif\" class=\"a-spacing-mini a-lazy-loaded\" data-src=\"https:\/\/m.media-amazon.com\/images\/S\/aplus-media-library-service-media\/f5dee761-f3da-445b-9400-186ee2211bf9.__CR0,0,350,175_PT0_SX350_V1___.jpg\"><img decoding=\"async\" alt=\"havox\" src=\"https:\/\/m.media-amazon.com\/images\/S\/aplus-media-library-service-media\/f5dee761-f3da-445b-9400-186ee2211bf9.__CR0,0,350,175_PT0_SX350_V1___.jpg\">                                          Nuestro compromiso                                 <\/p>\n<p class=\"a-spacing-small a-size-small a-color-secondary\"> Prestar un servicio eficaz es nuestra obligaci\u00f3n. Creemos que la calidad y la capacidad de respuesta de nuestro servicio de atenci\u00f3n al cliente tienen una importancia decisiva para nuestros usuarios. Nuestro equipo est\u00e1 disponible para responder a cualquier pregunta que pueda tener mientras utiliza nuestros productos. <\/p>\n<p class=\"a-spacing-small a-size-small a-color-secondary\"> Puede contactar con nosotros a trav\u00e9s del formulario de contacto o por tel\u00e9fono. Garantizamos una respuesta en 24 horas (d\u00edas laborables). <\/p>\n<h3 class=\"a-spacing-mini\"> \u00bfPor qu\u00e9 las cajas de luz havox para la fotograf\u00eda? <\/h3>\n<p>                                          Tecnolog\u00eda innovadora. Simplicidad y eficacia                                     <\/p>\n<p class=\"a-spacing-base\"> Havox se compromete a ofrecerle los mejores equipos de iluminaci\u00f3n. Mientras otros utilizan iluminaci\u00f3n comercial para la fotograf\u00eda, Havox utiliza LEDs SMD de calidad profesional dedicados a la fotograf\u00eda y la videograf\u00eda para revelar fielmente los colores de los objetos fotografiados. <\/p>\n<p class=\"a-spacing-base\"> Los productos Havox le ofrecen la eficacia de un estudio fotogr\u00e1fico profesional y las ventajas de un estudio port\u00e1til al optimizar su espacio de trabajo. <\/p>\n<p>                                                          \u2022 Dise\u00f1ado para la producci\u00f3n r\u00e1pida de fotos profesionales, con Havox usted es aut\u00f3nomo, m\u00e1s reactivo y, por lo tanto, m\u00e1s productivo.       \u2022 Ofreciendo cajas de luz duraderas y robustas con un nuevo sistema de rampa LED basculante y m\u00f3vil para adaptarse a sus necesidades.       \u2022 6 a\u00f1os de experiencia: Cuando usted compra un producto Havox, sabe que est\u00e1 obteniendo una calidad que es el resultado de a\u00f1os de trabajo y de escuchar a nuestros usuarios.      <\/p>\n<p>                         Add To Basket  <\/p>\n<p>                         Add To Basket  <\/p>\n<p>                         Add To Basket  <\/p>\n<p>                         Add To Basket  <\/p>\n<p>                         Add To Basket  <\/p>\n<p>                         Add To Basket  <\/p>\n<p>                             Customer Reviews  <\/p>\n<p>                    4.3 out of 5 stars  1,728  <\/p>\n<p>                    4.3 out of 5 stars  1,728  <\/p>\n<p>                    4.3 out of 5 stars  1,728  <\/p>\n<p>                    4.3 out of 5 stars  1,728  <\/p>\n<p>                    4.3 out of 5 stars  1,728  <\/p>\n<p>                    4.3 out of 5 stars  1,728  <\/p>\n<p>                             Price  <\/p>\n<p>                                    \u20ac109.99\u20ac109.99                  \u20ac159.99\u20ac159.99                  \u20ac159.99\u20ac159.99                  \u20ac219.99\u20ac219.99                  \u20ac219.99\u20ac219.99                  \u20ac279.99\u20ac279.99        <\/p>\n<p>                             Dimensi\u00f3n interiorrieur<br \/>\n                                40x40x40cm               40x40x40cm               60x60x60cm               60x60x60cm               80x80x80cm               80x80x80cm        <\/p>\n<p>                             Tama\u00f1o<br \/>\n                                Peque\u00f1o               Peque\u00f1o               Medio               Medio               Gran               Gran        <\/p>\n<p>                             N\u00famero de LEDs<br \/>\n                                60               120               120               240               168               336        <\/p>\n<p>                             N\u00famero de rampas<br \/>\n                                2               4               2               4               2               4        <\/p>\n<p>                             Alimentaci\u00f3n<br \/>\n                                30W               2x30W               60W               2x60W               72W               2x72W        <\/p>\n<p>                             Tama\u00f1o ideal del objeto<br \/>\n                                &lt;20cm               &lt;30cm               &lt;30cm               &lt;45cm               &lt;35cm               &lt;65cm        <\/p>\n<p>                             Difusor de luz  <\/p>\n<p>                                              \u2713<\/p>\n<p>                                              \u2713<\/p>\n<p>                                              \u2713<\/p>\n<p>                                              \u2713<\/p>\n<p>                                              \u2713<\/p>\n<p>                                              \u2713<\/p>\n<p>                             Fondo blanco\/negro\/naranja  <\/p>\n<p>                                              \u2713<\/p>\n<p>                                              \u2713<\/p>\n<p>                                              \u2713<\/p>\n<p>                                              \u2713<\/p>\n<p>                                              \u2713<\/p>\n<p>                                              \u2713<\/p>\n<p>                             Peso<br \/>\n                                2.5Kg               3.7Kg               4.4Kg               5.3Kg               5.9Kg               7.5Kg        <\/p>\n<p> Is discontinued by manufacturer                                            \u200f                                            :                                            \u200e                                            No   <br \/> Product Dimensions                                            \u200f                                            :                                            \u200e                                            81 x 81 x 81 cm; 6.99 kg   <br \/> Date First Available                                            \u200f                                            :                                            \u200e                                            17 Mar. 2017   <br \/> Manufacturer                                            \u200f                                            :                                            \u200e                                            HAVOX   <br \/> ASIN                                            \u200f                                            :                                            \u200e                                            B06XQ4Z5KY   <br \/> Item model number                                            \u200f                                            :                                            \u200e                                            Havox HPB-80XD   <br \/> Guaranteed software updates until                                            \u200f                                            :                                            \u200e                                            unknown   <br \/>       Best Sellers Rank:  5 in Photo Shooting Tents       <br \/>  Customer reviews:                                                                                            4.3               4.3 out of 5 stars                                  (1,728)                                              var dpAcrHasRegisteredArcLinkClickAction;                    P.when(&#8216;A&#8217;, &#8216;ready&#8217;).execute(function(A) {                        if (dpAcrHasRegisteredArcLinkClickAction !== true) {                            dpAcrHasRegisteredArcLinkClickAction = true;                            A.declarative(                                &#8216;acrLink-click-metrics&#8217;, &#8216;click&#8217;,                                { \u00aballowLinkDefault\u00bb: true },                                function (event) {                                    if (window.ue) {                                        ue.count(\u00abacrLinkClickCount\u00bb, (ue.count(\u00abacrLinkClickCount\u00bb) || 0) + 1);                                    }                                }                            );                        }                    });                                             P.when(&#8216;A&#8217;, &#8216;cf&#8217;).execute(function(A) {                A.declarative(&#8216;acrStarsLink-click-metrics&#8217;, &#8216;click&#8217;, { \u00aballowLinkDefault\u00bb : true },  function(event){                    if(window.ue) {                        ue.count(\u00abacrStarsLinkWithPopoverClickCount\u00bb, (ue.count(\u00abacrStarsLinkWithPopoverClickCount\u00bb) || 0) + 1);                    }                });            });                          <\/p>\n<p>\u3010 HPB-80XD &#8211; FOR YOUR MEDIUM AND LARGE OBJECTS \u3011 : Equipped with four LED strips, the HPB-80XD photo studio is perfectly suitable for objects with a recommended height of 65 cm, such as staging products, backpacks, shoes\/boots, miscellaneous accessories, bulky items, etc.<br \/>Multi-purpose LED lighting: light box with 336 SMD LED lamps for a soft and even light. The LED strips are tiltable, adjustable and can be positioned vertically or horizontally. You can quickly get professional quality images. Ideal for photos on white background, the color temperature is 5500k, the luminous flux is 26000 lumens and the CRI is 93+.<br \/>Anti-glare system: Thanks to the included light diffusing fabric, the photo studio box prevents reflections on bright objects. A great way to eliminate glare and provide even lighting. Included with the photo studio are 3 different shades of soft plastic backgrounds, giving you the option to select the background that best suits your object. The shooting tent has several openings in the front and one at the top.<br \/>\u3010 Portable \u3011 : The HAVOX shooting tent sets up in less than 15 minutes and is easy to carry, especially with the included travel bag. The softbox is designed to be lightweight and robust. Gain autonomy and reactivity for your professional shots. This portable photo studio is perfect for all types of users: hobbyists, e-traders and professionals.<br \/>\u3010AFTER-SALE SERVICE OFFERED\u3011 : HAVOX is a French company that offers a 2-year warranty for its products, as well as a bilingual French-English after-sales service by email or phone.<\/p>\n\n","protected":false},"excerpt":{"rendered":"<p> Product Description Desde su creaci\u00f3n en Francia en 2015, HAVOX se ha consolidado como un<\/p>","protected":false},"featured_media":37524,"comment_status":"open","ping_status":"closed","template":"","meta":[],"product_brand":[],"product_cat":[96],"product_tag":[9642,11163,1858,3436,411,1859,1861,1854,1855,9638,11162,1763,428,248,9641,9643,1856,2194,1863,290,1860,6692,5830,1578,4503,1862,1857],"class_list":{"0":"post-37523","1":"product","2":"type-product","3":"status-publish","4":"has-post-thumbnail","6":"product_cat-photo-video","7":"product_tag-5500k","8":"product_tag-80x80x80cm","9":"product_tag-action-cameras","10":"product_tag-antiglare","11":"product_tag-box","12":"product_tag-camera-accessories","13":"product_tag-camera-lenses","14":"product_tag-digital-cameras","15":"product_tag-dslr-cameras","16":"product_tag-havox","17":"product_tag-hpb80xd","18":"product_tag-illumination","19":"product_tag-led","20":"product_tag-light","21":"product_tag-lightbox","22":"product_tag-lumens","23":"product_tag-mirrorless-cameras","24":"product_tag-photo","25":"product_tag-photo-equipment","26":"product_tag-portable","27":"product_tag-professional-camera","28":"product_tag-strips","29":"product_tag-studio","30":"product_tag-system","31":"product_tag-tilting","32":"product_tag-tripods","33":"product_tag-video-cameras","35":"first","36":"instock","37":"shipping-taxable","38":"product-type-external"},"_links":{"self":[{"href":"https:\/\/comprasyconsejos.store\/en\/wp-json\/wp\/v2\/product\/37523","targetHints":{"allow":["GET"]}}],"collection":[{"href":"https:\/\/comprasyconsejos.store\/en\/wp-json\/wp\/v2\/product"}],"about":[{"href":"https:\/\/comprasyconsejos.store\/en\/wp-json\/wp\/v2\/types\/product"}],"replies":[{"embeddable":true,"href":"https:\/\/comprasyconsejos.store\/en\/wp-json\/wp\/v2\/comments?post=37523"}],"version-history":[{"count":0,"href":"https:\/\/comprasyconsejos.store\/en\/wp-json\/wp\/v2\/product\/37523\/revisions"}],"wp:featuredmedia":[{"embeddable":true,"href":"https:\/\/comprasyconsejos.store\/en\/wp-json\/wp\/v2\/media\/37524"}],"wp:attachment":[{"href":"https:\/\/comprasyconsejos.store\/en\/wp-json\/wp\/v2\/media?parent=37523"}],"wp:term":[{"taxonomy":"product_brand","embeddable":true,"href":"https:\/\/comprasyconsejos.store\/en\/wp-json\/wp\/v2\/product_brand?post=37523"},{"taxonomy":"product_cat","embeddable":true,"href":"https:\/\/comprasyconsejos.store\/en\/wp-json\/wp\/v2\/product_cat?post=37523"},{"taxonomy":"product_tag","embeddable":true,"href":"https:\/\/comprasyconsejos.store\/en\/wp-json\/wp\/v2\/product_tag?post=37523"}],"curies":[{"name":"wp","href":"https:\/\/api.w.org\/{rel}","templated":true}]}}