{"id":37554,"date":"2026-03-04T19:12:16","date_gmt":"2026-03-04T19:12:16","guid":{"rendered":"https:\/\/comprasyconsejos.store\/product\/lector-de-tarjetas-para-camara-adaptador-compacto-6-en-1-para-multiples-tarjetas-adaptador-multifuncionalpara-ordenador-portatil-telefono-camara-fotografia-y-uso-exterior\/"},"modified":"2026-03-04T19:12:20","modified_gmt":"2026-03-04T19:12:20","slug":"lector-de-tarjetas-para-camara-adaptador-compacto-6-en-1-para-multiples-tarjetas-adaptador-multifuncionalpara-ordenador-portatil-telefono-camara-fotografia-y-uso-exterior","status":"publish","type":"product","link":"https:\/\/comprasyconsejos.store\/en\/product\/lector-de-tarjetas-para-camara-adaptador-compacto-6-en-1-para-multiples-tarjetas-adaptador-multifuncionalpara-ordenador-portatil-telefono-camara-fotografia-y-uso-exterior\/","title":{"rendered":"Lector de Tarjetas para C\u00e1mara &#8211; Adaptador Compacto 6 en 1 para M\u00faltiples Tarjetas | Adaptador Multifuncional,para Ordenador Port\u00e1til Tel\u00e9fono C\u00e1mara Fotograf\u00eda y Uso Exterior"},"content":{"rendered":"<p>Price: <span style=\"color:#b12704\">\u20ac8.99<\/span><br \/><i><small>(as of Mar 04, 2026 19:12:16 UTC &#8211; <span class=\"wp_automatic_amazon_disclaimer\" title=\"Product prices and availability are accurate as of the date\/time indicated and are subject to change. Any price and availability information displayed on [relevant Amazon Site(s), as applicable] at the time of purchase will apply to the purchase of this product.\">Details<\/span>)<\/small><\/i><\/p>\n<p><a href=\"https:\/\/amazon.es\/dp\/B0GHT8XQQH?tag=man008-21\"><img decoding=\"async\" src=\"https:\/\/valvepress.s3.amazonaws.com\/imgs\/buy_now.png\"><\/a><br \/>\n<\/p>\n<p>                                             Product Description   <\/p>\n<h3 class=\"a-spacing-mini\"> Lector de Tarjetas USB <\/h3>\n<p>                                          <img decoding=\"async\" alt=\"Lector de Tarjetas USB\" src=\"https:\/\/images-na.ssl-images-amazon.com\/images\/G\/01\/x-locale\/common\/grey-pixel.gif\" class=\"a-spacing-base a-lazy-loaded\" data-src=\"https:\/\/m.media-amazon.com\/images\/S\/aplus-media-library-service-media\/d0769815-de14-4b3c-b97c-d0a1dfe78ba7.__CR0,0,970,600_PT0_SX970_V1___.jpg\"><img decoding=\"async\" alt=\"Lector de Tarjetas USB\" src=\"https:\/\/m.media-amazon.com\/images\/S\/aplus-media-library-service-media\/d0769815-de14-4b3c-b97c-d0a1dfe78ba7.__CR0,0,970,600_PT0_SX970_V1___.jpg\">                                                                    <\/p>\n<p> El adaptador lector de tarjetas act\u00faa como un centro para transferir archivos de manera entre varios dispositivos. Dise\u00f1ado para ser delgado y port\u00e1til, es un compa\u00f1ero ideal para actividades al aire , viajes y entusiastas de la fotograf\u00eda. Este adaptador se sin esfuerzo con su c\u00e1mara, tel\u00e9fono y computadora port\u00e1til, asegurando una gesti\u00f3n eficiente de datos mientras se desplaza. <\/p>\n<p> Especificaci\u00f3n <\/p>\n<p> Nombre del producto: Lector de tarjetas <\/p>\n<p> Color del producto: negro <\/p>\n<p> Material del producto: ABS <\/p>\n<p> Lista <\/p>\n<p> Lector de tarjetas*1 <\/p>\n<p> Nota: <\/p>\n<p> Debido a las diferentes configuraciones de iluminaci\u00f3n y pantalla, el color del art\u00edculo puede ser ligeramente diferente al de la imagen. <\/p>\n<p> Debido a las diferentes medidas manuales, permita una diferencia de tama\u00f1o de 1-2 cm. <\/p>\n<p> Package Dimensions                                            \u200f                                            :                                            \u200e                                            16.8 x 8.3 x 2.3 cm; 60 g   <br \/> Manufacturer                                            \u200f                                            :                                            \u200e                                            Gen\u00e9rico   <br \/> ASIN                                            \u200f                                            :                                            \u200e                                            B0GHT8XQQH   <br \/> Manufacturer reference                                            \u200f                                            :                                            \u200e                                            NK9PBD7IDXHS8TCTE28E   <br \/> Country\/Region of Origin                                            \u200f                                            :                                            \u200e                                            China   <br \/> Guaranteed software updates until                                            \u200f                                            :                                            \u200e                                            unknown   <\/p>\n<p>Alcance de aplicaci\u00f3n: Con compatibilidad para varias tarjetas de memoria, este lector de tarjetas facilita conexiones r\u00e1pidas a c\u00e1maras, smartphones y ordenadores, permitiendo a los creativos en fotograf\u00eda y videograf\u00eda organizar y compartir su trabajo de manera eficiente sin el desorden de adaptadores.<br \/>Transferencia que Ahorra Tiempo: Dise\u00f1ado con chips de alta velocidad, este lector de tarjetas de memoria proporciona un procesamiento acelerado de im\u00e1genes HD y transferencias r\u00e1pidas de v\u00eddeo 4K, asegurando un rendimiento estable que reduce los periodos de espera para usuarios que trabajan con contenido de alta resoluci\u00f3n.<br \/>Resistente a deformaciones: Este lector de tarjetas para computadora asegura un rendimiento constante mientras resiste el desgaste del uso regular, lo que lo hace ideal para transferir archivos entre m\u00faltiples dispositivos sin interrupciones.<br \/>Tama\u00f1o Ideal: Su tama\u00f1o compacto hace que este lector de tarjetas para c\u00e1mara sea sumamente f\u00e1cil de llevar. en cualquier bolso para fotograf\u00eda de viaje sin agregar abultamiento, permitiendo a los fot\u00f3grafos acceder y transferir archivos convenientemente mientras se desplazan al aire o exploran nuevos destinos, con total practicidad.<br \/>Control de Acceso en Entornos Profesionales: Dise\u00f1ado con un bloqueo habilitado por contrase\u00f1a, el lector de tarjetas USB protege archivos sensibles y asegura un acceso controlado, brindando paz mental para actividades al aire o configuraciones profesionales donde la privacidad de datos es crucial. Su funcionalidad asegura que su informaci\u00f3n est\u00e9 siempre protegida contra visualizaciones no autorizadas, ideal para uso en exteriores o compartido.<\/p>\n\n","protected":false},"excerpt":{"rendered":"<p> Product Description Lector de Tarjetas USB El adaptador lector de tarjetas act\u00faa como un centro<\/p>","protected":false},"featured_media":37555,"comment_status":"open","ping_status":"closed","template":"","meta":[],"product_brand":[],"product_cat":[47],"product_tag":[4152,4112,1399,4212,7952,1411,9811,1413,5321,1407,1409,1415,11174,8016,6108,1416,3954,1417,4217,1405,5322,4816,1403,4265],"class_list":{"0":"post-37554","1":"product","2":"type-product","3":"status-publish","4":"has-post-thumbnail","6":"product_cat-card-readers","7":"product_tag-adaptador","8":"product_tag-camara","9":"product_tag-card-reader","10":"product_tag-compacto","11":"product_tag-exterior","12":"product_tag-fast-card-reader","13":"product_tag-fotografia","14":"product_tag-laptop-card-reader","15":"product_tag-lector","16":"product_tag-memory-card-reader","17":"product_tag-micro-sd-card-reader","18":"product_tag-multi-card-reader","19":"product_tag-multifuncionalpara","20":"product_tag-multiples","21":"product_tag-ordenador","22":"product_tag-otg-card-reader","23":"product_tag-para","24":"product_tag-portable-card-reader","25":"product_tag-portatil","26":"product_tag-sd-card-reader","27":"product_tag-tarjetas","28":"product_tag-telefono","29":"product_tag-usb-card-reader","30":"product_tag-uso","32":"first","33":"instock","34":"shipping-taxable","35":"product-type-external"},"_links":{"self":[{"href":"https:\/\/comprasyconsejos.store\/en\/wp-json\/wp\/v2\/product\/37554","targetHints":{"allow":["GET"]}}],"collection":[{"href":"https:\/\/comprasyconsejos.store\/en\/wp-json\/wp\/v2\/product"}],"about":[{"href":"https:\/\/comprasyconsejos.store\/en\/wp-json\/wp\/v2\/types\/product"}],"replies":[{"embeddable":true,"href":"https:\/\/comprasyconsejos.store\/en\/wp-json\/wp\/v2\/comments?post=37554"}],"version-history":[{"count":0,"href":"https:\/\/comprasyconsejos.store\/en\/wp-json\/wp\/v2\/product\/37554\/revisions"}],"wp:featuredmedia":[{"embeddable":true,"href":"https:\/\/comprasyconsejos.store\/en\/wp-json\/wp\/v2\/media\/37555"}],"wp:attachment":[{"href":"https:\/\/comprasyconsejos.store\/en\/wp-json\/wp\/v2\/media?parent=37554"}],"wp:term":[{"taxonomy":"product_brand","embeddable":true,"href":"https:\/\/comprasyconsejos.store\/en\/wp-json\/wp\/v2\/product_brand?post=37554"},{"taxonomy":"product_cat","embeddable":true,"href":"https:\/\/comprasyconsejos.store\/en\/wp-json\/wp\/v2\/product_cat?post=37554"},{"taxonomy":"product_tag","embeddable":true,"href":"https:\/\/comprasyconsejos.store\/en\/wp-json\/wp\/v2\/product_tag?post=37554"}],"curies":[{"name":"wp","href":"https:\/\/api.w.org\/{rel}","templated":true}]}}